


{"id":10518,"date":"2024-04-07T20:24:28","date_gmt":"2024-04-07T17:24:28","guid":{"rendered":"https:\/\/haruu.ee\/?post_type=product&#038;p=10518"},"modified":"2026-04-03T11:56:54","modified_gmt":"2026-04-03T08:56:54","slug":"hommikumantelmeestele","status":"publish","type":"product","link":"https:\/\/haruu.ee\/en\/toode\/hommikumantelmeestele\/","title":{"rendered":"Linane hommikumantel meestele"},"content":{"rendered":"<p><strong data-start=\"38\" data-end=\"98\">Kas linane hommikumantel sobib kandmiseks aastaringselt?<\/strong><br data-start=\"98\" data-end=\"101\" \/>Jah, linane kangas on loomulikult hingav ja temperatuuri reguleeriv materjal. Suvel tundub see nahal jahutav ja kerge, samas kui jahedamal ajal sobib see ideaalselt kihiliseks kandmiseks n\u00e4iteks uneriiete peal.<\/p>\n<p><strong data-start=\"583\" data-end=\"624\">Kas hommikumantel t\u00f5mbub pesus kokku?<\/strong><br data-start=\"624\" data-end=\"627\" \/>Kivipestud lina on eelnevalt t\u00f6\u00f6deldud, mis t\u00e4hendab, et kangas ei t\u00f5mbu hilisemas pesus enam m\u00e4rgatavalt kokku. \u00d5ige hoolduse korral s\u00e4ilitab hommikumantel oma kuju ja istuvuse.<\/p>\n<p><strong data-start=\"333\" data-end=\"371\">Kas linane kangas on nahale pehme?<\/strong><br data-start=\"371\" data-end=\"374\" \/>Kivipestud linane kangas on juba algusest peale pehme ja m\u00f5nus. Kuna kangast on enne \u00f5mblemist mitu korda pestud, ei ole see j\u00e4ik nagu traditsiooniline lina. Iga pesukorraga muutub materjal veelgi pehmemaks.<\/p>\n<p><strong>Hooldus:<br \/>\n<\/strong>Linasest kangast tooteid on hea pesta \u00f5rna pesuts\u00fckliga 30\u2019C ning v\u00e4ltima peaks tugevat masinpesu programmi. Tsentrifuugimine ei ole soovitav. Parim on linast kangast triikida niiskena.<\/p>\n<p><strong>M\u00f5\u00f5dutabel:<\/strong><\/p>\n<p class=\"p1\">Tabelis on v\u00e4lja toodud hommikumantli enda m\u00f5\u00f5dud<\/p>\n<table style=\"height: 165px;\" width=\"388\">\n<tbody>\n<tr>\n<td width=\"242\"><strong>Suurus (cm)<\/strong><\/td>\n<td width=\"74\">\u00a0<strong>S\/M<\/strong><\/td>\n<td width=\"73\"><strong>\u00a0L\/XL<\/strong><\/td>\n<\/tr>\n<tr>\n<td width=\"242\">\u00a0\u00d5last varrukani<\/td>\n<td width=\"74\">\u00a078 cm<\/td>\n<td width=\"73\">\u00a079 cm<\/td>\n<\/tr>\n<tr>\n<td width=\"242\">\u00a0\u00dcmberm\u00f5\u00f5t (rind&amp;puus)<\/td>\n<td width=\"74\">\u00a0134 cm<\/td>\n<td width=\"73\">\u00a0145 cm<\/td>\n<\/tr>\n<tr>\n<td width=\"242\">\u00a0\u00dcldpikkus<\/td>\n<td width=\"74\">\u00a0120 cm<\/td>\n<td width=\"73\">\u00a0120 cm<\/td>\n<\/tr>\n<tr>\n<td width=\"242\"><\/td>\n<td width=\"74\"><\/td>\n<td width=\"73\"><\/td>\n<\/tr>\n<\/tbody>\n<\/table>\n","protected":false},"excerpt":{"rendered":"<p class=\"my-2 [&amp;+p]:mt-4 [&amp;_strong:has(+br)]:inline-block [&amp;_strong:has(+br)]:pb-2\"><strong>Luksus igasse hommikusse ja \u00f5htusse<\/strong><\/p>\n<p>Haruu linane hommikumantel on loodud hetkeks, kui soovid tempo maha v\u00f5tta ja nautida rahulikke hetki iseendaga. See on r\u00f5ivaese, mis sobib ideaalselt hommikukohvi nautimiseks, \u00f5htuseks l\u00f5\u00f5gastumiseks v\u00f5i rahulikuks n\u00e4dalavahetuseks kodus. Kivipestud linane kangas on nahale pehme, hingav ja loomulikult langev, liikudes koos sinuga igal sammul. Minimalistlik l\u00f5ige ja ajatu materjal loovad tasakaalu mugavuse, elegantsi ja praktilisuse vahel.<\/p>\n<ul>\n<li>Hommikumantel on valmistatud <strong data-start=\"793\" data-end=\"829\">100% kivipestud linasest kangast<\/strong>, mis on naturaalne, hingav ja nahas\u00f5bralik materjal<\/li>\n<li>Kivipestud lina on eriti pehme, kuna kangas on enne \u00f5mblemist mitmeid kordi pestud, mis muudab selle kohe mugavaks ja kandmiseks valmis<\/li>\n<li>Materjal ei t\u00f5mbu hilisemas pesus kokku ning muutub iga pesukorraga veelgi pehmemaks<\/li>\n<li>Mugav ja vabalt langev l\u00f5ige tagab liikumisvabaduse ning teeb hommikumantlist m\u00f5nusa kaaslase kogu p\u00e4evaks<\/li>\n<li>Komplekti kuulub ka v\u00f6\u00f6<\/li>\n<\/ul>\n<p>Sobib ideaalselt hommikuseks kohviks, \u00f5htuseks l\u00f5\u00f5gastumiseks v\u00f5i rahulikeks kodusteks hetkedeks.<\/p>\n","protected":false},"featured_media":22509,"template":"","meta":[],"product_brand":[],"product_cat":[187,87,88],"product_tag":[120],"class_list":{"0":"post-10518","1":"product","2":"type-product","3":"status-publish","4":"has-post-thumbnail","6":"product_cat-mehed-2","7":"product_cat-kingituseks","8":"product_cat-koik-tooted","9":"product_tag-linane","10":"pa_aaaaa-hobehall","11":"pa_aaaaa-must","12":"pa_aaaaa-suitsune-pruun","14":"first","15":"instock","16":"taxable","17":"shipping-taxable","18":"purchasable","19":"product-type-variable"},"yoast_head":"<!-- This site is optimized with the Yoast SEO plugin v25.1 - https:\/\/yoast.com\/wordpress\/plugins\/seo\/ -->\n<title>Linane hommikumantel meestele - Haruu<\/title>\n<meta name=\"description\" content=\"Haruu linane hommikumantel on loodud hetkeks, kui soovid tempo maha v\u00f5tta ja nautida rahulikke hetki iseendaga. Kivipestud linane kangas on nahale pehme.\" \/>\n<meta name=\"robots\" content=\"index, follow, max-snippet:-1, max-image-preview:large, max-video-preview:-1\" \/>\n<link rel=\"canonical\" href=\"https:\/\/haruu.ee\/en\/toode\/hommikumantelmeestele\/\" \/>\n<meta property=\"og:locale\" content=\"en_US\" \/>\n<meta property=\"og:type\" content=\"article\" \/>\n<meta property=\"og:title\" content=\"Linane hommikumantel meestele - Haruu\" \/>\n<meta property=\"og:description\" content=\"Haruu linane hommikumantel on loodud hetkeks, kui soovid tempo maha v\u00f5tta ja nautida rahulikke hetki iseendaga. Kivipestud linane kangas on nahale pehme.\" \/>\n<meta property=\"og:url\" content=\"https:\/\/haruu.ee\/en\/toode\/hommikumantelmeestele\/\" \/>\n<meta property=\"og:site_name\" content=\"Haruu\" \/>\n<meta property=\"article:publisher\" content=\"https:\/\/www.facebook.com\/haruulife\" \/>\n<meta property=\"article:modified_time\" content=\"2026-04-03T08:56:54+00:00\" \/>\n<meta property=\"og:image\" content=\"https:\/\/haruu.ee\/wp-content\/uploads\/2024\/04\/Meestehommikumantel_must_1820x1920_haruu_eestidisain_linane_hommikumantel_mugav_hommikumantel_4.jpg\" \/>\n\t<meta property=\"og:image:width\" content=\"1280\" \/>\n\t<meta property=\"og:image:height\" content=\"1920\" \/>\n\t<meta property=\"og:image:type\" content=\"image\/jpeg\" \/>\n<meta name=\"twitter:card\" content=\"summary_large_image\" \/>\n<meta name=\"twitter:label1\" content=\"Est. reading time\" \/>\n\t<meta name=\"twitter:data1\" content=\"2 minutes\" \/>\n<script type=\"application\/ld+json\" class=\"yoast-schema-graph\">{\"@context\":\"https:\/\/schema.org\",\"@graph\":[{\"@type\":[\"WebPage\",\"ItemPage\"],\"@id\":\"https:\/\/haruu.ee\/en\/toode\/hommikumantelmeestele\/\",\"url\":\"https:\/\/haruu.ee\/en\/toode\/hommikumantelmeestele\/\",\"name\":\"Linane hommikumantel meestele - Haruu\",\"isPartOf\":{\"@id\":\"https:\/\/haruu.ee\/en\/#website\"},\"primaryImageOfPage\":{\"@id\":\"https:\/\/haruu.ee\/en\/toode\/hommikumantelmeestele\/#primaryimage\"},\"image\":{\"@id\":\"https:\/\/haruu.ee\/en\/toode\/hommikumantelmeestele\/#primaryimage\"},\"thumbnailUrl\":\"https:\/\/haruu.ee\/wp-content\/uploads\/2024\/04\/Meestehommikumantel_must_1820x1920_haruu_eestidisain_linane_hommikumantel_mugav_hommikumantel_4.jpg\",\"datePublished\":\"2024-04-07T17:24:28+00:00\",\"dateModified\":\"2026-04-03T08:56:54+00:00\",\"description\":\"Haruu linane hommikumantel on loodud hetkeks, kui soovid tempo maha v\u00f5tta ja nautida rahulikke hetki iseendaga. Kivipestud linane kangas on nahale pehme.\",\"breadcrumb\":{\"@id\":\"https:\/\/haruu.ee\/en\/toode\/hommikumantelmeestele\/#breadcrumb\"},\"inLanguage\":\"en-US\",\"potentialAction\":[{\"@type\":\"ReadAction\",\"target\":[\"https:\/\/haruu.ee\/en\/toode\/hommikumantelmeestele\/\"]}]},{\"@type\":\"ImageObject\",\"inLanguage\":\"en-US\",\"@id\":\"https:\/\/haruu.ee\/en\/toode\/hommikumantelmeestele\/#primaryimage\",\"url\":\"https:\/\/haruu.ee\/wp-content\/uploads\/2024\/04\/Meestehommikumantel_must_1820x1920_haruu_eestidisain_linane_hommikumantel_mugav_hommikumantel_4.jpg\",\"contentUrl\":\"https:\/\/haruu.ee\/wp-content\/uploads\/2024\/04\/Meestehommikumantel_must_1820x1920_haruu_eestidisain_linane_hommikumantel_mugav_hommikumantel_4.jpg\",\"width\":1280,\"height\":1920,\"caption\":\"Meestehommikumantel_must_haruu_eestidisain_linane_hommikumantel_mugav_hommikumantel\"},{\"@type\":\"BreadcrumbList\",\"@id\":\"https:\/\/haruu.ee\/en\/toode\/hommikumantelmeestele\/#breadcrumb\",\"itemListElement\":[{\"@type\":\"ListItem\",\"position\":1,\"name\":\"Avaleht\",\"item\":\"https:\/\/haruu.ee\/en\/\"},{\"@type\":\"ListItem\",\"position\":2,\"name\":\"Shop\",\"item\":\"https:\/\/haruu.ee\/en\/shop\/\"},{\"@type\":\"ListItem\",\"position\":3,\"name\":\"Men\",\"item\":\"https:\/\/haruu.ee\/en\/product-category\/men\/\"},{\"@type\":\"ListItem\",\"position\":4,\"name\":\"Linane hommikumantel meestele\"}]},{\"@type\":\"WebSite\",\"@id\":\"https:\/\/haruu.ee\/en\/#website\",\"url\":\"https:\/\/haruu.ee\/en\/\",\"name\":\"Haruu\",\"description\":\"Inspiratsiooni ja elustiili br&auml;nd, kus kohtuvad &uuml;rgne loodus, j&auml;tkusuutlik eluviis ja koos loomine pereettev&otilde;ttena\",\"publisher\":{\"@id\":\"https:\/\/haruu.ee\/en\/#organization\"},\"potentialAction\":[{\"@type\":\"SearchAction\",\"target\":{\"@type\":\"EntryPoint\",\"urlTemplate\":\"https:\/\/haruu.ee\/en\/?s={search_term_string}\"},\"query-input\":{\"@type\":\"PropertyValueSpecification\",\"valueRequired\":true,\"valueName\":\"search_term_string\"}}],\"inLanguage\":\"en-US\"},{\"@type\":\"Organization\",\"@id\":\"https:\/\/haruu.ee\/en\/#organization\",\"name\":\"Haruu\",\"url\":\"https:\/\/haruu.ee\/en\/\",\"logo\":{\"@type\":\"ImageObject\",\"inLanguage\":\"en-US\",\"@id\":\"https:\/\/haruu.ee\/en\/#\/schema\/logo\/image\/\",\"url\":\"https:\/\/haruu.ee\/wp-content\/uploads\/2022\/07\/haruu-logo-taustata-1-1.png\",\"contentUrl\":\"https:\/\/haruu.ee\/wp-content\/uploads\/2022\/07\/haruu-logo-taustata-1-1.png\",\"width\":1168,\"height\":312,\"caption\":\"Haruu\"},\"image\":{\"@id\":\"https:\/\/haruu.ee\/en\/#\/schema\/logo\/image\/\"},\"sameAs\":[\"https:\/\/www.facebook.com\/haruulife\"]}]}<\/script>\n<!-- \/ Yoast SEO plugin. -->","yoast_head_json":{"title":"Linane hommikumantel meestele - Haruu","description":"Haruu linane hommikumantel on loodud hetkeks, kui soovid tempo maha v\u00f5tta ja nautida rahulikke hetki iseendaga. Kivipestud linane kangas on nahale pehme.","robots":{"index":"index","follow":"follow","max-snippet":"max-snippet:-1","max-image-preview":"max-image-preview:large","max-video-preview":"max-video-preview:-1"},"canonical":"https:\/\/haruu.ee\/en\/toode\/hommikumantelmeestele\/","og_locale":"en_US","og_type":"article","og_title":"Linane hommikumantel meestele - Haruu","og_description":"Haruu linane hommikumantel on loodud hetkeks, kui soovid tempo maha v\u00f5tta ja nautida rahulikke hetki iseendaga. Kivipestud linane kangas on nahale pehme.","og_url":"https:\/\/haruu.ee\/en\/toode\/hommikumantelmeestele\/","og_site_name":"Haruu","article_publisher":"https:\/\/www.facebook.com\/haruulife","article_modified_time":"2026-04-03T08:56:54+00:00","og_image":[{"width":1280,"height":1920,"url":"https:\/\/haruu.ee\/wp-content\/uploads\/2024\/04\/Meestehommikumantel_must_1820x1920_haruu_eestidisain_linane_hommikumantel_mugav_hommikumantel_4.jpg","type":"image\/jpeg"}],"twitter_card":"summary_large_image","twitter_misc":{"Est. reading time":"2 minutes"},"schema":{"@context":"https:\/\/schema.org","@graph":[{"@type":["WebPage","ItemPage"],"@id":"https:\/\/haruu.ee\/en\/toode\/hommikumantelmeestele\/","url":"https:\/\/haruu.ee\/en\/toode\/hommikumantelmeestele\/","name":"Linane hommikumantel meestele - Haruu","isPartOf":{"@id":"https:\/\/haruu.ee\/en\/#website"},"primaryImageOfPage":{"@id":"https:\/\/haruu.ee\/en\/toode\/hommikumantelmeestele\/#primaryimage"},"image":{"@id":"https:\/\/haruu.ee\/en\/toode\/hommikumantelmeestele\/#primaryimage"},"thumbnailUrl":"https:\/\/haruu.ee\/wp-content\/uploads\/2024\/04\/Meestehommikumantel_must_1820x1920_haruu_eestidisain_linane_hommikumantel_mugav_hommikumantel_4.jpg","datePublished":"2024-04-07T17:24:28+00:00","dateModified":"2026-04-03T08:56:54+00:00","description":"Haruu linane hommikumantel on loodud hetkeks, kui soovid tempo maha v\u00f5tta ja nautida rahulikke hetki iseendaga. Kivipestud linane kangas on nahale pehme.","breadcrumb":{"@id":"https:\/\/haruu.ee\/en\/toode\/hommikumantelmeestele\/#breadcrumb"},"inLanguage":"en-US","potentialAction":[{"@type":"ReadAction","target":["https:\/\/haruu.ee\/en\/toode\/hommikumantelmeestele\/"]}]},{"@type":"ImageObject","inLanguage":"en-US","@id":"https:\/\/haruu.ee\/en\/toode\/hommikumantelmeestele\/#primaryimage","url":"https:\/\/haruu.ee\/wp-content\/uploads\/2024\/04\/Meestehommikumantel_must_1820x1920_haruu_eestidisain_linane_hommikumantel_mugav_hommikumantel_4.jpg","contentUrl":"https:\/\/haruu.ee\/wp-content\/uploads\/2024\/04\/Meestehommikumantel_must_1820x1920_haruu_eestidisain_linane_hommikumantel_mugav_hommikumantel_4.jpg","width":1280,"height":1920,"caption":"Meestehommikumantel_must_haruu_eestidisain_linane_hommikumantel_mugav_hommikumantel"},{"@type":"BreadcrumbList","@id":"https:\/\/haruu.ee\/en\/toode\/hommikumantelmeestele\/#breadcrumb","itemListElement":[{"@type":"ListItem","position":1,"name":"Avaleht","item":"https:\/\/haruu.ee\/en\/"},{"@type":"ListItem","position":2,"name":"Shop","item":"https:\/\/haruu.ee\/en\/shop\/"},{"@type":"ListItem","position":3,"name":"Men","item":"https:\/\/haruu.ee\/en\/product-category\/men\/"},{"@type":"ListItem","position":4,"name":"Linane hommikumantel meestele"}]},{"@type":"WebSite","@id":"https:\/\/haruu.ee\/en\/#website","url":"https:\/\/haruu.ee\/en\/","name":"Haruu","description":"Inspiratsiooni ja elustiili br&auml;nd, kus kohtuvad &uuml;rgne loodus, j&auml;tkusuutlik eluviis ja koos loomine pereettev&otilde;ttena","publisher":{"@id":"https:\/\/haruu.ee\/en\/#organization"},"potentialAction":[{"@type":"SearchAction","target":{"@type":"EntryPoint","urlTemplate":"https:\/\/haruu.ee\/en\/?s={search_term_string}"},"query-input":{"@type":"PropertyValueSpecification","valueRequired":true,"valueName":"search_term_string"}}],"inLanguage":"en-US"},{"@type":"Organization","@id":"https:\/\/haruu.ee\/en\/#organization","name":"Haruu","url":"https:\/\/haruu.ee\/en\/","logo":{"@type":"ImageObject","inLanguage":"en-US","@id":"https:\/\/haruu.ee\/en\/#\/schema\/logo\/image\/","url":"https:\/\/haruu.ee\/wp-content\/uploads\/2022\/07\/haruu-logo-taustata-1-1.png","contentUrl":"https:\/\/haruu.ee\/wp-content\/uploads\/2022\/07\/haruu-logo-taustata-1-1.png","width":1168,"height":312,"caption":"Haruu"},"image":{"@id":"https:\/\/haruu.ee\/en\/#\/schema\/logo\/image\/"},"sameAs":["https:\/\/www.facebook.com\/haruulife"]}]}},"_links":{"self":[{"href":"https:\/\/haruu.ee\/en\/wp-json\/wp\/v2\/product\/10518","targetHints":{"allow":["GET"]}}],"collection":[{"href":"https:\/\/haruu.ee\/en\/wp-json\/wp\/v2\/product"}],"about":[{"href":"https:\/\/haruu.ee\/en\/wp-json\/wp\/v2\/types\/product"}],"wp:featuredmedia":[{"embeddable":true,"href":"https:\/\/haruu.ee\/en\/wp-json\/wp\/v2\/media\/22509"}],"wp:attachment":[{"href":"https:\/\/haruu.ee\/en\/wp-json\/wp\/v2\/media?parent=10518"}],"wp:term":[{"taxonomy":"product_brand","embeddable":true,"href":"https:\/\/haruu.ee\/en\/wp-json\/wp\/v2\/product_brand?post=10518"},{"taxonomy":"product_cat","embeddable":true,"href":"https:\/\/haruu.ee\/en\/wp-json\/wp\/v2\/product_cat?post=10518"},{"taxonomy":"product_tag","embeddable":true,"href":"https:\/\/haruu.ee\/en\/wp-json\/wp\/v2\/product_tag?post=10518"}],"curies":[{"name":"wp","href":"https:\/\/api.w.org\/{rel}","templated":true}]}}