


{"id":10679,"date":"2024-04-28T10:36:16","date_gmt":"2024-04-28T07:36:16","guid":{"rendered":"https:\/\/haruu.ee\/?post_type=product&#038;p=10679"},"modified":"2026-04-04T12:17:19","modified_gmt":"2026-04-04T09:17:19","slug":"kleit-homeinestonia-x-h-a-r-u-u-erikollektsioon","status":"publish","type":"product","link":"https:\/\/haruu.ee\/en\/toode\/kleit-homeinestonia-x-h-a-r-u-u-erikollektsioon\/","title":{"rendered":"Haruu x Homeinestonia kleit"},"content":{"rendered":"<p><strong data-start=\"1021\" data-end=\"1060\">Kas kangas sobib tundlikule nahale?<\/strong><br data-start=\"1060\" data-end=\"1063\" \/>Jah. Kangas on valmistatud \u00d6ko-Tex sertifikaadiga puuvillast, mis t\u00e4hendab, et see on testitud kahjulike ainete suhtes ning sobib ka tundlikumale nahale.<\/p>\n<p><strong data-start=\"839\" data-end=\"866\">Milline on kanga tunne?<\/strong><br data-start=\"866\" data-end=\"869\" \/>Kangas on pehme, hingav ja nahas\u00f5bralik. Puuvilla ja elastaani segu annab kangale kerge elastsuse, mis muudab kleidi mugavaks igap\u00e4evaseks kandmiseks.<\/p>\n<p><strong data-start=\"38\" data-end=\"66\">Milline on kleidi l\u00f5ige?<\/strong><br data-start=\"66\" data-end=\"69\" \/>Kleit on minimalistliku ja veidi oversized l\u00f5ikega, mis loob vabalt langeva ja mugava silueti. Selline l\u00f5ige sobib h\u00e4sti erinevatele kehat\u00fc\u00fcpidele ning annab kleidile loomuliku ja l\u00f5\u00f5gastunud ilme.<\/p>\n<p><strong>Hooldus:<br \/>\n<\/strong>Soovitame pesta kleiti 30 \u00b0C juures koos sarnast v\u00e4rvi pesuga. Tsentrifuug v\u00f5ib olla kuni 800 p\u00f6\u00f6ret, et s\u00e4ilitada kanga kvaliteet ja kuju.<strong><br \/>\n<\/strong><\/p>\n<p>Materjal: 95% \u00f6ko-tex puuvill, 5% elastaani.<br \/>\nV\u00e4rvid: bee\u017e, must ja roheline.<\/p>\n<p>Suurused: XS, S\/M, L\/XL. Kleiti saame muuta ja teha ka<strong> eritellimusel.<\/strong><\/p>\n<table style=\"border-collapse: collapse; width: 484px; height: 118px;\" border=\"0\" width=\"320\" cellspacing=\"0\" cellpadding=\"0\">\n<tbody>\n<tr style=\"height: 14.4pt;\">\n<td style=\"height: 14.4pt; width: 48pt; text-align: left;\" width=\"64\" height=\"19\">Suurus (cm)<\/td>\n<td class=\"xl65\" style=\"width: 48pt; text-align: left;\" width=\"64\">XS<\/td>\n<td class=\"xl65\" style=\"border-left: none; width: 48pt; text-align: left;\" width=\"64\">S\/M<\/td>\n<td class=\"xl65\" style=\"border-left: none; width: 48pt; text-align: left;\" width=\"64\">L\/XL<\/td>\n<td class=\"xl65\" style=\"border-left: none; width: 48pt; text-align: left;\" width=\"64\">XXL<\/td>\n<\/tr>\n<tr style=\"height: 14.4pt;\">\n<td class=\"xl66\" style=\"height: 14.4pt;\" height=\"19\">\u00dcldpikkus<\/td>\n<td style=\"text-align: left;\" align=\"right\">113<\/td>\n<td style=\"text-align: left;\" align=\"right\">113<\/td>\n<td style=\"text-align: left;\" align=\"right\">116,5<\/td>\n<td style=\"text-align: left;\" align=\"right\">120<\/td>\n<\/tr>\n<tr style=\"height: 14.4pt;\">\n<td class=\"xl66\" style=\"height: 14.4pt; border-top: none;\" height=\"19\">Rind<\/td>\n<td style=\"text-align: left;\" align=\"right\">104<\/td>\n<td style=\"text-align: left;\" align=\"right\">110<\/td>\n<td style=\"text-align: left;\" align=\"right\">117<\/td>\n<td style=\"text-align: left;\" align=\"right\">124<\/td>\n<\/tr>\n<tr style=\"height: 14.4pt;\">\n<td class=\"xl66\" style=\"height: 14.4pt; border-top: none;\" height=\"19\">Puus<\/td>\n<td style=\"text-align: left;\" align=\"right\">105<\/td>\n<td style=\"text-align: left;\" align=\"right\">112<\/td>\n<td style=\"text-align: left;\" align=\"right\">119<\/td>\n<td style=\"text-align: left;\" align=\"right\">127<\/td>\n<\/tr>\n<\/tbody>\n<\/table>\n<h2>Haruu x HomeInEstonia erikollektsioon<\/h2>\n<p>Kollektsiooni s\u00fcnnilugu sai alguse \u00fchel p\u00e4ikesepaistelisel suvep\u00e4eval. Ei olnud vaja rohkemat, kui s\u00fcdamest tulevat inspiratsiooni ja hetke spontaansust. Kui Mellu, meeleolukalt unistades koost\u00f6\u00f6st, v\u00f5ttis \u00fchendust Kristiinega, s\u00fcndiski midagi erilist. Kujutle hetke, kus kaks kirglikku inimest, kellel on \u00fcks ja sama visioon, kohtuvad ja \u00fcksteist inspireerivad, siis loomine tuleb h\u00e4sti loomulikult. Pildid ja visuaalid jooksid kiiresti silme ees ja ideed tekkisid peaaegu iseenesest. Ja see on hea tunne!<br \/>\nSellest hetkest sai alguse see ainulaadne kollektsioon.<\/p>\n<p>\u201cAlguses m\u00f5tlesin, et \u00e4kki Kristiine teeb lihtsalt ainult mulle mugavad, ilusad ja stiilsed r\u00f5ivad. Millega saab olla m\u00f5nusalt kodus, k\u00e4ia t\u00f6\u00f6l, minna peole ja kinno ja kuhu iganes. Aga see algne idee kasvas v\u00e4ga kiiresti ja loomulikult suuremaks m\u00f5tteks \u2013 loome juba terve kollektsiooni! \u201d \u2013 Merlin Miido, <a href=\"https:\/\/www.instagram.com\/homeinestonia\/\">@homeinestonia<\/a>.<\/p>\n<p>Selle kollektsiooni fookus oli algusest peale mugavus. Kuid mitte ainult, vaid selline, mis oleks samal ajal ka korrektne ja stiilne ning annaks kollektsioonile multifunktsionaalsuse. Meile oli koheselt oluline luua esemed, mida oleks lihtne sobitada kokku \u00fclej\u00e4\u00e4nud h a r u u kollektsiooniga v\u00f5i juba kodus olemasoleva garderoobiga ning mis annaksid l\u00f5putud kombineerimise v\u00f5imalused.<\/p>\n<p>\u00d6ko-tex puuvillast valmistatud r\u00f5ivad on seljas m\u00f5nusad ja pehmed. See kangas on valitud just selleks, et tagada kandmise ajal suurim v\u00f5imalik mugavus. V\u00e4ikeseks lisaks on materjali segus 5% elastaani, mis annab toodetele kerge venivuse ja vastupidavuse ning aitab hoida esemete vormi. Kollektsiooni v\u00e4rvid \u2013 bee\u017e ja must \u2013 on ajatud ja neutraalsed toonid, sobitudes lihtsalt kokku k\u00f5ikide teiste toonide, tekstuuride ja mustritega.<\/p>\n<p>Haruu x HomeInEstonia koost\u00f6\u00f6st s\u00fcndinud kollektsioon r\u00f5hutab lihtsust ja praktilisust, kuid ei tee j\u00e4releandmisi stiilis. See on t\u00e4iuslik kombinatsioon mugavusest ja kvaliteedist, mis sobib ideaalselt nii kodus l\u00f5\u00f5gastumiseks, t\u00f6\u00f6l kandmiseks kui ka pidulikumateks s\u00fcndmusteks.<\/p>\n<p>Loodame, et naudid seda kollektsiooni sama palju kui meie nautisime selle loomist!\ud83e\udd0e<\/p>\n<p>Kristiine x Merlin<\/p>\n","protected":false},"excerpt":{"rendered":"<p><strong>Stiilne ja ajatu mugavus<\/strong><\/p>\n<p>Haruu x HomeInEstonia kleit on loodud m\u00f5ttega pakkuda maksimaalset mugavust, s\u00e4ilitades samal ajal elegantse ja minimalistliku v\u00e4limuse. Kleidi avar l\u00f5ige ja voogav vorm muudavad selle sobivaks erinevatele kehakujudele. Komplekti kuuluv v\u00f6\u00f6 v\u00f5imaldab kleiti stiliseerida vastavalt soovile, r\u00f5hutades taljet v\u00f5i kandes kleiti vabalt langevana.<\/p>\n<p><strong>L\u00e4bim\u00f5eldud detailid:<\/strong><\/p>\n<ul>\n<li>Minimalistlik ja veidi oversized l\u00f5ige loob vabalt langeva ja mugava silueti, mis sobib erinevatele kehat\u00fc\u00fcpidele<\/li>\n<li>Kleidi varrukad on samuti veidi oversized l\u00f5ikega, lisades kleidile modernse ja l\u00f5\u00f5gastunud ilme<\/li>\n<li>Komplekti kuuluv v\u00f6\u00f6 v\u00f5imaldab kleiti kanda nii v\u00f6\u00f6ga, et r\u00f5hutada taljejoont, kui ka ilma v\u00f6\u00f6ta, et s\u00e4ilitada vabam ja voogavam siluett<\/li>\n<li>K\u00fclgedel asuvad l\u00f5hikud lisavad kleidile naiselikkust, liikumisvabadust ja loovad visuaalselt pikema jalajoone<\/li>\n<li>Kangast t\u00e4iustab efektne triibuline tekstuur, mis lisab minimalistlikule disainile s\u00fcgavust ja karakterit<\/li>\n<\/ul>\n<p>See kleit on t\u00f5eliselt mitmek\u00fclgne r\u00f5ivaese, mida saab kanda suvel sandaalidega, kuid sama h\u00e4sti ka jahedamal ajal sukap\u00fckste v\u00f5i retuusidega. T\u00e4nu minimalistlikule disainile sobib see nii igap\u00e4evaseks kandmiseks kui ka veidi pidulikumateks hetkedeks.<\/p>\n<p>Kollektsioon on s\u00fcndinud <strong data-start=\"494\" data-end=\"532\">Kristiine <\/strong>ja<strong data-start=\"494\" data-end=\"532\"> Merlin Miido <\/strong>koost\u00f6\u00f6s. Vaata ka teisi <a href=\"https:\/\/haruu.ee\/tootekategooria\/homeinestonia\/\">Haruu x HomeInEstonia<\/a>\u00a0tooteid, et neid mugavalt omavahel sobitada.<\/p>\n","protected":false},"featured_media":15191,"template":"","meta":[],"product_brand":[],"product_cat":[123],"product_tag":[122],"class_list":{"0":"post-10679","1":"product","2":"type-product","3":"status-publish","4":"has-post-thumbnail","6":"product_cat-allahindlus","7":"product_tag-hom","8":"pa_aaaaa-beez","9":"pa_aaaaa-khaki","11":"first","12":"instock","13":"sale","14":"taxable","15":"shipping-taxable","16":"purchasable","17":"product-type-variable"},"yoast_head":"<!-- This site is optimized with the Yoast SEO plugin v25.1 - https:\/\/yoast.com\/wordpress\/plugins\/seo\/ -->\n<title>Haruu x Homeinestonia kleit - Haruu<\/title>\n<meta name=\"description\" content=\"Haruu x HomeInEstonia kleit on loodud m\u00f5ttega pakkuda maksimaalset mugavust, s\u00e4ilitades samal ajal elegantse ja minimalistliku v\u00e4limuse.\" \/>\n<meta name=\"robots\" content=\"index, follow, max-snippet:-1, max-image-preview:large, max-video-preview:-1\" \/>\n<link rel=\"canonical\" href=\"https:\/\/haruu.ee\/en\/toode\/kleit-homeinestonia-x-h-a-r-u-u-erikollektsioon\/\" \/>\n<meta property=\"og:locale\" content=\"en_US\" \/>\n<meta property=\"og:type\" content=\"article\" \/>\n<meta property=\"og:title\" content=\"Haruu x Homeinestonia kleit - Haruu\" \/>\n<meta property=\"og:description\" content=\"Haruu x HomeInEstonia kleit on loodud m\u00f5ttega pakkuda maksimaalset mugavust, s\u00e4ilitades samal ajal elegantse ja minimalistliku v\u00e4limuse.\" \/>\n<meta property=\"og:url\" content=\"https:\/\/haruu.ee\/en\/toode\/kleit-homeinestonia-x-h-a-r-u-u-erikollektsioon\/\" \/>\n<meta property=\"og:site_name\" content=\"Haruu\" \/>\n<meta property=\"article:publisher\" content=\"https:\/\/www.facebook.com\/haruulife\" \/>\n<meta property=\"article:modified_time\" content=\"2026-04-04T09:17:19+00:00\" \/>\n<meta property=\"og:image\" content=\"https:\/\/haruu.ee\/wp-content\/uploads\/2025\/05\/DSC07008-Enhanced-NR.jpg\" \/>\n\t<meta property=\"og:image:width\" content=\"900\" \/>\n\t<meta property=\"og:image:height\" content=\"1200\" \/>\n\t<meta property=\"og:image:type\" content=\"image\/jpeg\" \/>\n<meta name=\"twitter:card\" content=\"summary_large_image\" \/>\n<meta name=\"twitter:label1\" content=\"Est. reading time\" \/>\n\t<meta name=\"twitter:data1\" content=\"3 minutes\" \/>\n<script type=\"application\/ld+json\" class=\"yoast-schema-graph\">{\"@context\":\"https:\/\/schema.org\",\"@graph\":[{\"@type\":[\"WebPage\",\"ItemPage\"],\"@id\":\"https:\/\/haruu.ee\/en\/toode\/kleit-homeinestonia-x-h-a-r-u-u-erikollektsioon\/\",\"url\":\"https:\/\/haruu.ee\/en\/toode\/kleit-homeinestonia-x-h-a-r-u-u-erikollektsioon\/\",\"name\":\"Haruu x Homeinestonia kleit - Haruu\",\"isPartOf\":{\"@id\":\"https:\/\/haruu.ee\/en\/#website\"},\"primaryImageOfPage\":{\"@id\":\"https:\/\/haruu.ee\/en\/toode\/kleit-homeinestonia-x-h-a-r-u-u-erikollektsioon\/#primaryimage\"},\"image\":{\"@id\":\"https:\/\/haruu.ee\/en\/toode\/kleit-homeinestonia-x-h-a-r-u-u-erikollektsioon\/#primaryimage\"},\"thumbnailUrl\":\"https:\/\/haruu.ee\/wp-content\/uploads\/2025\/05\/DSC07008-Enhanced-NR.jpg\",\"datePublished\":\"2024-04-28T07:36:16+00:00\",\"dateModified\":\"2026-04-04T09:17:19+00:00\",\"description\":\"Haruu x HomeInEstonia kleit on loodud m\u00f5ttega pakkuda maksimaalset mugavust, s\u00e4ilitades samal ajal elegantse ja minimalistliku v\u00e4limuse.\",\"breadcrumb\":{\"@id\":\"https:\/\/haruu.ee\/en\/toode\/kleit-homeinestonia-x-h-a-r-u-u-erikollektsioon\/#breadcrumb\"},\"inLanguage\":\"en-US\",\"potentialAction\":[{\"@type\":\"ReadAction\",\"target\":[\"https:\/\/haruu.ee\/en\/toode\/kleit-homeinestonia-x-h-a-r-u-u-erikollektsioon\/\"]}]},{\"@type\":\"ImageObject\",\"inLanguage\":\"en-US\",\"@id\":\"https:\/\/haruu.ee\/en\/toode\/kleit-homeinestonia-x-h-a-r-u-u-erikollektsioon\/#primaryimage\",\"url\":\"https:\/\/haruu.ee\/wp-content\/uploads\/2025\/05\/DSC07008-Enhanced-NR.jpg\",\"contentUrl\":\"https:\/\/haruu.ee\/wp-content\/uploads\/2025\/05\/DSC07008-Enhanced-NR.jpg\",\"width\":900,\"height\":1200,\"caption\":\"MerlinMiido Haruu kleit naisteriided\"},{\"@type\":\"BreadcrumbList\",\"@id\":\"https:\/\/haruu.ee\/en\/toode\/kleit-homeinestonia-x-h-a-r-u-u-erikollektsioon\/#breadcrumb\",\"itemListElement\":[{\"@type\":\"ListItem\",\"position\":1,\"name\":\"Avaleht\",\"item\":\"https:\/\/haruu.ee\/en\/\"},{\"@type\":\"ListItem\",\"position\":2,\"name\":\"Shop\",\"item\":\"https:\/\/haruu.ee\/en\/shop\/\"},{\"@type\":\"ListItem\",\"position\":3,\"name\":\"Sale\",\"item\":\"https:\/\/haruu.ee\/en\/product-category\/sale\/\"},{\"@type\":\"ListItem\",\"position\":4,\"name\":\"Haruu x Homeinestonia kleit\"}]},{\"@type\":\"WebSite\",\"@id\":\"https:\/\/haruu.ee\/en\/#website\",\"url\":\"https:\/\/haruu.ee\/en\/\",\"name\":\"Haruu\",\"description\":\"Inspiratsiooni ja elustiili br&auml;nd, kus kohtuvad &uuml;rgne loodus, j&auml;tkusuutlik eluviis ja koos loomine pereettev&otilde;ttena\",\"publisher\":{\"@id\":\"https:\/\/haruu.ee\/en\/#organization\"},\"potentialAction\":[{\"@type\":\"SearchAction\",\"target\":{\"@type\":\"EntryPoint\",\"urlTemplate\":\"https:\/\/haruu.ee\/en\/?s={search_term_string}\"},\"query-input\":{\"@type\":\"PropertyValueSpecification\",\"valueRequired\":true,\"valueName\":\"search_term_string\"}}],\"inLanguage\":\"en-US\"},{\"@type\":\"Organization\",\"@id\":\"https:\/\/haruu.ee\/en\/#organization\",\"name\":\"Haruu\",\"url\":\"https:\/\/haruu.ee\/en\/\",\"logo\":{\"@type\":\"ImageObject\",\"inLanguage\":\"en-US\",\"@id\":\"https:\/\/haruu.ee\/en\/#\/schema\/logo\/image\/\",\"url\":\"https:\/\/haruu.ee\/wp-content\/uploads\/2022\/07\/haruu-logo-taustata-1-1.png\",\"contentUrl\":\"https:\/\/haruu.ee\/wp-content\/uploads\/2022\/07\/haruu-logo-taustata-1-1.png\",\"width\":1168,\"height\":312,\"caption\":\"Haruu\"},\"image\":{\"@id\":\"https:\/\/haruu.ee\/en\/#\/schema\/logo\/image\/\"},\"sameAs\":[\"https:\/\/www.facebook.com\/haruulife\"]}]}<\/script>\n<!-- \/ Yoast SEO plugin. -->","yoast_head_json":{"title":"Haruu x Homeinestonia kleit - Haruu","description":"Haruu x HomeInEstonia kleit on loodud m\u00f5ttega pakkuda maksimaalset mugavust, s\u00e4ilitades samal ajal elegantse ja minimalistliku v\u00e4limuse.","robots":{"index":"index","follow":"follow","max-snippet":"max-snippet:-1","max-image-preview":"max-image-preview:large","max-video-preview":"max-video-preview:-1"},"canonical":"https:\/\/haruu.ee\/en\/toode\/kleit-homeinestonia-x-h-a-r-u-u-erikollektsioon\/","og_locale":"en_US","og_type":"article","og_title":"Haruu x Homeinestonia kleit - Haruu","og_description":"Haruu x HomeInEstonia kleit on loodud m\u00f5ttega pakkuda maksimaalset mugavust, s\u00e4ilitades samal ajal elegantse ja minimalistliku v\u00e4limuse.","og_url":"https:\/\/haruu.ee\/en\/toode\/kleit-homeinestonia-x-h-a-r-u-u-erikollektsioon\/","og_site_name":"Haruu","article_publisher":"https:\/\/www.facebook.com\/haruulife","article_modified_time":"2026-04-04T09:17:19+00:00","og_image":[{"width":900,"height":1200,"url":"https:\/\/haruu.ee\/wp-content\/uploads\/2025\/05\/DSC07008-Enhanced-NR.jpg","type":"image\/jpeg"}],"twitter_card":"summary_large_image","twitter_misc":{"Est. reading time":"3 minutes"},"schema":{"@context":"https:\/\/schema.org","@graph":[{"@type":["WebPage","ItemPage"],"@id":"https:\/\/haruu.ee\/en\/toode\/kleit-homeinestonia-x-h-a-r-u-u-erikollektsioon\/","url":"https:\/\/haruu.ee\/en\/toode\/kleit-homeinestonia-x-h-a-r-u-u-erikollektsioon\/","name":"Haruu x Homeinestonia kleit - Haruu","isPartOf":{"@id":"https:\/\/haruu.ee\/en\/#website"},"primaryImageOfPage":{"@id":"https:\/\/haruu.ee\/en\/toode\/kleit-homeinestonia-x-h-a-r-u-u-erikollektsioon\/#primaryimage"},"image":{"@id":"https:\/\/haruu.ee\/en\/toode\/kleit-homeinestonia-x-h-a-r-u-u-erikollektsioon\/#primaryimage"},"thumbnailUrl":"https:\/\/haruu.ee\/wp-content\/uploads\/2025\/05\/DSC07008-Enhanced-NR.jpg","datePublished":"2024-04-28T07:36:16+00:00","dateModified":"2026-04-04T09:17:19+00:00","description":"Haruu x HomeInEstonia kleit on loodud m\u00f5ttega pakkuda maksimaalset mugavust, s\u00e4ilitades samal ajal elegantse ja minimalistliku v\u00e4limuse.","breadcrumb":{"@id":"https:\/\/haruu.ee\/en\/toode\/kleit-homeinestonia-x-h-a-r-u-u-erikollektsioon\/#breadcrumb"},"inLanguage":"en-US","potentialAction":[{"@type":"ReadAction","target":["https:\/\/haruu.ee\/en\/toode\/kleit-homeinestonia-x-h-a-r-u-u-erikollektsioon\/"]}]},{"@type":"ImageObject","inLanguage":"en-US","@id":"https:\/\/haruu.ee\/en\/toode\/kleit-homeinestonia-x-h-a-r-u-u-erikollektsioon\/#primaryimage","url":"https:\/\/haruu.ee\/wp-content\/uploads\/2025\/05\/DSC07008-Enhanced-NR.jpg","contentUrl":"https:\/\/haruu.ee\/wp-content\/uploads\/2025\/05\/DSC07008-Enhanced-NR.jpg","width":900,"height":1200,"caption":"MerlinMiido Haruu kleit naisteriided"},{"@type":"BreadcrumbList","@id":"https:\/\/haruu.ee\/en\/toode\/kleit-homeinestonia-x-h-a-r-u-u-erikollektsioon\/#breadcrumb","itemListElement":[{"@type":"ListItem","position":1,"name":"Avaleht","item":"https:\/\/haruu.ee\/en\/"},{"@type":"ListItem","position":2,"name":"Shop","item":"https:\/\/haruu.ee\/en\/shop\/"},{"@type":"ListItem","position":3,"name":"Sale","item":"https:\/\/haruu.ee\/en\/product-category\/sale\/"},{"@type":"ListItem","position":4,"name":"Haruu x Homeinestonia kleit"}]},{"@type":"WebSite","@id":"https:\/\/haruu.ee\/en\/#website","url":"https:\/\/haruu.ee\/en\/","name":"Haruu","description":"Inspiratsiooni ja elustiili br&auml;nd, kus kohtuvad &uuml;rgne loodus, j&auml;tkusuutlik eluviis ja koos loomine pereettev&otilde;ttena","publisher":{"@id":"https:\/\/haruu.ee\/en\/#organization"},"potentialAction":[{"@type":"SearchAction","target":{"@type":"EntryPoint","urlTemplate":"https:\/\/haruu.ee\/en\/?s={search_term_string}"},"query-input":{"@type":"PropertyValueSpecification","valueRequired":true,"valueName":"search_term_string"}}],"inLanguage":"en-US"},{"@type":"Organization","@id":"https:\/\/haruu.ee\/en\/#organization","name":"Haruu","url":"https:\/\/haruu.ee\/en\/","logo":{"@type":"ImageObject","inLanguage":"en-US","@id":"https:\/\/haruu.ee\/en\/#\/schema\/logo\/image\/","url":"https:\/\/haruu.ee\/wp-content\/uploads\/2022\/07\/haruu-logo-taustata-1-1.png","contentUrl":"https:\/\/haruu.ee\/wp-content\/uploads\/2022\/07\/haruu-logo-taustata-1-1.png","width":1168,"height":312,"caption":"Haruu"},"image":{"@id":"https:\/\/haruu.ee\/en\/#\/schema\/logo\/image\/"},"sameAs":["https:\/\/www.facebook.com\/haruulife"]}]}},"_links":{"self":[{"href":"https:\/\/haruu.ee\/en\/wp-json\/wp\/v2\/product\/10679","targetHints":{"allow":["GET"]}}],"collection":[{"href":"https:\/\/haruu.ee\/en\/wp-json\/wp\/v2\/product"}],"about":[{"href":"https:\/\/haruu.ee\/en\/wp-json\/wp\/v2\/types\/product"}],"wp:featuredmedia":[{"embeddable":true,"href":"https:\/\/haruu.ee\/en\/wp-json\/wp\/v2\/media\/15191"}],"wp:attachment":[{"href":"https:\/\/haruu.ee\/en\/wp-json\/wp\/v2\/media?parent=10679"}],"wp:term":[{"taxonomy":"product_brand","embeddable":true,"href":"https:\/\/haruu.ee\/en\/wp-json\/wp\/v2\/product_brand?post=10679"},{"taxonomy":"product_cat","embeddable":true,"href":"https:\/\/haruu.ee\/en\/wp-json\/wp\/v2\/product_cat?post=10679"},{"taxonomy":"product_tag","embeddable":true,"href":"https:\/\/haruu.ee\/en\/wp-json\/wp\/v2\/product_tag?post=10679"}],"curies":[{"name":"wp","href":"https:\/\/api.w.org\/{rel}","templated":true}]}}