


{"id":10688,"date":"2024-04-28T10:46:01","date_gmt":"2024-04-28T07:46:01","guid":{"rendered":"https:\/\/haruu.ee\/?post_type=product&#038;p=10688"},"modified":"2026-02-08T22:47:13","modified_gmt":"2026-02-08T20:47:13","slug":"linasest-puksid","status":"publish","type":"product","link":"https:\/\/haruu.ee\/en\/toode\/linasest-puksid\/","title":{"rendered":"Linased pikad p\u00fcksid"},"content":{"rendered":"<p>Pikad linased p\u00fcksid said alguse meie soojalt armastatud linastes l\u00fchikestest p\u00fckstest. h a r u u pikad linasest p\u00fcksid on mugava kummiv\u00e4rvliga, nii ei pea soonimise p\u00e4rast muretsema. Samas annavad lukk ning n\u00f6\u00f6bid p\u00fckstele viisaka \u00fcldmulje ning nendega v\u00f5ib vabalt k\u00e4ia ka pidulikematel \u00fcritustel. P\u00fcksid on laiema l\u00f5ikega ning s\u00fcgavate taskutega. Laia l\u00f5ikega linaseid p\u00fckse sobib kanda ka vabal ajal ning pidulikematel koosviibimistel. P\u00fcksid sobivad kombineerimiseks nii t-s\u00e4rgi, linase pluusi v\u00f5i hoopiski h a r u u kimonoga.<\/p>\n<p>Kivipestud linane on oma omaduselt tugevama tekstuuriga, kui tavaline linane ja seet\u00f5ttu hoiab see ka rohkem vormi ning ei kortsu nii palju.<\/p>\n<p>Koostis: 100% kivipestud linane<\/p>\n<p>Hooldusjuhend: Linaseid tooteid v\u00f5iks pesta 30 kraadiga, koos \u00fchev\u00e4rvilise ning samas toonis pesuga. Linaste toodete puhul ei soovita meie trsentrifuugida. Peale pesu kuivatada riideid puu peal ning enne kandmist sobib nii aurutamine kui triikimine.<\/p>\n<p>V\u00e4rvid: must ja khaki<\/p>\n<p>Suurused: XS, S\/M, L\/XL ja XXL<\/p>\n<table width=\"505\">\n<tbody>\n<tr>\n<td width=\"313\">Suurus<\/td>\n<td width=\"64\">XS<\/td>\n<td width=\"64\">S\/M<\/td>\n<td width=\"64\">L\/XL<\/td>\n<td width=\"64\">XXL<\/td>\n<\/tr>\n<tr>\n<td>V\u00f6\u00f6\u00fcmberm\u00f5\u00f5t (toote kummi venivuse vahemik CM)<\/td>\n<td>63\u201377<\/td>\n<td>70\u201384<\/td>\n<td>84\u201396<\/td>\n<td>88\u2013104<\/td>\n<\/tr>\n<tr>\n<td>Puusa\u00fcmberm\u00f5\u00f5t (CM)<\/td>\n<td>101<\/td>\n<td>116<\/td>\n<td>126<\/td>\n<td>128<\/td>\n<\/tr>\n<tr>\n<td>\u00dcldpikkus (CM)<\/td>\n<td>102<\/td>\n<td>107<\/td>\n<td>107<\/td>\n<td>107<\/td>\n<\/tr>\n<\/tbody>\n<\/table>\n<p>Linaste p\u00fckste pikem versioon on \u00fcldpikkus +7 cm.<\/p>\n","protected":false},"excerpt":{"rendered":"<hr \/>\n<p>&nbsp;<\/p>\n","protected":false},"featured_media":16910,"template":"","meta":[],"product_brand":[],"product_cat":[88,85],"product_tag":[126,120],"class_list":{"0":"post-10688","1":"product","2":"type-product","3":"status-publish","4":"has-post-thumbnail","6":"product_cat-koik-tooted","7":"product_cat-naised","8":"product_tag-komplekt","9":"product_tag-linane","10":"pa_aaaaa-khaki","12":"first","13":"instock","14":"taxable","15":"shipping-taxable","16":"purchasable","17":"product-type-variable"},"yoast_head":"<!-- This site is optimized with the Yoast SEO plugin v25.1 - https:\/\/yoast.com\/wordpress\/plugins\/seo\/ -->\n<title>Linased pikad p\u00fcksid - Haruu<\/title>\n<meta name=\"robots\" content=\"index, follow, max-snippet:-1, max-image-preview:large, max-video-preview:-1\" \/>\n<link rel=\"canonical\" href=\"https:\/\/haruu.ee\/en\/toode\/linasest-puksid\/\" \/>\n<meta property=\"og:locale\" content=\"en_US\" \/>\n<meta property=\"og:type\" content=\"article\" \/>\n<meta property=\"og:title\" content=\"Linased pikad p\u00fcksid - Haruu\" \/>\n<meta property=\"og:description\" content=\"&nbsp;\" \/>\n<meta property=\"og:url\" content=\"https:\/\/haruu.ee\/en\/toode\/linasest-puksid\/\" \/>\n<meta property=\"og:site_name\" content=\"Haruu\" \/>\n<meta property=\"article:publisher\" content=\"https:\/\/www.facebook.com\/haruulife\" \/>\n<meta property=\"article:modified_time\" content=\"2026-02-08T20:47:13+00:00\" \/>\n<meta property=\"og:image\" content=\"https:\/\/haruu.ee\/wp-content\/uploads\/2024\/04\/DSC07212-Enhanced-NR.jpg\" \/>\n\t<meta property=\"og:image:width\" content=\"900\" \/>\n\t<meta property=\"og:image:height\" content=\"1200\" \/>\n\t<meta property=\"og:image:type\" content=\"image\/jpeg\" \/>\n<meta name=\"twitter:card\" content=\"summary_large_image\" \/>\n<meta name=\"twitter:label1\" content=\"Est. reading time\" \/>\n\t<meta name=\"twitter:data1\" content=\"2 minutes\" \/>\n<script type=\"application\/ld+json\" class=\"yoast-schema-graph\">{\"@context\":\"https:\/\/schema.org\",\"@graph\":[{\"@type\":[\"WebPage\",\"ItemPage\"],\"@id\":\"https:\/\/haruu.ee\/en\/toode\/linasest-puksid\/\",\"url\":\"https:\/\/haruu.ee\/en\/toode\/linasest-puksid\/\",\"name\":\"Linased pikad p\u00fcksid - Haruu\",\"isPartOf\":{\"@id\":\"https:\/\/haruu.ee\/en\/#website\"},\"primaryImageOfPage\":{\"@id\":\"https:\/\/haruu.ee\/en\/toode\/linasest-puksid\/#primaryimage\"},\"image\":{\"@id\":\"https:\/\/haruu.ee\/en\/toode\/linasest-puksid\/#primaryimage\"},\"thumbnailUrl\":\"https:\/\/haruu.ee\/wp-content\/uploads\/2024\/04\/DSC07212-Enhanced-NR.jpg\",\"datePublished\":\"2024-04-28T07:46:01+00:00\",\"dateModified\":\"2026-02-08T20:47:13+00:00\",\"breadcrumb\":{\"@id\":\"https:\/\/haruu.ee\/en\/toode\/linasest-puksid\/#breadcrumb\"},\"inLanguage\":\"en-US\",\"potentialAction\":[{\"@type\":\"ReadAction\",\"target\":[\"https:\/\/haruu.ee\/en\/toode\/linasest-puksid\/\"]}]},{\"@type\":\"ImageObject\",\"inLanguage\":\"en-US\",\"@id\":\"https:\/\/haruu.ee\/en\/toode\/linasest-puksid\/#primaryimage\",\"url\":\"https:\/\/haruu.ee\/wp-content\/uploads\/2024\/04\/DSC07212-Enhanced-NR.jpg\",\"contentUrl\":\"https:\/\/haruu.ee\/wp-content\/uploads\/2024\/04\/DSC07212-Enhanced-NR.jpg\",\"width\":900,\"height\":1200,\"caption\":\"Haruu, eesti disain, linased riided, mugavad suvep\u00fcksid, mugavad p\u00fcksid, linased p\u00fcksid, kimono, linased pikad p\u00fcksid\"},{\"@type\":\"BreadcrumbList\",\"@id\":\"https:\/\/haruu.ee\/en\/toode\/linasest-puksid\/#breadcrumb\",\"itemListElement\":[{\"@type\":\"ListItem\",\"position\":1,\"name\":\"Avaleht\",\"item\":\"https:\/\/haruu.ee\/en\/\"},{\"@type\":\"ListItem\",\"position\":2,\"name\":\"Shop\",\"item\":\"https:\/\/haruu.ee\/en\/shop\/\"},{\"@type\":\"ListItem\",\"position\":3,\"name\":\"All Products\",\"item\":\"https:\/\/haruu.ee\/en\/product-category\/all-products\/\"},{\"@type\":\"ListItem\",\"position\":4,\"name\":\"Women\",\"item\":\"https:\/\/haruu.ee\/en\/product-category\/all-products\/women\/\"},{\"@type\":\"ListItem\",\"position\":5,\"name\":\"Linased pikad p\u00fcksid\"}]},{\"@type\":\"WebSite\",\"@id\":\"https:\/\/haruu.ee\/en\/#website\",\"url\":\"https:\/\/haruu.ee\/en\/\",\"name\":\"Haruu\",\"description\":\"Inspiratsiooni ja elustiili br&auml;nd, kus kohtuvad &uuml;rgne loodus, j&auml;tkusuutlik eluviis ja koos loomine pereettev&otilde;ttena\",\"publisher\":{\"@id\":\"https:\/\/haruu.ee\/en\/#organization\"},\"potentialAction\":[{\"@type\":\"SearchAction\",\"target\":{\"@type\":\"EntryPoint\",\"urlTemplate\":\"https:\/\/haruu.ee\/en\/?s={search_term_string}\"},\"query-input\":{\"@type\":\"PropertyValueSpecification\",\"valueRequired\":true,\"valueName\":\"search_term_string\"}}],\"inLanguage\":\"en-US\"},{\"@type\":\"Organization\",\"@id\":\"https:\/\/haruu.ee\/en\/#organization\",\"name\":\"Haruu\",\"url\":\"https:\/\/haruu.ee\/en\/\",\"logo\":{\"@type\":\"ImageObject\",\"inLanguage\":\"en-US\",\"@id\":\"https:\/\/haruu.ee\/en\/#\/schema\/logo\/image\/\",\"url\":\"https:\/\/haruu.ee\/wp-content\/uploads\/2022\/07\/haruu-logo-taustata-1-1.png\",\"contentUrl\":\"https:\/\/haruu.ee\/wp-content\/uploads\/2022\/07\/haruu-logo-taustata-1-1.png\",\"width\":1168,\"height\":312,\"caption\":\"Haruu\"},\"image\":{\"@id\":\"https:\/\/haruu.ee\/en\/#\/schema\/logo\/image\/\"},\"sameAs\":[\"https:\/\/www.facebook.com\/haruulife\"]}]}<\/script>\n<!-- \/ Yoast SEO plugin. -->","yoast_head_json":{"title":"Linased pikad p\u00fcksid - Haruu","robots":{"index":"index","follow":"follow","max-snippet":"max-snippet:-1","max-image-preview":"max-image-preview:large","max-video-preview":"max-video-preview:-1"},"canonical":"https:\/\/haruu.ee\/en\/toode\/linasest-puksid\/","og_locale":"en_US","og_type":"article","og_title":"Linased pikad p\u00fcksid - Haruu","og_description":"&nbsp;","og_url":"https:\/\/haruu.ee\/en\/toode\/linasest-puksid\/","og_site_name":"Haruu","article_publisher":"https:\/\/www.facebook.com\/haruulife","article_modified_time":"2026-02-08T20:47:13+00:00","og_image":[{"width":900,"height":1200,"url":"https:\/\/haruu.ee\/wp-content\/uploads\/2024\/04\/DSC07212-Enhanced-NR.jpg","type":"image\/jpeg"}],"twitter_card":"summary_large_image","twitter_misc":{"Est. reading time":"2 minutes"},"schema":{"@context":"https:\/\/schema.org","@graph":[{"@type":["WebPage","ItemPage"],"@id":"https:\/\/haruu.ee\/en\/toode\/linasest-puksid\/","url":"https:\/\/haruu.ee\/en\/toode\/linasest-puksid\/","name":"Linased pikad p\u00fcksid - Haruu","isPartOf":{"@id":"https:\/\/haruu.ee\/en\/#website"},"primaryImageOfPage":{"@id":"https:\/\/haruu.ee\/en\/toode\/linasest-puksid\/#primaryimage"},"image":{"@id":"https:\/\/haruu.ee\/en\/toode\/linasest-puksid\/#primaryimage"},"thumbnailUrl":"https:\/\/haruu.ee\/wp-content\/uploads\/2024\/04\/DSC07212-Enhanced-NR.jpg","datePublished":"2024-04-28T07:46:01+00:00","dateModified":"2026-02-08T20:47:13+00:00","breadcrumb":{"@id":"https:\/\/haruu.ee\/en\/toode\/linasest-puksid\/#breadcrumb"},"inLanguage":"en-US","potentialAction":[{"@type":"ReadAction","target":["https:\/\/haruu.ee\/en\/toode\/linasest-puksid\/"]}]},{"@type":"ImageObject","inLanguage":"en-US","@id":"https:\/\/haruu.ee\/en\/toode\/linasest-puksid\/#primaryimage","url":"https:\/\/haruu.ee\/wp-content\/uploads\/2024\/04\/DSC07212-Enhanced-NR.jpg","contentUrl":"https:\/\/haruu.ee\/wp-content\/uploads\/2024\/04\/DSC07212-Enhanced-NR.jpg","width":900,"height":1200,"caption":"Haruu, eesti disain, linased riided, mugavad suvep\u00fcksid, mugavad p\u00fcksid, linased p\u00fcksid, kimono, linased pikad p\u00fcksid"},{"@type":"BreadcrumbList","@id":"https:\/\/haruu.ee\/en\/toode\/linasest-puksid\/#breadcrumb","itemListElement":[{"@type":"ListItem","position":1,"name":"Avaleht","item":"https:\/\/haruu.ee\/en\/"},{"@type":"ListItem","position":2,"name":"Shop","item":"https:\/\/haruu.ee\/en\/shop\/"},{"@type":"ListItem","position":3,"name":"All Products","item":"https:\/\/haruu.ee\/en\/product-category\/all-products\/"},{"@type":"ListItem","position":4,"name":"Women","item":"https:\/\/haruu.ee\/en\/product-category\/all-products\/women\/"},{"@type":"ListItem","position":5,"name":"Linased pikad p\u00fcksid"}]},{"@type":"WebSite","@id":"https:\/\/haruu.ee\/en\/#website","url":"https:\/\/haruu.ee\/en\/","name":"Haruu","description":"Inspiratsiooni ja elustiili br&auml;nd, kus kohtuvad &uuml;rgne loodus, j&auml;tkusuutlik eluviis ja koos loomine pereettev&otilde;ttena","publisher":{"@id":"https:\/\/haruu.ee\/en\/#organization"},"potentialAction":[{"@type":"SearchAction","target":{"@type":"EntryPoint","urlTemplate":"https:\/\/haruu.ee\/en\/?s={search_term_string}"},"query-input":{"@type":"PropertyValueSpecification","valueRequired":true,"valueName":"search_term_string"}}],"inLanguage":"en-US"},{"@type":"Organization","@id":"https:\/\/haruu.ee\/en\/#organization","name":"Haruu","url":"https:\/\/haruu.ee\/en\/","logo":{"@type":"ImageObject","inLanguage":"en-US","@id":"https:\/\/haruu.ee\/en\/#\/schema\/logo\/image\/","url":"https:\/\/haruu.ee\/wp-content\/uploads\/2022\/07\/haruu-logo-taustata-1-1.png","contentUrl":"https:\/\/haruu.ee\/wp-content\/uploads\/2022\/07\/haruu-logo-taustata-1-1.png","width":1168,"height":312,"caption":"Haruu"},"image":{"@id":"https:\/\/haruu.ee\/en\/#\/schema\/logo\/image\/"},"sameAs":["https:\/\/www.facebook.com\/haruulife"]}]}},"_links":{"self":[{"href":"https:\/\/haruu.ee\/en\/wp-json\/wp\/v2\/product\/10688","targetHints":{"allow":["GET"]}}],"collection":[{"href":"https:\/\/haruu.ee\/en\/wp-json\/wp\/v2\/product"}],"about":[{"href":"https:\/\/haruu.ee\/en\/wp-json\/wp\/v2\/types\/product"}],"wp:featuredmedia":[{"embeddable":true,"href":"https:\/\/haruu.ee\/en\/wp-json\/wp\/v2\/media\/16910"}],"wp:attachment":[{"href":"https:\/\/haruu.ee\/en\/wp-json\/wp\/v2\/media?parent=10688"}],"wp:term":[{"taxonomy":"product_brand","embeddable":true,"href":"https:\/\/haruu.ee\/en\/wp-json\/wp\/v2\/product_brand?post=10688"},{"taxonomy":"product_cat","embeddable":true,"href":"https:\/\/haruu.ee\/en\/wp-json\/wp\/v2\/product_cat?post=10688"},{"taxonomy":"product_tag","embeddable":true,"href":"https:\/\/haruu.ee\/en\/wp-json\/wp\/v2\/product_tag?post=10688"}],"curies":[{"name":"wp","href":"https:\/\/api.w.org\/{rel}","templated":true}]}}