


{"id":10695,"date":"2024-04-28T10:50:38","date_gmt":"2024-04-28T07:50:38","guid":{"rendered":"https:\/\/haruu.ee\/?post_type=product&#038;p=10695"},"modified":"2026-04-09T13:02:31","modified_gmt":"2026-04-09T10:02:31","slug":"linasest-pluus","status":"publish","type":"product","link":"https:\/\/haruu.ee\/en\/toode\/linasest-pluus\/","title":{"rendered":"Linane pluus"},"content":{"rendered":"<p>Avasta meie kollektsiooni linane triiks\u00e4rk, mis \u00fchendab endas looduse tarkuse ja ajatu disaini. Haruu linasest pluusil on kergelt over-sized l\u00f5ige ja varrukad, mida saab nii \u00fcles keerata, kui ka kanda pikemalt, vastavalt eelistusele. Erilist t\u00e4helepanu k\u00f6idavad hoolikalt l\u00e4bim\u00f5eldud varrukadetailid, mis annavad klassikalisele l\u00f5ikele kaasaegse puudutuse.Linasest pluusi on lihtne kanda peaaegu nagu jakina, sest kangaga kaetud n\u00f6\u00f6bid v\u00f5imaldavad seda. \u00a0Sobib kanda igap\u00e4evaselt kui ka pidulikematel \u00fcritustel. Pluusiga samasse komplekti kuuluvad ka linased p\u00fcksid.<\/p>\n<p>Meie s\u00e4rk on valmistatud 100% orgaanilisest linasest, mis on tuntud oma erakordsete omaduste poolest. Kivipestud linane on omakorda omaduselt tugevama tekstuuriga, kui tavaline linane ja seet\u00f5ttu hoiab see ka rohkem vormi ning ei kortsu nii palju. See looduslik ime hellitab teie nahka, toimides loomuliku antibakteriaalse kihina ja reguleerides kehatemperatuuri t\u00e4nu oma unikaalsetele omadustele. Linane kangas masseerib \u00f5rnalt nahka, stimuleerides vereringet, samal ajal pakkudes loomulikku UV-kaitset. T\u00e4nu oma h\u00fcpoallergeensele ja antistaatilisele olemusele sobib see ideaalselt ka k\u00f5ige tundlikumale nahale.<\/p>\n<p>Iga kandmiskorraga muutub s\u00e4rk \u00fcha pehmemaks ning mis k\u00f5ige olulisem, see pole pelgalt investeering riideesemesse &#8211; see on investeering oma heaolusse ja keskkonda.<\/p>\n<p>Koostis: 100% kivipestud linane<\/p>\n<p>Hooldusjuhend: Linaseid tooteid v\u00f5iks pesta 30 kraadiga, koos \u00fchev\u00e4rvilise ning samas toonis pesuga. Linaste toodete puhul ei soovita meie trsentrifuugida. Peale pesu kuivatada riideid puu peal ning enne kandmist sobib nii aurutamine kui triikimine.<\/p>\n<p>V\u00e4rvid: must ja khaki<\/p>\n<p>Suurused: S\/M ja L\/XL<\/p>\n<table width=\"441\">\n<tbody>\n<tr>\n<td width=\"313\">Toote suurus<\/td>\n<td width=\"64\">S\/M<\/td>\n<td width=\"64\">L\/XL<\/td>\n<\/tr>\n<tr>\n<td>Rinna\u00fcmberm\u00f5\u00f5t (CM)<\/td>\n<td>115<\/td>\n<td>126<\/td>\n<\/tr>\n<tr>\n<td>\u00dcldpikkus ( CM)<\/td>\n<td>73<\/td>\n<td>73<\/td>\n<\/tr>\n<\/tbody>\n<\/table>\n","protected":false},"excerpt":{"rendered":"<p>Ajatu disain kahes v\u00e4rvitoonis &#8211; khaki ja must.<br \/>\nHoolikalt l\u00e4bim\u00f5eldud l\u00f5ige sobib ideaalselt erinevate kehakujudega.<br \/>\n100% puhas orgaaniline linane kangas hellitab teie nahka ja keskkonda.<br \/>\nLooduslikult antibakteriaalne &#8211; ideaalne tundlikule nahale.<\/p>\n<p>Koostis: 100% kivipestud linane<\/p>\n","protected":false},"featured_media":16922,"template":"","meta":[],"product_brand":[],"product_cat":[123,88,85],"product_tag":[126,120],"class_list":{"0":"post-10695","1":"product","2":"type-product","3":"status-publish","4":"has-post-thumbnail","6":"product_cat-allahindlus","7":"product_cat-koik-tooted","8":"product_cat-naised","9":"product_tag-komplekt","10":"product_tag-linane","11":"pa_aaaaa-must","12":"pa_aaaaa-khaki","14":"first","15":"instock","16":"sale","17":"taxable","18":"shipping-taxable","19":"purchasable","20":"product-type-variable"},"yoast_head":"<!-- This site is optimized with the Yoast SEO plugin v25.1 - https:\/\/yoast.com\/wordpress\/plugins\/seo\/ -->\n<title>Linane pluus - Haruu<\/title>\n<meta name=\"robots\" content=\"index, follow, max-snippet:-1, max-image-preview:large, max-video-preview:-1\" \/>\n<link rel=\"canonical\" href=\"https:\/\/haruu.ee\/en\/toode\/linasest-pluus\/\" \/>\n<meta property=\"og:locale\" content=\"en_US\" \/>\n<meta property=\"og:type\" content=\"article\" \/>\n<meta property=\"og:title\" content=\"Linane pluus - Haruu\" \/>\n<meta property=\"og:description\" content=\"Ajatu disain kahes v\u00e4rvitoonis - khaki ja must. Hoolikalt l\u00e4bim\u00f5eldud l\u00f5ige sobib ideaalselt erinevate kehakujudega. 100% puhas orgaaniline linane kangas hellitab teie nahka ja keskkonda. Looduslikult antibakteriaalne - ideaalne tundlikule nahale.  Koostis: 100% kivipestud linane\" \/>\n<meta property=\"og:url\" content=\"https:\/\/haruu.ee\/en\/toode\/linasest-pluus\/\" \/>\n<meta property=\"og:site_name\" content=\"Haruu\" \/>\n<meta property=\"article:publisher\" content=\"https:\/\/www.facebook.com\/haruulife\" \/>\n<meta property=\"article:modified_time\" content=\"2026-04-09T10:02:31+00:00\" \/>\n<meta property=\"og:image\" content=\"https:\/\/haruu.ee\/wp-content\/uploads\/2024\/04\/DSC07280-Enhanced-NR.jpg\" \/>\n\t<meta property=\"og:image:width\" content=\"900\" \/>\n\t<meta property=\"og:image:height\" content=\"1200\" \/>\n\t<meta property=\"og:image:type\" content=\"image\/jpeg\" \/>\n<meta name=\"twitter:card\" content=\"summary_large_image\" \/>\n<meta name=\"twitter:label1\" content=\"Est. reading time\" \/>\n\t<meta name=\"twitter:data1\" content=\"2 minutes\" \/>\n<script type=\"application\/ld+json\" class=\"yoast-schema-graph\">{\"@context\":\"https:\/\/schema.org\",\"@graph\":[{\"@type\":[\"WebPage\",\"ItemPage\"],\"@id\":\"https:\/\/haruu.ee\/en\/toode\/linasest-pluus\/\",\"url\":\"https:\/\/haruu.ee\/en\/toode\/linasest-pluus\/\",\"name\":\"Linane pluus - Haruu\",\"isPartOf\":{\"@id\":\"https:\/\/haruu.ee\/en\/#website\"},\"primaryImageOfPage\":{\"@id\":\"https:\/\/haruu.ee\/en\/toode\/linasest-pluus\/#primaryimage\"},\"image\":{\"@id\":\"https:\/\/haruu.ee\/en\/toode\/linasest-pluus\/#primaryimage\"},\"thumbnailUrl\":\"https:\/\/haruu.ee\/wp-content\/uploads\/2024\/04\/DSC07280-Enhanced-NR.jpg\",\"datePublished\":\"2024-04-28T07:50:38+00:00\",\"dateModified\":\"2026-04-09T10:02:31+00:00\",\"breadcrumb\":{\"@id\":\"https:\/\/haruu.ee\/en\/toode\/linasest-pluus\/#breadcrumb\"},\"inLanguage\":\"en-US\",\"potentialAction\":[{\"@type\":\"ReadAction\",\"target\":[\"https:\/\/haruu.ee\/en\/toode\/linasest-pluus\/\"]}]},{\"@type\":\"ImageObject\",\"inLanguage\":\"en-US\",\"@id\":\"https:\/\/haruu.ee\/en\/toode\/linasest-pluus\/#primaryimage\",\"url\":\"https:\/\/haruu.ee\/wp-content\/uploads\/2024\/04\/DSC07280-Enhanced-NR.jpg\",\"contentUrl\":\"https:\/\/haruu.ee\/wp-content\/uploads\/2024\/04\/DSC07280-Enhanced-NR.jpg\",\"width\":900,\"height\":1200},{\"@type\":\"BreadcrumbList\",\"@id\":\"https:\/\/haruu.ee\/en\/toode\/linasest-pluus\/#breadcrumb\",\"itemListElement\":[{\"@type\":\"ListItem\",\"position\":1,\"name\":\"Avaleht\",\"item\":\"https:\/\/haruu.ee\/en\/\"},{\"@type\":\"ListItem\",\"position\":2,\"name\":\"Shop\",\"item\":\"https:\/\/haruu.ee\/en\/shop\/\"},{\"@type\":\"ListItem\",\"position\":3,\"name\":\"All Products\",\"item\":\"https:\/\/haruu.ee\/en\/product-category\/all-products\/\"},{\"@type\":\"ListItem\",\"position\":4,\"name\":\"Women\",\"item\":\"https:\/\/haruu.ee\/en\/product-category\/all-products\/women\/\"},{\"@type\":\"ListItem\",\"position\":5,\"name\":\"Linane pluus\"}]},{\"@type\":\"WebSite\",\"@id\":\"https:\/\/haruu.ee\/en\/#website\",\"url\":\"https:\/\/haruu.ee\/en\/\",\"name\":\"Haruu\",\"description\":\"Inspiratsiooni ja elustiili br&auml;nd, kus kohtuvad &uuml;rgne loodus, j&auml;tkusuutlik eluviis ja koos loomine pereettev&otilde;ttena\",\"publisher\":{\"@id\":\"https:\/\/haruu.ee\/en\/#organization\"},\"potentialAction\":[{\"@type\":\"SearchAction\",\"target\":{\"@type\":\"EntryPoint\",\"urlTemplate\":\"https:\/\/haruu.ee\/en\/?s={search_term_string}\"},\"query-input\":{\"@type\":\"PropertyValueSpecification\",\"valueRequired\":true,\"valueName\":\"search_term_string\"}}],\"inLanguage\":\"en-US\"},{\"@type\":\"Organization\",\"@id\":\"https:\/\/haruu.ee\/en\/#organization\",\"name\":\"Haruu\",\"url\":\"https:\/\/haruu.ee\/en\/\",\"logo\":{\"@type\":\"ImageObject\",\"inLanguage\":\"en-US\",\"@id\":\"https:\/\/haruu.ee\/en\/#\/schema\/logo\/image\/\",\"url\":\"https:\/\/haruu.ee\/wp-content\/uploads\/2022\/07\/haruu-logo-taustata-1-1.png\",\"contentUrl\":\"https:\/\/haruu.ee\/wp-content\/uploads\/2022\/07\/haruu-logo-taustata-1-1.png\",\"width\":1168,\"height\":312,\"caption\":\"Haruu\"},\"image\":{\"@id\":\"https:\/\/haruu.ee\/en\/#\/schema\/logo\/image\/\"},\"sameAs\":[\"https:\/\/www.facebook.com\/haruulife\"]}]}<\/script>\n<!-- \/ Yoast SEO plugin. -->","yoast_head_json":{"title":"Linane pluus - Haruu","robots":{"index":"index","follow":"follow","max-snippet":"max-snippet:-1","max-image-preview":"max-image-preview:large","max-video-preview":"max-video-preview:-1"},"canonical":"https:\/\/haruu.ee\/en\/toode\/linasest-pluus\/","og_locale":"en_US","og_type":"article","og_title":"Linane pluus - Haruu","og_description":"Ajatu disain kahes v\u00e4rvitoonis - khaki ja must. Hoolikalt l\u00e4bim\u00f5eldud l\u00f5ige sobib ideaalselt erinevate kehakujudega. 100% puhas orgaaniline linane kangas hellitab teie nahka ja keskkonda. Looduslikult antibakteriaalne - ideaalne tundlikule nahale.  Koostis: 100% kivipestud linane","og_url":"https:\/\/haruu.ee\/en\/toode\/linasest-pluus\/","og_site_name":"Haruu","article_publisher":"https:\/\/www.facebook.com\/haruulife","article_modified_time":"2026-04-09T10:02:31+00:00","og_image":[{"width":900,"height":1200,"url":"https:\/\/haruu.ee\/wp-content\/uploads\/2024\/04\/DSC07280-Enhanced-NR.jpg","type":"image\/jpeg"}],"twitter_card":"summary_large_image","twitter_misc":{"Est. reading time":"2 minutes"},"schema":{"@context":"https:\/\/schema.org","@graph":[{"@type":["WebPage","ItemPage"],"@id":"https:\/\/haruu.ee\/en\/toode\/linasest-pluus\/","url":"https:\/\/haruu.ee\/en\/toode\/linasest-pluus\/","name":"Linane pluus - Haruu","isPartOf":{"@id":"https:\/\/haruu.ee\/en\/#website"},"primaryImageOfPage":{"@id":"https:\/\/haruu.ee\/en\/toode\/linasest-pluus\/#primaryimage"},"image":{"@id":"https:\/\/haruu.ee\/en\/toode\/linasest-pluus\/#primaryimage"},"thumbnailUrl":"https:\/\/haruu.ee\/wp-content\/uploads\/2024\/04\/DSC07280-Enhanced-NR.jpg","datePublished":"2024-04-28T07:50:38+00:00","dateModified":"2026-04-09T10:02:31+00:00","breadcrumb":{"@id":"https:\/\/haruu.ee\/en\/toode\/linasest-pluus\/#breadcrumb"},"inLanguage":"en-US","potentialAction":[{"@type":"ReadAction","target":["https:\/\/haruu.ee\/en\/toode\/linasest-pluus\/"]}]},{"@type":"ImageObject","inLanguage":"en-US","@id":"https:\/\/haruu.ee\/en\/toode\/linasest-pluus\/#primaryimage","url":"https:\/\/haruu.ee\/wp-content\/uploads\/2024\/04\/DSC07280-Enhanced-NR.jpg","contentUrl":"https:\/\/haruu.ee\/wp-content\/uploads\/2024\/04\/DSC07280-Enhanced-NR.jpg","width":900,"height":1200},{"@type":"BreadcrumbList","@id":"https:\/\/haruu.ee\/en\/toode\/linasest-pluus\/#breadcrumb","itemListElement":[{"@type":"ListItem","position":1,"name":"Avaleht","item":"https:\/\/haruu.ee\/en\/"},{"@type":"ListItem","position":2,"name":"Shop","item":"https:\/\/haruu.ee\/en\/shop\/"},{"@type":"ListItem","position":3,"name":"All Products","item":"https:\/\/haruu.ee\/en\/product-category\/all-products\/"},{"@type":"ListItem","position":4,"name":"Women","item":"https:\/\/haruu.ee\/en\/product-category\/all-products\/women\/"},{"@type":"ListItem","position":5,"name":"Linane pluus"}]},{"@type":"WebSite","@id":"https:\/\/haruu.ee\/en\/#website","url":"https:\/\/haruu.ee\/en\/","name":"Haruu","description":"Inspiratsiooni ja elustiili br&auml;nd, kus kohtuvad &uuml;rgne loodus, j&auml;tkusuutlik eluviis ja koos loomine pereettev&otilde;ttena","publisher":{"@id":"https:\/\/haruu.ee\/en\/#organization"},"potentialAction":[{"@type":"SearchAction","target":{"@type":"EntryPoint","urlTemplate":"https:\/\/haruu.ee\/en\/?s={search_term_string}"},"query-input":{"@type":"PropertyValueSpecification","valueRequired":true,"valueName":"search_term_string"}}],"inLanguage":"en-US"},{"@type":"Organization","@id":"https:\/\/haruu.ee\/en\/#organization","name":"Haruu","url":"https:\/\/haruu.ee\/en\/","logo":{"@type":"ImageObject","inLanguage":"en-US","@id":"https:\/\/haruu.ee\/en\/#\/schema\/logo\/image\/","url":"https:\/\/haruu.ee\/wp-content\/uploads\/2022\/07\/haruu-logo-taustata-1-1.png","contentUrl":"https:\/\/haruu.ee\/wp-content\/uploads\/2022\/07\/haruu-logo-taustata-1-1.png","width":1168,"height":312,"caption":"Haruu"},"image":{"@id":"https:\/\/haruu.ee\/en\/#\/schema\/logo\/image\/"},"sameAs":["https:\/\/www.facebook.com\/haruulife"]}]}},"_links":{"self":[{"href":"https:\/\/haruu.ee\/en\/wp-json\/wp\/v2\/product\/10695","targetHints":{"allow":["GET"]}}],"collection":[{"href":"https:\/\/haruu.ee\/en\/wp-json\/wp\/v2\/product"}],"about":[{"href":"https:\/\/haruu.ee\/en\/wp-json\/wp\/v2\/types\/product"}],"wp:featuredmedia":[{"embeddable":true,"href":"https:\/\/haruu.ee\/en\/wp-json\/wp\/v2\/media\/16922"}],"wp:attachment":[{"href":"https:\/\/haruu.ee\/en\/wp-json\/wp\/v2\/media?parent=10695"}],"wp:term":[{"taxonomy":"product_brand","embeddable":true,"href":"https:\/\/haruu.ee\/en\/wp-json\/wp\/v2\/product_brand?post=10695"},{"taxonomy":"product_cat","embeddable":true,"href":"https:\/\/haruu.ee\/en\/wp-json\/wp\/v2\/product_cat?post=10695"},{"taxonomy":"product_tag","embeddable":true,"href":"https:\/\/haruu.ee\/en\/wp-json\/wp\/v2\/product_tag?post=10695"}],"curies":[{"name":"wp","href":"https:\/\/api.w.org\/{rel}","templated":true}]}}