


{"id":11204,"date":"2024-06-14T02:57:54","date_gmt":"2024-06-13T23:57:54","guid":{"rendered":"https:\/\/haruu.ee\/?post_type=product&#038;p=11204"},"modified":"2026-04-13T10:57:41","modified_gmt":"2026-04-13T07:57:41","slug":"linasest-patsikumm","status":"publish","type":"product","link":"https:\/\/haruu.ee\/en\/toode\/linasest-patsikumm\/","title":{"rendered":"Linane patsikumm"},"content":{"rendered":"<p>Haruu linasest patsikumm on sinu juuste parim s\u00f5ber!<\/p>\n<p>Linasest patsikumm on juukses\u00f5bralik, \u00f5rn ja pehme. See ei l\u00f5hu juukseid, v\u00e4heneb katkemine ja selle kandmisest ei j\u00e4\u00e4 patsirante ning ei teki staatilist elektrit. Linas sisalduvad looduslikud kiud lasevad juustel vabalt hingata ning s\u00e4ilitavad juuste tervise! Need on ideaalsed k\u00f5ikidele juukset\u00fc\u00fcpidele, ka \u00f5rnadele ja habrastele juustele.<\/p>\n<p>Pese oma Haruu patsikummi k\u00e4sitsi leige veega, kasutades \u00f5rna seepi v\u00f5i pesuvahendit, ja lase sellel \u00f5hu k\u00e4es kuivada, et seda paremini s\u00e4ilitada.<\/p>\n<p>Libista see oma randmele v\u00f5i pista oma kotti, nii on sul alati kaasas v\u00e4ike elegantne puudutus.<\/p>\n<p>Linasest patsikumm on loodud haruu toodete \u00f5mblemise j\u00e4\u00e4kidest, et v\u00e4hendada tootmisest tekkivat jalaj\u00e4lge.<\/p>\n<p>Disainitud ja valmistatud Eestis.<\/p>\n","protected":false},"excerpt":{"rendered":"<p>Haruu linasest patsikumm on sinu juuste parim s\u00f5ber! Linasest patsikumm on juukses\u00f5bralik, \u00f5rn ja pehme. See ei l\u00f5hu juukseid, v\u00e4heneb katkemine ja selle kandmisest ei&#8230;<\/p>\n","protected":false},"featured_media":17155,"template":"","meta":[],"product_brand":[],"product_cat":[108,88,85],"product_tag":[],"class_list":{"0":"post-11204","1":"product","2":"type-product","3":"status-publish","4":"has-post-thumbnail","6":"product_cat-aksessuaarid","7":"product_cat-koik-tooted","8":"product_cat-naised","9":"pa_aaaaa-naturaalvalge","10":"pa_aaaaa-loheroosa","11":"pa_aaaaa-hobehall","12":"pa_aaaaa-liivakarva","13":"pa_aaaaa-telliskivipunane","14":"pa_aaaaa-must","15":"pa_aaaaa-khaki","16":"pa_aaaaa-suitsune-pruun","18":"first","19":"instock","20":"taxable","21":"shipping-taxable","22":"purchasable","23":"product-type-variable"},"yoast_head":"<!-- This site is optimized with the Yoast SEO plugin v25.1 - https:\/\/yoast.com\/wordpress\/plugins\/seo\/ -->\n<title>Linane patsikumm - Haruu<\/title>\n<meta name=\"robots\" content=\"index, follow, max-snippet:-1, max-image-preview:large, max-video-preview:-1\" \/>\n<link rel=\"canonical\" href=\"https:\/\/haruu.ee\/en\/toode\/linasest-patsikumm\/\" \/>\n<meta property=\"og:locale\" content=\"en_US\" \/>\n<meta property=\"og:type\" content=\"article\" \/>\n<meta property=\"og:title\" content=\"Linane patsikumm - Haruu\" \/>\n<meta property=\"og:description\" content=\"Haruu linasest patsikumm on sinu juuste parim s\u00f5ber! Linasest patsikumm on juukses\u00f5bralik, \u00f5rn ja pehme. See ei l\u00f5hu juukseid, v\u00e4heneb katkemine ja selle kandmisest ei...\" \/>\n<meta property=\"og:url\" content=\"https:\/\/haruu.ee\/en\/toode\/linasest-patsikumm\/\" \/>\n<meta property=\"og:site_name\" content=\"Haruu\" \/>\n<meta property=\"article:publisher\" content=\"https:\/\/www.facebook.com\/haruulife\" \/>\n<meta property=\"article:modified_time\" content=\"2026-04-13T07:57:41+00:00\" \/>\n<meta property=\"og:image\" content=\"https:\/\/haruu.ee\/wp-content\/uploads\/2024\/06\/DSC07421-Enhanced-NR.jpg\" \/>\n\t<meta property=\"og:image:width\" content=\"1024\" \/>\n\t<meta property=\"og:image:height\" content=\"1365\" \/>\n\t<meta property=\"og:image:type\" content=\"image\/jpeg\" \/>\n<meta name=\"twitter:card\" content=\"summary_large_image\" \/>\n<meta name=\"twitter:label1\" content=\"Est. reading time\" \/>\n\t<meta name=\"twitter:data1\" content=\"1 minute\" \/>\n<script type=\"application\/ld+json\" class=\"yoast-schema-graph\">{\"@context\":\"https:\/\/schema.org\",\"@graph\":[{\"@type\":[\"WebPage\",\"ItemPage\"],\"@id\":\"https:\/\/haruu.ee\/en\/toode\/linasest-patsikumm\/\",\"url\":\"https:\/\/haruu.ee\/en\/toode\/linasest-patsikumm\/\",\"name\":\"Linane patsikumm - Haruu\",\"isPartOf\":{\"@id\":\"https:\/\/haruu.ee\/en\/#website\"},\"primaryImageOfPage\":{\"@id\":\"https:\/\/haruu.ee\/en\/toode\/linasest-patsikumm\/#primaryimage\"},\"image\":{\"@id\":\"https:\/\/haruu.ee\/en\/toode\/linasest-patsikumm\/#primaryimage\"},\"thumbnailUrl\":\"https:\/\/haruu.ee\/wp-content\/uploads\/2024\/06\/DSC07421-Enhanced-NR.jpg\",\"datePublished\":\"2024-06-13T23:57:54+00:00\",\"dateModified\":\"2026-04-13T07:57:41+00:00\",\"breadcrumb\":{\"@id\":\"https:\/\/haruu.ee\/en\/toode\/linasest-patsikumm\/#breadcrumb\"},\"inLanguage\":\"en-US\",\"potentialAction\":[{\"@type\":\"ReadAction\",\"target\":[\"https:\/\/haruu.ee\/en\/toode\/linasest-patsikumm\/\"]}]},{\"@type\":\"ImageObject\",\"inLanguage\":\"en-US\",\"@id\":\"https:\/\/haruu.ee\/en\/toode\/linasest-patsikumm\/#primaryimage\",\"url\":\"https:\/\/haruu.ee\/wp-content\/uploads\/2024\/06\/DSC07421-Enhanced-NR.jpg\",\"contentUrl\":\"https:\/\/haruu.ee\/wp-content\/uploads\/2024\/06\/DSC07421-Enhanced-NR.jpg\",\"width\":1024,\"height\":1365},{\"@type\":\"BreadcrumbList\",\"@id\":\"https:\/\/haruu.ee\/en\/toode\/linasest-patsikumm\/#breadcrumb\",\"itemListElement\":[{\"@type\":\"ListItem\",\"position\":1,\"name\":\"Avaleht\",\"item\":\"https:\/\/haruu.ee\/en\/\"},{\"@type\":\"ListItem\",\"position\":2,\"name\":\"Shop\",\"item\":\"https:\/\/haruu.ee\/en\/shop\/\"},{\"@type\":\"ListItem\",\"position\":3,\"name\":\"Accessories\",\"item\":\"https:\/\/haruu.ee\/en\/product-category\/accessories\/\"},{\"@type\":\"ListItem\",\"position\":4,\"name\":\"Linane patsikumm\"}]},{\"@type\":\"WebSite\",\"@id\":\"https:\/\/haruu.ee\/en\/#website\",\"url\":\"https:\/\/haruu.ee\/en\/\",\"name\":\"Haruu\",\"description\":\"Inspiratsiooni ja elustiili br&auml;nd, kus kohtuvad &uuml;rgne loodus, j&auml;tkusuutlik eluviis ja koos loomine pereettev&otilde;ttena\",\"publisher\":{\"@id\":\"https:\/\/haruu.ee\/en\/#organization\"},\"potentialAction\":[{\"@type\":\"SearchAction\",\"target\":{\"@type\":\"EntryPoint\",\"urlTemplate\":\"https:\/\/haruu.ee\/en\/?s={search_term_string}\"},\"query-input\":{\"@type\":\"PropertyValueSpecification\",\"valueRequired\":true,\"valueName\":\"search_term_string\"}}],\"inLanguage\":\"en-US\"},{\"@type\":\"Organization\",\"@id\":\"https:\/\/haruu.ee\/en\/#organization\",\"name\":\"Haruu\",\"url\":\"https:\/\/haruu.ee\/en\/\",\"logo\":{\"@type\":\"ImageObject\",\"inLanguage\":\"en-US\",\"@id\":\"https:\/\/haruu.ee\/en\/#\/schema\/logo\/image\/\",\"url\":\"https:\/\/haruu.ee\/wp-content\/uploads\/2022\/07\/haruu-logo-taustata-1-1.png\",\"contentUrl\":\"https:\/\/haruu.ee\/wp-content\/uploads\/2022\/07\/haruu-logo-taustata-1-1.png\",\"width\":1168,\"height\":312,\"caption\":\"Haruu\"},\"image\":{\"@id\":\"https:\/\/haruu.ee\/en\/#\/schema\/logo\/image\/\"},\"sameAs\":[\"https:\/\/www.facebook.com\/haruulife\"]}]}<\/script>\n<!-- \/ Yoast SEO plugin. -->","yoast_head_json":{"title":"Linane patsikumm - Haruu","robots":{"index":"index","follow":"follow","max-snippet":"max-snippet:-1","max-image-preview":"max-image-preview:large","max-video-preview":"max-video-preview:-1"},"canonical":"https:\/\/haruu.ee\/en\/toode\/linasest-patsikumm\/","og_locale":"en_US","og_type":"article","og_title":"Linane patsikumm - Haruu","og_description":"Haruu linasest patsikumm on sinu juuste parim s\u00f5ber! Linasest patsikumm on juukses\u00f5bralik, \u00f5rn ja pehme. See ei l\u00f5hu juukseid, v\u00e4heneb katkemine ja selle kandmisest ei...","og_url":"https:\/\/haruu.ee\/en\/toode\/linasest-patsikumm\/","og_site_name":"Haruu","article_publisher":"https:\/\/www.facebook.com\/haruulife","article_modified_time":"2026-04-13T07:57:41+00:00","og_image":[{"width":1024,"height":1365,"url":"https:\/\/haruu.ee\/wp-content\/uploads\/2024\/06\/DSC07421-Enhanced-NR.jpg","type":"image\/jpeg"}],"twitter_card":"summary_large_image","twitter_misc":{"Est. reading time":"1 minute"},"schema":{"@context":"https:\/\/schema.org","@graph":[{"@type":["WebPage","ItemPage"],"@id":"https:\/\/haruu.ee\/en\/toode\/linasest-patsikumm\/","url":"https:\/\/haruu.ee\/en\/toode\/linasest-patsikumm\/","name":"Linane patsikumm - Haruu","isPartOf":{"@id":"https:\/\/haruu.ee\/en\/#website"},"primaryImageOfPage":{"@id":"https:\/\/haruu.ee\/en\/toode\/linasest-patsikumm\/#primaryimage"},"image":{"@id":"https:\/\/haruu.ee\/en\/toode\/linasest-patsikumm\/#primaryimage"},"thumbnailUrl":"https:\/\/haruu.ee\/wp-content\/uploads\/2024\/06\/DSC07421-Enhanced-NR.jpg","datePublished":"2024-06-13T23:57:54+00:00","dateModified":"2026-04-13T07:57:41+00:00","breadcrumb":{"@id":"https:\/\/haruu.ee\/en\/toode\/linasest-patsikumm\/#breadcrumb"},"inLanguage":"en-US","potentialAction":[{"@type":"ReadAction","target":["https:\/\/haruu.ee\/en\/toode\/linasest-patsikumm\/"]}]},{"@type":"ImageObject","inLanguage":"en-US","@id":"https:\/\/haruu.ee\/en\/toode\/linasest-patsikumm\/#primaryimage","url":"https:\/\/haruu.ee\/wp-content\/uploads\/2024\/06\/DSC07421-Enhanced-NR.jpg","contentUrl":"https:\/\/haruu.ee\/wp-content\/uploads\/2024\/06\/DSC07421-Enhanced-NR.jpg","width":1024,"height":1365},{"@type":"BreadcrumbList","@id":"https:\/\/haruu.ee\/en\/toode\/linasest-patsikumm\/#breadcrumb","itemListElement":[{"@type":"ListItem","position":1,"name":"Avaleht","item":"https:\/\/haruu.ee\/en\/"},{"@type":"ListItem","position":2,"name":"Shop","item":"https:\/\/haruu.ee\/en\/shop\/"},{"@type":"ListItem","position":3,"name":"Accessories","item":"https:\/\/haruu.ee\/en\/product-category\/accessories\/"},{"@type":"ListItem","position":4,"name":"Linane patsikumm"}]},{"@type":"WebSite","@id":"https:\/\/haruu.ee\/en\/#website","url":"https:\/\/haruu.ee\/en\/","name":"Haruu","description":"Inspiratsiooni ja elustiili br&auml;nd, kus kohtuvad &uuml;rgne loodus, j&auml;tkusuutlik eluviis ja koos loomine pereettev&otilde;ttena","publisher":{"@id":"https:\/\/haruu.ee\/en\/#organization"},"potentialAction":[{"@type":"SearchAction","target":{"@type":"EntryPoint","urlTemplate":"https:\/\/haruu.ee\/en\/?s={search_term_string}"},"query-input":{"@type":"PropertyValueSpecification","valueRequired":true,"valueName":"search_term_string"}}],"inLanguage":"en-US"},{"@type":"Organization","@id":"https:\/\/haruu.ee\/en\/#organization","name":"Haruu","url":"https:\/\/haruu.ee\/en\/","logo":{"@type":"ImageObject","inLanguage":"en-US","@id":"https:\/\/haruu.ee\/en\/#\/schema\/logo\/image\/","url":"https:\/\/haruu.ee\/wp-content\/uploads\/2022\/07\/haruu-logo-taustata-1-1.png","contentUrl":"https:\/\/haruu.ee\/wp-content\/uploads\/2022\/07\/haruu-logo-taustata-1-1.png","width":1168,"height":312,"caption":"Haruu"},"image":{"@id":"https:\/\/haruu.ee\/en\/#\/schema\/logo\/image\/"},"sameAs":["https:\/\/www.facebook.com\/haruulife"]}]}},"_links":{"self":[{"href":"https:\/\/haruu.ee\/en\/wp-json\/wp\/v2\/product\/11204","targetHints":{"allow":["GET"]}}],"collection":[{"href":"https:\/\/haruu.ee\/en\/wp-json\/wp\/v2\/product"}],"about":[{"href":"https:\/\/haruu.ee\/en\/wp-json\/wp\/v2\/types\/product"}],"wp:featuredmedia":[{"embeddable":true,"href":"https:\/\/haruu.ee\/en\/wp-json\/wp\/v2\/media\/17155"}],"wp:attachment":[{"href":"https:\/\/haruu.ee\/en\/wp-json\/wp\/v2\/media?parent=11204"}],"wp:term":[{"taxonomy":"product_brand","embeddable":true,"href":"https:\/\/haruu.ee\/en\/wp-json\/wp\/v2\/product_brand?post=11204"},{"taxonomy":"product_cat","embeddable":true,"href":"https:\/\/haruu.ee\/en\/wp-json\/wp\/v2\/product_cat?post=11204"},{"taxonomy":"product_tag","embeddable":true,"href":"https:\/\/haruu.ee\/en\/wp-json\/wp\/v2\/product_tag?post=11204"}],"curies":[{"name":"wp","href":"https:\/\/api.w.org\/{rel}","templated":true}]}}