


{"id":12247,"date":"2024-09-25T15:39:56","date_gmt":"2024-09-25T12:39:56","guid":{"rendered":"https:\/\/haruu.ee\/?post_type=product&#038;p=12247"},"modified":"2026-04-02T15:20:21","modified_gmt":"2026-04-02T12:20:21","slug":"villane-mantel","status":"publish","type":"product","link":"https:\/\/haruu.ee\/en\/toode\/villane-mantel\/","title":{"rendered":"Villane mantel"},"content":{"rendered":"<p><span style=\"font-size: 12pt;\"><b>Hooldus:<\/b><b><br \/>\n<\/b><span style=\"font-weight: 400;\">Soovitame keemilist puhastust, et s\u00e4ilitada lambavilla loomulikud omadused, vorm ja kvaliteet v\u00f5imalikult kaua.<\/span><\/span><\/p>\n<p><span style=\"font-size: 12pt;\"><b>Kas see mantel sobib ka erinevatele kehat\u00fc\u00fcpidele?<br \/>\n<\/b><\/span><span style=\"font-weight: 400; font-size: 12pt;\">Jah. Kimono-l\u00f5ige on loodud nii, et see ei piira liikumist ega r\u00f5huta liigselt \u00fchtki piirkonda. V\u00f6\u00f6ga saad r\u00f5hutada taljet, avatult kandes j\u00e4\u00e4b siluett pehme ja voolav.<\/span><\/p>\n<p><span style=\"font-size: 12pt;\"><b>Kas mantel on piisavalt soe Eesti kliimas?<br \/>\n<\/b><\/span><span style=\"font-weight: 400; font-size: 12pt;\">100% lambavill reguleerib kehatemperatuuri loomulikult. See hoiab sooja, on hingav ning ei tekita \u00fclekuumenemise tunnet. Sobib suurep\u00e4raselt kihiliseks kandmiseks.<\/span><\/p>\n<p><span style=\"font-size: 12pt;\"><b>Kas see sobib pigem igap\u00e4evaseks v\u00f5i pidulikuks kandmiseks?<br \/>\n<\/b><\/span><span style=\"font-weight: 400; font-size: 12pt;\">M\u00f5lemaks. Just see ongi selle mantli tugevus, see kohandub Sinu stiili ja olukorraga.<\/span><\/p>\n<p><strong>M\u00f5\u00f5dutabel:<\/strong><\/p>\n<p class=\"p1\">Tabelis on v\u00e4lja toodud mantli enda m\u00f5\u00f5dud<\/p>\n<table width=\"409\">\n<tbody>\n<tr>\n<td width=\"217\"><strong>Suurus (cm)<\/strong><\/td>\n<td style=\"text-align: center;\" width=\"64\"><strong>XS<\/strong><\/td>\n<td style=\"text-align: center;\" width=\"64\"><strong>S\/M<\/strong><\/td>\n<td style=\"text-align: center;\" width=\"64\"><strong>L\/XL<\/strong><\/td>\n<\/tr>\n<tr>\n<td>\u00d5last varruka otsani<\/td>\n<td style=\"text-align: center;\">68<\/td>\n<td style=\"text-align: center;\">70<\/td>\n<td style=\"text-align: center;\">72<\/td>\n<\/tr>\n<tr>\n<td>\u00dcmberm\u00f5\u00f5t (rind&amp;puus)<\/td>\n<td style=\"text-align: center;\">110<\/td>\n<td style=\"text-align: center;\">120<\/td>\n<td style=\"text-align: center;\">134<\/td>\n<\/tr>\n<tr>\n<td>\u00dcldpikkus<\/td>\n<td style=\"text-align: center;\">117<\/td>\n<td style=\"text-align: center;\">120<\/td>\n<td style=\"text-align: center;\">120<\/td>\n<\/tr>\n<\/tbody>\n<\/table>\n<p>Disainitud ja valmistatud Eestis.<\/p>\n<p>Villast mantleid saab meie r\u00e4tsep-\u00f5mbleja teha ka <strong>eritellimusel <\/strong>(kui meil on laos sinu soovitud kangast). Saame teha vastavalt soovile nii suuremaid kui v\u00e4iksemaid mantleid ning soovi korral muuta v\u00f5i lisada ka erinevaid detaile.\u00a0 Eritellimusele kehtib eraldi hinnakiri.<\/p>\n<p>Soovi korral kirjuta meile palun hello@haruu.ee<\/p>\n","protected":false},"excerpt":{"rendered":"<p><b>Eesti disain mantel, mis t\u00f6\u00f6tab Sinu garderoobi heaks.<\/b><\/p>\n<p><span style=\"font-weight: 400;\">Ajatu kimono-l\u00f5ikeline villane mantel, mis \u00fchendab minimalismi, praktilisuse ja elegantsi. See on mantel, mis sobitub kapselgarderoobi, loodud kandmiseks nii igap\u00e4evaselt kui ka pidulikematel hetkedel.<\/span><\/p>\n<p><span style=\"font-weight: 400;\">Kimono-l\u00f5ige annab liikumisvabaduse ja loomuliku langevuse. Lai v\u00f6\u00f6 v\u00f5imaldab r\u00f5hutada taljet v\u00f5i kanda mantlit vabalt avatuna. Mahukad taskud ja laieneva l\u00f5ikega varrukad\u00a0lisavad funktsionaalsust ning hoiavad Sind jahedal ajal soojas.<\/span><\/p>\n<p><span style=\"font-weight: 400;\">Valmistatud 100% lambavillast, looduslikust materjalist, mis:<\/span><\/p>\n<ul>\n<li style=\"font-weight: 400;\" aria-level=\"1\"><span style=\"font-weight: 400;\">Reguleerib kehatemperatuuri<\/span><\/li>\n<li style=\"font-weight: 400;\" aria-level=\"1\"><span style=\"font-weight: 400;\">On hingav ja niiskust tasakaalustav<\/span><\/li>\n<li style=\"font-weight: 400;\" aria-level=\"1\"><span style=\"font-weight: 400;\">S\u00e4ilitab oma vormi ja kvaliteedi ka pikaajalisel kandmisel<\/span><\/li>\n<\/ul>\n<p><span style=\"font-weight: 400;\">See on mantel, mis t\u00f6\u00f6tab Sinu garderoobi heaks. Kihina kleidi peal, teksadega igap\u00e4evaselt v\u00f5i minimalistliku komplekti kroonina. T\u00e4ienda komplekti meie <a href=\"https:\/\/haruu.ee\/tootekategooria\/meriinotooted\/\">meriinotoodetega<\/a>, sobiva <a href=\"https:\/\/haruu.ee\/toode\/meriinovilla-sall\/\">salli<\/a> ja <a href=\"https:\/\/haruu.ee\/toode\/meriinofliisi-tuukrimuts-naistele\/\">tuukrim\u00fctsiga<\/a>.<\/span><\/p>\n<p>Koostis: 100% lambavill<br \/>\nSisevooder: 100% viskoos<\/p>\n<p>&nbsp;<\/p>\n","protected":false},"featured_media":22067,"template":"","meta":[],"product_brand":[],"product_cat":[88,85],"product_tag":[],"class_list":{"0":"post-12247","1":"product","2":"type-product","3":"status-publish","4":"has-post-thumbnail","6":"product_cat-koik-tooted","7":"product_cat-naised","8":"pa_aaaaa-beez","9":"pa_aaaaa-roosa","10":"pa_aaaaa-must","12":"first","13":"instock","14":"taxable","15":"shipping-taxable","16":"purchasable","17":"product-type-variable"},"yoast_head":"<!-- This site is optimized with the Yoast SEO plugin v25.1 - https:\/\/yoast.com\/wordpress\/plugins\/seo\/ -->\n<title>Villane mantel - Haruu<\/title>\n<meta name=\"description\" content=\"Eesti disain mantel, mis t\u00f6\u00f6tab Sinu garderoobi heaks.Ajatu kimono-l\u00f5ikeline villane mantel, mis \u00fchendab minimalismi, praktilisuse ja elegantsi.\" \/>\n<meta name=\"robots\" content=\"index, follow, max-snippet:-1, max-image-preview:large, max-video-preview:-1\" \/>\n<link rel=\"canonical\" href=\"https:\/\/haruu.ee\/en\/toode\/villane-mantel\/\" \/>\n<meta property=\"og:locale\" content=\"en_US\" \/>\n<meta property=\"og:type\" content=\"article\" \/>\n<meta property=\"og:title\" content=\"Villane mantel - Haruu\" \/>\n<meta property=\"og:description\" content=\"Eesti disain mantel, mis t\u00f6\u00f6tab Sinu garderoobi heaks.Ajatu kimono-l\u00f5ikeline villane mantel, mis \u00fchendab minimalismi, praktilisuse ja elegantsi.\" \/>\n<meta property=\"og:url\" content=\"https:\/\/haruu.ee\/en\/toode\/villane-mantel\/\" \/>\n<meta property=\"og:site_name\" content=\"Haruu\" \/>\n<meta property=\"article:publisher\" content=\"https:\/\/www.facebook.com\/haruulife\" \/>\n<meta property=\"article:modified_time\" content=\"2026-04-02T12:20:21+00:00\" \/>\n<meta property=\"og:image\" content=\"https:\/\/haruu.ee\/wp-content\/uploads\/2024\/09\/Lambavillamantel_roosa_must_beez_haruu_eestidisain_1280x1920.jpg\" \/>\n\t<meta property=\"og:image:width\" content=\"1280\" \/>\n\t<meta property=\"og:image:height\" content=\"1920\" \/>\n\t<meta property=\"og:image:type\" content=\"image\/jpeg\" \/>\n<meta name=\"twitter:card\" content=\"summary_large_image\" \/>\n<meta name=\"twitter:label1\" content=\"Est. reading time\" \/>\n\t<meta name=\"twitter:data1\" content=\"2 minutes\" \/>\n<script type=\"application\/ld+json\" class=\"yoast-schema-graph\">{\"@context\":\"https:\/\/schema.org\",\"@graph\":[{\"@type\":[\"WebPage\",\"ItemPage\"],\"@id\":\"https:\/\/haruu.ee\/en\/toode\/villane-mantel\/\",\"url\":\"https:\/\/haruu.ee\/en\/toode\/villane-mantel\/\",\"name\":\"Villane mantel - Haruu\",\"isPartOf\":{\"@id\":\"https:\/\/haruu.ee\/en\/#website\"},\"primaryImageOfPage\":{\"@id\":\"https:\/\/haruu.ee\/en\/toode\/villane-mantel\/#primaryimage\"},\"image\":{\"@id\":\"https:\/\/haruu.ee\/en\/toode\/villane-mantel\/#primaryimage\"},\"thumbnailUrl\":\"https:\/\/haruu.ee\/wp-content\/uploads\/2024\/09\/Lambavillamantel_roosa_must_beez_haruu_eestidisain_1280x1920.jpg\",\"datePublished\":\"2024-09-25T12:39:56+00:00\",\"dateModified\":\"2026-04-02T12:20:21+00:00\",\"description\":\"Eesti disain mantel, mis t\u00f6\u00f6tab Sinu garderoobi heaks.Ajatu kimono-l\u00f5ikeline villane mantel, mis \u00fchendab minimalismi, praktilisuse ja elegantsi.\",\"breadcrumb\":{\"@id\":\"https:\/\/haruu.ee\/en\/toode\/villane-mantel\/#breadcrumb\"},\"inLanguage\":\"en-US\",\"potentialAction\":[{\"@type\":\"ReadAction\",\"target\":[\"https:\/\/haruu.ee\/en\/toode\/villane-mantel\/\"]}]},{\"@type\":\"ImageObject\",\"inLanguage\":\"en-US\",\"@id\":\"https:\/\/haruu.ee\/en\/toode\/villane-mantel\/#primaryimage\",\"url\":\"https:\/\/haruu.ee\/wp-content\/uploads\/2024\/09\/Lambavillamantel_roosa_must_beez_haruu_eestidisain_1280x1920.jpg\",\"contentUrl\":\"https:\/\/haruu.ee\/wp-content\/uploads\/2024\/09\/Lambavillamantel_roosa_must_beez_haruu_eestidisain_1280x1920.jpg\",\"width\":1280,\"height\":1920,\"caption\":\"Lambavillamantel, villamantel, eestidisain, Haruu, talvemantel\"},{\"@type\":\"BreadcrumbList\",\"@id\":\"https:\/\/haruu.ee\/en\/toode\/villane-mantel\/#breadcrumb\",\"itemListElement\":[{\"@type\":\"ListItem\",\"position\":1,\"name\":\"Avaleht\",\"item\":\"https:\/\/haruu.ee\/en\/\"},{\"@type\":\"ListItem\",\"position\":2,\"name\":\"Shop\",\"item\":\"https:\/\/haruu.ee\/en\/shop\/\"},{\"@type\":\"ListItem\",\"position\":3,\"name\":\"All Products\",\"item\":\"https:\/\/haruu.ee\/en\/product-category\/all-products\/\"},{\"@type\":\"ListItem\",\"position\":4,\"name\":\"Villane mantel\"}]},{\"@type\":\"WebSite\",\"@id\":\"https:\/\/haruu.ee\/en\/#website\",\"url\":\"https:\/\/haruu.ee\/en\/\",\"name\":\"Haruu\",\"description\":\"Inspiratsiooni ja elustiili br&auml;nd, kus kohtuvad &uuml;rgne loodus, j&auml;tkusuutlik eluviis ja koos loomine pereettev&otilde;ttena\",\"publisher\":{\"@id\":\"https:\/\/haruu.ee\/en\/#organization\"},\"potentialAction\":[{\"@type\":\"SearchAction\",\"target\":{\"@type\":\"EntryPoint\",\"urlTemplate\":\"https:\/\/haruu.ee\/en\/?s={search_term_string}\"},\"query-input\":{\"@type\":\"PropertyValueSpecification\",\"valueRequired\":true,\"valueName\":\"search_term_string\"}}],\"inLanguage\":\"en-US\"},{\"@type\":\"Organization\",\"@id\":\"https:\/\/haruu.ee\/en\/#organization\",\"name\":\"Haruu\",\"url\":\"https:\/\/haruu.ee\/en\/\",\"logo\":{\"@type\":\"ImageObject\",\"inLanguage\":\"en-US\",\"@id\":\"https:\/\/haruu.ee\/en\/#\/schema\/logo\/image\/\",\"url\":\"https:\/\/haruu.ee\/wp-content\/uploads\/2022\/07\/haruu-logo-taustata-1-1.png\",\"contentUrl\":\"https:\/\/haruu.ee\/wp-content\/uploads\/2022\/07\/haruu-logo-taustata-1-1.png\",\"width\":1168,\"height\":312,\"caption\":\"Haruu\"},\"image\":{\"@id\":\"https:\/\/haruu.ee\/en\/#\/schema\/logo\/image\/\"},\"sameAs\":[\"https:\/\/www.facebook.com\/haruulife\"]}]}<\/script>\n<!-- \/ Yoast SEO plugin. -->","yoast_head_json":{"title":"Villane mantel - Haruu","description":"Eesti disain mantel, mis t\u00f6\u00f6tab Sinu garderoobi heaks.Ajatu kimono-l\u00f5ikeline villane mantel, mis \u00fchendab minimalismi, praktilisuse ja elegantsi.","robots":{"index":"index","follow":"follow","max-snippet":"max-snippet:-1","max-image-preview":"max-image-preview:large","max-video-preview":"max-video-preview:-1"},"canonical":"https:\/\/haruu.ee\/en\/toode\/villane-mantel\/","og_locale":"en_US","og_type":"article","og_title":"Villane mantel - Haruu","og_description":"Eesti disain mantel, mis t\u00f6\u00f6tab Sinu garderoobi heaks.Ajatu kimono-l\u00f5ikeline villane mantel, mis \u00fchendab minimalismi, praktilisuse ja elegantsi.","og_url":"https:\/\/haruu.ee\/en\/toode\/villane-mantel\/","og_site_name":"Haruu","article_publisher":"https:\/\/www.facebook.com\/haruulife","article_modified_time":"2026-04-02T12:20:21+00:00","og_image":[{"width":1280,"height":1920,"url":"https:\/\/haruu.ee\/wp-content\/uploads\/2024\/09\/Lambavillamantel_roosa_must_beez_haruu_eestidisain_1280x1920.jpg","type":"image\/jpeg"}],"twitter_card":"summary_large_image","twitter_misc":{"Est. reading time":"2 minutes"},"schema":{"@context":"https:\/\/schema.org","@graph":[{"@type":["WebPage","ItemPage"],"@id":"https:\/\/haruu.ee\/en\/toode\/villane-mantel\/","url":"https:\/\/haruu.ee\/en\/toode\/villane-mantel\/","name":"Villane mantel - Haruu","isPartOf":{"@id":"https:\/\/haruu.ee\/en\/#website"},"primaryImageOfPage":{"@id":"https:\/\/haruu.ee\/en\/toode\/villane-mantel\/#primaryimage"},"image":{"@id":"https:\/\/haruu.ee\/en\/toode\/villane-mantel\/#primaryimage"},"thumbnailUrl":"https:\/\/haruu.ee\/wp-content\/uploads\/2024\/09\/Lambavillamantel_roosa_must_beez_haruu_eestidisain_1280x1920.jpg","datePublished":"2024-09-25T12:39:56+00:00","dateModified":"2026-04-02T12:20:21+00:00","description":"Eesti disain mantel, mis t\u00f6\u00f6tab Sinu garderoobi heaks.Ajatu kimono-l\u00f5ikeline villane mantel, mis \u00fchendab minimalismi, praktilisuse ja elegantsi.","breadcrumb":{"@id":"https:\/\/haruu.ee\/en\/toode\/villane-mantel\/#breadcrumb"},"inLanguage":"en-US","potentialAction":[{"@type":"ReadAction","target":["https:\/\/haruu.ee\/en\/toode\/villane-mantel\/"]}]},{"@type":"ImageObject","inLanguage":"en-US","@id":"https:\/\/haruu.ee\/en\/toode\/villane-mantel\/#primaryimage","url":"https:\/\/haruu.ee\/wp-content\/uploads\/2024\/09\/Lambavillamantel_roosa_must_beez_haruu_eestidisain_1280x1920.jpg","contentUrl":"https:\/\/haruu.ee\/wp-content\/uploads\/2024\/09\/Lambavillamantel_roosa_must_beez_haruu_eestidisain_1280x1920.jpg","width":1280,"height":1920,"caption":"Lambavillamantel, villamantel, eestidisain, Haruu, talvemantel"},{"@type":"BreadcrumbList","@id":"https:\/\/haruu.ee\/en\/toode\/villane-mantel\/#breadcrumb","itemListElement":[{"@type":"ListItem","position":1,"name":"Avaleht","item":"https:\/\/haruu.ee\/en\/"},{"@type":"ListItem","position":2,"name":"Shop","item":"https:\/\/haruu.ee\/en\/shop\/"},{"@type":"ListItem","position":3,"name":"All Products","item":"https:\/\/haruu.ee\/en\/product-category\/all-products\/"},{"@type":"ListItem","position":4,"name":"Villane mantel"}]},{"@type":"WebSite","@id":"https:\/\/haruu.ee\/en\/#website","url":"https:\/\/haruu.ee\/en\/","name":"Haruu","description":"Inspiratsiooni ja elustiili br&auml;nd, kus kohtuvad &uuml;rgne loodus, j&auml;tkusuutlik eluviis ja koos loomine pereettev&otilde;ttena","publisher":{"@id":"https:\/\/haruu.ee\/en\/#organization"},"potentialAction":[{"@type":"SearchAction","target":{"@type":"EntryPoint","urlTemplate":"https:\/\/haruu.ee\/en\/?s={search_term_string}"},"query-input":{"@type":"PropertyValueSpecification","valueRequired":true,"valueName":"search_term_string"}}],"inLanguage":"en-US"},{"@type":"Organization","@id":"https:\/\/haruu.ee\/en\/#organization","name":"Haruu","url":"https:\/\/haruu.ee\/en\/","logo":{"@type":"ImageObject","inLanguage":"en-US","@id":"https:\/\/haruu.ee\/en\/#\/schema\/logo\/image\/","url":"https:\/\/haruu.ee\/wp-content\/uploads\/2022\/07\/haruu-logo-taustata-1-1.png","contentUrl":"https:\/\/haruu.ee\/wp-content\/uploads\/2022\/07\/haruu-logo-taustata-1-1.png","width":1168,"height":312,"caption":"Haruu"},"image":{"@id":"https:\/\/haruu.ee\/en\/#\/schema\/logo\/image\/"},"sameAs":["https:\/\/www.facebook.com\/haruulife"]}]}},"_links":{"self":[{"href":"https:\/\/haruu.ee\/en\/wp-json\/wp\/v2\/product\/12247","targetHints":{"allow":["GET"]}}],"collection":[{"href":"https:\/\/haruu.ee\/en\/wp-json\/wp\/v2\/product"}],"about":[{"href":"https:\/\/haruu.ee\/en\/wp-json\/wp\/v2\/types\/product"}],"wp:featuredmedia":[{"embeddable":true,"href":"https:\/\/haruu.ee\/en\/wp-json\/wp\/v2\/media\/22067"}],"wp:attachment":[{"href":"https:\/\/haruu.ee\/en\/wp-json\/wp\/v2\/media?parent=12247"}],"wp:term":[{"taxonomy":"product_brand","embeddable":true,"href":"https:\/\/haruu.ee\/en\/wp-json\/wp\/v2\/product_brand?post=12247"},{"taxonomy":"product_cat","embeddable":true,"href":"https:\/\/haruu.ee\/en\/wp-json\/wp\/v2\/product_cat?post=12247"},{"taxonomy":"product_tag","embeddable":true,"href":"https:\/\/haruu.ee\/en\/wp-json\/wp\/v2\/product_tag?post=12247"}],"curies":[{"name":"wp","href":"https:\/\/api.w.org\/{rel}","templated":true}]}}