


{"id":13875,"date":"2025-02-24T00:30:37","date_gmt":"2025-02-23T21:30:37","guid":{"rendered":"https:\/\/haruu.ee\/?post_type=product&#038;p=13875"},"modified":"2026-03-04T14:59:14","modified_gmt":"2026-03-04T12:59:14","slug":"haruu-ananassinahast-korvarongad","status":"publish","type":"product","link":"https:\/\/haruu.ee\/en\/toode\/haruu-ananassinahast-korvarongad\/","title":{"rendered":"Haruu ananassinahast k\u00f5rvar\u00f5ngad"},"content":{"rendered":"<p class=\"whitespace-pre-wrap break-words\">Haruu esitleb New York Fashion Week raames valminud, ainulaadset ananassinahast k\u00f5rvar\u00f5ngaste kollektsiooni!<\/p>\n<p class=\"whitespace-pre-wrap break-words\">Need minimalistlikud \u00fcmmargused k\u00f5rvar\u00f5ngad on saadaval kahes erinevas <strong>suuruses ja v\u00e4rvitoonis<\/strong> &#8211; s\u00fcgavmustas ning naturaalvalges. Iga paar koosneb kahest k\u00f5rvar\u00f5ngast, millest \u00fcks on puhas \u00fchetooniline ning teine kaunistatud Haruule tunnusliku h-t\u00e4hega. V\u00e4iksemate k\u00f5rvar\u00f5ngaste l\u00e4bim\u00f5\u00f5t on 5cm ning suurtel 8cm.<\/p>\n<p class=\"whitespace-pre-wrap break-words\">Ananassinaha unikaalne tekstuur annab k\u00f5rvar\u00f5ngastele erilise v\u00e4limuse, \u00fchendades kaasaegse disaini j\u00e4tkusuutliku materjalikasutusega. K\u00f5rvar\u00f5ngad on valmistatud teiste toodete j\u00e4\u00e4kmaterjalidest ning iga k\u00f5rvar\u00f5ngas koosneb kolmest hoolikalt valitud kihist. Sisemiseks ehk alumiseks kihiks on m\u00f5lema v\u00e4rvitooni puhul must materjal, mis tagab pikaajalise puhtuse ja vastupidavuse nahaga kokkupuutel. &#8220;h&#8221; t\u00e4ht on kunstip\u00e4raselt v\u00e4lja l\u00f5igatud k\u00f5ige pealmisest kihist, luues silmapaistva ruumilise efekti. Kinnitus on paigutatud kihtide vahele, j\u00e4ttes n\u00e4htavale vaid \u00fche puhta metallist n\u00f5ela.<\/p>\n<p class=\"whitespace-pre-wrap break-words\">Need efektsed ehted sobivad nii igap\u00e4evaseks kandmiseks kui ka pidulikeks s\u00fcndmusteks, lisades igale v\u00e4limusele erilisust ja stiilset karakterit.<\/p>\n<p class=\"whitespace-pre-wrap break-words\">K\u00f5rvar\u00f5ngaste disaini m\u00f5tles v\u00e4lja haruu looja Virko ning tema idee teostas kohalik Eesti k\u00e4sit\u00f6\u00f6meister.<\/p>\n","protected":false},"excerpt":{"rendered":"<p>New York Fashion Week raames valminud k\u00f5rvar\u00f5ngad.<br \/>\n100% ananassinahk.<br \/>\n\u00dcmmargused ning saadaval kahes suuruses:<br \/>\nL\u00e4bim\u00f5\u00f5t: v\u00e4ike 5cm ja suur 8cm.<br \/>\nV\u00e4rvideks: must ja naturaalvalge.<br \/>\nIgas paaris on \u00fcks \u00fchetooniline ning teine h-t\u00e4hega k\u00f5rvar\u00f5ngas.<\/p>\n","protected":false},"featured_media":16753,"template":"","meta":[],"product_brand":[],"product_cat":[108,87,88,85],"product_tag":[],"class_list":{"0":"post-13875","1":"product","2":"type-product","3":"status-publish","4":"has-post-thumbnail","6":"product_cat-aksessuaarid","7":"product_cat-kingituseks","8":"product_cat-koik-tooted","9":"product_cat-naised","10":"pa_aaaaa-valge","11":"pa_aaaaa-must","13":"first","14":"instock","15":"taxable","16":"shipping-taxable","17":"purchasable","18":"product-type-variable"},"yoast_head":"<!-- This site is optimized with the Yoast SEO plugin v25.1 - https:\/\/yoast.com\/wordpress\/plugins\/seo\/ -->\n<title>Haruu ananassinahast k\u00f5rvar\u00f5ngad - Haruu<\/title>\n<meta name=\"robots\" content=\"index, follow, max-snippet:-1, max-image-preview:large, max-video-preview:-1\" \/>\n<link rel=\"canonical\" href=\"https:\/\/haruu.ee\/en\/toode\/haruu-ananassinahast-korvarongad\/\" \/>\n<meta property=\"og:locale\" content=\"en_US\" \/>\n<meta property=\"og:type\" content=\"article\" \/>\n<meta property=\"og:title\" content=\"Haruu ananassinahast k\u00f5rvar\u00f5ngad - Haruu\" \/>\n<meta property=\"og:description\" content=\"New York Fashion Week raames valminud k\u00f5rvar\u00f5ngad. 100% ananassinahk. \u00dcmmargused ning saadaval kahes suuruses: L\u00e4bim\u00f5\u00f5t: v\u00e4ike 5cm ja suur 8cm. V\u00e4rvideks: must ja naturaalvalge. Igas paaris on \u00fcks \u00fchetooniline ning teine h-t\u00e4hega k\u00f5rvar\u00f5ngas.\" \/>\n<meta property=\"og:url\" content=\"https:\/\/haruu.ee\/en\/toode\/haruu-ananassinahast-korvarongad\/\" \/>\n<meta property=\"og:site_name\" content=\"Haruu\" \/>\n<meta property=\"article:publisher\" content=\"https:\/\/www.facebook.com\/haruulife\" \/>\n<meta property=\"article:modified_time\" content=\"2026-03-04T12:59:14+00:00\" \/>\n<meta property=\"og:image\" content=\"https:\/\/haruu.ee\/wp-content\/uploads\/2025\/05\/DSC07315-Enhanced-NR-1.jpg\" \/>\n\t<meta property=\"og:image:width\" content=\"612\" \/>\n\t<meta property=\"og:image:height\" content=\"816\" \/>\n\t<meta property=\"og:image:type\" content=\"image\/jpeg\" \/>\n<meta name=\"twitter:card\" content=\"summary_large_image\" \/>\n<meta name=\"twitter:label1\" content=\"Est. reading time\" \/>\n\t<meta name=\"twitter:data1\" content=\"2 minutes\" \/>\n<script type=\"application\/ld+json\" class=\"yoast-schema-graph\">{\"@context\":\"https:\/\/schema.org\",\"@graph\":[{\"@type\":[\"WebPage\",\"ItemPage\"],\"@id\":\"https:\/\/haruu.ee\/en\/toode\/haruu-ananassinahast-korvarongad\/\",\"url\":\"https:\/\/haruu.ee\/en\/toode\/haruu-ananassinahast-korvarongad\/\",\"name\":\"Haruu ananassinahast k\u00f5rvar\u00f5ngad - Haruu\",\"isPartOf\":{\"@id\":\"https:\/\/haruu.ee\/en\/#website\"},\"primaryImageOfPage\":{\"@id\":\"https:\/\/haruu.ee\/en\/toode\/haruu-ananassinahast-korvarongad\/#primaryimage\"},\"image\":{\"@id\":\"https:\/\/haruu.ee\/en\/toode\/haruu-ananassinahast-korvarongad\/#primaryimage\"},\"thumbnailUrl\":\"https:\/\/haruu.ee\/wp-content\/uploads\/2025\/05\/DSC07315-Enhanced-NR-1.jpg\",\"datePublished\":\"2025-02-23T21:30:37+00:00\",\"dateModified\":\"2026-03-04T12:59:14+00:00\",\"breadcrumb\":{\"@id\":\"https:\/\/haruu.ee\/en\/toode\/haruu-ananassinahast-korvarongad\/#breadcrumb\"},\"inLanguage\":\"en-US\",\"potentialAction\":[{\"@type\":\"ReadAction\",\"target\":[\"https:\/\/haruu.ee\/en\/toode\/haruu-ananassinahast-korvarongad\/\"]}]},{\"@type\":\"ImageObject\",\"inLanguage\":\"en-US\",\"@id\":\"https:\/\/haruu.ee\/en\/toode\/haruu-ananassinahast-korvarongad\/#primaryimage\",\"url\":\"https:\/\/haruu.ee\/wp-content\/uploads\/2025\/05\/DSC07315-Enhanced-NR-1.jpg\",\"contentUrl\":\"https:\/\/haruu.ee\/wp-content\/uploads\/2025\/05\/DSC07315-Enhanced-NR-1.jpg\",\"width\":612,\"height\":816},{\"@type\":\"BreadcrumbList\",\"@id\":\"https:\/\/haruu.ee\/en\/toode\/haruu-ananassinahast-korvarongad\/#breadcrumb\",\"itemListElement\":[{\"@type\":\"ListItem\",\"position\":1,\"name\":\"Avaleht\",\"item\":\"https:\/\/haruu.ee\/en\/\"},{\"@type\":\"ListItem\",\"position\":2,\"name\":\"Shop\",\"item\":\"https:\/\/haruu.ee\/en\/shop\/\"},{\"@type\":\"ListItem\",\"position\":3,\"name\":\"Accessories\",\"item\":\"https:\/\/haruu.ee\/en\/product-category\/accessories\/\"},{\"@type\":\"ListItem\",\"position\":4,\"name\":\"Haruu ananassinahast k\u00f5rvar\u00f5ngad\"}]},{\"@type\":\"WebSite\",\"@id\":\"https:\/\/haruu.ee\/en\/#website\",\"url\":\"https:\/\/haruu.ee\/en\/\",\"name\":\"Haruu\",\"description\":\"Inspiratsiooni ja elustiili br&auml;nd, kus kohtuvad &uuml;rgne loodus, j&auml;tkusuutlik eluviis ja koos loomine pereettev&otilde;ttena\",\"publisher\":{\"@id\":\"https:\/\/haruu.ee\/en\/#organization\"},\"potentialAction\":[{\"@type\":\"SearchAction\",\"target\":{\"@type\":\"EntryPoint\",\"urlTemplate\":\"https:\/\/haruu.ee\/en\/?s={search_term_string}\"},\"query-input\":{\"@type\":\"PropertyValueSpecification\",\"valueRequired\":true,\"valueName\":\"search_term_string\"}}],\"inLanguage\":\"en-US\"},{\"@type\":\"Organization\",\"@id\":\"https:\/\/haruu.ee\/en\/#organization\",\"name\":\"Haruu\",\"url\":\"https:\/\/haruu.ee\/en\/\",\"logo\":{\"@type\":\"ImageObject\",\"inLanguage\":\"en-US\",\"@id\":\"https:\/\/haruu.ee\/en\/#\/schema\/logo\/image\/\",\"url\":\"https:\/\/haruu.ee\/wp-content\/uploads\/2022\/07\/haruu-logo-taustata-1-1.png\",\"contentUrl\":\"https:\/\/haruu.ee\/wp-content\/uploads\/2022\/07\/haruu-logo-taustata-1-1.png\",\"width\":1168,\"height\":312,\"caption\":\"Haruu\"},\"image\":{\"@id\":\"https:\/\/haruu.ee\/en\/#\/schema\/logo\/image\/\"},\"sameAs\":[\"https:\/\/www.facebook.com\/haruulife\"]}]}<\/script>\n<!-- \/ Yoast SEO plugin. -->","yoast_head_json":{"title":"Haruu ananassinahast k\u00f5rvar\u00f5ngad - Haruu","robots":{"index":"index","follow":"follow","max-snippet":"max-snippet:-1","max-image-preview":"max-image-preview:large","max-video-preview":"max-video-preview:-1"},"canonical":"https:\/\/haruu.ee\/en\/toode\/haruu-ananassinahast-korvarongad\/","og_locale":"en_US","og_type":"article","og_title":"Haruu ananassinahast k\u00f5rvar\u00f5ngad - Haruu","og_description":"New York Fashion Week raames valminud k\u00f5rvar\u00f5ngad. 100% ananassinahk. \u00dcmmargused ning saadaval kahes suuruses: L\u00e4bim\u00f5\u00f5t: v\u00e4ike 5cm ja suur 8cm. V\u00e4rvideks: must ja naturaalvalge. Igas paaris on \u00fcks \u00fchetooniline ning teine h-t\u00e4hega k\u00f5rvar\u00f5ngas.","og_url":"https:\/\/haruu.ee\/en\/toode\/haruu-ananassinahast-korvarongad\/","og_site_name":"Haruu","article_publisher":"https:\/\/www.facebook.com\/haruulife","article_modified_time":"2026-03-04T12:59:14+00:00","og_image":[{"width":612,"height":816,"url":"https:\/\/haruu.ee\/wp-content\/uploads\/2025\/05\/DSC07315-Enhanced-NR-1.jpg","type":"image\/jpeg"}],"twitter_card":"summary_large_image","twitter_misc":{"Est. reading time":"2 minutes"},"schema":{"@context":"https:\/\/schema.org","@graph":[{"@type":["WebPage","ItemPage"],"@id":"https:\/\/haruu.ee\/en\/toode\/haruu-ananassinahast-korvarongad\/","url":"https:\/\/haruu.ee\/en\/toode\/haruu-ananassinahast-korvarongad\/","name":"Haruu ananassinahast k\u00f5rvar\u00f5ngad - Haruu","isPartOf":{"@id":"https:\/\/haruu.ee\/en\/#website"},"primaryImageOfPage":{"@id":"https:\/\/haruu.ee\/en\/toode\/haruu-ananassinahast-korvarongad\/#primaryimage"},"image":{"@id":"https:\/\/haruu.ee\/en\/toode\/haruu-ananassinahast-korvarongad\/#primaryimage"},"thumbnailUrl":"https:\/\/haruu.ee\/wp-content\/uploads\/2025\/05\/DSC07315-Enhanced-NR-1.jpg","datePublished":"2025-02-23T21:30:37+00:00","dateModified":"2026-03-04T12:59:14+00:00","breadcrumb":{"@id":"https:\/\/haruu.ee\/en\/toode\/haruu-ananassinahast-korvarongad\/#breadcrumb"},"inLanguage":"en-US","potentialAction":[{"@type":"ReadAction","target":["https:\/\/haruu.ee\/en\/toode\/haruu-ananassinahast-korvarongad\/"]}]},{"@type":"ImageObject","inLanguage":"en-US","@id":"https:\/\/haruu.ee\/en\/toode\/haruu-ananassinahast-korvarongad\/#primaryimage","url":"https:\/\/haruu.ee\/wp-content\/uploads\/2025\/05\/DSC07315-Enhanced-NR-1.jpg","contentUrl":"https:\/\/haruu.ee\/wp-content\/uploads\/2025\/05\/DSC07315-Enhanced-NR-1.jpg","width":612,"height":816},{"@type":"BreadcrumbList","@id":"https:\/\/haruu.ee\/en\/toode\/haruu-ananassinahast-korvarongad\/#breadcrumb","itemListElement":[{"@type":"ListItem","position":1,"name":"Avaleht","item":"https:\/\/haruu.ee\/en\/"},{"@type":"ListItem","position":2,"name":"Shop","item":"https:\/\/haruu.ee\/en\/shop\/"},{"@type":"ListItem","position":3,"name":"Accessories","item":"https:\/\/haruu.ee\/en\/product-category\/accessories\/"},{"@type":"ListItem","position":4,"name":"Haruu ananassinahast k\u00f5rvar\u00f5ngad"}]},{"@type":"WebSite","@id":"https:\/\/haruu.ee\/en\/#website","url":"https:\/\/haruu.ee\/en\/","name":"Haruu","description":"Inspiratsiooni ja elustiili br&auml;nd, kus kohtuvad &uuml;rgne loodus, j&auml;tkusuutlik eluviis ja koos loomine pereettev&otilde;ttena","publisher":{"@id":"https:\/\/haruu.ee\/en\/#organization"},"potentialAction":[{"@type":"SearchAction","target":{"@type":"EntryPoint","urlTemplate":"https:\/\/haruu.ee\/en\/?s={search_term_string}"},"query-input":{"@type":"PropertyValueSpecification","valueRequired":true,"valueName":"search_term_string"}}],"inLanguage":"en-US"},{"@type":"Organization","@id":"https:\/\/haruu.ee\/en\/#organization","name":"Haruu","url":"https:\/\/haruu.ee\/en\/","logo":{"@type":"ImageObject","inLanguage":"en-US","@id":"https:\/\/haruu.ee\/en\/#\/schema\/logo\/image\/","url":"https:\/\/haruu.ee\/wp-content\/uploads\/2022\/07\/haruu-logo-taustata-1-1.png","contentUrl":"https:\/\/haruu.ee\/wp-content\/uploads\/2022\/07\/haruu-logo-taustata-1-1.png","width":1168,"height":312,"caption":"Haruu"},"image":{"@id":"https:\/\/haruu.ee\/en\/#\/schema\/logo\/image\/"},"sameAs":["https:\/\/www.facebook.com\/haruulife"]}]}},"_links":{"self":[{"href":"https:\/\/haruu.ee\/en\/wp-json\/wp\/v2\/product\/13875","targetHints":{"allow":["GET"]}}],"collection":[{"href":"https:\/\/haruu.ee\/en\/wp-json\/wp\/v2\/product"}],"about":[{"href":"https:\/\/haruu.ee\/en\/wp-json\/wp\/v2\/types\/product"}],"wp:featuredmedia":[{"embeddable":true,"href":"https:\/\/haruu.ee\/en\/wp-json\/wp\/v2\/media\/16753"}],"wp:attachment":[{"href":"https:\/\/haruu.ee\/en\/wp-json\/wp\/v2\/media?parent=13875"}],"wp:term":[{"taxonomy":"product_brand","embeddable":true,"href":"https:\/\/haruu.ee\/en\/wp-json\/wp\/v2\/product_brand?post=13875"},{"taxonomy":"product_cat","embeddable":true,"href":"https:\/\/haruu.ee\/en\/wp-json\/wp\/v2\/product_cat?post=13875"},{"taxonomy":"product_tag","embeddable":true,"href":"https:\/\/haruu.ee\/en\/wp-json\/wp\/v2\/product_tag?post=13875"}],"curies":[{"name":"wp","href":"https:\/\/api.w.org\/{rel}","templated":true}]}}