


{"id":15060,"date":"2025-05-02T15:15:27","date_gmt":"2025-05-02T12:15:27","guid":{"rendered":"https:\/\/haruu.ee\/?post_type=product&#038;p=15060"},"modified":"2026-04-05T20:45:12","modified_gmt":"2026-04-05T17:45:12","slug":"nyfw-viskoosist-puksid","status":"publish","type":"product","link":"https:\/\/haruu.ee\/en\/toode\/nyfw-viskoosist-puksid\/","title":{"rendered":"New York Fashion Week viskoosist p\u00fcksid"},"content":{"rendered":"<p class=\"whitespace-pre-wrap break-words\">Need luksuslikud viskoosist p\u00fcksid toodi esmakordselt publiku ette New York Fashion Week&#8217;il, kus nad p\u00e4lvisid kohest t\u00e4helepanu oma elegantse kuid samas minimalistliku l\u00f5ike ja kvaliteetse materjaliga. K\u00e4sit\u00f6\u00f6na Eestis valmistatud p\u00fcksid \u00fchendavad endas kaasaegse disaini, mugavuse ja kvaliteedi.<\/p>\n<p class=\"whitespace-pre-wrap break-words\">Avara l\u00f5ikega viskoosist p\u00fcksid pakuvad erakordset mugavust iga liigutuse juures, j\u00e4\u00e4des samas stiilseks ja peeneks. \u00dclimalt pehme viskooskangas hellitab nahka ja tagab m\u00f5nusa tunde kogu p\u00e4evaks. T\u00e4nu l\u00e4bim\u00f5eldud disainile sobivad need p\u00fcksid suurep\u00e4raselt nii igap\u00e4evaseks kandmiseks kui ka pidulikeks s\u00fcndmusteks. Need p\u00fcksid on sobilikud k\u00f5igile, s\u00f5ltumata kehat\u00fc\u00fcbist. Nende universaalne l\u00f5ige sobib ideaalselt k\u00f5igile, r\u00f5hutades iga kandja unikaalseid jooni. Tegemist on ka t\u00f5eliselt aastaringselt kantava r\u00f5ivaesemega \u2013 kaunilt langevad p\u00fcksid on t\u00e4iuslikud nii suvise kerguse kui ka talvise elegantsiga.<\/p>\n<p class=\"whitespace-pre-wrap break-words\">Need p\u00fcksid on vajalikud igas (kapsel)garderoobis, aidates luua k\u00fcmneid erinevaid stiilikombinatsioone minimaalsete vahenditega. Hetkel on p\u00fcksid saadaval kolmes aegumatus v\u00e4rvitoonis \u2013 oliivroheline, puhas valge ja s\u00fcgav must \u2013 v\u00f5imaldades valida vastavalt oma garderoobi vajadustele v\u00f5i soetada m\u00f5lemad t\u00e4iusliku varieeruvuse tagamiseks. P\u00fcksid on lihtsasti stiliseeritavad ja sobivad ideaalselt kombineerimiseks teiste looduslike materjalidega nagu linane, siid v\u00f5i puuvill, luues harmoonilise ja rafineeritud v\u00e4limuse igaks s\u00fcndmuseks! P\u00fckste juurde on loodud ka kimono, mille leiab <a href=\"https:\/\/haruu.ee\/toode\/nyfw-kimono\/\">SIIT<\/a>.<\/p>\n<p><strong>Hooldus:<\/strong><br \/>\nPese 30 kraadi juures, maksimaalselt 400 tsentrifuugi v\u00f5i ilma tsentrifuugita. Kuivati ei ole lubatud, nii s\u00e4ilib kanga ilu ja eluiga v\u00f5imalikult kaua.<\/p>\n<p class=\"p1\"><strong>Kas viskoos kortsub kergesti?<br \/>\n<\/strong>Viskoos v\u00f5ib kergelt kortsuda, kuid just see annab kangale loomuliku ja elegantse ilme. \u00d5ige hoolduse korral (\u00f5rn pesu, kuivatamine sirgelt) on kortsumine minimaalne ning vajadusel piisab kergest aurutamisest.<\/p>\n<p class=\"p1\"><strong>Kas viskoostoode ajab higistama v\u00f5i j\u00e4\u00e4vad higiplekid n\u00e4ha?<br \/>\n<\/strong>Ei. Kvaliteetne viskoos juhib niiskust paremini kui paljud s\u00fcnteetilised materjalid ning aitab v\u00e4ltida n\u00e4htavaid higiplekke. Kangas langeb vabalt ega kleepu keha k\u00fclge.<\/p>\n<p class=\"p1\"><strong>Kas toode sobib tundlikule nahale?<br \/>\n<\/strong>Jah. Viskoos on sile ja pehme materjal, mis ei \u00e4rrita nahka.<\/p>\n<p><strong>M\u00f5\u00f5dutabel<\/strong><br \/>\nM\u00f5\u00f5detud on pildil olevat toodet.<br \/>\nV\u00f6\u00f6 m\u00f5\u00f5du vahemik on tootel oleva kummi venivus.<\/p>\n<table style=\"border-collapse: collapse; width: 32.9755%; height: 96px;\">\n<tbody>\n<tr style=\"height: 24px;\">\n<td style=\"width: 25%; height: 24px;\"><strong>Suurus (cm)<\/strong><\/td>\n<td style=\"width: 25%; height: 24px;\"><strong>XS\u00a0<\/strong><\/td>\n<td style=\"width: 25%; height: 24px;\"><strong>S\/M<\/strong><\/td>\n<td style=\"width: 25%; height: 24px;\"><strong>L\/XL<\/strong><\/td>\n<\/tr>\n<tr style=\"height: 24px;\">\n<td style=\"width: 25%; height: 24px;\">V\u00f6\u00f6<\/td>\n<td style=\"width: 25%; height: 24px;\">68-78<\/td>\n<td style=\"width: 25%; height: 24px;\">76-86<\/td>\n<td style=\"width: 25%; height: 24px;\">88-98<\/td>\n<\/tr>\n<tr style=\"height: 24px;\">\n<td style=\"width: 25%; height: 24px;\">Puus<\/td>\n<td style=\"width: 25%; height: 24px;\">130<\/td>\n<td style=\"width: 25%; height: 24px;\">138<\/td>\n<td style=\"width: 25%; height: 24px;\">150<\/td>\n<\/tr>\n<tr style=\"height: 24px;\">\n<td style=\"width: 25%; height: 24px;\">\u00dcldpikkus<\/td>\n<td style=\"width: 25%; height: 24px;\">104<\/td>\n<td style=\"width: 25%; height: 24px;\">110<\/td>\n<td style=\"width: 25%; height: 24px;\">112<\/td>\n<\/tr>\n<\/tbody>\n<\/table>\n<p>&nbsp;<\/p>\n","protected":false},"excerpt":{"rendered":"<p>New York Fashion Week kollektsiooni p\u00fcksid.<br \/>\nUniversaalne l\u00f5ige sobib ideaalselt k\u00f5igile!<br \/>\nLuksuslikud, kuid samas mugavad ja stiilsed.<br \/>\nKahes v\u00e4rvitoonis \u2013 puhas valge ja s\u00fcgav must.<br \/>\n<strong><br \/>\nMaterjal:<\/strong> 100% viskoos ehk puuvill (looduslik, hingav ja nahas\u00f5bralik).<br \/>\nKimono on disainitud ja toodetud Eestis.<\/p>\n<p><strong>Miks on need p\u00fcksid head?<\/strong><\/p>\n<ul>\n<li class=\"p1\">Viskooskangas on valitud kestma, ei kaota kuju ega pehmust ka p\u00e4rast korduvat pesu<\/li>\n<li class=\"p1\">Kangas ei ole liiga \u00f5huke ega l\u00e4bipaistev, saad end tunda kindlalt<\/li>\n<li class=\"p1\">L\u00f5ige sobib erinevatele kehakujudele ega r\u00f5huta ebamugavaid kohti<\/li>\n<\/ul>\n<p>Nende p\u00fckste juurde sobib imeliselt ka meie viskoosist kimono, mille leiad <a href=\"https:\/\/haruu.ee\/toode\/nyfw-kimono\/\">SIIT.<\/a><br \/>\nVaata ka teisi New York Fashion Week tooteid <a href=\"https:\/\/haruu.ee\/tootekategooria\/nyfw\/\"><strong>SIIT.<\/strong><\/a><\/p>\n<p class=\"p1\"><strong>Vali oma lemmikv\u00e4rv ja suurus ning lisa p\u00fcksid ostukorvi. Need p\u00fcksid saavad kindlasti sinu suvisteks lemmikuteks!<\/strong><\/p>\n","protected":false},"featured_media":22248,"template":"","meta":[],"product_brand":[],"product_cat":[123,168,88,85],"product_tag":[],"class_list":{"0":"post-15060","1":"product","2":"type-product","3":"status-publish","4":"has-post-thumbnail","6":"product_cat-allahindlus","7":"product_cat-nyfw-eesti-disain","8":"product_cat-koik-tooted","9":"product_cat-naised","10":"pa_aaaaa-valge","11":"pa_aaaaa-must","13":"first","14":"instock","15":"sale","16":"taxable","17":"shipping-taxable","18":"purchasable","19":"product-type-variable"},"yoast_head":"<!-- This site is optimized with the Yoast SEO plugin v25.1 - https:\/\/yoast.com\/wordpress\/plugins\/seo\/ -->\n<title>New York Fashion Week viskoosist p\u00fcksid - Haruu<\/title>\n<meta name=\"description\" content=\"Viskoosist p\u00fcksid on ideaalsed suveks, kuna on jalas hingavad ning mugavad. Sobib h\u00e4sti koos samast kangast kimonoga Eestis disainitud ja \u00f5mmeldud.\" \/>\n<meta name=\"robots\" content=\"index, follow, max-snippet:-1, max-image-preview:large, max-video-preview:-1\" \/>\n<link rel=\"canonical\" href=\"https:\/\/haruu.ee\/en\/toode\/nyfw-viskoosist-puksid\/\" \/>\n<meta property=\"og:locale\" content=\"en_US\" \/>\n<meta property=\"og:type\" content=\"article\" \/>\n<meta property=\"og:title\" content=\"New York Fashion Week viskoosist p\u00fcksid - Haruu\" \/>\n<meta property=\"og:description\" content=\"Viskoosist p\u00fcksid on ideaalsed suveks, kuna on jalas hingavad ning mugavad. Sobib h\u00e4sti koos samast kangast kimonoga Eestis disainitud ja \u00f5mmeldud.\" \/>\n<meta property=\"og:url\" content=\"https:\/\/haruu.ee\/en\/toode\/nyfw-viskoosist-puksid\/\" \/>\n<meta property=\"og:site_name\" content=\"Haruu\" \/>\n<meta property=\"article:publisher\" content=\"https:\/\/www.facebook.com\/haruulife\" \/>\n<meta property=\"article:modified_time\" content=\"2026-04-05T17:45:12+00:00\" \/>\n<meta property=\"og:image\" content=\"https:\/\/haruu.ee\/wp-content\/uploads\/2025\/05\/DSC06293-Enhanced-NR-1.jpg\" \/>\n\t<meta property=\"og:image:width\" content=\"1280\" \/>\n\t<meta property=\"og:image:height\" content=\"1920\" \/>\n\t<meta property=\"og:image:type\" content=\"image\/jpeg\" \/>\n<meta name=\"twitter:card\" content=\"summary_large_image\" \/>\n<meta name=\"twitter:label1\" content=\"Est. reading time\" \/>\n\t<meta name=\"twitter:data1\" content=\"2 minutes\" \/>\n<script type=\"application\/ld+json\" class=\"yoast-schema-graph\">{\"@context\":\"https:\/\/schema.org\",\"@graph\":[{\"@type\":[\"WebPage\",\"ItemPage\"],\"@id\":\"https:\/\/haruu.ee\/en\/toode\/nyfw-viskoosist-puksid\/\",\"url\":\"https:\/\/haruu.ee\/en\/toode\/nyfw-viskoosist-puksid\/\",\"name\":\"New York Fashion Week viskoosist p\u00fcksid - Haruu\",\"isPartOf\":{\"@id\":\"https:\/\/haruu.ee\/en\/#website\"},\"primaryImageOfPage\":{\"@id\":\"https:\/\/haruu.ee\/en\/toode\/nyfw-viskoosist-puksid\/#primaryimage\"},\"image\":{\"@id\":\"https:\/\/haruu.ee\/en\/toode\/nyfw-viskoosist-puksid\/#primaryimage\"},\"thumbnailUrl\":\"https:\/\/haruu.ee\/wp-content\/uploads\/2025\/05\/DSC06293-Enhanced-NR-1.jpg\",\"datePublished\":\"2025-05-02T12:15:27+00:00\",\"dateModified\":\"2026-04-05T17:45:12+00:00\",\"description\":\"Viskoosist p\u00fcksid on ideaalsed suveks, kuna on jalas hingavad ning mugavad. Sobib h\u00e4sti koos samast kangast kimonoga Eestis disainitud ja \u00f5mmeldud.\",\"breadcrumb\":{\"@id\":\"https:\/\/haruu.ee\/en\/toode\/nyfw-viskoosist-puksid\/#breadcrumb\"},\"inLanguage\":\"en-US\",\"potentialAction\":[{\"@type\":\"ReadAction\",\"target\":[\"https:\/\/haruu.ee\/en\/toode\/nyfw-viskoosist-puksid\/\"]}]},{\"@type\":\"ImageObject\",\"inLanguage\":\"en-US\",\"@id\":\"https:\/\/haruu.ee\/en\/toode\/nyfw-viskoosist-puksid\/#primaryimage\",\"url\":\"https:\/\/haruu.ee\/wp-content\/uploads\/2025\/05\/DSC06293-Enhanced-NR-1.jpg\",\"contentUrl\":\"https:\/\/haruu.ee\/wp-content\/uploads\/2025\/05\/DSC06293-Enhanced-NR-1.jpg\",\"width\":1280,\"height\":1920},{\"@type\":\"BreadcrumbList\",\"@id\":\"https:\/\/haruu.ee\/en\/toode\/nyfw-viskoosist-puksid\/#breadcrumb\",\"itemListElement\":[{\"@type\":\"ListItem\",\"position\":1,\"name\":\"Avaleht\",\"item\":\"https:\/\/haruu.ee\/en\/\"},{\"@type\":\"ListItem\",\"position\":2,\"name\":\"Shop\",\"item\":\"https:\/\/haruu.ee\/en\/shop\/\"},{\"@type\":\"ListItem\",\"position\":3,\"name\":\"New York Fashion Week\",\"item\":\"https:\/\/haruu.ee\/en\/product-category\/new-york-fashion-week\/\"},{\"@type\":\"ListItem\",\"position\":4,\"name\":\"New York Fashion Week viskoosist p\u00fcksid\"}]},{\"@type\":\"WebSite\",\"@id\":\"https:\/\/haruu.ee\/en\/#website\",\"url\":\"https:\/\/haruu.ee\/en\/\",\"name\":\"Haruu\",\"description\":\"Inspiratsiooni ja elustiili br&auml;nd, kus kohtuvad &uuml;rgne loodus, j&auml;tkusuutlik eluviis ja koos loomine pereettev&otilde;ttena\",\"publisher\":{\"@id\":\"https:\/\/haruu.ee\/en\/#organization\"},\"potentialAction\":[{\"@type\":\"SearchAction\",\"target\":{\"@type\":\"EntryPoint\",\"urlTemplate\":\"https:\/\/haruu.ee\/en\/?s={search_term_string}\"},\"query-input\":{\"@type\":\"PropertyValueSpecification\",\"valueRequired\":true,\"valueName\":\"search_term_string\"}}],\"inLanguage\":\"en-US\"},{\"@type\":\"Organization\",\"@id\":\"https:\/\/haruu.ee\/en\/#organization\",\"name\":\"Haruu\",\"url\":\"https:\/\/haruu.ee\/en\/\",\"logo\":{\"@type\":\"ImageObject\",\"inLanguage\":\"en-US\",\"@id\":\"https:\/\/haruu.ee\/en\/#\/schema\/logo\/image\/\",\"url\":\"https:\/\/haruu.ee\/wp-content\/uploads\/2022\/07\/haruu-logo-taustata-1-1.png\",\"contentUrl\":\"https:\/\/haruu.ee\/wp-content\/uploads\/2022\/07\/haruu-logo-taustata-1-1.png\",\"width\":1168,\"height\":312,\"caption\":\"Haruu\"},\"image\":{\"@id\":\"https:\/\/haruu.ee\/en\/#\/schema\/logo\/image\/\"},\"sameAs\":[\"https:\/\/www.facebook.com\/haruulife\"]}]}<\/script>\n<!-- \/ Yoast SEO plugin. -->","yoast_head_json":{"title":"New York Fashion Week viskoosist p\u00fcksid - Haruu","description":"Viskoosist p\u00fcksid on ideaalsed suveks, kuna on jalas hingavad ning mugavad. Sobib h\u00e4sti koos samast kangast kimonoga Eestis disainitud ja \u00f5mmeldud.","robots":{"index":"index","follow":"follow","max-snippet":"max-snippet:-1","max-image-preview":"max-image-preview:large","max-video-preview":"max-video-preview:-1"},"canonical":"https:\/\/haruu.ee\/en\/toode\/nyfw-viskoosist-puksid\/","og_locale":"en_US","og_type":"article","og_title":"New York Fashion Week viskoosist p\u00fcksid - Haruu","og_description":"Viskoosist p\u00fcksid on ideaalsed suveks, kuna on jalas hingavad ning mugavad. Sobib h\u00e4sti koos samast kangast kimonoga Eestis disainitud ja \u00f5mmeldud.","og_url":"https:\/\/haruu.ee\/en\/toode\/nyfw-viskoosist-puksid\/","og_site_name":"Haruu","article_publisher":"https:\/\/www.facebook.com\/haruulife","article_modified_time":"2026-04-05T17:45:12+00:00","og_image":[{"width":1280,"height":1920,"url":"https:\/\/haruu.ee\/wp-content\/uploads\/2025\/05\/DSC06293-Enhanced-NR-1.jpg","type":"image\/jpeg"}],"twitter_card":"summary_large_image","twitter_misc":{"Est. reading time":"2 minutes"},"schema":{"@context":"https:\/\/schema.org","@graph":[{"@type":["WebPage","ItemPage"],"@id":"https:\/\/haruu.ee\/en\/toode\/nyfw-viskoosist-puksid\/","url":"https:\/\/haruu.ee\/en\/toode\/nyfw-viskoosist-puksid\/","name":"New York Fashion Week viskoosist p\u00fcksid - Haruu","isPartOf":{"@id":"https:\/\/haruu.ee\/en\/#website"},"primaryImageOfPage":{"@id":"https:\/\/haruu.ee\/en\/toode\/nyfw-viskoosist-puksid\/#primaryimage"},"image":{"@id":"https:\/\/haruu.ee\/en\/toode\/nyfw-viskoosist-puksid\/#primaryimage"},"thumbnailUrl":"https:\/\/haruu.ee\/wp-content\/uploads\/2025\/05\/DSC06293-Enhanced-NR-1.jpg","datePublished":"2025-05-02T12:15:27+00:00","dateModified":"2026-04-05T17:45:12+00:00","description":"Viskoosist p\u00fcksid on ideaalsed suveks, kuna on jalas hingavad ning mugavad. Sobib h\u00e4sti koos samast kangast kimonoga Eestis disainitud ja \u00f5mmeldud.","breadcrumb":{"@id":"https:\/\/haruu.ee\/en\/toode\/nyfw-viskoosist-puksid\/#breadcrumb"},"inLanguage":"en-US","potentialAction":[{"@type":"ReadAction","target":["https:\/\/haruu.ee\/en\/toode\/nyfw-viskoosist-puksid\/"]}]},{"@type":"ImageObject","inLanguage":"en-US","@id":"https:\/\/haruu.ee\/en\/toode\/nyfw-viskoosist-puksid\/#primaryimage","url":"https:\/\/haruu.ee\/wp-content\/uploads\/2025\/05\/DSC06293-Enhanced-NR-1.jpg","contentUrl":"https:\/\/haruu.ee\/wp-content\/uploads\/2025\/05\/DSC06293-Enhanced-NR-1.jpg","width":1280,"height":1920},{"@type":"BreadcrumbList","@id":"https:\/\/haruu.ee\/en\/toode\/nyfw-viskoosist-puksid\/#breadcrumb","itemListElement":[{"@type":"ListItem","position":1,"name":"Avaleht","item":"https:\/\/haruu.ee\/en\/"},{"@type":"ListItem","position":2,"name":"Shop","item":"https:\/\/haruu.ee\/en\/shop\/"},{"@type":"ListItem","position":3,"name":"New York Fashion Week","item":"https:\/\/haruu.ee\/en\/product-category\/new-york-fashion-week\/"},{"@type":"ListItem","position":4,"name":"New York Fashion Week viskoosist p\u00fcksid"}]},{"@type":"WebSite","@id":"https:\/\/haruu.ee\/en\/#website","url":"https:\/\/haruu.ee\/en\/","name":"Haruu","description":"Inspiratsiooni ja elustiili br&auml;nd, kus kohtuvad &uuml;rgne loodus, j&auml;tkusuutlik eluviis ja koos loomine pereettev&otilde;ttena","publisher":{"@id":"https:\/\/haruu.ee\/en\/#organization"},"potentialAction":[{"@type":"SearchAction","target":{"@type":"EntryPoint","urlTemplate":"https:\/\/haruu.ee\/en\/?s={search_term_string}"},"query-input":{"@type":"PropertyValueSpecification","valueRequired":true,"valueName":"search_term_string"}}],"inLanguage":"en-US"},{"@type":"Organization","@id":"https:\/\/haruu.ee\/en\/#organization","name":"Haruu","url":"https:\/\/haruu.ee\/en\/","logo":{"@type":"ImageObject","inLanguage":"en-US","@id":"https:\/\/haruu.ee\/en\/#\/schema\/logo\/image\/","url":"https:\/\/haruu.ee\/wp-content\/uploads\/2022\/07\/haruu-logo-taustata-1-1.png","contentUrl":"https:\/\/haruu.ee\/wp-content\/uploads\/2022\/07\/haruu-logo-taustata-1-1.png","width":1168,"height":312,"caption":"Haruu"},"image":{"@id":"https:\/\/haruu.ee\/en\/#\/schema\/logo\/image\/"},"sameAs":["https:\/\/www.facebook.com\/haruulife"]}]}},"_links":{"self":[{"href":"https:\/\/haruu.ee\/en\/wp-json\/wp\/v2\/product\/15060","targetHints":{"allow":["GET"]}}],"collection":[{"href":"https:\/\/haruu.ee\/en\/wp-json\/wp\/v2\/product"}],"about":[{"href":"https:\/\/haruu.ee\/en\/wp-json\/wp\/v2\/types\/product"}],"wp:featuredmedia":[{"embeddable":true,"href":"https:\/\/haruu.ee\/en\/wp-json\/wp\/v2\/media\/22248"}],"wp:attachment":[{"href":"https:\/\/haruu.ee\/en\/wp-json\/wp\/v2\/media?parent=15060"}],"wp:term":[{"taxonomy":"product_brand","embeddable":true,"href":"https:\/\/haruu.ee\/en\/wp-json\/wp\/v2\/product_brand?post=15060"},{"taxonomy":"product_cat","embeddable":true,"href":"https:\/\/haruu.ee\/en\/wp-json\/wp\/v2\/product_cat?post=15060"},{"taxonomy":"product_tag","embeddable":true,"href":"https:\/\/haruu.ee\/en\/wp-json\/wp\/v2\/product_tag?post=15060"}],"curies":[{"name":"wp","href":"https:\/\/api.w.org\/{rel}","templated":true}]}}