


{"id":15076,"date":"2025-05-02T15:34:33","date_gmt":"2025-05-02T12:34:33","guid":{"rendered":"https:\/\/haruu.ee\/?post_type=product&#038;p=15076"},"modified":"2026-04-05T15:33:19","modified_gmt":"2026-04-05T12:33:19","slug":"nyfw-kimono","status":"publish","type":"product","link":"https:\/\/haruu.ee\/en\/toode\/nyfw-kimono\/","title":{"rendered":"New York Fashion Week viskoosist kimono"},"content":{"rendered":"<p class=\"whitespace-pre-wrap break-words\">See on meie New York Fashion Week kollektsiooni raames s\u00fcndinud kimonot! See eksklusiivne kimono \u00fchendab endas mugavuse ja luksuse, mida saab nautida igap\u00e4evaselt. Pehme, nahas\u00f5bralik viskoosmaterjal tagab absoluutse mugavuse ning kimono disain sobib t\u00e4iuslikult igale kehakujule ja -t\u00fc\u00fcbile. Kimonol on reguleeritav v\u00f6\u00f6, mis aitab r\u00f5hutada kandja taljet k\u00f5ige sobivamal moel. Lisaks saab seda universaalset r\u00f5ivaeset stiliseerida nii argip\u00e4evaks kui ka pidulikeks s\u00fcndmusteks.<\/p>\n<p class=\"whitespace-pre-wrap break-words\">Meie kimono on absoluutne <em>must-have<\/em> igas garderoobis, pakkudes loendamatuid v\u00f5imalusi erinevate kombinatsioonide loomiseks. Kimono sobitub suurep\u00e4raselt teiste looduslike materjalidega nagu linane, puuvill v\u00f5i siid, luues harmoonilise ja rafineeritud v\u00e4ljan\u00e4gemise. \u00a0Sobita see kokku juba enda garderoobis olevate esemetega v\u00f5i vali endale kimono juurde meie New York Fashion Week p\u00fcksid, mille leiad <a href=\"https:\/\/haruu.ee\/toode\/nyfw-viskoosist-puksid\/\">SIIT<\/a>!<\/p>\n<p class=\"whitespace-pre-wrap break-words\">Hetkel on kimono saadaval kahes v\u00e4rvitoonis \u2013\u00a0 elegantne valge ja ajatu must \u2013 v\u00f5imaldades teil leida t\u00e4iuslik sobivus oma olemasoleva garderoobi ja isikliku stiiliga. Kimono kvaliteet ja minimalistlik, kuid eriline disain teevad sellest erakordselt esindusliku r\u00f5ivaeseme, mis t\u00f5mbab alati t\u00e4helepanu. Samas on see uskumatult mugav, v\u00f5imaldades tunda ennast alati enesekindlalt ja m\u00f5nusalt kogu p\u00e4eva.<\/p>\n<p class=\"whitespace-pre-wrap break-words\">Iga New york Fashion Week kimono on unikaalne t\u00fckk Eesti ja New Yorki k\u00f5rgmoe s\u00fcdamest, mis viib sinu garderoobi t\u00e4iesti uuele tasemele.<\/p>\n<p class=\"p1\"><strong>Hooldus:<\/strong><br \/>\nPese 30 kraadi juures, maksimaalselt 400 tsentrifuugi v\u00f5i ilma tsentrifuugita. Kuivati ei ole lubatud, nii s\u00e4ilib kanga ilu ja eluiga v\u00f5imalikult kaua.<\/p>\n<p class=\"p1\"><strong>Kas viskoos kortsub kergesti?<br \/>\n<\/strong>Viskoos v\u00f5ib kergelt kortsuda, kuid just see annab kangale loomuliku ja elegantse ilme. \u00d5ige hoolduse korral (\u00f5rn pesu, kuivatamine sirgelt) on kortsumine minimaalne ning vajadusel piisab kergest aurutamisest.<\/p>\n<p class=\"p1\"><strong>Kas viskoostoode ajab higistama v\u00f5i j\u00e4\u00e4vad higiplekid n\u00e4ha?<br \/>\n<\/strong>Ei. Kvaliteetne viskoos juhib niiskust paremini kui paljud s\u00fcnteetilised materjalid ning aitab v\u00e4ltida n\u00e4htavaid higiplekke. Kangas langeb vabalt ega kleepu keha k\u00fclge.<\/p>\n<p class=\"p1\"><strong>Kas toode sobib tundlikule nahale?<br \/>\n<\/strong>Jah. Viskoos on sile ja pehme materjal, mis ei \u00e4rrita nahka.<\/p>\n<p><strong>M\u00f5\u00f5dutabel<\/strong><br \/>\nM\u00f5\u00f5detud on pildil olevat toodet.<\/p>\n<table style=\"border-collapse: collapse; width: 32.9755%; height: 99px;\">\n<tbody>\n<tr style=\"height: 24px;\">\n<td style=\"width: 25%; height: 24px;\"><strong>Suurus (cm)<\/strong><\/td>\n<td style=\"width: 25%; height: 24px;\"><strong>XS<\/strong><\/td>\n<td style=\"width: 25%; height: 24px;\"><strong>S\/M<\/strong><\/td>\n<td style=\"width: 25%; height: 24px;\"><strong>L\/XL<\/strong><\/td>\n<\/tr>\n<tr style=\"height: 24px;\">\n<td style=\"width: 25%; height: 24px;\">Rinna\u00fcmberm\u00f5\u00f5t<\/td>\n<td style=\"width: 25%; height: 24px;\">124<\/td>\n<td style=\"width: 25%; height: 24px;\">136<\/td>\n<td style=\"width: 25%; height: 24px;\">148<\/td>\n<\/tr>\n<tr style=\"height: 24px;\">\n<td style=\"width: 25%; height: 24px;\">\u00d5lapikkus<\/td>\n<td style=\"width: 25%; height: 24px;\">47<\/td>\n<td style=\"width: 25%; height: 24px;\">49<\/td>\n<td style=\"width: 25%; height: 24px;\">51<\/td>\n<\/tr>\n<tr style=\"height: 24px;\">\n<td style=\"width: 25%; height: 24px;\">\u00dcldpikkus<\/td>\n<td style=\"width: 25%; height: 24px;\">69<\/td>\n<td style=\"width: 25%; height: 24px;\">71<\/td>\n<td style=\"width: 25%; height: 24px;\">73<\/td>\n<\/tr>\n<\/tbody>\n<\/table>\n","protected":false},"excerpt":{"rendered":"<p>New York Fashion Week kollektsiooni kimono, mille universaalne l\u00f5ige sobib ideaalselt k\u00f5igile!<br \/>\nLuksuslik, kuid samas mugav ja stiilne riideese sobib nii argip\u00e4evaseks kui piduliku s\u00fcndmuse tarbeks.<br \/>\nSaadaval kahes v\u00e4rvitoonis \u2013 puhas valge ja s\u00fcgav must.<\/p>\n<p><strong>Materjal:<\/strong> 100% viskoos ehk puuvill (looduslik, hingav ja nahas\u00f5bralik).<br \/>\nKimono on disainitud ja toodetud Eestis, \u00fclimalt pehmest viskooskangast.<br \/>\n<strong><br \/>\nMiks on see kimono hea valik?<\/strong><\/p>\n<ul>\n<li class=\"p1\">Viskooskangas on valitud kestma, ei kaota kuju ega pehmust ka p\u00e4rast korduvat pesu<\/li>\n<li class=\"p1\">Ei ole liiga \u00f5huke ega l\u00e4bipaistev, saad end tunda kindlalt<\/li>\n<li class=\"p1\">L\u00f5ige sobib erinevatele kehakujudele ega r\u00f5huta ebamugavaid kohti<\/li>\n<\/ul>\n<p>Selle kimono juurde sobivad viskoosist p\u00fcksid leiad <a href=\"https:\/\/haruu.ee\/toode\/nyfw-viskoosist-puksid\/\"><strong>SIIT.<\/strong>\u00a0<\/a><br \/>\nVaata ka teisi New York Fashion Week tooteid <a href=\"https:\/\/haruu.ee\/tootekategooria\/nyfw\/\"><strong>SIIT.<\/strong><\/a><\/p>\n<p class=\"p1\"><strong>Vali oma lemmikv\u00e4rv ja suurus ning lisa kimono ostukorvi. See on ese, mida hakkad p\u00e4riselt kandma.<\/strong><\/p>\n","protected":false},"featured_media":22243,"template":"","meta":[],"product_brand":[],"product_cat":[123,196,168,88,85],"product_tag":[],"class_list":{"0":"post-15076","1":"product","2":"type-product","3":"status-publish","4":"has-post-thumbnail","6":"product_cat-allahindlus","7":"product_cat-kimonod","8":"product_cat-nyfw-eesti-disain","9":"product_cat-koik-tooted","10":"product_cat-naised","11":"pa_aaaaa-valge","12":"pa_aaaaa-must","14":"first","15":"instock","16":"sale","17":"taxable","18":"shipping-taxable","19":"purchasable","20":"product-type-variable"},"yoast_head":"<!-- This site is optimized with the Yoast SEO plugin v25.1 - https:\/\/yoast.com\/wordpress\/plugins\/seo\/ -->\n<title>New York Fashion Week viskoosist kimono - Haruu<\/title>\n<meta name=\"description\" content=\"Viskoosist kimono on mitmek\u00fclgne ja luksuslik, mida saab kanda v\u00f6\u00f6ga ja ilma. Sobib ideaalselt Haruu viskoosist p\u00fckstega. Disainitud ja toodetud Eestis.\" \/>\n<meta name=\"robots\" content=\"index, follow, max-snippet:-1, max-image-preview:large, max-video-preview:-1\" \/>\n<link rel=\"canonical\" href=\"https:\/\/haruu.ee\/en\/toode\/nyfw-kimono\/\" \/>\n<meta property=\"og:locale\" content=\"en_US\" \/>\n<meta property=\"og:type\" content=\"article\" \/>\n<meta property=\"og:title\" content=\"New York Fashion Week viskoosist kimono - Haruu\" \/>\n<meta property=\"og:description\" content=\"Viskoosist kimono on mitmek\u00fclgne ja luksuslik, mida saab kanda v\u00f6\u00f6ga ja ilma. Sobib ideaalselt Haruu viskoosist p\u00fckstega. Disainitud ja toodetud Eestis.\" \/>\n<meta property=\"og:url\" content=\"https:\/\/haruu.ee\/en\/toode\/nyfw-kimono\/\" \/>\n<meta property=\"og:site_name\" content=\"Haruu\" \/>\n<meta property=\"article:publisher\" content=\"https:\/\/www.facebook.com\/haruulife\" \/>\n<meta property=\"article:modified_time\" content=\"2026-04-05T12:33:19+00:00\" \/>\n<meta property=\"og:image\" content=\"https:\/\/haruu.ee\/wp-content\/uploads\/2025\/05\/DSC06126-Enhanced-NR-1.jpg\" \/>\n\t<meta property=\"og:image:width\" content=\"1280\" \/>\n\t<meta property=\"og:image:height\" content=\"1920\" \/>\n\t<meta property=\"og:image:type\" content=\"image\/jpeg\" \/>\n<meta name=\"twitter:card\" content=\"summary_large_image\" \/>\n<meta name=\"twitter:label1\" content=\"Est. reading time\" \/>\n\t<meta name=\"twitter:data1\" content=\"2 minutes\" \/>\n<script type=\"application\/ld+json\" class=\"yoast-schema-graph\">{\"@context\":\"https:\/\/schema.org\",\"@graph\":[{\"@type\":[\"WebPage\",\"ItemPage\"],\"@id\":\"https:\/\/haruu.ee\/en\/toode\/nyfw-kimono\/\",\"url\":\"https:\/\/haruu.ee\/en\/toode\/nyfw-kimono\/\",\"name\":\"New York Fashion Week viskoosist kimono - Haruu\",\"isPartOf\":{\"@id\":\"https:\/\/haruu.ee\/en\/#website\"},\"primaryImageOfPage\":{\"@id\":\"https:\/\/haruu.ee\/en\/toode\/nyfw-kimono\/#primaryimage\"},\"image\":{\"@id\":\"https:\/\/haruu.ee\/en\/toode\/nyfw-kimono\/#primaryimage\"},\"thumbnailUrl\":\"https:\/\/haruu.ee\/wp-content\/uploads\/2025\/05\/DSC06126-Enhanced-NR-1.jpg\",\"datePublished\":\"2025-05-02T12:34:33+00:00\",\"dateModified\":\"2026-04-05T12:33:19+00:00\",\"description\":\"Viskoosist kimono on mitmek\u00fclgne ja luksuslik, mida saab kanda v\u00f6\u00f6ga ja ilma. Sobib ideaalselt Haruu viskoosist p\u00fckstega. Disainitud ja toodetud Eestis.\",\"breadcrumb\":{\"@id\":\"https:\/\/haruu.ee\/en\/toode\/nyfw-kimono\/#breadcrumb\"},\"inLanguage\":\"en-US\",\"potentialAction\":[{\"@type\":\"ReadAction\",\"target\":[\"https:\/\/haruu.ee\/en\/toode\/nyfw-kimono\/\"]}]},{\"@type\":\"ImageObject\",\"inLanguage\":\"en-US\",\"@id\":\"https:\/\/haruu.ee\/en\/toode\/nyfw-kimono\/#primaryimage\",\"url\":\"https:\/\/haruu.ee\/wp-content\/uploads\/2025\/05\/DSC06126-Enhanced-NR-1.jpg\",\"contentUrl\":\"https:\/\/haruu.ee\/wp-content\/uploads\/2025\/05\/DSC06126-Enhanced-NR-1.jpg\",\"width\":1280,\"height\":1920},{\"@type\":\"BreadcrumbList\",\"@id\":\"https:\/\/haruu.ee\/en\/toode\/nyfw-kimono\/#breadcrumb\",\"itemListElement\":[{\"@type\":\"ListItem\",\"position\":1,\"name\":\"Avaleht\",\"item\":\"https:\/\/haruu.ee\/en\/\"},{\"@type\":\"ListItem\",\"position\":2,\"name\":\"Shop\",\"item\":\"https:\/\/haruu.ee\/en\/shop\/\"},{\"@type\":\"ListItem\",\"position\":3,\"name\":\"New York Fashion Week\",\"item\":\"https:\/\/haruu.ee\/en\/product-category\/new-york-fashion-week\/\"},{\"@type\":\"ListItem\",\"position\":4,\"name\":\"New York Fashion Week viskoosist kimono\"}]},{\"@type\":\"WebSite\",\"@id\":\"https:\/\/haruu.ee\/en\/#website\",\"url\":\"https:\/\/haruu.ee\/en\/\",\"name\":\"Haruu\",\"description\":\"Inspiratsiooni ja elustiili br&auml;nd, kus kohtuvad &uuml;rgne loodus, j&auml;tkusuutlik eluviis ja koos loomine pereettev&otilde;ttena\",\"publisher\":{\"@id\":\"https:\/\/haruu.ee\/en\/#organization\"},\"potentialAction\":[{\"@type\":\"SearchAction\",\"target\":{\"@type\":\"EntryPoint\",\"urlTemplate\":\"https:\/\/haruu.ee\/en\/?s={search_term_string}\"},\"query-input\":{\"@type\":\"PropertyValueSpecification\",\"valueRequired\":true,\"valueName\":\"search_term_string\"}}],\"inLanguage\":\"en-US\"},{\"@type\":\"Organization\",\"@id\":\"https:\/\/haruu.ee\/en\/#organization\",\"name\":\"Haruu\",\"url\":\"https:\/\/haruu.ee\/en\/\",\"logo\":{\"@type\":\"ImageObject\",\"inLanguage\":\"en-US\",\"@id\":\"https:\/\/haruu.ee\/en\/#\/schema\/logo\/image\/\",\"url\":\"https:\/\/haruu.ee\/wp-content\/uploads\/2022\/07\/haruu-logo-taustata-1-1.png\",\"contentUrl\":\"https:\/\/haruu.ee\/wp-content\/uploads\/2022\/07\/haruu-logo-taustata-1-1.png\",\"width\":1168,\"height\":312,\"caption\":\"Haruu\"},\"image\":{\"@id\":\"https:\/\/haruu.ee\/en\/#\/schema\/logo\/image\/\"},\"sameAs\":[\"https:\/\/www.facebook.com\/haruulife\"]}]}<\/script>\n<!-- \/ Yoast SEO plugin. -->","yoast_head_json":{"title":"New York Fashion Week viskoosist kimono - Haruu","description":"Viskoosist kimono on mitmek\u00fclgne ja luksuslik, mida saab kanda v\u00f6\u00f6ga ja ilma. Sobib ideaalselt Haruu viskoosist p\u00fckstega. Disainitud ja toodetud Eestis.","robots":{"index":"index","follow":"follow","max-snippet":"max-snippet:-1","max-image-preview":"max-image-preview:large","max-video-preview":"max-video-preview:-1"},"canonical":"https:\/\/haruu.ee\/en\/toode\/nyfw-kimono\/","og_locale":"en_US","og_type":"article","og_title":"New York Fashion Week viskoosist kimono - Haruu","og_description":"Viskoosist kimono on mitmek\u00fclgne ja luksuslik, mida saab kanda v\u00f6\u00f6ga ja ilma. Sobib ideaalselt Haruu viskoosist p\u00fckstega. Disainitud ja toodetud Eestis.","og_url":"https:\/\/haruu.ee\/en\/toode\/nyfw-kimono\/","og_site_name":"Haruu","article_publisher":"https:\/\/www.facebook.com\/haruulife","article_modified_time":"2026-04-05T12:33:19+00:00","og_image":[{"width":1280,"height":1920,"url":"https:\/\/haruu.ee\/wp-content\/uploads\/2025\/05\/DSC06126-Enhanced-NR-1.jpg","type":"image\/jpeg"}],"twitter_card":"summary_large_image","twitter_misc":{"Est. reading time":"2 minutes"},"schema":{"@context":"https:\/\/schema.org","@graph":[{"@type":["WebPage","ItemPage"],"@id":"https:\/\/haruu.ee\/en\/toode\/nyfw-kimono\/","url":"https:\/\/haruu.ee\/en\/toode\/nyfw-kimono\/","name":"New York Fashion Week viskoosist kimono - Haruu","isPartOf":{"@id":"https:\/\/haruu.ee\/en\/#website"},"primaryImageOfPage":{"@id":"https:\/\/haruu.ee\/en\/toode\/nyfw-kimono\/#primaryimage"},"image":{"@id":"https:\/\/haruu.ee\/en\/toode\/nyfw-kimono\/#primaryimage"},"thumbnailUrl":"https:\/\/haruu.ee\/wp-content\/uploads\/2025\/05\/DSC06126-Enhanced-NR-1.jpg","datePublished":"2025-05-02T12:34:33+00:00","dateModified":"2026-04-05T12:33:19+00:00","description":"Viskoosist kimono on mitmek\u00fclgne ja luksuslik, mida saab kanda v\u00f6\u00f6ga ja ilma. Sobib ideaalselt Haruu viskoosist p\u00fckstega. Disainitud ja toodetud Eestis.","breadcrumb":{"@id":"https:\/\/haruu.ee\/en\/toode\/nyfw-kimono\/#breadcrumb"},"inLanguage":"en-US","potentialAction":[{"@type":"ReadAction","target":["https:\/\/haruu.ee\/en\/toode\/nyfw-kimono\/"]}]},{"@type":"ImageObject","inLanguage":"en-US","@id":"https:\/\/haruu.ee\/en\/toode\/nyfw-kimono\/#primaryimage","url":"https:\/\/haruu.ee\/wp-content\/uploads\/2025\/05\/DSC06126-Enhanced-NR-1.jpg","contentUrl":"https:\/\/haruu.ee\/wp-content\/uploads\/2025\/05\/DSC06126-Enhanced-NR-1.jpg","width":1280,"height":1920},{"@type":"BreadcrumbList","@id":"https:\/\/haruu.ee\/en\/toode\/nyfw-kimono\/#breadcrumb","itemListElement":[{"@type":"ListItem","position":1,"name":"Avaleht","item":"https:\/\/haruu.ee\/en\/"},{"@type":"ListItem","position":2,"name":"Shop","item":"https:\/\/haruu.ee\/en\/shop\/"},{"@type":"ListItem","position":3,"name":"New York Fashion Week","item":"https:\/\/haruu.ee\/en\/product-category\/new-york-fashion-week\/"},{"@type":"ListItem","position":4,"name":"New York Fashion Week viskoosist kimono"}]},{"@type":"WebSite","@id":"https:\/\/haruu.ee\/en\/#website","url":"https:\/\/haruu.ee\/en\/","name":"Haruu","description":"Inspiratsiooni ja elustiili br&auml;nd, kus kohtuvad &uuml;rgne loodus, j&auml;tkusuutlik eluviis ja koos loomine pereettev&otilde;ttena","publisher":{"@id":"https:\/\/haruu.ee\/en\/#organization"},"potentialAction":[{"@type":"SearchAction","target":{"@type":"EntryPoint","urlTemplate":"https:\/\/haruu.ee\/en\/?s={search_term_string}"},"query-input":{"@type":"PropertyValueSpecification","valueRequired":true,"valueName":"search_term_string"}}],"inLanguage":"en-US"},{"@type":"Organization","@id":"https:\/\/haruu.ee\/en\/#organization","name":"Haruu","url":"https:\/\/haruu.ee\/en\/","logo":{"@type":"ImageObject","inLanguage":"en-US","@id":"https:\/\/haruu.ee\/en\/#\/schema\/logo\/image\/","url":"https:\/\/haruu.ee\/wp-content\/uploads\/2022\/07\/haruu-logo-taustata-1-1.png","contentUrl":"https:\/\/haruu.ee\/wp-content\/uploads\/2022\/07\/haruu-logo-taustata-1-1.png","width":1168,"height":312,"caption":"Haruu"},"image":{"@id":"https:\/\/haruu.ee\/en\/#\/schema\/logo\/image\/"},"sameAs":["https:\/\/www.facebook.com\/haruulife"]}]}},"_links":{"self":[{"href":"https:\/\/haruu.ee\/en\/wp-json\/wp\/v2\/product\/15076","targetHints":{"allow":["GET"]}}],"collection":[{"href":"https:\/\/haruu.ee\/en\/wp-json\/wp\/v2\/product"}],"about":[{"href":"https:\/\/haruu.ee\/en\/wp-json\/wp\/v2\/types\/product"}],"wp:featuredmedia":[{"embeddable":true,"href":"https:\/\/haruu.ee\/en\/wp-json\/wp\/v2\/media\/22243"}],"wp:attachment":[{"href":"https:\/\/haruu.ee\/en\/wp-json\/wp\/v2\/media?parent=15076"}],"wp:term":[{"taxonomy":"product_brand","embeddable":true,"href":"https:\/\/haruu.ee\/en\/wp-json\/wp\/v2\/product_brand?post=15076"},{"taxonomy":"product_cat","embeddable":true,"href":"https:\/\/haruu.ee\/en\/wp-json\/wp\/v2\/product_cat?post=15076"},{"taxonomy":"product_tag","embeddable":true,"href":"https:\/\/haruu.ee\/en\/wp-json\/wp\/v2\/product_tag?post=15076"}],"curies":[{"name":"wp","href":"https:\/\/api.w.org\/{rel}","templated":true}]}}