


{"id":15084,"date":"2025-05-02T16:28:57","date_gmt":"2025-05-02T13:28:57","guid":{"rendered":"https:\/\/haruu.ee\/?post_type=product&#038;p=15084"},"modified":"2026-04-09T21:16:42","modified_gmt":"2026-04-09T18:16:42","slug":"new-york-fashion-week-holmikseelik","status":"publish","type":"product","link":"https:\/\/haruu.ee\/en\/toode\/new-york-fashion-week-holmikseelik\/","title":{"rendered":"New York Fashion Week h\u00f5lmikseelik"},"content":{"rendered":"<p class=\"whitespace-pre-wrap break-words\"><strong data-start=\"52\" data-end=\"105\">Kas h\u00f5lmikseelik sobib erinevatele kehat\u00fc\u00fcpidele?<\/strong><br data-start=\"105\" data-end=\"108\" \/>Jah, h\u00f5lmikl\u00f5ige on \u00fcks universaalsemaid seeliku l\u00f5ikeid. T\u00e4nu reguleeritavale kinnitusele saab seelikut kohandada vastavalt kehale ning see loob loomulikult kauni ja naiseliku silueti.<\/p>\n<p><strong data-start=\"542\" data-end=\"585\">Mis roll on seeliku viskoosist \u00e4\u00e4risel?<\/strong><br data-start=\"585\" data-end=\"588\" \/>Viskoosist \u00e4\u00e4ris lisab seelikule pehmust ja voolavust ning loob elegantse kontrasti linase kanga tekstuuriga. See detail annab seelikule luksuslikuma ja erilisema ilme.<\/p>\n<p><strong data-start=\"758\" data-end=\"824\">Kas seelik sobib pigem igap\u00e4evaseks v\u00f5i pidulikuks kandmiseks?<\/strong><br data-start=\"824\" data-end=\"827\" \/>See seelik on loodud olema mitmek\u00fclgne. Seda saab kanda nii igap\u00e4evaselt n\u00e4iteks lihtsa pluusi ja tennistega kui ka pidulikumal s\u00fcndmusel koos elegantse topi ja kontsadega.<\/p>\n<p><strong>Hooldus:<\/strong><br \/>\nSoovitame pesta seelikut \u00f5rna pesuprogrammiga 30\u00b0C juures koos sarnaste toonidega riietega. Parima tulemuse saavutamiseks v\u00f5ib linast kangast triikida kergelt niiskena.<\/p>\n<p>Seeliku m\u00f5\u00f5dud:<\/p>\n<table width=\"767\">\n<thead>\n<tr>\n<th>Suurus (cm)<\/th>\n<th>XS<\/th>\n<th>S<\/th>\n<th>M<\/th>\n<th>L<\/th>\n<th>XL<\/th>\n<\/tr>\n<\/thead>\n<tbody>\n<tr>\n<td>V\u00f6\u00f6\u00fcmberm\u00f5\u00f5t<\/td>\n<td>66<\/td>\n<td>70<\/td>\n<td>74<\/td>\n<td>78<\/td>\n<td>82<\/td>\n<\/tr>\n<tr>\n<td>Puusa\u00fcmberm\u00f5\u00f5t<\/td>\n<td>90<\/td>\n<td>94<\/td>\n<td>98<\/td>\n<td>102<\/td>\n<td>106<\/td>\n<\/tr>\n<tr>\n<td>\u00dcldpikkus<\/td>\n<td>80<\/td>\n<td>80<\/td>\n<td>80<\/td>\n<td>80<\/td>\n<td>80<\/td>\n<\/tr>\n<\/tbody>\n<\/table>\n<p class=\"whitespace-pre-wrap break-words\">Disainitud ja toodetud Eestis.<br \/>\n95% kivipestud linane, 5% viskoos.<\/p>\n","protected":false},"excerpt":{"rendered":"<p><strong>Ajatu ja naiselik.<\/strong><\/p>\n<p>Naiselik, klassikalise l\u00f5ikega ja ajatu disainiga h\u00f5lmikseelik, mis valmis Haruu New York Fashion Week kollektsiooni raames. See seelik \u00fchendab loodusliku linase kanga ja viskoosist \u00e4\u00e4rise elegantsi, luues r\u00f5ivaeseme, mis on samaaegselt mugav, luksuslik ja ajatu.<\/p>\n<ul>\n<li>Seelik on valminud <strong data-start=\"742\" data-end=\"794\">Haruu New York Fashion Week kollektsiooni raames<\/strong>, \u00fchendades ajatult elegantse disaini ja kvaliteetsed looduslikud materjalid<\/li>\n<li>Klassikaline h\u00f5lmikl\u00f5ige loob kauni ja naiseliku silueti ning v\u00f5imaldab seelikut mugavalt kohandada erinevate kehat\u00fc\u00fcpidega<\/li>\n<li>P\u00f5himaterjaliks on kvaliteetne linane kangas, mis on hingav, vastupidav ja nahas\u00f5bralik<\/li>\n<li>Seeliku disaini t\u00e4iustab viskoosist \u00e4\u00e4ris, mis lisab r\u00f5ivale pehmust, voolavust ja elegantset kontrasti linase tekstuuriga<\/li>\n<\/ul>\n<p data-start=\"1746\" data-end=\"2021\">H\u00e4sti l\u00e4bim\u00f5eldud l\u00f5ige v\u00f5imaldab seelikut kanda erinevate stiilidega, see sobib suurep\u00e4raselt nii igap\u00e4evaseks kandmiseks kui ka pidulikumateks s\u00fcndmusteks. Kombineeri seda lihtsa pluusi ja tennistega p\u00e4evaseks look\u2019iks v\u00f5i elegantse topi ja kontsadega \u00f5htuseks s\u00fcndmuseks. See on r\u00f5ivaese, mis p\u00fcsib garderoobis aastaid ning pakub l\u00f5putult stiliseerimisv\u00f5imalusi.<\/p>\n","protected":false},"featured_media":15179,"template":"","meta":[],"product_brand":[],"product_cat":[123,168,88,85],"product_tag":[],"class_list":{"0":"post-15084","1":"product","2":"type-product","3":"status-publish","4":"has-post-thumbnail","6":"product_cat-allahindlus","7":"product_cat-nyfw-eesti-disain","8":"product_cat-koik-tooted","9":"product_cat-naised","10":"pa_aaaaa-telliskivipunane","12":"first","13":"instock","14":"sale","15":"taxable","16":"shipping-taxable","17":"purchasable","18":"product-type-variable"},"yoast_head":"<!-- This site is optimized with the Yoast SEO plugin v25.1 - https:\/\/yoast.com\/wordpress\/plugins\/seo\/ -->\n<title>New York Fashion Week h\u00f5lmikseelik - Haruu<\/title>\n<meta name=\"description\" content=\"Naiselik, klassikalise l\u00f5ikega ja ajatu disainiga h\u00f5lmikseelik, mis valmis Haruu New York Fashion Week kollektsiooni raames.\" \/>\n<meta name=\"robots\" content=\"index, follow, max-snippet:-1, max-image-preview:large, max-video-preview:-1\" \/>\n<link rel=\"canonical\" href=\"https:\/\/haruu.ee\/en\/toode\/new-york-fashion-week-holmikseelik\/\" \/>\n<meta property=\"og:locale\" content=\"en_US\" \/>\n<meta property=\"og:type\" content=\"article\" \/>\n<meta property=\"og:title\" content=\"New York Fashion Week h\u00f5lmikseelik - Haruu\" \/>\n<meta property=\"og:description\" content=\"Naiselik, klassikalise l\u00f5ikega ja ajatu disainiga h\u00f5lmikseelik, mis valmis Haruu New York Fashion Week kollektsiooni raames.\" \/>\n<meta property=\"og:url\" content=\"https:\/\/haruu.ee\/en\/toode\/new-york-fashion-week-holmikseelik\/\" \/>\n<meta property=\"og:site_name\" content=\"Haruu\" \/>\n<meta property=\"article:publisher\" content=\"https:\/\/www.facebook.com\/haruulife\" \/>\n<meta property=\"article:modified_time\" content=\"2026-04-09T18:16:42+00:00\" \/>\n<meta property=\"og:image\" content=\"https:\/\/haruu.ee\/wp-content\/uploads\/2025\/05\/DSC07724-Enhanced-NR.jpg\" \/>\n\t<meta property=\"og:image:width\" content=\"900\" \/>\n\t<meta property=\"og:image:height\" content=\"1200\" \/>\n\t<meta property=\"og:image:type\" content=\"image\/jpeg\" \/>\n<meta name=\"twitter:card\" content=\"summary_large_image\" \/>\n<meta name=\"twitter:label1\" content=\"Est. reading time\" \/>\n\t<meta name=\"twitter:data1\" content=\"1 minute\" \/>\n<script type=\"application\/ld+json\" class=\"yoast-schema-graph\">{\"@context\":\"https:\/\/schema.org\",\"@graph\":[{\"@type\":[\"WebPage\",\"ItemPage\"],\"@id\":\"https:\/\/haruu.ee\/en\/toode\/new-york-fashion-week-holmikseelik\/\",\"url\":\"https:\/\/haruu.ee\/en\/toode\/new-york-fashion-week-holmikseelik\/\",\"name\":\"New York Fashion Week h\u00f5lmikseelik - Haruu\",\"isPartOf\":{\"@id\":\"https:\/\/haruu.ee\/en\/#website\"},\"primaryImageOfPage\":{\"@id\":\"https:\/\/haruu.ee\/en\/toode\/new-york-fashion-week-holmikseelik\/#primaryimage\"},\"image\":{\"@id\":\"https:\/\/haruu.ee\/en\/toode\/new-york-fashion-week-holmikseelik\/#primaryimage\"},\"thumbnailUrl\":\"https:\/\/haruu.ee\/wp-content\/uploads\/2025\/05\/DSC07724-Enhanced-NR.jpg\",\"datePublished\":\"2025-05-02T13:28:57+00:00\",\"dateModified\":\"2026-04-09T18:16:42+00:00\",\"description\":\"Naiselik, klassikalise l\u00f5ikega ja ajatu disainiga h\u00f5lmikseelik, mis valmis Haruu New York Fashion Week kollektsiooni raames.\",\"breadcrumb\":{\"@id\":\"https:\/\/haruu.ee\/en\/toode\/new-york-fashion-week-holmikseelik\/#breadcrumb\"},\"inLanguage\":\"en-US\",\"potentialAction\":[{\"@type\":\"ReadAction\",\"target\":[\"https:\/\/haruu.ee\/en\/toode\/new-york-fashion-week-holmikseelik\/\"]}]},{\"@type\":\"ImageObject\",\"inLanguage\":\"en-US\",\"@id\":\"https:\/\/haruu.ee\/en\/toode\/new-york-fashion-week-holmikseelik\/#primaryimage\",\"url\":\"https:\/\/haruu.ee\/wp-content\/uploads\/2025\/05\/DSC07724-Enhanced-NR.jpg\",\"contentUrl\":\"https:\/\/haruu.ee\/wp-content\/uploads\/2025\/05\/DSC07724-Enhanced-NR.jpg\",\"width\":900,\"height\":1200,\"caption\":\"haruu, eestidisain, h\u00f5lmikseelik, seelik, mugavad riided, seelik, linased riided, linane seelik, suveseelik, kimono\"},{\"@type\":\"BreadcrumbList\",\"@id\":\"https:\/\/haruu.ee\/en\/toode\/new-york-fashion-week-holmikseelik\/#breadcrumb\",\"itemListElement\":[{\"@type\":\"ListItem\",\"position\":1,\"name\":\"Avaleht\",\"item\":\"https:\/\/haruu.ee\/en\/\"},{\"@type\":\"ListItem\",\"position\":2,\"name\":\"Shop\",\"item\":\"https:\/\/haruu.ee\/en\/shop\/\"},{\"@type\":\"ListItem\",\"position\":3,\"name\":\"New York Fashion Week\",\"item\":\"https:\/\/haruu.ee\/en\/product-category\/new-york-fashion-week\/\"},{\"@type\":\"ListItem\",\"position\":4,\"name\":\"New York Fashion Week h\u00f5lmikseelik\"}]},{\"@type\":\"WebSite\",\"@id\":\"https:\/\/haruu.ee\/en\/#website\",\"url\":\"https:\/\/haruu.ee\/en\/\",\"name\":\"Haruu\",\"description\":\"Inspiratsiooni ja elustiili br&auml;nd, kus kohtuvad &uuml;rgne loodus, j&auml;tkusuutlik eluviis ja koos loomine pereettev&otilde;ttena\",\"publisher\":{\"@id\":\"https:\/\/haruu.ee\/en\/#organization\"},\"potentialAction\":[{\"@type\":\"SearchAction\",\"target\":{\"@type\":\"EntryPoint\",\"urlTemplate\":\"https:\/\/haruu.ee\/en\/?s={search_term_string}\"},\"query-input\":{\"@type\":\"PropertyValueSpecification\",\"valueRequired\":true,\"valueName\":\"search_term_string\"}}],\"inLanguage\":\"en-US\"},{\"@type\":\"Organization\",\"@id\":\"https:\/\/haruu.ee\/en\/#organization\",\"name\":\"Haruu\",\"url\":\"https:\/\/haruu.ee\/en\/\",\"logo\":{\"@type\":\"ImageObject\",\"inLanguage\":\"en-US\",\"@id\":\"https:\/\/haruu.ee\/en\/#\/schema\/logo\/image\/\",\"url\":\"https:\/\/haruu.ee\/wp-content\/uploads\/2022\/07\/haruu-logo-taustata-1-1.png\",\"contentUrl\":\"https:\/\/haruu.ee\/wp-content\/uploads\/2022\/07\/haruu-logo-taustata-1-1.png\",\"width\":1168,\"height\":312,\"caption\":\"Haruu\"},\"image\":{\"@id\":\"https:\/\/haruu.ee\/en\/#\/schema\/logo\/image\/\"},\"sameAs\":[\"https:\/\/www.facebook.com\/haruulife\"]}]}<\/script>\n<!-- \/ Yoast SEO plugin. -->","yoast_head_json":{"title":"New York Fashion Week h\u00f5lmikseelik - Haruu","description":"Naiselik, klassikalise l\u00f5ikega ja ajatu disainiga h\u00f5lmikseelik, mis valmis Haruu New York Fashion Week kollektsiooni raames.","robots":{"index":"index","follow":"follow","max-snippet":"max-snippet:-1","max-image-preview":"max-image-preview:large","max-video-preview":"max-video-preview:-1"},"canonical":"https:\/\/haruu.ee\/en\/toode\/new-york-fashion-week-holmikseelik\/","og_locale":"en_US","og_type":"article","og_title":"New York Fashion Week h\u00f5lmikseelik - Haruu","og_description":"Naiselik, klassikalise l\u00f5ikega ja ajatu disainiga h\u00f5lmikseelik, mis valmis Haruu New York Fashion Week kollektsiooni raames.","og_url":"https:\/\/haruu.ee\/en\/toode\/new-york-fashion-week-holmikseelik\/","og_site_name":"Haruu","article_publisher":"https:\/\/www.facebook.com\/haruulife","article_modified_time":"2026-04-09T18:16:42+00:00","og_image":[{"width":900,"height":1200,"url":"https:\/\/haruu.ee\/wp-content\/uploads\/2025\/05\/DSC07724-Enhanced-NR.jpg","type":"image\/jpeg"}],"twitter_card":"summary_large_image","twitter_misc":{"Est. reading time":"1 minute"},"schema":{"@context":"https:\/\/schema.org","@graph":[{"@type":["WebPage","ItemPage"],"@id":"https:\/\/haruu.ee\/en\/toode\/new-york-fashion-week-holmikseelik\/","url":"https:\/\/haruu.ee\/en\/toode\/new-york-fashion-week-holmikseelik\/","name":"New York Fashion Week h\u00f5lmikseelik - Haruu","isPartOf":{"@id":"https:\/\/haruu.ee\/en\/#website"},"primaryImageOfPage":{"@id":"https:\/\/haruu.ee\/en\/toode\/new-york-fashion-week-holmikseelik\/#primaryimage"},"image":{"@id":"https:\/\/haruu.ee\/en\/toode\/new-york-fashion-week-holmikseelik\/#primaryimage"},"thumbnailUrl":"https:\/\/haruu.ee\/wp-content\/uploads\/2025\/05\/DSC07724-Enhanced-NR.jpg","datePublished":"2025-05-02T13:28:57+00:00","dateModified":"2026-04-09T18:16:42+00:00","description":"Naiselik, klassikalise l\u00f5ikega ja ajatu disainiga h\u00f5lmikseelik, mis valmis Haruu New York Fashion Week kollektsiooni raames.","breadcrumb":{"@id":"https:\/\/haruu.ee\/en\/toode\/new-york-fashion-week-holmikseelik\/#breadcrumb"},"inLanguage":"en-US","potentialAction":[{"@type":"ReadAction","target":["https:\/\/haruu.ee\/en\/toode\/new-york-fashion-week-holmikseelik\/"]}]},{"@type":"ImageObject","inLanguage":"en-US","@id":"https:\/\/haruu.ee\/en\/toode\/new-york-fashion-week-holmikseelik\/#primaryimage","url":"https:\/\/haruu.ee\/wp-content\/uploads\/2025\/05\/DSC07724-Enhanced-NR.jpg","contentUrl":"https:\/\/haruu.ee\/wp-content\/uploads\/2025\/05\/DSC07724-Enhanced-NR.jpg","width":900,"height":1200,"caption":"haruu, eestidisain, h\u00f5lmikseelik, seelik, mugavad riided, seelik, linased riided, linane seelik, suveseelik, kimono"},{"@type":"BreadcrumbList","@id":"https:\/\/haruu.ee\/en\/toode\/new-york-fashion-week-holmikseelik\/#breadcrumb","itemListElement":[{"@type":"ListItem","position":1,"name":"Avaleht","item":"https:\/\/haruu.ee\/en\/"},{"@type":"ListItem","position":2,"name":"Shop","item":"https:\/\/haruu.ee\/en\/shop\/"},{"@type":"ListItem","position":3,"name":"New York Fashion Week","item":"https:\/\/haruu.ee\/en\/product-category\/new-york-fashion-week\/"},{"@type":"ListItem","position":4,"name":"New York Fashion Week h\u00f5lmikseelik"}]},{"@type":"WebSite","@id":"https:\/\/haruu.ee\/en\/#website","url":"https:\/\/haruu.ee\/en\/","name":"Haruu","description":"Inspiratsiooni ja elustiili br&auml;nd, kus kohtuvad &uuml;rgne loodus, j&auml;tkusuutlik eluviis ja koos loomine pereettev&otilde;ttena","publisher":{"@id":"https:\/\/haruu.ee\/en\/#organization"},"potentialAction":[{"@type":"SearchAction","target":{"@type":"EntryPoint","urlTemplate":"https:\/\/haruu.ee\/en\/?s={search_term_string}"},"query-input":{"@type":"PropertyValueSpecification","valueRequired":true,"valueName":"search_term_string"}}],"inLanguage":"en-US"},{"@type":"Organization","@id":"https:\/\/haruu.ee\/en\/#organization","name":"Haruu","url":"https:\/\/haruu.ee\/en\/","logo":{"@type":"ImageObject","inLanguage":"en-US","@id":"https:\/\/haruu.ee\/en\/#\/schema\/logo\/image\/","url":"https:\/\/haruu.ee\/wp-content\/uploads\/2022\/07\/haruu-logo-taustata-1-1.png","contentUrl":"https:\/\/haruu.ee\/wp-content\/uploads\/2022\/07\/haruu-logo-taustata-1-1.png","width":1168,"height":312,"caption":"Haruu"},"image":{"@id":"https:\/\/haruu.ee\/en\/#\/schema\/logo\/image\/"},"sameAs":["https:\/\/www.facebook.com\/haruulife"]}]}},"_links":{"self":[{"href":"https:\/\/haruu.ee\/en\/wp-json\/wp\/v2\/product\/15084","targetHints":{"allow":["GET"]}}],"collection":[{"href":"https:\/\/haruu.ee\/en\/wp-json\/wp\/v2\/product"}],"about":[{"href":"https:\/\/haruu.ee\/en\/wp-json\/wp\/v2\/types\/product"}],"wp:featuredmedia":[{"embeddable":true,"href":"https:\/\/haruu.ee\/en\/wp-json\/wp\/v2\/media\/15179"}],"wp:attachment":[{"href":"https:\/\/haruu.ee\/en\/wp-json\/wp\/v2\/media?parent=15084"}],"wp:term":[{"taxonomy":"product_brand","embeddable":true,"href":"https:\/\/haruu.ee\/en\/wp-json\/wp\/v2\/product_brand?post=15084"},{"taxonomy":"product_cat","embeddable":true,"href":"https:\/\/haruu.ee\/en\/wp-json\/wp\/v2\/product_cat?post=15084"},{"taxonomy":"product_tag","embeddable":true,"href":"https:\/\/haruu.ee\/en\/wp-json\/wp\/v2\/product_tag?post=15084"}],"curies":[{"name":"wp","href":"https:\/\/api.w.org\/{rel}","templated":true}]}}