


{"id":17972,"date":"2025-06-19T22:22:56","date_gmt":"2025-06-19T19:22:56","guid":{"rendered":"https:\/\/haruu.ee\/?post_type=product&#038;p=17972"},"modified":"2026-04-13T13:24:40","modified_gmt":"2026-04-13T10:24:40","slug":"new-york-fashion-week-linane-kleit","status":"publish","type":"product","link":"https:\/\/haruu.ee\/en\/toode\/new-york-fashion-week-linane-kleit\/","title":{"rendered":"New York Fashion Week linane kleit"},"content":{"rendered":"<p data-start=\"150\" data-end=\"362\"><strong data-start=\"150\" data-end=\"196\">Kas kleit sobib erinevatele kehat\u00fc\u00fcpidele?<\/strong><br data-start=\"196\" data-end=\"199\" \/>Jah. Kleidi avaram l\u00f5ige, taljev\u00f6\u00f6 ja voogavad varrukad v\u00f5imaldavad seda kohandada erinevatele kehakujudele, luues samal ajal naiseliku ja tasakaalustatud silueti.<\/p>\n<p data-start=\"364\" data-end=\"538\"><strong data-start=\"881\" data-end=\"923\">Kas kleit sobib ka soojaks suveilmaks?<\/strong><br data-start=\"923\" data-end=\"926\" \/>Jah. 100% linane kangas on hingav ja aitab kehatemperatuuri reguleerida, mist\u00f5ttu on kleit v\u00e4ga mugav ka soojemate ilmadega.<\/p>\n<p data-start=\"364\" data-end=\"538\"><strong data-start=\"1052\" data-end=\"1079\">Kuidas kleiti hooldada?<\/strong><br data-start=\"1079\" data-end=\"1082\" \/>Soovitame pesta kleiti \u00f5rna pesuprogrammiga kuni 30 \u00b0C juures koos sarnast v\u00e4rvi pesuga. Lase kleidil \u00f5hu k\u00e4es kuivada, et s\u00e4ilitada kanga loomulik ilu ja kuju.<\/p>\n<p><strong>Kleidi m\u00f5\u00f5dud (toote m\u00f5\u00f5dud).<br \/>\n<\/strong>Tabelis on v\u00e4lja toodud kleidi enda m\u00f5\u00f5dud. Soovitame m\u00f5\u00f5ta enda lemmikkleiti ja v\u00f5rrelda neid m\u00f5\u00f5te tabeliga, et leida sobiv suurus.<\/p>\n<table width=\"409\">\n<tbody>\n<tr>\n<td width=\"217\"><strong>Suurus (cm)<\/strong><\/td>\n<td style=\"text-align: center;\" width=\"64\"><strong>XS<\/strong><\/td>\n<td style=\"text-align: center;\" width=\"64\"><strong>S\/M<\/strong><\/td>\n<td style=\"text-align: center;\" width=\"64\"><strong>L\/XL<\/strong><\/td>\n<\/tr>\n<tr>\n<td>Rinna\u00fcmberm\u00f5\u00f5t<\/td>\n<td style=\"text-align: center;\">98<\/td>\n<td style=\"text-align: center;\">108<\/td>\n<td style=\"text-align: center;\">123<\/td>\n<\/tr>\n<tr>\n<td>Puusa\u00fcmberm\u00f5\u00f5t<\/td>\n<td style=\"text-align: center;\">100<\/td>\n<td style=\"text-align: center;\">110<\/td>\n<td style=\"text-align: center;\">126<\/td>\n<\/tr>\n<tr>\n<td>\u00dcldpikkus (selja pealt m\u00f5\u00f5detuna)<\/td>\n<td style=\"text-align: center;\">121<\/td>\n<td style=\"text-align: center;\">121<\/td>\n<td style=\"text-align: center;\">121<\/td>\n<\/tr>\n<\/tbody>\n<\/table>\n<p data-sourcepos=\"16:1-16:152\">\nDisainitud ja toodetud Eestis.<\/p>\n","protected":false},"excerpt":{"rendered":"<p><strong>Ajatu ja naiselik.<\/strong><\/p>\n<p data-start=\"245\" data-end=\"465\">Haruu linane kleit, mis \u00fchendab loomuliku elegantsi, mugavuse ja kvaliteetsed looduslikud materjalid. Haruu linane kleit on loodud naisele, kes hindab l\u00e4bim\u00f5eldud disaini, liikumisvabadust ja ajatult kaunist stiili.<\/p>\n<p data-start=\"467\" data-end=\"625\">Kevadiseks <strong data-start=\"478\" data-end=\"506\">New York Fashion Weekiks<\/strong> valminud kleit on n\u00fc\u00fcd Sinu garderoobis, ideaalne kaaslane nii pidulikeks s\u00fcndmusteks kui ka igap\u00e4evasteks hetkedeks.<\/p>\n<p data-start=\"467\" data-end=\"625\"><strong>Olulised detailid:<\/strong><\/p>\n<ul>\n<li data-start=\"467\" data-end=\"625\">Kleit on valmistatud 100% kvaliteetsest linasest kangast, mis on hingav, vastupidav ja nahas\u00f5bralik<\/li>\n<li data-start=\"467\" data-end=\"625\">Avarad, liblikvarrukaid meenutavad varrukad lisavad kleidile liikumist ja \u00f5hulisust<\/li>\n<li data-start=\"467\" data-end=\"625\">Taljet r\u00f5hutav v\u00f6\u00f6 loob kauni ja naiseliku silueti ning v\u00f5imaldab kleiti vastavalt kehakujule kohandada<\/li>\n<li data-start=\"467\" data-end=\"625\">Elegantne V-kaelus annab kleidile naiseliku ja ajatu ilme<\/li>\n<li data-start=\"467\" data-end=\"625\">Midi-pikkus (s\u00e4\u00e4re keskosani) loob tasakaalustatud ja universaalse silueti, mis sobib erinevatele kehat\u00fc\u00fcpidele<\/li>\n<li data-start=\"467\" data-end=\"625\">K\u00fcljetaskud lisavad praktilisust, s\u00e4ilitades samal ajal kleidi elegantse joone<\/li>\n<li data-start=\"467\" data-end=\"625\">Kleidi disaini t\u00e4iustab viskoosist \u00e4\u00e4ris, mis lisab voolavust ja loob kauni kontrasti linase kanga loomuliku tekstuuriga<\/li>\n<\/ul>\n<p>Kleiti on lihtne stiliseerida vastavalt s\u00fcndmusele. See sobib nii pulmadeks, aiapidudeks ja suve\u00fcritusteks kui ka igap\u00e4evaseks kandmiseks kontoris, kohvikus v\u00f5i reisil. Elegantsete kontsadega muutub see pidulikuks, sandaalidega aga kergeks ja suviseks igap\u00e4evariideks.<\/p>\n","protected":false},"featured_media":21136,"template":"","meta":[],"product_brand":[],"product_cat":[123,168,88,85],"product_tag":[],"class_list":{"0":"post-17972","1":"product","2":"type-product","3":"status-publish","4":"has-post-thumbnail","6":"product_cat-allahindlus","7":"product_cat-nyfw-eesti-disain","8":"product_cat-koik-tooted","9":"product_cat-naised","10":"pa_aaaaa-telliskivipunane","11":"pa_aaaaa-must","13":"first","14":"instock","15":"sale","16":"taxable","17":"shipping-taxable","18":"purchasable","19":"product-type-variable"},"yoast_head":"<!-- This site is optimized with the Yoast SEO plugin v25.1 - https:\/\/yoast.com\/wordpress\/plugins\/seo\/ -->\n<title>New York Fashion Week linane kleit - Haruu<\/title>\n<meta name=\"description\" content=\"Haruu linane kleit, mis \u00fchendab loomuliku elegantsi, mugavuse ja kvaliteetsed looduslikud materjalid. Kevadiseks New York Fashion Weekiks valminud kleit.\" \/>\n<meta name=\"robots\" content=\"index, follow, max-snippet:-1, max-image-preview:large, max-video-preview:-1\" \/>\n<link rel=\"canonical\" href=\"https:\/\/haruu.ee\/en\/toode\/new-york-fashion-week-linane-kleit\/\" \/>\n<meta property=\"og:locale\" content=\"en_US\" \/>\n<meta property=\"og:type\" content=\"article\" \/>\n<meta property=\"og:title\" content=\"New York Fashion Week linane kleit - Haruu\" \/>\n<meta property=\"og:description\" content=\"Haruu linane kleit, mis \u00fchendab loomuliku elegantsi, mugavuse ja kvaliteetsed looduslikud materjalid. Kevadiseks New York Fashion Weekiks valminud kleit.\" \/>\n<meta property=\"og:url\" content=\"https:\/\/haruu.ee\/en\/toode\/new-york-fashion-week-linane-kleit\/\" \/>\n<meta property=\"og:site_name\" content=\"Haruu\" \/>\n<meta property=\"article:publisher\" content=\"https:\/\/www.facebook.com\/haruulife\" \/>\n<meta property=\"article:modified_time\" content=\"2026-04-13T10:24:40+00:00\" \/>\n<meta property=\"og:image\" content=\"https:\/\/haruu.ee\/wp-content\/uploads\/2025\/10\/Haruu-27.jpg\" \/>\n\t<meta property=\"og:image:width\" content=\"1280\" \/>\n\t<meta property=\"og:image:height\" content=\"1920\" \/>\n\t<meta property=\"og:image:type\" content=\"image\/jpeg\" \/>\n<meta name=\"twitter:card\" content=\"summary_large_image\" \/>\n<meta name=\"twitter:label1\" content=\"Est. reading time\" \/>\n\t<meta name=\"twitter:data1\" content=\"1 minute\" \/>\n<script type=\"application\/ld+json\" class=\"yoast-schema-graph\">{\"@context\":\"https:\/\/schema.org\",\"@graph\":[{\"@type\":[\"WebPage\",\"ItemPage\"],\"@id\":\"https:\/\/haruu.ee\/en\/toode\/new-york-fashion-week-linane-kleit\/\",\"url\":\"https:\/\/haruu.ee\/en\/toode\/new-york-fashion-week-linane-kleit\/\",\"name\":\"New York Fashion Week linane kleit - Haruu\",\"isPartOf\":{\"@id\":\"https:\/\/haruu.ee\/en\/#website\"},\"primaryImageOfPage\":{\"@id\":\"https:\/\/haruu.ee\/en\/toode\/new-york-fashion-week-linane-kleit\/#primaryimage\"},\"image\":{\"@id\":\"https:\/\/haruu.ee\/en\/toode\/new-york-fashion-week-linane-kleit\/#primaryimage\"},\"thumbnailUrl\":\"https:\/\/haruu.ee\/wp-content\/uploads\/2025\/10\/Haruu-27.jpg\",\"datePublished\":\"2025-06-19T19:22:56+00:00\",\"dateModified\":\"2026-04-13T10:24:40+00:00\",\"description\":\"Haruu linane kleit, mis \u00fchendab loomuliku elegantsi, mugavuse ja kvaliteetsed looduslikud materjalid. Kevadiseks New York Fashion Weekiks valminud kleit.\",\"breadcrumb\":{\"@id\":\"https:\/\/haruu.ee\/en\/toode\/new-york-fashion-week-linane-kleit\/#breadcrumb\"},\"inLanguage\":\"en-US\",\"potentialAction\":[{\"@type\":\"ReadAction\",\"target\":[\"https:\/\/haruu.ee\/en\/toode\/new-york-fashion-week-linane-kleit\/\"]}]},{\"@type\":\"ImageObject\",\"inLanguage\":\"en-US\",\"@id\":\"https:\/\/haruu.ee\/en\/toode\/new-york-fashion-week-linane-kleit\/#primaryimage\",\"url\":\"https:\/\/haruu.ee\/wp-content\/uploads\/2025\/10\/Haruu-27.jpg\",\"contentUrl\":\"https:\/\/haruu.ee\/wp-content\/uploads\/2025\/10\/Haruu-27.jpg\",\"width\":1280,\"height\":1920},{\"@type\":\"BreadcrumbList\",\"@id\":\"https:\/\/haruu.ee\/en\/toode\/new-york-fashion-week-linane-kleit\/#breadcrumb\",\"itemListElement\":[{\"@type\":\"ListItem\",\"position\":1,\"name\":\"Avaleht\",\"item\":\"https:\/\/haruu.ee\/en\/\"},{\"@type\":\"ListItem\",\"position\":2,\"name\":\"Shop\",\"item\":\"https:\/\/haruu.ee\/en\/shop\/\"},{\"@type\":\"ListItem\",\"position\":3,\"name\":\"Sale\",\"item\":\"https:\/\/haruu.ee\/en\/product-category\/sale\/\"},{\"@type\":\"ListItem\",\"position\":4,\"name\":\"New York Fashion Week linane kleit\"}]},{\"@type\":\"WebSite\",\"@id\":\"https:\/\/haruu.ee\/en\/#website\",\"url\":\"https:\/\/haruu.ee\/en\/\",\"name\":\"Haruu\",\"description\":\"Inspiratsiooni ja elustiili br&auml;nd, kus kohtuvad &uuml;rgne loodus, j&auml;tkusuutlik eluviis ja koos loomine pereettev&otilde;ttena\",\"publisher\":{\"@id\":\"https:\/\/haruu.ee\/en\/#organization\"},\"potentialAction\":[{\"@type\":\"SearchAction\",\"target\":{\"@type\":\"EntryPoint\",\"urlTemplate\":\"https:\/\/haruu.ee\/en\/?s={search_term_string}\"},\"query-input\":{\"@type\":\"PropertyValueSpecification\",\"valueRequired\":true,\"valueName\":\"search_term_string\"}}],\"inLanguage\":\"en-US\"},{\"@type\":\"Organization\",\"@id\":\"https:\/\/haruu.ee\/en\/#organization\",\"name\":\"Haruu\",\"url\":\"https:\/\/haruu.ee\/en\/\",\"logo\":{\"@type\":\"ImageObject\",\"inLanguage\":\"en-US\",\"@id\":\"https:\/\/haruu.ee\/en\/#\/schema\/logo\/image\/\",\"url\":\"https:\/\/haruu.ee\/wp-content\/uploads\/2022\/07\/haruu-logo-taustata-1-1.png\",\"contentUrl\":\"https:\/\/haruu.ee\/wp-content\/uploads\/2022\/07\/haruu-logo-taustata-1-1.png\",\"width\":1168,\"height\":312,\"caption\":\"Haruu\"},\"image\":{\"@id\":\"https:\/\/haruu.ee\/en\/#\/schema\/logo\/image\/\"},\"sameAs\":[\"https:\/\/www.facebook.com\/haruulife\"]}]}<\/script>\n<!-- \/ Yoast SEO plugin. -->","yoast_head_json":{"title":"New York Fashion Week linane kleit - Haruu","description":"Haruu linane kleit, mis \u00fchendab loomuliku elegantsi, mugavuse ja kvaliteetsed looduslikud materjalid. Kevadiseks New York Fashion Weekiks valminud kleit.","robots":{"index":"index","follow":"follow","max-snippet":"max-snippet:-1","max-image-preview":"max-image-preview:large","max-video-preview":"max-video-preview:-1"},"canonical":"https:\/\/haruu.ee\/en\/toode\/new-york-fashion-week-linane-kleit\/","og_locale":"en_US","og_type":"article","og_title":"New York Fashion Week linane kleit - Haruu","og_description":"Haruu linane kleit, mis \u00fchendab loomuliku elegantsi, mugavuse ja kvaliteetsed looduslikud materjalid. Kevadiseks New York Fashion Weekiks valminud kleit.","og_url":"https:\/\/haruu.ee\/en\/toode\/new-york-fashion-week-linane-kleit\/","og_site_name":"Haruu","article_publisher":"https:\/\/www.facebook.com\/haruulife","article_modified_time":"2026-04-13T10:24:40+00:00","og_image":[{"width":1280,"height":1920,"url":"https:\/\/haruu.ee\/wp-content\/uploads\/2025\/10\/Haruu-27.jpg","type":"image\/jpeg"}],"twitter_card":"summary_large_image","twitter_misc":{"Est. reading time":"1 minute"},"schema":{"@context":"https:\/\/schema.org","@graph":[{"@type":["WebPage","ItemPage"],"@id":"https:\/\/haruu.ee\/en\/toode\/new-york-fashion-week-linane-kleit\/","url":"https:\/\/haruu.ee\/en\/toode\/new-york-fashion-week-linane-kleit\/","name":"New York Fashion Week linane kleit - Haruu","isPartOf":{"@id":"https:\/\/haruu.ee\/en\/#website"},"primaryImageOfPage":{"@id":"https:\/\/haruu.ee\/en\/toode\/new-york-fashion-week-linane-kleit\/#primaryimage"},"image":{"@id":"https:\/\/haruu.ee\/en\/toode\/new-york-fashion-week-linane-kleit\/#primaryimage"},"thumbnailUrl":"https:\/\/haruu.ee\/wp-content\/uploads\/2025\/10\/Haruu-27.jpg","datePublished":"2025-06-19T19:22:56+00:00","dateModified":"2026-04-13T10:24:40+00:00","description":"Haruu linane kleit, mis \u00fchendab loomuliku elegantsi, mugavuse ja kvaliteetsed looduslikud materjalid. Kevadiseks New York Fashion Weekiks valminud kleit.","breadcrumb":{"@id":"https:\/\/haruu.ee\/en\/toode\/new-york-fashion-week-linane-kleit\/#breadcrumb"},"inLanguage":"en-US","potentialAction":[{"@type":"ReadAction","target":["https:\/\/haruu.ee\/en\/toode\/new-york-fashion-week-linane-kleit\/"]}]},{"@type":"ImageObject","inLanguage":"en-US","@id":"https:\/\/haruu.ee\/en\/toode\/new-york-fashion-week-linane-kleit\/#primaryimage","url":"https:\/\/haruu.ee\/wp-content\/uploads\/2025\/10\/Haruu-27.jpg","contentUrl":"https:\/\/haruu.ee\/wp-content\/uploads\/2025\/10\/Haruu-27.jpg","width":1280,"height":1920},{"@type":"BreadcrumbList","@id":"https:\/\/haruu.ee\/en\/toode\/new-york-fashion-week-linane-kleit\/#breadcrumb","itemListElement":[{"@type":"ListItem","position":1,"name":"Avaleht","item":"https:\/\/haruu.ee\/en\/"},{"@type":"ListItem","position":2,"name":"Shop","item":"https:\/\/haruu.ee\/en\/shop\/"},{"@type":"ListItem","position":3,"name":"Sale","item":"https:\/\/haruu.ee\/en\/product-category\/sale\/"},{"@type":"ListItem","position":4,"name":"New York Fashion Week linane kleit"}]},{"@type":"WebSite","@id":"https:\/\/haruu.ee\/en\/#website","url":"https:\/\/haruu.ee\/en\/","name":"Haruu","description":"Inspiratsiooni ja elustiili br&auml;nd, kus kohtuvad &uuml;rgne loodus, j&auml;tkusuutlik eluviis ja koos loomine pereettev&otilde;ttena","publisher":{"@id":"https:\/\/haruu.ee\/en\/#organization"},"potentialAction":[{"@type":"SearchAction","target":{"@type":"EntryPoint","urlTemplate":"https:\/\/haruu.ee\/en\/?s={search_term_string}"},"query-input":{"@type":"PropertyValueSpecification","valueRequired":true,"valueName":"search_term_string"}}],"inLanguage":"en-US"},{"@type":"Organization","@id":"https:\/\/haruu.ee\/en\/#organization","name":"Haruu","url":"https:\/\/haruu.ee\/en\/","logo":{"@type":"ImageObject","inLanguage":"en-US","@id":"https:\/\/haruu.ee\/en\/#\/schema\/logo\/image\/","url":"https:\/\/haruu.ee\/wp-content\/uploads\/2022\/07\/haruu-logo-taustata-1-1.png","contentUrl":"https:\/\/haruu.ee\/wp-content\/uploads\/2022\/07\/haruu-logo-taustata-1-1.png","width":1168,"height":312,"caption":"Haruu"},"image":{"@id":"https:\/\/haruu.ee\/en\/#\/schema\/logo\/image\/"},"sameAs":["https:\/\/www.facebook.com\/haruulife"]}]}},"_links":{"self":[{"href":"https:\/\/haruu.ee\/en\/wp-json\/wp\/v2\/product\/17972","targetHints":{"allow":["GET"]}}],"collection":[{"href":"https:\/\/haruu.ee\/en\/wp-json\/wp\/v2\/product"}],"about":[{"href":"https:\/\/haruu.ee\/en\/wp-json\/wp\/v2\/types\/product"}],"wp:featuredmedia":[{"embeddable":true,"href":"https:\/\/haruu.ee\/en\/wp-json\/wp\/v2\/media\/21136"}],"wp:attachment":[{"href":"https:\/\/haruu.ee\/en\/wp-json\/wp\/v2\/media?parent=17972"}],"wp:term":[{"taxonomy":"product_brand","embeddable":true,"href":"https:\/\/haruu.ee\/en\/wp-json\/wp\/v2\/product_brand?post=17972"},{"taxonomy":"product_cat","embeddable":true,"href":"https:\/\/haruu.ee\/en\/wp-json\/wp\/v2\/product_cat?post=17972"},{"taxonomy":"product_tag","embeddable":true,"href":"https:\/\/haruu.ee\/en\/wp-json\/wp\/v2\/product_tag?post=17972"}],"curies":[{"name":"wp","href":"https:\/\/api.w.org\/{rel}","templated":true}]}}