


{"id":20378,"date":"2025-09-05T17:06:47","date_gmt":"2025-09-05T14:06:47","guid":{"rendered":"https:\/\/haruu.ee\/?post_type=product&#038;p=20378"},"modified":"2026-04-03T11:56:54","modified_gmt":"2026-04-03T08:56:54","slug":"linane-sark-meestele","status":"publish","type":"product","link":"https:\/\/haruu.ee\/en\/toode\/linane-sark-meestele\/","title":{"rendered":"Linane s\u00e4rk meestele"},"content":{"rendered":"<p data-start=\"36\" data-end=\"261\"><strong data-start=\"36\" data-end=\"79\">Kas linane s\u00e4rk sobib kandmiseks suvel?<\/strong><br data-start=\"79\" data-end=\"82\" \/>Jah, linane kangas on \u00fcks parimaid materjale soojaks ilmaks. Lina on loomulikult hingav ja juhib niiskuse kehast eemale, mist\u00f5ttu p\u00fcsib s\u00e4rk ka kuumematel p\u00e4evadel kerge ja mugav.<\/p>\n<p data-start=\"263\" data-end=\"501\"><strong data-start=\"503\" data-end=\"530\">Milline on s\u00e4rgi l\u00f5ige?<\/strong><br data-start=\"530\" data-end=\"533\" \/>S\u00e4rk on kergelt oversized l\u00f5ikega ning selle disaini erip\u00e4raks on eest veidi l\u00fchem ja tagant pikem alumine serv. See loob modernse silueti ja v\u00f5imaldab s\u00e4rki kanda nii p\u00fckstesse s\u00e4tituna kui ka vabalt langevana.<\/p>\n<p data-start=\"263\" data-end=\"501\"><strong data-start=\"746\" data-end=\"798\">Kas kivipestud lina muutub kandmisega pehmemaks?<\/strong><br data-start=\"798\" data-end=\"801\" \/>Jah. Kivipestud lina on juba algusest peale pehme, kuid iga pesu ja kandmisega muutub kangas veelgi pehmemaks ja mugavamaks.<\/p>\n<p><strong>Hooldus:<\/strong><br \/>\nSoovitame pesta s\u00e4rki 30\u00b0C juures koos sarnaste toonidega. Parima tulemuse saavutamiseks v\u00f5ib s\u00e4rki triikida kergelt niiskena.<\/p>\n<p>Suuruste tabel:<br \/>\nNB! Tegemist on toote m\u00f5\u00f5tudega. Pluus on vabama, oversize l\u00f5ikega, mitte \u00fcmber l\u00f5ikega.<\/p>\n<table style=\"border-collapse: collapse; width: 100%; max-width: 500px; text-align: center; font-size: 14px; margin-bottom: 20px;\">\n<thead>\n<tr style=\"background-color: #f5f5f5;\">\n<th style=\"border: 1px solid #ddd; padding: 8px;\">Suurus<\/th>\n<th style=\"border: 1px solid #ddd; padding: 8px;\">XS\/S<\/th>\n<th style=\"border: 1px solid #ddd; padding: 8px;\">M\/L<\/th>\n<th style=\"border: 1px solid #ddd; padding: 8px;\">XL\/XXL<\/th>\n<\/tr>\n<\/thead>\n<tbody>\n<tr>\n<td style=\"border: 1px solid #ddd; padding: 8px; font-weight: bold;\">Rinna\u00fcmberm\u00f5\u00f5t (cm)<\/td>\n<td style=\"border: 1px solid #ddd; padding: 8px;\">122<\/td>\n<td style=\"border: 1px solid #ddd; padding: 8px;\">134<\/td>\n<td style=\"border: 1px solid #ddd; padding: 8px;\">146<\/td>\n<\/tr>\n<tr>\n<td style=\"border: 1px solid #ddd; padding: 8px; font-weight: bold;\">Selja pikkus (cm)<\/td>\n<td style=\"border: 1px solid #ddd; padding: 8px;\">75<\/td>\n<td style=\"border: 1px solid #ddd; padding: 8px;\">78<\/td>\n<td style=\"border: 1px solid #ddd; padding: 8px;\">78<\/td>\n<\/tr>\n<tr>\n<td style=\"border: 1px solid #ddd; padding: 8px; font-weight: bold;\">Varruka pikkus (cm)<\/td>\n<td style=\"border: 1px solid #ddd; padding: 8px;\">26<\/td>\n<td style=\"border: 1px solid #ddd; padding: 8px;\">27<\/td>\n<td style=\"border: 1px solid #ddd; padding: 8px;\">27<\/td>\n<\/tr>\n<tr>\n<td style=\"border: 1px solid #ddd; padding: 8px; font-weight: bold;\">Varruka laius (cm)<\/td>\n<td style=\"border: 1px solid #ddd; padding: 8px;\">43<\/td>\n<td style=\"border: 1px solid #ddd; padding: 8px;\">47<\/td>\n<td style=\"border: 1px solid #ddd; padding: 8px;\">50<\/td>\n<\/tr>\n<\/tbody>\n<\/table>\n","protected":false},"excerpt":{"rendered":"<p data-start=\"2105\" data-end=\"2289\"><strong>Kerge ja hingav meeste linane s\u00e4rk<\/strong><\/p>\n<p data-start=\"2105\" data-end=\"2289\">Haruu meeste linane s\u00e4rk on loodud mehele, kes hindab mugavust, kvaliteetseid materjale ja l\u00e4bim\u00f5eldud disaini. Kivipestud linane kangas on loomulikult hingav ja kerge, mist\u00f5ttu sobib see ideaalselt nii soojemateks p\u00e4evadeks kui ka kihiliseks kandmiseks jahedamal ajal. Eest veidi l\u00fchem ja tagant pikem l\u00f5ige loob modernse silueti ning annab s\u00e4rgile vabalt langeva, kuid stiilse vormi. See on s\u00e4rk, mida saab kanda nii igap\u00e4evaselt teksade v\u00f5i p\u00fckstega kui ka pidulikumatel puhkudel.<\/p>\n<p data-start=\"2105\" data-end=\"2289\"><strong>L\u00e4bim\u00f5eldud detailid:<\/strong><\/p>\n<ul>\n<li data-start=\"2105\" data-end=\"2289\">S\u00e4rk on valmistatud <strong data-start=\"582\" data-end=\"618\">100% kivipestud linasest kangast<\/strong>, mis on hingav, vastupidav ja nahas\u00f5bralik<\/li>\n<li data-start=\"2105\" data-end=\"2289\">Kivipestud lina on pehme ja loomulikult langev, muutudes iga kandmise ja pesuga veelgi m\u00f5nusamaks<\/li>\n<li data-start=\"2105\" data-end=\"2289\">Kergelt oversized l\u00f5ige annab s\u00e4rgile vaba ja mugava istuvuse<\/li>\n<li data-start=\"2105\" data-end=\"2289\">Disaini erip\u00e4raks on eest veidi l\u00fchem ja tagant pikem l\u00f5ige, mis lisab s\u00e4rgile modernse ja oman\u00e4olise ilme<\/li>\n<li data-start=\"2105\" data-end=\"2289\">S\u00e4rki saab kanda nii p\u00fckstesse s\u00e4tituna kui ka vabalt langevana, s\u00f5ltuvalt soovitud stiilist<\/li>\n<li data-start=\"2105\" data-end=\"2289\">Disainitud ja valmistatud Eestis<\/li>\n<\/ul>\n<p data-start=\"2105\" data-end=\"2289\">Minimalistlik ja ajatu disain teeb sellest s\u00e4rgist mitmek\u00fclgse garderoobi p\u00f5hieseme. S\u00e4rgi disain s\u00fcndis algselt selle loojale endale, kuid osutus nii heaks, et seda tuli jagada ka teistele meestele. Disain Virko poolt, mugavus looduse poolt.<\/p>\n","protected":false},"featured_media":22479,"template":"","meta":[],"product_brand":[],"product_cat":[187,87,88],"product_tag":[],"class_list":{"0":"post-20378","1":"product","2":"type-product","3":"status-publish","4":"has-post-thumbnail","6":"product_cat-mehed-2","7":"product_cat-kingituseks","8":"product_cat-koik-tooted","9":"pa_aaaaa-must","10":"pa_aaaaa-suitsune-pruun","12":"first","13":"instock","14":"taxable","15":"shipping-taxable","16":"purchasable","17":"product-type-variable"},"yoast_head":"<!-- This site is optimized with the Yoast SEO plugin v25.1 - https:\/\/yoast.com\/wordpress\/plugins\/seo\/ -->\n<title>Linane s\u00e4rk meestele - Haruu<\/title>\n<meta name=\"description\" content=\"Haruu meeste linane s\u00e4rk on loodud mehele, kes hindab mugavust, kvaliteetseid materjale ja l\u00e4bim\u00f5eldud disaini. Kivipestud linane kangas on hingav ja kerge.\" \/>\n<meta name=\"robots\" content=\"index, follow, max-snippet:-1, max-image-preview:large, max-video-preview:-1\" \/>\n<link rel=\"canonical\" href=\"https:\/\/haruu.ee\/en\/toode\/linane-sark-meestele\/\" \/>\n<meta property=\"og:locale\" content=\"en_US\" \/>\n<meta property=\"og:type\" content=\"article\" \/>\n<meta property=\"og:title\" content=\"Linane s\u00e4rk meestele - Haruu\" \/>\n<meta property=\"og:description\" content=\"Haruu meeste linane s\u00e4rk on loodud mehele, kes hindab mugavust, kvaliteetseid materjale ja l\u00e4bim\u00f5eldud disaini. Kivipestud linane kangas on hingav ja kerge.\" \/>\n<meta property=\"og:url\" content=\"https:\/\/haruu.ee\/en\/toode\/linane-sark-meestele\/\" \/>\n<meta property=\"og:site_name\" content=\"Haruu\" \/>\n<meta property=\"article:publisher\" content=\"https:\/\/www.facebook.com\/haruulife\" \/>\n<meta property=\"article:modified_time\" content=\"2026-04-03T08:56:54+00:00\" \/>\n<meta property=\"og:image\" content=\"https:\/\/haruu.ee\/wp-content\/uploads\/2025\/09\/Meestesark_linanesark_linanepluus_suvepluus_mugavpluus_tsark_haruu_eestidisain_2.jpg\" \/>\n\t<meta property=\"og:image:width\" content=\"1280\" \/>\n\t<meta property=\"og:image:height\" content=\"1920\" \/>\n\t<meta property=\"og:image:type\" content=\"image\/jpeg\" \/>\n<meta name=\"twitter:card\" content=\"summary_large_image\" \/>\n<meta name=\"twitter:label1\" content=\"Est. reading time\" \/>\n\t<meta name=\"twitter:data1\" content=\"2 minutes\" \/>\n<script type=\"application\/ld+json\" class=\"yoast-schema-graph\">{\"@context\":\"https:\/\/schema.org\",\"@graph\":[{\"@type\":[\"WebPage\",\"ItemPage\"],\"@id\":\"https:\/\/haruu.ee\/en\/toode\/linane-sark-meestele\/\",\"url\":\"https:\/\/haruu.ee\/en\/toode\/linane-sark-meestele\/\",\"name\":\"Linane s\u00e4rk meestele - Haruu\",\"isPartOf\":{\"@id\":\"https:\/\/haruu.ee\/en\/#website\"},\"primaryImageOfPage\":{\"@id\":\"https:\/\/haruu.ee\/en\/toode\/linane-sark-meestele\/#primaryimage\"},\"image\":{\"@id\":\"https:\/\/haruu.ee\/en\/toode\/linane-sark-meestele\/#primaryimage\"},\"thumbnailUrl\":\"https:\/\/haruu.ee\/wp-content\/uploads\/2025\/09\/Meestesark_linanesark_linanepluus_suvepluus_mugavpluus_tsark_haruu_eestidisain_2.jpg\",\"datePublished\":\"2025-09-05T14:06:47+00:00\",\"dateModified\":\"2026-04-03T08:56:54+00:00\",\"description\":\"Haruu meeste linane s\u00e4rk on loodud mehele, kes hindab mugavust, kvaliteetseid materjale ja l\u00e4bim\u00f5eldud disaini. Kivipestud linane kangas on hingav ja kerge.\",\"breadcrumb\":{\"@id\":\"https:\/\/haruu.ee\/en\/toode\/linane-sark-meestele\/#breadcrumb\"},\"inLanguage\":\"en-US\",\"potentialAction\":[{\"@type\":\"ReadAction\",\"target\":[\"https:\/\/haruu.ee\/en\/toode\/linane-sark-meestele\/\"]}]},{\"@type\":\"ImageObject\",\"inLanguage\":\"en-US\",\"@id\":\"https:\/\/haruu.ee\/en\/toode\/linane-sark-meestele\/#primaryimage\",\"url\":\"https:\/\/haruu.ee\/wp-content\/uploads\/2025\/09\/Meestesark_linanesark_linanepluus_suvepluus_mugavpluus_tsark_haruu_eestidisain_2.jpg\",\"contentUrl\":\"https:\/\/haruu.ee\/wp-content\/uploads\/2025\/09\/Meestesark_linanesark_linanepluus_suvepluus_mugavpluus_tsark_haruu_eestidisain_2.jpg\",\"width\":1280,\"height\":1920,\"caption\":\"meestes\u00e4rk, meeste t s\u00e4rk, mugav s\u00e4rk, suvine pluus meestele, haruu, linased riided, mugavad riided, reisiriided, eestidisain\"},{\"@type\":\"BreadcrumbList\",\"@id\":\"https:\/\/haruu.ee\/en\/toode\/linane-sark-meestele\/#breadcrumb\",\"itemListElement\":[{\"@type\":\"ListItem\",\"position\":1,\"name\":\"Avaleht\",\"item\":\"https:\/\/haruu.ee\/en\/\"},{\"@type\":\"ListItem\",\"position\":2,\"name\":\"Shop\",\"item\":\"https:\/\/haruu.ee\/en\/shop\/\"},{\"@type\":\"ListItem\",\"position\":3,\"name\":\"All Products\",\"item\":\"https:\/\/haruu.ee\/en\/product-category\/all-products\/\"},{\"@type\":\"ListItem\",\"position\":4,\"name\":\"Linane s\u00e4rk meestele\"}]},{\"@type\":\"WebSite\",\"@id\":\"https:\/\/haruu.ee\/en\/#website\",\"url\":\"https:\/\/haruu.ee\/en\/\",\"name\":\"Haruu\",\"description\":\"Inspiratsiooni ja elustiili br&auml;nd, kus kohtuvad &uuml;rgne loodus, j&auml;tkusuutlik eluviis ja koos loomine pereettev&otilde;ttena\",\"publisher\":{\"@id\":\"https:\/\/haruu.ee\/en\/#organization\"},\"potentialAction\":[{\"@type\":\"SearchAction\",\"target\":{\"@type\":\"EntryPoint\",\"urlTemplate\":\"https:\/\/haruu.ee\/en\/?s={search_term_string}\"},\"query-input\":{\"@type\":\"PropertyValueSpecification\",\"valueRequired\":true,\"valueName\":\"search_term_string\"}}],\"inLanguage\":\"en-US\"},{\"@type\":\"Organization\",\"@id\":\"https:\/\/haruu.ee\/en\/#organization\",\"name\":\"Haruu\",\"url\":\"https:\/\/haruu.ee\/en\/\",\"logo\":{\"@type\":\"ImageObject\",\"inLanguage\":\"en-US\",\"@id\":\"https:\/\/haruu.ee\/en\/#\/schema\/logo\/image\/\",\"url\":\"https:\/\/haruu.ee\/wp-content\/uploads\/2022\/07\/haruu-logo-taustata-1-1.png\",\"contentUrl\":\"https:\/\/haruu.ee\/wp-content\/uploads\/2022\/07\/haruu-logo-taustata-1-1.png\",\"width\":1168,\"height\":312,\"caption\":\"Haruu\"},\"image\":{\"@id\":\"https:\/\/haruu.ee\/en\/#\/schema\/logo\/image\/\"},\"sameAs\":[\"https:\/\/www.facebook.com\/haruulife\"]}]}<\/script>\n<!-- \/ Yoast SEO plugin. -->","yoast_head_json":{"title":"Linane s\u00e4rk meestele - Haruu","description":"Haruu meeste linane s\u00e4rk on loodud mehele, kes hindab mugavust, kvaliteetseid materjale ja l\u00e4bim\u00f5eldud disaini. Kivipestud linane kangas on hingav ja kerge.","robots":{"index":"index","follow":"follow","max-snippet":"max-snippet:-1","max-image-preview":"max-image-preview:large","max-video-preview":"max-video-preview:-1"},"canonical":"https:\/\/haruu.ee\/en\/toode\/linane-sark-meestele\/","og_locale":"en_US","og_type":"article","og_title":"Linane s\u00e4rk meestele - Haruu","og_description":"Haruu meeste linane s\u00e4rk on loodud mehele, kes hindab mugavust, kvaliteetseid materjale ja l\u00e4bim\u00f5eldud disaini. Kivipestud linane kangas on hingav ja kerge.","og_url":"https:\/\/haruu.ee\/en\/toode\/linane-sark-meestele\/","og_site_name":"Haruu","article_publisher":"https:\/\/www.facebook.com\/haruulife","article_modified_time":"2026-04-03T08:56:54+00:00","og_image":[{"width":1280,"height":1920,"url":"https:\/\/haruu.ee\/wp-content\/uploads\/2025\/09\/Meestesark_linanesark_linanepluus_suvepluus_mugavpluus_tsark_haruu_eestidisain_2.jpg","type":"image\/jpeg"}],"twitter_card":"summary_large_image","twitter_misc":{"Est. reading time":"2 minutes"},"schema":{"@context":"https:\/\/schema.org","@graph":[{"@type":["WebPage","ItemPage"],"@id":"https:\/\/haruu.ee\/en\/toode\/linane-sark-meestele\/","url":"https:\/\/haruu.ee\/en\/toode\/linane-sark-meestele\/","name":"Linane s\u00e4rk meestele - Haruu","isPartOf":{"@id":"https:\/\/haruu.ee\/en\/#website"},"primaryImageOfPage":{"@id":"https:\/\/haruu.ee\/en\/toode\/linane-sark-meestele\/#primaryimage"},"image":{"@id":"https:\/\/haruu.ee\/en\/toode\/linane-sark-meestele\/#primaryimage"},"thumbnailUrl":"https:\/\/haruu.ee\/wp-content\/uploads\/2025\/09\/Meestesark_linanesark_linanepluus_suvepluus_mugavpluus_tsark_haruu_eestidisain_2.jpg","datePublished":"2025-09-05T14:06:47+00:00","dateModified":"2026-04-03T08:56:54+00:00","description":"Haruu meeste linane s\u00e4rk on loodud mehele, kes hindab mugavust, kvaliteetseid materjale ja l\u00e4bim\u00f5eldud disaini. Kivipestud linane kangas on hingav ja kerge.","breadcrumb":{"@id":"https:\/\/haruu.ee\/en\/toode\/linane-sark-meestele\/#breadcrumb"},"inLanguage":"en-US","potentialAction":[{"@type":"ReadAction","target":["https:\/\/haruu.ee\/en\/toode\/linane-sark-meestele\/"]}]},{"@type":"ImageObject","inLanguage":"en-US","@id":"https:\/\/haruu.ee\/en\/toode\/linane-sark-meestele\/#primaryimage","url":"https:\/\/haruu.ee\/wp-content\/uploads\/2025\/09\/Meestesark_linanesark_linanepluus_suvepluus_mugavpluus_tsark_haruu_eestidisain_2.jpg","contentUrl":"https:\/\/haruu.ee\/wp-content\/uploads\/2025\/09\/Meestesark_linanesark_linanepluus_suvepluus_mugavpluus_tsark_haruu_eestidisain_2.jpg","width":1280,"height":1920,"caption":"meestes\u00e4rk, meeste t s\u00e4rk, mugav s\u00e4rk, suvine pluus meestele, haruu, linased riided, mugavad riided, reisiriided, eestidisain"},{"@type":"BreadcrumbList","@id":"https:\/\/haruu.ee\/en\/toode\/linane-sark-meestele\/#breadcrumb","itemListElement":[{"@type":"ListItem","position":1,"name":"Avaleht","item":"https:\/\/haruu.ee\/en\/"},{"@type":"ListItem","position":2,"name":"Shop","item":"https:\/\/haruu.ee\/en\/shop\/"},{"@type":"ListItem","position":3,"name":"All Products","item":"https:\/\/haruu.ee\/en\/product-category\/all-products\/"},{"@type":"ListItem","position":4,"name":"Linane s\u00e4rk meestele"}]},{"@type":"WebSite","@id":"https:\/\/haruu.ee\/en\/#website","url":"https:\/\/haruu.ee\/en\/","name":"Haruu","description":"Inspiratsiooni ja elustiili br&auml;nd, kus kohtuvad &uuml;rgne loodus, j&auml;tkusuutlik eluviis ja koos loomine pereettev&otilde;ttena","publisher":{"@id":"https:\/\/haruu.ee\/en\/#organization"},"potentialAction":[{"@type":"SearchAction","target":{"@type":"EntryPoint","urlTemplate":"https:\/\/haruu.ee\/en\/?s={search_term_string}"},"query-input":{"@type":"PropertyValueSpecification","valueRequired":true,"valueName":"search_term_string"}}],"inLanguage":"en-US"},{"@type":"Organization","@id":"https:\/\/haruu.ee\/en\/#organization","name":"Haruu","url":"https:\/\/haruu.ee\/en\/","logo":{"@type":"ImageObject","inLanguage":"en-US","@id":"https:\/\/haruu.ee\/en\/#\/schema\/logo\/image\/","url":"https:\/\/haruu.ee\/wp-content\/uploads\/2022\/07\/haruu-logo-taustata-1-1.png","contentUrl":"https:\/\/haruu.ee\/wp-content\/uploads\/2022\/07\/haruu-logo-taustata-1-1.png","width":1168,"height":312,"caption":"Haruu"},"image":{"@id":"https:\/\/haruu.ee\/en\/#\/schema\/logo\/image\/"},"sameAs":["https:\/\/www.facebook.com\/haruulife"]}]}},"_links":{"self":[{"href":"https:\/\/haruu.ee\/en\/wp-json\/wp\/v2\/product\/20378","targetHints":{"allow":["GET"]}}],"collection":[{"href":"https:\/\/haruu.ee\/en\/wp-json\/wp\/v2\/product"}],"about":[{"href":"https:\/\/haruu.ee\/en\/wp-json\/wp\/v2\/types\/product"}],"wp:featuredmedia":[{"embeddable":true,"href":"https:\/\/haruu.ee\/en\/wp-json\/wp\/v2\/media\/22479"}],"wp:attachment":[{"href":"https:\/\/haruu.ee\/en\/wp-json\/wp\/v2\/media?parent=20378"}],"wp:term":[{"taxonomy":"product_brand","embeddable":true,"href":"https:\/\/haruu.ee\/en\/wp-json\/wp\/v2\/product_brand?post=20378"},{"taxonomy":"product_cat","embeddable":true,"href":"https:\/\/haruu.ee\/en\/wp-json\/wp\/v2\/product_cat?post=20378"},{"taxonomy":"product_tag","embeddable":true,"href":"https:\/\/haruu.ee\/en\/wp-json\/wp\/v2\/product_tag?post=20378"}],"curies":[{"name":"wp","href":"https:\/\/api.w.org\/{rel}","templated":true}]}}