


{"id":20564,"date":"2025-10-31T17:32:17","date_gmt":"2025-10-31T15:32:17","guid":{"rendered":"https:\/\/haruu.ee\/?post_type=product&#038;p=20564"},"modified":"2026-04-11T16:57:55","modified_gmt":"2026-04-11T13:57:55","slug":"teksakimono","status":"publish","type":"product","link":"https:\/\/haruu.ee\/en\/toode\/teksakimono\/","title":{"rendered":"Teksa kimono"},"content":{"rendered":"<p data-start=\"1758\" data-end=\"1888\"><strong data-start=\"1758\" data-end=\"1801\">Kas kimono sobib igas vanuses naistele?<\/strong><br data-start=\"1801\" data-end=\"1804\" \/>Jah. L\u00f5ige on ajatu ja universaalne, sobib erinevatele kehat\u00fc\u00fcpidele ja vanustele.<\/p>\n<p data-start=\"1890\" data-end=\"2050\"><strong data-start=\"1890\" data-end=\"1941\">Kas kimono j\u00e4\u00e4b h\u00e4sti vormi, kui kasutada v\u00f6\u00f6d?<\/strong><br data-start=\"1941\" data-end=\"1944\" \/>Jah. Tekskangas v\u00f6\u00f6ga on piisavalt struktureeritud, et s\u00e4ilitada ilusa silueti, samas on veniv ja mugav.<\/p>\n<p data-start=\"2052\" data-end=\"2193\"><strong data-start=\"2052\" data-end=\"2097\">Kas kimono sobib igap\u00e4evaseks kandmiseks?<\/strong><br data-start=\"2097\" data-end=\"2100\" \/>Jah. Teksa kimono on loodud nii t\u00f6\u00f6p\u00e4evaks, linnap\u00e4evadeks kui ka \u00f5htusteks v\u00e4ljas\u00f5itudeks.<\/p>\n<p><strong>Soovitus enne esimest kandmist:<\/strong><br \/>\nPese kimono pahempidi p\u00f6\u00f6ratuna eraldi v\u00f5i tumeda pesuga 1-2 korda l\u00e4bi. Max 40c ja 400 p\u00f6\u00f6ret trummelkuivatus, lisades pesuveele soola v\u00f5i \u00e4\u00e4dikat, aitab see paremini v\u00e4rvi kiuga siduda. Kuivata varjus ja v\u00e4ldi kangapehmendajat. P\u00e4rast eelpesu v\u00e4heneb v\u00e4rvi andmine oluliselt ning Sinu kimono omandab kauni teksale isikup\u00e4rase ilme.<\/p>\n<p>Kimono m\u00f5\u00f5dud<br \/>\nTabelis on v\u00e4lja toodud kimono enda m\u00f5\u00f5dud.<\/p>\n<p>M\u00f5\u00f5dutabel:<\/p>\n<table style=\"height: 165px;\" width=\"388\">\n<tbody>\n<tr>\n<td width=\"242\">Suurus (cm)<\/td>\n<td width=\"74\">\u00a0S\/M<\/td>\n<td width=\"73\">\u00a0L\/XL<\/td>\n<\/tr>\n<tr>\n<td width=\"242\">\u00d5la pikkus<\/td>\n<td width=\"74\">\u00a028<\/td>\n<td width=\"73\">\u00a028<\/td>\n<\/tr>\n<tr>\n<td width=\"242\">Puusa ja rinna laius<\/td>\n<td width=\"74\">\u00a058<\/td>\n<td width=\"73\">\u00a065<\/td>\n<\/tr>\n<tr>\n<td width=\"242\">\u00dcldpikkus<\/td>\n<td width=\"74\">\u00a060<\/td>\n<td width=\"73\">\u00a067<\/td>\n<\/tr>\n<tr>\n<td width=\"242\"><\/td>\n<td width=\"74\"><\/td>\n<td width=\"73\"><\/td>\n<\/tr>\n<\/tbody>\n<\/table>\n<p>&nbsp;<\/p>\n","protected":false},"excerpt":{"rendered":"<p><span data-sheets-root=\"1\"><strong>Ajatu, mitmek\u00fclgne ja mugav.<\/strong><br \/>\n<\/span><\/p>\n<p>Ajatu klassika kohtub modernse mugavusega. Haruu minimalistlik teksa kimono on loodud naisele, kes hindab peenet stiili, mugavust ja universaalsust igas olukorras. Kimono on kerge, hingav ja kergelt elastne, pakkudes liikumisvabadust ja mugavat istuvust, samas s\u00e4ilitades elegantse silueti.<\/p>\n<p data-start=\"1281\" data-end=\"1321\"><strong>Detailid, mis t\u00f6\u00f6tavad Sinu kasuks:<\/strong><\/p>\n<ul>\n<li data-start=\"1325\" data-end=\"1387\">Materjal: 97% puuvill, 3% spandex, kerge, elastne ja hingav<\/li>\n<li data-start=\"1325\" data-end=\"1387\">Indigo sinine toon, klassikaline, kuid ajatult trendikas<\/li>\n<li data-start=\"1325\" data-end=\"1387\">Tekskangast v\u00f6\u00f6, lisab luksuslikku terviklikkust ja figuuri r\u00f5hutust<\/li>\n<li data-start=\"1325\" data-end=\"1387\">Sobib kandmiseks erinevate r\u00f5ivastustega<\/li>\n<li data-start=\"1325\" data-end=\"1387\">Disainitud ja toodetud Eestis<\/li>\n<\/ul>\n<p>Teksakangast v\u00f6\u00f6 annab kimonole tervikliku ja \u0161iki ilme, v\u00f5imaldades r\u00f5hutada figuuri v\u00f5i j\u00e4tta l\u00f5dvalt lahtiseks, s\u00f5ltuvalt Sinu stiili j\u00e4rgi. Kombineeri seda <a href=\"https:\/\/haruu.ee\/toode\/teksapuksid\/\"><strong data-start=\"793\" data-end=\"816\">Haruu teksap\u00fckstega<\/strong> <\/a>tervikkomplektina v\u00f5i kanna teiste r\u00f5ivastega.<\/p>\n<p>&nbsp;<\/p>\n","protected":false},"featured_media":22147,"template":"","meta":[],"product_brand":[],"product_cat":[196,88,85],"product_tag":[],"class_list":{"0":"post-20564","1":"product","2":"type-product","3":"status-publish","4":"has-post-thumbnail","6":"product_cat-kimonod","7":"product_cat-koik-tooted","8":"product_cat-naised","9":"pa_aaaaa-teksasinine","10":"pa_aaaaa-must","12":"first","13":"instock","14":"taxable","15":"shipping-taxable","16":"purchasable","17":"product-type-variable"},"yoast_head":"<!-- This site is optimized with the Yoast SEO plugin v25.1 - https:\/\/yoast.com\/wordpress\/plugins\/seo\/ -->\n<title>Teksa kimono - Haruu<\/title>\n<meta name=\"description\" content=\"Ajatu klassika kohtub modernse mugavusega. Haruu minimalistlik teksa kimono on loodud naisele, kes hindab peenet stiili, mugavust ja universaalsust.\" \/>\n<meta name=\"robots\" content=\"index, follow, max-snippet:-1, max-image-preview:large, max-video-preview:-1\" \/>\n<link rel=\"canonical\" href=\"https:\/\/haruu.ee\/en\/toode\/teksakimono\/\" \/>\n<meta property=\"og:locale\" content=\"en_US\" \/>\n<meta property=\"og:type\" content=\"article\" \/>\n<meta property=\"og:title\" content=\"Teksa kimono - Haruu\" \/>\n<meta property=\"og:description\" content=\"Ajatu klassika kohtub modernse mugavusega. Haruu minimalistlik teksa kimono on loodud naisele, kes hindab peenet stiili, mugavust ja universaalsust.\" \/>\n<meta property=\"og:url\" content=\"https:\/\/haruu.ee\/en\/toode\/teksakimono\/\" \/>\n<meta property=\"og:site_name\" content=\"Haruu\" \/>\n<meta property=\"article:publisher\" content=\"https:\/\/www.facebook.com\/haruulife\" \/>\n<meta property=\"article:modified_time\" content=\"2026-04-11T13:57:55+00:00\" \/>\n<meta property=\"og:image\" content=\"https:\/\/haruu.ee\/wp-content\/uploads\/2025\/10\/Haruu-57.jpg\" \/>\n\t<meta property=\"og:image:width\" content=\"1280\" \/>\n\t<meta property=\"og:image:height\" content=\"1920\" \/>\n\t<meta property=\"og:image:type\" content=\"image\/jpeg\" \/>\n<meta name=\"twitter:card\" content=\"summary_large_image\" \/>\n<meta name=\"twitter:label1\" content=\"Est. reading time\" \/>\n\t<meta name=\"twitter:data1\" content=\"1 minute\" \/>\n<script type=\"application\/ld+json\" class=\"yoast-schema-graph\">{\"@context\":\"https:\/\/schema.org\",\"@graph\":[{\"@type\":[\"WebPage\",\"ItemPage\"],\"@id\":\"https:\/\/haruu.ee\/en\/toode\/teksakimono\/\",\"url\":\"https:\/\/haruu.ee\/en\/toode\/teksakimono\/\",\"name\":\"Teksa kimono - Haruu\",\"isPartOf\":{\"@id\":\"https:\/\/haruu.ee\/en\/#website\"},\"primaryImageOfPage\":{\"@id\":\"https:\/\/haruu.ee\/en\/toode\/teksakimono\/#primaryimage\"},\"image\":{\"@id\":\"https:\/\/haruu.ee\/en\/toode\/teksakimono\/#primaryimage\"},\"thumbnailUrl\":\"https:\/\/haruu.ee\/wp-content\/uploads\/2025\/10\/Haruu-57.jpg\",\"datePublished\":\"2025-10-31T15:32:17+00:00\",\"dateModified\":\"2026-04-11T13:57:55+00:00\",\"description\":\"Ajatu klassika kohtub modernse mugavusega. Haruu minimalistlik teksa kimono on loodud naisele, kes hindab peenet stiili, mugavust ja universaalsust.\",\"breadcrumb\":{\"@id\":\"https:\/\/haruu.ee\/en\/toode\/teksakimono\/#breadcrumb\"},\"inLanguage\":\"en-US\",\"potentialAction\":[{\"@type\":\"ReadAction\",\"target\":[\"https:\/\/haruu.ee\/en\/toode\/teksakimono\/\"]}]},{\"@type\":\"ImageObject\",\"inLanguage\":\"en-US\",\"@id\":\"https:\/\/haruu.ee\/en\/toode\/teksakimono\/#primaryimage\",\"url\":\"https:\/\/haruu.ee\/wp-content\/uploads\/2025\/10\/Haruu-57.jpg\",\"contentUrl\":\"https:\/\/haruu.ee\/wp-content\/uploads\/2025\/10\/Haruu-57.jpg\",\"width\":1280,\"height\":1920},{\"@type\":\"BreadcrumbList\",\"@id\":\"https:\/\/haruu.ee\/en\/toode\/teksakimono\/#breadcrumb\",\"itemListElement\":[{\"@type\":\"ListItem\",\"position\":1,\"name\":\"Avaleht\",\"item\":\"https:\/\/haruu.ee\/en\/\"},{\"@type\":\"ListItem\",\"position\":2,\"name\":\"Shop\",\"item\":\"https:\/\/haruu.ee\/en\/shop\/\"},{\"@type\":\"ListItem\",\"position\":3,\"name\":\"All Products\",\"item\":\"https:\/\/haruu.ee\/en\/product-category\/all-products\/\"},{\"@type\":\"ListItem\",\"position\":4,\"name\":\"Teksa kimono\"}]},{\"@type\":\"WebSite\",\"@id\":\"https:\/\/haruu.ee\/en\/#website\",\"url\":\"https:\/\/haruu.ee\/en\/\",\"name\":\"Haruu\",\"description\":\"Inspiratsiooni ja elustiili br&auml;nd, kus kohtuvad &uuml;rgne loodus, j&auml;tkusuutlik eluviis ja koos loomine pereettev&otilde;ttena\",\"publisher\":{\"@id\":\"https:\/\/haruu.ee\/en\/#organization\"},\"potentialAction\":[{\"@type\":\"SearchAction\",\"target\":{\"@type\":\"EntryPoint\",\"urlTemplate\":\"https:\/\/haruu.ee\/en\/?s={search_term_string}\"},\"query-input\":{\"@type\":\"PropertyValueSpecification\",\"valueRequired\":true,\"valueName\":\"search_term_string\"}}],\"inLanguage\":\"en-US\"},{\"@type\":\"Organization\",\"@id\":\"https:\/\/haruu.ee\/en\/#organization\",\"name\":\"Haruu\",\"url\":\"https:\/\/haruu.ee\/en\/\",\"logo\":{\"@type\":\"ImageObject\",\"inLanguage\":\"en-US\",\"@id\":\"https:\/\/haruu.ee\/en\/#\/schema\/logo\/image\/\",\"url\":\"https:\/\/haruu.ee\/wp-content\/uploads\/2022\/07\/haruu-logo-taustata-1-1.png\",\"contentUrl\":\"https:\/\/haruu.ee\/wp-content\/uploads\/2022\/07\/haruu-logo-taustata-1-1.png\",\"width\":1168,\"height\":312,\"caption\":\"Haruu\"},\"image\":{\"@id\":\"https:\/\/haruu.ee\/en\/#\/schema\/logo\/image\/\"},\"sameAs\":[\"https:\/\/www.facebook.com\/haruulife\"]}]}<\/script>\n<!-- \/ Yoast SEO plugin. -->","yoast_head_json":{"title":"Teksa kimono - Haruu","description":"Ajatu klassika kohtub modernse mugavusega. Haruu minimalistlik teksa kimono on loodud naisele, kes hindab peenet stiili, mugavust ja universaalsust.","robots":{"index":"index","follow":"follow","max-snippet":"max-snippet:-1","max-image-preview":"max-image-preview:large","max-video-preview":"max-video-preview:-1"},"canonical":"https:\/\/haruu.ee\/en\/toode\/teksakimono\/","og_locale":"en_US","og_type":"article","og_title":"Teksa kimono - Haruu","og_description":"Ajatu klassika kohtub modernse mugavusega. Haruu minimalistlik teksa kimono on loodud naisele, kes hindab peenet stiili, mugavust ja universaalsust.","og_url":"https:\/\/haruu.ee\/en\/toode\/teksakimono\/","og_site_name":"Haruu","article_publisher":"https:\/\/www.facebook.com\/haruulife","article_modified_time":"2026-04-11T13:57:55+00:00","og_image":[{"width":1280,"height":1920,"url":"https:\/\/haruu.ee\/wp-content\/uploads\/2025\/10\/Haruu-57.jpg","type":"image\/jpeg"}],"twitter_card":"summary_large_image","twitter_misc":{"Est. reading time":"1 minute"},"schema":{"@context":"https:\/\/schema.org","@graph":[{"@type":["WebPage","ItemPage"],"@id":"https:\/\/haruu.ee\/en\/toode\/teksakimono\/","url":"https:\/\/haruu.ee\/en\/toode\/teksakimono\/","name":"Teksa kimono - Haruu","isPartOf":{"@id":"https:\/\/haruu.ee\/en\/#website"},"primaryImageOfPage":{"@id":"https:\/\/haruu.ee\/en\/toode\/teksakimono\/#primaryimage"},"image":{"@id":"https:\/\/haruu.ee\/en\/toode\/teksakimono\/#primaryimage"},"thumbnailUrl":"https:\/\/haruu.ee\/wp-content\/uploads\/2025\/10\/Haruu-57.jpg","datePublished":"2025-10-31T15:32:17+00:00","dateModified":"2026-04-11T13:57:55+00:00","description":"Ajatu klassika kohtub modernse mugavusega. Haruu minimalistlik teksa kimono on loodud naisele, kes hindab peenet stiili, mugavust ja universaalsust.","breadcrumb":{"@id":"https:\/\/haruu.ee\/en\/toode\/teksakimono\/#breadcrumb"},"inLanguage":"en-US","potentialAction":[{"@type":"ReadAction","target":["https:\/\/haruu.ee\/en\/toode\/teksakimono\/"]}]},{"@type":"ImageObject","inLanguage":"en-US","@id":"https:\/\/haruu.ee\/en\/toode\/teksakimono\/#primaryimage","url":"https:\/\/haruu.ee\/wp-content\/uploads\/2025\/10\/Haruu-57.jpg","contentUrl":"https:\/\/haruu.ee\/wp-content\/uploads\/2025\/10\/Haruu-57.jpg","width":1280,"height":1920},{"@type":"BreadcrumbList","@id":"https:\/\/haruu.ee\/en\/toode\/teksakimono\/#breadcrumb","itemListElement":[{"@type":"ListItem","position":1,"name":"Avaleht","item":"https:\/\/haruu.ee\/en\/"},{"@type":"ListItem","position":2,"name":"Shop","item":"https:\/\/haruu.ee\/en\/shop\/"},{"@type":"ListItem","position":3,"name":"All Products","item":"https:\/\/haruu.ee\/en\/product-category\/all-products\/"},{"@type":"ListItem","position":4,"name":"Teksa kimono"}]},{"@type":"WebSite","@id":"https:\/\/haruu.ee\/en\/#website","url":"https:\/\/haruu.ee\/en\/","name":"Haruu","description":"Inspiratsiooni ja elustiili br&auml;nd, kus kohtuvad &uuml;rgne loodus, j&auml;tkusuutlik eluviis ja koos loomine pereettev&otilde;ttena","publisher":{"@id":"https:\/\/haruu.ee\/en\/#organization"},"potentialAction":[{"@type":"SearchAction","target":{"@type":"EntryPoint","urlTemplate":"https:\/\/haruu.ee\/en\/?s={search_term_string}"},"query-input":{"@type":"PropertyValueSpecification","valueRequired":true,"valueName":"search_term_string"}}],"inLanguage":"en-US"},{"@type":"Organization","@id":"https:\/\/haruu.ee\/en\/#organization","name":"Haruu","url":"https:\/\/haruu.ee\/en\/","logo":{"@type":"ImageObject","inLanguage":"en-US","@id":"https:\/\/haruu.ee\/en\/#\/schema\/logo\/image\/","url":"https:\/\/haruu.ee\/wp-content\/uploads\/2022\/07\/haruu-logo-taustata-1-1.png","contentUrl":"https:\/\/haruu.ee\/wp-content\/uploads\/2022\/07\/haruu-logo-taustata-1-1.png","width":1168,"height":312,"caption":"Haruu"},"image":{"@id":"https:\/\/haruu.ee\/en\/#\/schema\/logo\/image\/"},"sameAs":["https:\/\/www.facebook.com\/haruulife"]}]}},"_links":{"self":[{"href":"https:\/\/haruu.ee\/en\/wp-json\/wp\/v2\/product\/20564","targetHints":{"allow":["GET"]}}],"collection":[{"href":"https:\/\/haruu.ee\/en\/wp-json\/wp\/v2\/product"}],"about":[{"href":"https:\/\/haruu.ee\/en\/wp-json\/wp\/v2\/types\/product"}],"wp:featuredmedia":[{"embeddable":true,"href":"https:\/\/haruu.ee\/en\/wp-json\/wp\/v2\/media\/22147"}],"wp:attachment":[{"href":"https:\/\/haruu.ee\/en\/wp-json\/wp\/v2\/media?parent=20564"}],"wp:term":[{"taxonomy":"product_brand","embeddable":true,"href":"https:\/\/haruu.ee\/en\/wp-json\/wp\/v2\/product_brand?post=20564"},{"taxonomy":"product_cat","embeddable":true,"href":"https:\/\/haruu.ee\/en\/wp-json\/wp\/v2\/product_cat?post=20564"},{"taxonomy":"product_tag","embeddable":true,"href":"https:\/\/haruu.ee\/en\/wp-json\/wp\/v2\/product_tag?post=20564"}],"curies":[{"name":"wp","href":"https:\/\/api.w.org\/{rel}","templated":true}]}}