


{"id":20584,"date":"2025-09-17T22:09:32","date_gmt":"2025-09-17T19:09:32","guid":{"rendered":"https:\/\/haruu.ee\/?post_type=product&#038;p=20584"},"modified":"2026-04-05T21:07:09","modified_gmt":"2026-04-05T18:07:09","slug":"teksapuksid","status":"publish","type":"product","link":"https:\/\/haruu.ee\/en\/toode\/teksapuksid\/","title":{"rendered":"Teksap\u00fcksid"},"content":{"rendered":"<p data-start=\"2233\" data-end=\"2436\"><strong data-start=\"2233\" data-end=\"2297\">Kas p\u00fcksid sobivad pigem kontorisse v\u00f5i vaba aja veetmiseks?<\/strong><br data-start=\"2297\" data-end=\"2300\" \/>M\u00f5lemaks. L\u00f5ige ja viigiga detail loovad piisava elegantsi kontoriks, samas j\u00e4\u00e4vad need piisavalt mugavaks ka igap\u00e4evaseks kandmiseks.<\/p>\n<p data-start=\"2438\" data-end=\"2562\"><strong data-start=\"2438\" data-end=\"2473\">Kas k\u00f5rgem l\u00f5ige on v\u00e4ga k\u00f5rge?<\/strong><br data-start=\"2473\" data-end=\"2476\" \/>L\u00f5ige on mugavalt k\u00f5rgem, pakkudes kindlat istuvust ja visuaalselt kaunist siluetti.<\/p>\n<p data-start=\"2564\" data-end=\"2679\"><strong data-start=\"2564\" data-end=\"2606\">Kas p\u00fcksid on pigem j\u00e4igad v\u00f5i pehmed?<\/strong><br data-start=\"2606\" data-end=\"2609\" \/>Kangas on pehme ja liikumist v\u00f5imaldav, s\u00e4ilitades samas struktuuri.<\/p>\n<p><span data-sheets-root=\"1\">Saadaval kahes v\u00e4rvitoonis: must ja tumesinine<br \/>\nKoostis: 97% puuvill, 3% spandex<\/span><\/p>\n<p><strong>Hooldus:<br \/>\n<\/strong>Toode on valmistatud ehtsa indigoga v\u00e4rvitud teksakangast, elavast ja hingavast materjalist. Aja jooksul loob teksa kangale iseloomuliku mustri ja tooni. Kuna indigov\u00e4rv j\u00e4\u00e4b \u00f5rnalt kiudude pinnale, v\u00f5ib kangas alguses veidi v\u00e4rvi anda. See on loomulik osa teksakanga olemusest. Pese \u00f5rnalt, eraldi v\u00f5i koos tumedate toonidega. Keera toode alati pahempidi, et kaitsta kangast ja v\u00e4rvi. Temperatuur max 30 kraadi ja v\u00e4ldi tugevaid kemikaale ning pleegitusaineid. Kasuta \u00f5rna tsentrifuugi (kuni 400 p\u00f6\u00f6ret) v\u00f5i lase kuivada ilma tsentrifuugita. Esimestel kordadel hoia toodet eemal heledatest kangastest ja m\u00f6\u00f6blist.<\/p>\n<p data-start=\"2113\" data-end=\"2215\">Iga kandmise ja pesuga muutub kangas stabiilsemaks ning kujuneb just Sinu kandmisviisile omane ilme.<\/p>\n<p><strong>M\u00f5\u00f5dutabel:<br \/>\n<\/strong>Soovitame p\u00fcksid valida \u00fcks number v\u00e4iksemad, kui sa tavap\u00e4raselt kannad.<\/p>\n<table>\n<thead>\n<tr>\n<th>Suurus <strong>(cm)<\/strong><\/th>\n<th><strong>XS<\/strong><\/th>\n<th><strong>S\/M<\/strong><\/th>\n<th><strong>M\/L<\/strong><\/th>\n<th><strong>L\/XL<\/strong><\/th>\n<th><strong>XXL<\/strong><\/th>\n<\/tr>\n<\/thead>\n<tbody>\n<tr>\n<td>V\u00f6\u00f6\u00fcmberm\u00f5\u00f5t<\/td>\n<td>63\u201377<\/td>\n<td>72\u201380<\/td>\n<td>78\u201387<\/td>\n<td>86\u201396<\/td>\n<td>88\u2013104<\/td>\n<\/tr>\n<tr>\n<td>Puusa\u00fcmberm\u00f5\u00f5t<\/td>\n<td>101<\/td>\n<td>104<\/td>\n<td>112<\/td>\n<td>126<\/td>\n<td>128<\/td>\n<\/tr>\n<tr>\n<td>\u00dcldpikkus<\/td>\n<td>102<\/td>\n<td>106<\/td>\n<td>106<\/td>\n<td>107<\/td>\n<td>107<\/td>\n<\/tr>\n<\/tbody>\n<\/table>\n<p>P\u00fckste pikem versioon on \u00fcldpikkus +7 cm.<\/p>\n","protected":false},"excerpt":{"rendered":"<p><strong>Klassika, mis liigub koos Sinuga.<\/strong><\/p>\n<p data-start=\"212\" data-end=\"410\">Klassikalised, ent mugavalt modernsed Haruu teksap\u00fcksid on loodud naisele, kes hindab nii elegantsi kui ka liikumisvabadust. Need on p\u00fcksid, mis annavad Sulle kindluse ja mugavuse igal sammul. Mugav k\u00f5rgem l\u00f5ige ja pehme kangas loovad tasakaalu struktuuri ja pehmuse vahel. Viigiga s\u00e4\u00e4red lisavad vormi ja elegantset joont, tuues teksap\u00fckstesse kerge viite \u0161ikile stiilile. See on garderoobiklassika, mis ei l\u00e4he moest, vaid kohandub Sinu p\u00e4evaga.<\/p>\n<p data-start=\"773\" data-end=\"801\"><strong>Miks just need p\u00fcksid?<\/strong><\/p>\n<ul>\n<li data-start=\"805\" data-end=\"839\">Ajatu l\u00f5ige modernse tunnetusega<\/li>\n<li data-start=\"842\" data-end=\"864\">Mugav k\u00f5rgem pihaosa<\/li>\n<li data-start=\"867\" data-end=\"904\">Pehme ja liikumist v\u00f5imaldav kangas<\/li>\n<li data-start=\"907\" data-end=\"957\">Viigiga s\u00e4\u00e4red, elegantne ja vormi andev detail<\/li>\n<\/ul>\n<p data-start=\"1034\" data-end=\"1074\"><strong>Detailid, mis t\u00f6\u00f6tavad Sinu kasuks:<\/strong><\/p>\n<ul>\n<li data-start=\"1078\" data-end=\"1103\">Eest n\u00f6\u00f6pidega kinnitus<\/li>\n<li data-start=\"1106\" data-end=\"1160\">\u00dcmber piha mugav kumm, lisamugavus ja parem istuvus<\/li>\n<li data-start=\"1163\" data-end=\"1204\">Viigiga s\u00e4\u00e4red, mis r\u00f5hutavad jalajoont<\/li>\n<li data-start=\"1207\" data-end=\"1247\">Klassikaline, kuid mitmek\u00fclgne siluett<\/li>\n<li data-start=\"1250\" data-end=\"1284\">Disainitud ja valmistatud Eestis<\/li>\n<\/ul>\n<p data-start=\"1286\" data-end=\"1387\">Vali oma suurus ja lisa ostukorvi. Need on teksap\u00fcksid, mis ei t\u00f6\u00f6ta Sinu vastu, vaid koos Sinuga. Sobivad nii kontorisse elegantsema pluusiga kui ka vaba aja hetkedeks T-s\u00e4rgi v\u00f5i kampsuniga. Vaata ka meie <a href=\"https:\/\/haruu.ee\/toode\/teksapluus\/\">teksapluusi<\/a> ja <a href=\"https:\/\/haruu.ee\/toode\/teksakimono\/\">teksa kimonot<\/a>.<\/p>\n","protected":false},"featured_media":22160,"template":"","meta":[],"product_brand":[],"product_cat":[88,85],"product_tag":[],"class_list":{"0":"post-20584","1":"product","2":"type-product","3":"status-publish","4":"has-post-thumbnail","6":"product_cat-koik-tooted","7":"product_cat-naised","8":"pa_aaaaa-tumesinine","9":"pa_aaaaa-must","11":"first","12":"instock","13":"taxable","14":"shipping-taxable","15":"purchasable","16":"product-type-variable"},"yoast_head":"<!-- This site is optimized with the Yoast SEO plugin v25.1 - https:\/\/yoast.com\/wordpress\/plugins\/seo\/ -->\n<title>Teksap\u00fcksid - Haruu<\/title>\n<meta name=\"description\" content=\"Klassikalised, ent mugavalt modernsed Haruu teksap\u00fcksid on loodud naisele, kes hindab nii elegantsi kui ka liikumisvabadust.\" \/>\n<meta name=\"robots\" content=\"index, follow, max-snippet:-1, max-image-preview:large, max-video-preview:-1\" \/>\n<link rel=\"canonical\" href=\"https:\/\/haruu.ee\/en\/toode\/teksapuksid\/\" \/>\n<meta property=\"og:locale\" content=\"en_US\" \/>\n<meta property=\"og:type\" content=\"article\" \/>\n<meta property=\"og:title\" content=\"Teksap\u00fcksid - Haruu\" \/>\n<meta property=\"og:description\" content=\"Klassikalised, ent mugavalt modernsed Haruu teksap\u00fcksid on loodud naisele, kes hindab nii elegantsi kui ka liikumisvabadust.\" \/>\n<meta property=\"og:url\" content=\"https:\/\/haruu.ee\/en\/toode\/teksapuksid\/\" \/>\n<meta property=\"og:site_name\" content=\"Haruu\" \/>\n<meta property=\"article:publisher\" content=\"https:\/\/www.facebook.com\/haruulife\" \/>\n<meta property=\"article:modified_time\" content=\"2026-04-05T18:07:09+00:00\" \/>\n<meta property=\"og:image\" content=\"https:\/\/haruu.ee\/wp-content\/uploads\/2025\/09\/Haruu-77.jpg\" \/>\n\t<meta property=\"og:image:width\" content=\"1280\" \/>\n\t<meta property=\"og:image:height\" content=\"1920\" \/>\n\t<meta property=\"og:image:type\" content=\"image\/jpeg\" \/>\n<meta name=\"twitter:card\" content=\"summary_large_image\" \/>\n<meta name=\"twitter:label1\" content=\"Est. reading time\" \/>\n\t<meta name=\"twitter:data1\" content=\"2 minutes\" \/>\n<script type=\"application\/ld+json\" class=\"yoast-schema-graph\">{\"@context\":\"https:\/\/schema.org\",\"@graph\":[{\"@type\":[\"WebPage\",\"ItemPage\"],\"@id\":\"https:\/\/haruu.ee\/en\/toode\/teksapuksid\/\",\"url\":\"https:\/\/haruu.ee\/en\/toode\/teksapuksid\/\",\"name\":\"Teksap\u00fcksid - Haruu\",\"isPartOf\":{\"@id\":\"https:\/\/haruu.ee\/en\/#website\"},\"primaryImageOfPage\":{\"@id\":\"https:\/\/haruu.ee\/en\/toode\/teksapuksid\/#primaryimage\"},\"image\":{\"@id\":\"https:\/\/haruu.ee\/en\/toode\/teksapuksid\/#primaryimage\"},\"thumbnailUrl\":\"https:\/\/haruu.ee\/wp-content\/uploads\/2025\/09\/Haruu-77.jpg\",\"datePublished\":\"2025-09-17T19:09:32+00:00\",\"dateModified\":\"2026-04-05T18:07:09+00:00\",\"description\":\"Klassikalised, ent mugavalt modernsed Haruu teksap\u00fcksid on loodud naisele, kes hindab nii elegantsi kui ka liikumisvabadust.\",\"breadcrumb\":{\"@id\":\"https:\/\/haruu.ee\/en\/toode\/teksapuksid\/#breadcrumb\"},\"inLanguage\":\"en-US\",\"potentialAction\":[{\"@type\":\"ReadAction\",\"target\":[\"https:\/\/haruu.ee\/en\/toode\/teksapuksid\/\"]}]},{\"@type\":\"ImageObject\",\"inLanguage\":\"en-US\",\"@id\":\"https:\/\/haruu.ee\/en\/toode\/teksapuksid\/#primaryimage\",\"url\":\"https:\/\/haruu.ee\/wp-content\/uploads\/2025\/09\/Haruu-77.jpg\",\"contentUrl\":\"https:\/\/haruu.ee\/wp-content\/uploads\/2025\/09\/Haruu-77.jpg\",\"width\":1280,\"height\":1920},{\"@type\":\"BreadcrumbList\",\"@id\":\"https:\/\/haruu.ee\/en\/toode\/teksapuksid\/#breadcrumb\",\"itemListElement\":[{\"@type\":\"ListItem\",\"position\":1,\"name\":\"Avaleht\",\"item\":\"https:\/\/haruu.ee\/en\/\"},{\"@type\":\"ListItem\",\"position\":2,\"name\":\"Shop\",\"item\":\"https:\/\/haruu.ee\/en\/shop\/\"},{\"@type\":\"ListItem\",\"position\":3,\"name\":\"All Products\",\"item\":\"https:\/\/haruu.ee\/en\/product-category\/all-products\/\"},{\"@type\":\"ListItem\",\"position\":4,\"name\":\"Teksap\u00fcksid\"}]},{\"@type\":\"WebSite\",\"@id\":\"https:\/\/haruu.ee\/en\/#website\",\"url\":\"https:\/\/haruu.ee\/en\/\",\"name\":\"Haruu\",\"description\":\"Inspiratsiooni ja elustiili br&auml;nd, kus kohtuvad &uuml;rgne loodus, j&auml;tkusuutlik eluviis ja koos loomine pereettev&otilde;ttena\",\"publisher\":{\"@id\":\"https:\/\/haruu.ee\/en\/#organization\"},\"potentialAction\":[{\"@type\":\"SearchAction\",\"target\":{\"@type\":\"EntryPoint\",\"urlTemplate\":\"https:\/\/haruu.ee\/en\/?s={search_term_string}\"},\"query-input\":{\"@type\":\"PropertyValueSpecification\",\"valueRequired\":true,\"valueName\":\"search_term_string\"}}],\"inLanguage\":\"en-US\"},{\"@type\":\"Organization\",\"@id\":\"https:\/\/haruu.ee\/en\/#organization\",\"name\":\"Haruu\",\"url\":\"https:\/\/haruu.ee\/en\/\",\"logo\":{\"@type\":\"ImageObject\",\"inLanguage\":\"en-US\",\"@id\":\"https:\/\/haruu.ee\/en\/#\/schema\/logo\/image\/\",\"url\":\"https:\/\/haruu.ee\/wp-content\/uploads\/2022\/07\/haruu-logo-taustata-1-1.png\",\"contentUrl\":\"https:\/\/haruu.ee\/wp-content\/uploads\/2022\/07\/haruu-logo-taustata-1-1.png\",\"width\":1168,\"height\":312,\"caption\":\"Haruu\"},\"image\":{\"@id\":\"https:\/\/haruu.ee\/en\/#\/schema\/logo\/image\/\"},\"sameAs\":[\"https:\/\/www.facebook.com\/haruulife\"]}]}<\/script>\n<!-- \/ Yoast SEO plugin. -->","yoast_head_json":{"title":"Teksap\u00fcksid - Haruu","description":"Klassikalised, ent mugavalt modernsed Haruu teksap\u00fcksid on loodud naisele, kes hindab nii elegantsi kui ka liikumisvabadust.","robots":{"index":"index","follow":"follow","max-snippet":"max-snippet:-1","max-image-preview":"max-image-preview:large","max-video-preview":"max-video-preview:-1"},"canonical":"https:\/\/haruu.ee\/en\/toode\/teksapuksid\/","og_locale":"en_US","og_type":"article","og_title":"Teksap\u00fcksid - Haruu","og_description":"Klassikalised, ent mugavalt modernsed Haruu teksap\u00fcksid on loodud naisele, kes hindab nii elegantsi kui ka liikumisvabadust.","og_url":"https:\/\/haruu.ee\/en\/toode\/teksapuksid\/","og_site_name":"Haruu","article_publisher":"https:\/\/www.facebook.com\/haruulife","article_modified_time":"2026-04-05T18:07:09+00:00","og_image":[{"width":1280,"height":1920,"url":"https:\/\/haruu.ee\/wp-content\/uploads\/2025\/09\/Haruu-77.jpg","type":"image\/jpeg"}],"twitter_card":"summary_large_image","twitter_misc":{"Est. reading time":"2 minutes"},"schema":{"@context":"https:\/\/schema.org","@graph":[{"@type":["WebPage","ItemPage"],"@id":"https:\/\/haruu.ee\/en\/toode\/teksapuksid\/","url":"https:\/\/haruu.ee\/en\/toode\/teksapuksid\/","name":"Teksap\u00fcksid - Haruu","isPartOf":{"@id":"https:\/\/haruu.ee\/en\/#website"},"primaryImageOfPage":{"@id":"https:\/\/haruu.ee\/en\/toode\/teksapuksid\/#primaryimage"},"image":{"@id":"https:\/\/haruu.ee\/en\/toode\/teksapuksid\/#primaryimage"},"thumbnailUrl":"https:\/\/haruu.ee\/wp-content\/uploads\/2025\/09\/Haruu-77.jpg","datePublished":"2025-09-17T19:09:32+00:00","dateModified":"2026-04-05T18:07:09+00:00","description":"Klassikalised, ent mugavalt modernsed Haruu teksap\u00fcksid on loodud naisele, kes hindab nii elegantsi kui ka liikumisvabadust.","breadcrumb":{"@id":"https:\/\/haruu.ee\/en\/toode\/teksapuksid\/#breadcrumb"},"inLanguage":"en-US","potentialAction":[{"@type":"ReadAction","target":["https:\/\/haruu.ee\/en\/toode\/teksapuksid\/"]}]},{"@type":"ImageObject","inLanguage":"en-US","@id":"https:\/\/haruu.ee\/en\/toode\/teksapuksid\/#primaryimage","url":"https:\/\/haruu.ee\/wp-content\/uploads\/2025\/09\/Haruu-77.jpg","contentUrl":"https:\/\/haruu.ee\/wp-content\/uploads\/2025\/09\/Haruu-77.jpg","width":1280,"height":1920},{"@type":"BreadcrumbList","@id":"https:\/\/haruu.ee\/en\/toode\/teksapuksid\/#breadcrumb","itemListElement":[{"@type":"ListItem","position":1,"name":"Avaleht","item":"https:\/\/haruu.ee\/en\/"},{"@type":"ListItem","position":2,"name":"Shop","item":"https:\/\/haruu.ee\/en\/shop\/"},{"@type":"ListItem","position":3,"name":"All Products","item":"https:\/\/haruu.ee\/en\/product-category\/all-products\/"},{"@type":"ListItem","position":4,"name":"Teksap\u00fcksid"}]},{"@type":"WebSite","@id":"https:\/\/haruu.ee\/en\/#website","url":"https:\/\/haruu.ee\/en\/","name":"Haruu","description":"Inspiratsiooni ja elustiili br&auml;nd, kus kohtuvad &uuml;rgne loodus, j&auml;tkusuutlik eluviis ja koos loomine pereettev&otilde;ttena","publisher":{"@id":"https:\/\/haruu.ee\/en\/#organization"},"potentialAction":[{"@type":"SearchAction","target":{"@type":"EntryPoint","urlTemplate":"https:\/\/haruu.ee\/en\/?s={search_term_string}"},"query-input":{"@type":"PropertyValueSpecification","valueRequired":true,"valueName":"search_term_string"}}],"inLanguage":"en-US"},{"@type":"Organization","@id":"https:\/\/haruu.ee\/en\/#organization","name":"Haruu","url":"https:\/\/haruu.ee\/en\/","logo":{"@type":"ImageObject","inLanguage":"en-US","@id":"https:\/\/haruu.ee\/en\/#\/schema\/logo\/image\/","url":"https:\/\/haruu.ee\/wp-content\/uploads\/2022\/07\/haruu-logo-taustata-1-1.png","contentUrl":"https:\/\/haruu.ee\/wp-content\/uploads\/2022\/07\/haruu-logo-taustata-1-1.png","width":1168,"height":312,"caption":"Haruu"},"image":{"@id":"https:\/\/haruu.ee\/en\/#\/schema\/logo\/image\/"},"sameAs":["https:\/\/www.facebook.com\/haruulife"]}]}},"_links":{"self":[{"href":"https:\/\/haruu.ee\/en\/wp-json\/wp\/v2\/product\/20584","targetHints":{"allow":["GET"]}}],"collection":[{"href":"https:\/\/haruu.ee\/en\/wp-json\/wp\/v2\/product"}],"about":[{"href":"https:\/\/haruu.ee\/en\/wp-json\/wp\/v2\/types\/product"}],"wp:featuredmedia":[{"embeddable":true,"href":"https:\/\/haruu.ee\/en\/wp-json\/wp\/v2\/media\/22160"}],"wp:attachment":[{"href":"https:\/\/haruu.ee\/en\/wp-json\/wp\/v2\/media?parent=20584"}],"wp:term":[{"taxonomy":"product_brand","embeddable":true,"href":"https:\/\/haruu.ee\/en\/wp-json\/wp\/v2\/product_brand?post=20584"},{"taxonomy":"product_cat","embeddable":true,"href":"https:\/\/haruu.ee\/en\/wp-json\/wp\/v2\/product_cat?post=20584"},{"taxonomy":"product_tag","embeddable":true,"href":"https:\/\/haruu.ee\/en\/wp-json\/wp\/v2\/product_tag?post=20584"}],"curies":[{"name":"wp","href":"https:\/\/api.w.org\/{rel}","templated":true}]}}