


{"id":20979,"date":"2025-10-02T14:03:03","date_gmt":"2025-10-02T11:03:03","guid":{"rendered":"https:\/\/haruu.ee\/?post_type=product&#038;p=20979"},"modified":"2026-04-06T12:54:46","modified_gmt":"2026-04-06T09:54:46","slug":"haruu-x-homeinestonia-puksid-uus","status":"publish","type":"product","link":"https:\/\/haruu.ee\/en\/toode\/haruu-x-homeinestonia-puksid-uus\/","title":{"rendered":"Haruu x Homeinestonia p\u00fcksid"},"content":{"rendered":"<p><strong data-start=\"285\" data-end=\"334\">Kas p\u00fcksid sobivad erinevatele kehat\u00fc\u00fcpidele?<\/strong><br data-start=\"334\" data-end=\"337\" \/>Jah. T\u00e4nu avaramale l\u00f5ikele ja pehmele, kergelt elastsele kangale istuvad p\u00fcksid mugavalt erinevatele kehakujudele.<\/p>\n<p><strong data-start=\"1005\" data-end=\"1032\">Milline on kanga tunne?<\/strong><br data-start=\"1032\" data-end=\"1035\" \/>Kangas on pehme, hingav ja nahas\u00f5bralik. Puuvilla ja elastaani segu annab kangale kerge elastsuse, mis tagab mugavuse ning aitab p\u00fckstel paremini vormi hoida.<\/p>\n<p><strong data-start=\"755\" data-end=\"816\">Kas p\u00fckse saab kanda ainult sama kollektsiooni toodetega?<\/strong><br data-start=\"816\" data-end=\"819\" \/>Ei. Kuigi p\u00fcksid on loodud sobituma sama kollektsiooni pusa ja kimono-jakiga, saab neid v\u00e4ga h\u00e4sti kombineerida ka teiste garderoobiesemetega, n\u00e4iteks t-s\u00e4rgi, kampsuni v\u00f5i bleiseriga.<\/p>\n<p><strong>Hooldus:<br \/>\n<\/strong>Soovitame pesta p\u00fckse \u00f5rna pesuprogrammiga kuni 30 \u00b0C juures koos sarnast v\u00e4rvi pesuga. Kuivata p\u00fcksid loomulikult riputatuna, et s\u00e4ilitada kanga kvaliteet ja kuju.<\/p>\n<p>Suurused XS, S\/M, L\/XL.<br \/>\nP\u00fckse saame teha ka\u00a0<strong>eritellimusel,\u00a0<\/strong>vastavalt kliendi soovile.<\/p>\n<table width=\"350\">\n<tbody>\n<tr>\n<td width=\"110\">Toote suurus<\/td>\n<td width=\"64\">XS<\/td>\n<td width=\"64\">S\/M<\/td>\n<td width=\"64\">L\/XL<\/td>\n<\/tr>\n<tr>\n<td>V\u00f6\u00f6\u00fcmberm\u00f5\u00f5t<\/td>\n<td>62-86<\/td>\n<td>70-104<\/td>\n<td>75-110<\/td>\n<\/tr>\n<tr>\n<td>\u00dcldpikkus<\/td>\n<td>104<\/td>\n<td>104<\/td>\n<td>110<\/td>\n<\/tr>\n<\/tbody>\n<\/table>\n<p>Materjal: 95% \u00f6ko-tex puuvill, 5% elastaani<br \/>\nHooldus: soovitame pesta 30 kraadiga ja kuni 800 tsentrifuugiga<\/p>\n","protected":false},"excerpt":{"rendered":"<p><strong>Stiilne ja ajatu mugavus<\/strong><\/p>\n<p>Uus bordoopunane mudel on v\u00e4ikese uuendusega versioon Haruu x HomeInEstonia populaarsetest p\u00fckstest. Seekordne mudel toob kollektsiooni uue bordoo tooni ning puhtama ja lihtsama l\u00f5ike, kus varasemate mudelite k\u00fclgmised l\u00f5hikud on eemaldatud, et luua veelgi ajatum ja mitmek\u00fclgsem siluett.<\/p>\n<p><strong>L\u00e4bim\u00f5eldud detailid:<\/strong><\/p>\n<ul>\n<li>Uuenenud mudelil puuduvad k\u00fclgmised l\u00f5hikud, mis loob puhtama ja minimalistlikuma v\u00e4limuse<\/li>\n<li>P\u00fckstel on klassikaline sirge ja avaram l\u00f5ige, mis tagab mugava istuvuse ja liikumisvabaduse kogu p\u00e4eva jooksul<\/li>\n<li>Suured praktilised taskud lisavad p\u00fckstele funktsionaalsust ja igap\u00e4evast kasutusmugavust<\/li>\n<li>Kangast t\u00e4iustab efektne triibuline tekstuur, mis lisab minimalistlikule disainile s\u00fcgavust ja iseloomu<\/li>\n<li>Eesti disain<\/li>\n<\/ul>\n<p>Need p\u00fcksid on loodud m\u00f5ttega, et neid saaks kanda igas olukorras, olgu selleks rahulik p\u00e4ev kodus, t\u00f6\u00f6p\u00e4ev kontoris v\u00f5i \u00f5htune kohtumine linnas. Minimalistlik disain ja ajatud toonid muudavad need p\u00fcksid garderoobi lihtsasti sobitatavaks p\u00f5hiesemeks.<\/p>\n<p>Kollektsioon on s\u00fcndinud <strong data-start=\"494\" data-end=\"532\">Kristiine <\/strong>ja<strong data-start=\"494\" data-end=\"532\"> Merlin Miido <\/strong>koost\u00f6\u00f6s. Vaata ka teisi <a href=\"https:\/\/haruu.ee\/tootekategooria\/homeinestonia\/\">Haruu x HomeInEstonia<\/a>\u00a0tooteid, et neid mugavalt omavahel sobitada.<\/p>\n","protected":false},"featured_media":22258,"template":"","meta":[],"product_brand":[],"product_cat":[123,105,88,85],"product_tag":[],"class_list":{"0":"post-20979","1":"product","2":"type-product","3":"status-publish","4":"has-post-thumbnail","6":"product_cat-allahindlus","7":"product_cat-homeinestonia","8":"product_cat-koik-tooted","9":"product_cat-naised","10":"pa_aaaaa-bordoo-punane","12":"first","13":"instock","14":"sale","15":"taxable","16":"shipping-taxable","17":"purchasable","18":"product-type-variable"},"yoast_head":"<!-- This site is optimized with the Yoast SEO plugin v25.1 - https:\/\/yoast.com\/wordpress\/plugins\/seo\/ -->\n<title>Haruu x Homeinestonia p\u00fcksid - Haruu<\/title>\n<meta name=\"description\" content=\"Uus bordoopunane mudel on v\u00e4ikese uuendusega versioon Haruu x HomeInEstonia populaarsetest p\u00fckstest. Puhtam ja lihtsam l\u00f5ige ilma l\u00f5hikuteta.\" \/>\n<meta name=\"robots\" content=\"index, follow, max-snippet:-1, max-image-preview:large, max-video-preview:-1\" \/>\n<link rel=\"canonical\" href=\"https:\/\/haruu.ee\/en\/toode\/haruu-x-homeinestonia-puksid-uus\/\" \/>\n<meta property=\"og:locale\" content=\"en_US\" \/>\n<meta property=\"og:type\" content=\"article\" \/>\n<meta property=\"og:title\" content=\"Haruu x Homeinestonia p\u00fcksid - Haruu\" \/>\n<meta property=\"og:description\" content=\"Uus bordoopunane mudel on v\u00e4ikese uuendusega versioon Haruu x HomeInEstonia populaarsetest p\u00fckstest. Puhtam ja lihtsam l\u00f5ige ilma l\u00f5hikuteta.\" \/>\n<meta property=\"og:url\" content=\"https:\/\/haruu.ee\/en\/toode\/haruu-x-homeinestonia-puksid-uus\/\" \/>\n<meta property=\"og:site_name\" content=\"Haruu\" \/>\n<meta property=\"article:publisher\" content=\"https:\/\/www.facebook.com\/haruulife\" \/>\n<meta property=\"article:modified_time\" content=\"2026-04-06T09:54:46+00:00\" \/>\n<meta property=\"og:image\" content=\"https:\/\/haruu.ee\/wp-content\/uploads\/2025\/10\/DSC00030.jpg\" \/>\n\t<meta property=\"og:image:width\" content=\"1283\" \/>\n\t<meta property=\"og:image:height\" content=\"1920\" \/>\n\t<meta property=\"og:image:type\" content=\"image\/jpeg\" \/>\n<meta name=\"twitter:card\" content=\"summary_large_image\" \/>\n<meta name=\"twitter:label1\" content=\"Est. reading time\" \/>\n\t<meta name=\"twitter:data1\" content=\"1 minute\" \/>\n<script type=\"application\/ld+json\" class=\"yoast-schema-graph\">{\"@context\":\"https:\/\/schema.org\",\"@graph\":[{\"@type\":[\"WebPage\",\"ItemPage\"],\"@id\":\"https:\/\/haruu.ee\/en\/toode\/haruu-x-homeinestonia-puksid-uus\/\",\"url\":\"https:\/\/haruu.ee\/en\/toode\/haruu-x-homeinestonia-puksid-uus\/\",\"name\":\"Haruu x Homeinestonia p\u00fcksid - Haruu\",\"isPartOf\":{\"@id\":\"https:\/\/haruu.ee\/en\/#website\"},\"primaryImageOfPage\":{\"@id\":\"https:\/\/haruu.ee\/en\/toode\/haruu-x-homeinestonia-puksid-uus\/#primaryimage\"},\"image\":{\"@id\":\"https:\/\/haruu.ee\/en\/toode\/haruu-x-homeinestonia-puksid-uus\/#primaryimage\"},\"thumbnailUrl\":\"https:\/\/haruu.ee\/wp-content\/uploads\/2025\/10\/DSC00030.jpg\",\"datePublished\":\"2025-10-02T11:03:03+00:00\",\"dateModified\":\"2026-04-06T09:54:46+00:00\",\"description\":\"Uus bordoopunane mudel on v\u00e4ikese uuendusega versioon Haruu x HomeInEstonia populaarsetest p\u00fckstest. Puhtam ja lihtsam l\u00f5ige ilma l\u00f5hikuteta.\",\"breadcrumb\":{\"@id\":\"https:\/\/haruu.ee\/en\/toode\/haruu-x-homeinestonia-puksid-uus\/#breadcrumb\"},\"inLanguage\":\"en-US\",\"potentialAction\":[{\"@type\":\"ReadAction\",\"target\":[\"https:\/\/haruu.ee\/en\/toode\/haruu-x-homeinestonia-puksid-uus\/\"]}]},{\"@type\":\"ImageObject\",\"inLanguage\":\"en-US\",\"@id\":\"https:\/\/haruu.ee\/en\/toode\/haruu-x-homeinestonia-puksid-uus\/#primaryimage\",\"url\":\"https:\/\/haruu.ee\/wp-content\/uploads\/2025\/10\/DSC00030.jpg\",\"contentUrl\":\"https:\/\/haruu.ee\/wp-content\/uploads\/2025\/10\/DSC00030.jpg\",\"width\":1283,\"height\":1920},{\"@type\":\"BreadcrumbList\",\"@id\":\"https:\/\/haruu.ee\/en\/toode\/haruu-x-homeinestonia-puksid-uus\/#breadcrumb\",\"itemListElement\":[{\"@type\":\"ListItem\",\"position\":1,\"name\":\"Avaleht\",\"item\":\"https:\/\/haruu.ee\/en\/\"},{\"@type\":\"ListItem\",\"position\":2,\"name\":\"Shop\",\"item\":\"https:\/\/haruu.ee\/en\/shop\/\"},{\"@type\":\"ListItem\",\"position\":3,\"name\":\"Haruu x Homeinestonia\",\"item\":\"https:\/\/haruu.ee\/en\/product-category\/haruu-x-homeinestonia\/\"},{\"@type\":\"ListItem\",\"position\":4,\"name\":\"Haruu x Homeinestonia p\u00fcksid\"}]},{\"@type\":\"WebSite\",\"@id\":\"https:\/\/haruu.ee\/en\/#website\",\"url\":\"https:\/\/haruu.ee\/en\/\",\"name\":\"Haruu\",\"description\":\"Inspiratsiooni ja elustiili br&auml;nd, kus kohtuvad &uuml;rgne loodus, j&auml;tkusuutlik eluviis ja koos loomine pereettev&otilde;ttena\",\"publisher\":{\"@id\":\"https:\/\/haruu.ee\/en\/#organization\"},\"potentialAction\":[{\"@type\":\"SearchAction\",\"target\":{\"@type\":\"EntryPoint\",\"urlTemplate\":\"https:\/\/haruu.ee\/en\/?s={search_term_string}\"},\"query-input\":{\"@type\":\"PropertyValueSpecification\",\"valueRequired\":true,\"valueName\":\"search_term_string\"}}],\"inLanguage\":\"en-US\"},{\"@type\":\"Organization\",\"@id\":\"https:\/\/haruu.ee\/en\/#organization\",\"name\":\"Haruu\",\"url\":\"https:\/\/haruu.ee\/en\/\",\"logo\":{\"@type\":\"ImageObject\",\"inLanguage\":\"en-US\",\"@id\":\"https:\/\/haruu.ee\/en\/#\/schema\/logo\/image\/\",\"url\":\"https:\/\/haruu.ee\/wp-content\/uploads\/2022\/07\/haruu-logo-taustata-1-1.png\",\"contentUrl\":\"https:\/\/haruu.ee\/wp-content\/uploads\/2022\/07\/haruu-logo-taustata-1-1.png\",\"width\":1168,\"height\":312,\"caption\":\"Haruu\"},\"image\":{\"@id\":\"https:\/\/haruu.ee\/en\/#\/schema\/logo\/image\/\"},\"sameAs\":[\"https:\/\/www.facebook.com\/haruulife\"]}]}<\/script>\n<!-- \/ Yoast SEO plugin. -->","yoast_head_json":{"title":"Haruu x Homeinestonia p\u00fcksid - Haruu","description":"Uus bordoopunane mudel on v\u00e4ikese uuendusega versioon Haruu x HomeInEstonia populaarsetest p\u00fckstest. Puhtam ja lihtsam l\u00f5ige ilma l\u00f5hikuteta.","robots":{"index":"index","follow":"follow","max-snippet":"max-snippet:-1","max-image-preview":"max-image-preview:large","max-video-preview":"max-video-preview:-1"},"canonical":"https:\/\/haruu.ee\/en\/toode\/haruu-x-homeinestonia-puksid-uus\/","og_locale":"en_US","og_type":"article","og_title":"Haruu x Homeinestonia p\u00fcksid - Haruu","og_description":"Uus bordoopunane mudel on v\u00e4ikese uuendusega versioon Haruu x HomeInEstonia populaarsetest p\u00fckstest. Puhtam ja lihtsam l\u00f5ige ilma l\u00f5hikuteta.","og_url":"https:\/\/haruu.ee\/en\/toode\/haruu-x-homeinestonia-puksid-uus\/","og_site_name":"Haruu","article_publisher":"https:\/\/www.facebook.com\/haruulife","article_modified_time":"2026-04-06T09:54:46+00:00","og_image":[{"width":1283,"height":1920,"url":"https:\/\/haruu.ee\/wp-content\/uploads\/2025\/10\/DSC00030.jpg","type":"image\/jpeg"}],"twitter_card":"summary_large_image","twitter_misc":{"Est. reading time":"1 minute"},"schema":{"@context":"https:\/\/schema.org","@graph":[{"@type":["WebPage","ItemPage"],"@id":"https:\/\/haruu.ee\/en\/toode\/haruu-x-homeinestonia-puksid-uus\/","url":"https:\/\/haruu.ee\/en\/toode\/haruu-x-homeinestonia-puksid-uus\/","name":"Haruu x Homeinestonia p\u00fcksid - Haruu","isPartOf":{"@id":"https:\/\/haruu.ee\/en\/#website"},"primaryImageOfPage":{"@id":"https:\/\/haruu.ee\/en\/toode\/haruu-x-homeinestonia-puksid-uus\/#primaryimage"},"image":{"@id":"https:\/\/haruu.ee\/en\/toode\/haruu-x-homeinestonia-puksid-uus\/#primaryimage"},"thumbnailUrl":"https:\/\/haruu.ee\/wp-content\/uploads\/2025\/10\/DSC00030.jpg","datePublished":"2025-10-02T11:03:03+00:00","dateModified":"2026-04-06T09:54:46+00:00","description":"Uus bordoopunane mudel on v\u00e4ikese uuendusega versioon Haruu x HomeInEstonia populaarsetest p\u00fckstest. Puhtam ja lihtsam l\u00f5ige ilma l\u00f5hikuteta.","breadcrumb":{"@id":"https:\/\/haruu.ee\/en\/toode\/haruu-x-homeinestonia-puksid-uus\/#breadcrumb"},"inLanguage":"en-US","potentialAction":[{"@type":"ReadAction","target":["https:\/\/haruu.ee\/en\/toode\/haruu-x-homeinestonia-puksid-uus\/"]}]},{"@type":"ImageObject","inLanguage":"en-US","@id":"https:\/\/haruu.ee\/en\/toode\/haruu-x-homeinestonia-puksid-uus\/#primaryimage","url":"https:\/\/haruu.ee\/wp-content\/uploads\/2025\/10\/DSC00030.jpg","contentUrl":"https:\/\/haruu.ee\/wp-content\/uploads\/2025\/10\/DSC00030.jpg","width":1283,"height":1920},{"@type":"BreadcrumbList","@id":"https:\/\/haruu.ee\/en\/toode\/haruu-x-homeinestonia-puksid-uus\/#breadcrumb","itemListElement":[{"@type":"ListItem","position":1,"name":"Avaleht","item":"https:\/\/haruu.ee\/en\/"},{"@type":"ListItem","position":2,"name":"Shop","item":"https:\/\/haruu.ee\/en\/shop\/"},{"@type":"ListItem","position":3,"name":"Haruu x Homeinestonia","item":"https:\/\/haruu.ee\/en\/product-category\/haruu-x-homeinestonia\/"},{"@type":"ListItem","position":4,"name":"Haruu x Homeinestonia p\u00fcksid"}]},{"@type":"WebSite","@id":"https:\/\/haruu.ee\/en\/#website","url":"https:\/\/haruu.ee\/en\/","name":"Haruu","description":"Inspiratsiooni ja elustiili br&auml;nd, kus kohtuvad &uuml;rgne loodus, j&auml;tkusuutlik eluviis ja koos loomine pereettev&otilde;ttena","publisher":{"@id":"https:\/\/haruu.ee\/en\/#organization"},"potentialAction":[{"@type":"SearchAction","target":{"@type":"EntryPoint","urlTemplate":"https:\/\/haruu.ee\/en\/?s={search_term_string}"},"query-input":{"@type":"PropertyValueSpecification","valueRequired":true,"valueName":"search_term_string"}}],"inLanguage":"en-US"},{"@type":"Organization","@id":"https:\/\/haruu.ee\/en\/#organization","name":"Haruu","url":"https:\/\/haruu.ee\/en\/","logo":{"@type":"ImageObject","inLanguage":"en-US","@id":"https:\/\/haruu.ee\/en\/#\/schema\/logo\/image\/","url":"https:\/\/haruu.ee\/wp-content\/uploads\/2022\/07\/haruu-logo-taustata-1-1.png","contentUrl":"https:\/\/haruu.ee\/wp-content\/uploads\/2022\/07\/haruu-logo-taustata-1-1.png","width":1168,"height":312,"caption":"Haruu"},"image":{"@id":"https:\/\/haruu.ee\/en\/#\/schema\/logo\/image\/"},"sameAs":["https:\/\/www.facebook.com\/haruulife"]}]}},"_links":{"self":[{"href":"https:\/\/haruu.ee\/en\/wp-json\/wp\/v2\/product\/20979","targetHints":{"allow":["GET"]}}],"collection":[{"href":"https:\/\/haruu.ee\/en\/wp-json\/wp\/v2\/product"}],"about":[{"href":"https:\/\/haruu.ee\/en\/wp-json\/wp\/v2\/types\/product"}],"wp:featuredmedia":[{"embeddable":true,"href":"https:\/\/haruu.ee\/en\/wp-json\/wp\/v2\/media\/22258"}],"wp:attachment":[{"href":"https:\/\/haruu.ee\/en\/wp-json\/wp\/v2\/media?parent=20979"}],"wp:term":[{"taxonomy":"product_brand","embeddable":true,"href":"https:\/\/haruu.ee\/en\/wp-json\/wp\/v2\/product_brand?post=20979"},{"taxonomy":"product_cat","embeddable":true,"href":"https:\/\/haruu.ee\/en\/wp-json\/wp\/v2\/product_cat?post=20979"},{"taxonomy":"product_tag","embeddable":true,"href":"https:\/\/haruu.ee\/en\/wp-json\/wp\/v2\/product_tag?post=20979"}],"curies":[{"name":"wp","href":"https:\/\/api.w.org\/{rel}","templated":true}]}}