


{"id":22106,"date":"2026-01-12T15:00:29","date_gmt":"2026-01-12T13:00:29","guid":{"rendered":"https:\/\/haruu.ee\/?post_type=product&#038;p=22106"},"modified":"2026-04-13T10:57:41","modified_gmt":"2026-04-13T07:57:41","slug":"siidist-patsikumm","status":"publish","type":"product","link":"https:\/\/haruu.ee\/en\/toode\/siidist-patsikumm\/","title":{"rendered":"Siidist patsikumm"},"content":{"rendered":"","protected":false},"excerpt":{"rendered":"<p>Haruu siidist patsikumm hoiab su juukseid!<\/p>\n<p>Siidist patsikumm on juukses\u00f5bralik, \u00f5rn ja pehme. See ei l\u00f5hu juukseid, v\u00e4heneb katkemine ja selle kandmisest ei j\u00e4\u00e4 patsirante ning ei teki staatilist elektrit.\u00a0 Need on ideaalsed k\u00f5ikidele juukset\u00fc\u00fcpidele, ka \u00f5rnadele ja habrastele juustele.<\/p>\n<p>Koostis: 90% siid, 10% elastaan<\/p>\n<p>Pese oma Haruu patsikummi k\u00e4sitsi leige veega, kasutades \u00f5rna seepi v\u00f5i pesuvahendit, ja lase sellel \u00f5hu k\u00e4es kuivada, et seda paremini s\u00e4ilitada.<br \/>\nSiidist patsikumm on loodud haruu toodete \u00f5mblemise j\u00e4\u00e4kidest, et v\u00e4hendada tootmisest tekkivat jalaj\u00e4lge.<\/p>\n<p>Disainitud ja valmistatud Eestis.<\/p>\n","protected":false},"featured_media":8815,"template":"","meta":[],"product_brand":[],"product_cat":[108,87,88],"product_tag":[],"class_list":{"0":"post-22106","1":"product","2":"type-product","3":"status-publish","4":"has-post-thumbnail","6":"product_cat-aksessuaarid","7":"product_cat-kingituseks","8":"product_cat-koik-tooted","9":"pa_aaaaa-helehall","11":"first","12":"instock","13":"taxable","14":"shipping-taxable","15":"purchasable","16":"product-type-variable"},"yoast_head":"<!-- This site is optimized with the Yoast SEO plugin v25.1 - https:\/\/yoast.com\/wordpress\/plugins\/seo\/ -->\n<title>Siidist patsikumm - Haruu<\/title>\n<meta name=\"robots\" content=\"index, follow, max-snippet:-1, max-image-preview:large, max-video-preview:-1\" \/>\n<link rel=\"canonical\" href=\"https:\/\/haruu.ee\/en\/toode\/siidist-patsikumm\/\" \/>\n<meta property=\"og:locale\" content=\"en_US\" \/>\n<meta property=\"og:type\" content=\"article\" \/>\n<meta property=\"og:title\" content=\"Siidist patsikumm - Haruu\" \/>\n<meta property=\"og:description\" content=\"Haruu siidist patsikumm hoiab su juukseid!  Siidist patsikumm on juukses\u00f5bralik, \u00f5rn ja pehme. See ei l\u00f5hu juukseid, v\u00e4heneb katkemine ja selle kandmisest ei j\u00e4\u00e4 patsirante ning ei teki staatilist elektrit.\u00a0 Need on ideaalsed k\u00f5ikidele juukset\u00fc\u00fcpidele, ka \u00f5rnadele ja habrastele juustele.  Koostis: 90% siid, 10% elastaan  Pese oma Haruu patsikummi k\u00e4sitsi leige veega, kasutades \u00f5rna seepi v\u00f5i pesuvahendit, ja lase sellel \u00f5hu k\u00e4es kuivada, et seda paremini s\u00e4ilitada. Siidist patsikumm on loodud haruu toodete \u00f5mblemise j\u00e4\u00e4kidest, et v\u00e4hendada tootmisest tekkivat jalaj\u00e4lge.  Disainitud ja valmistatud Eestis.\" \/>\n<meta property=\"og:url\" content=\"https:\/\/haruu.ee\/en\/toode\/siidist-patsikumm\/\" \/>\n<meta property=\"og:site_name\" content=\"Haruu\" \/>\n<meta property=\"article:publisher\" content=\"https:\/\/www.facebook.com\/haruulife\" \/>\n<meta property=\"article:modified_time\" content=\"2026-04-13T07:57:41+00:00\" \/>\n<meta property=\"og:image\" content=\"https:\/\/haruu.ee\/wp-content\/uploads\/2023\/09\/Frame-1058.jpg\" \/>\n\t<meta property=\"og:image:width\" content=\"900\" \/>\n\t<meta property=\"og:image:height\" content=\"1200\" \/>\n\t<meta property=\"og:image:type\" content=\"image\/jpeg\" \/>\n<meta name=\"twitter:card\" content=\"summary_large_image\" \/>\n<meta name=\"twitter:label1\" content=\"Est. reading time\" \/>\n\t<meta name=\"twitter:data1\" content=\"1 minute\" \/>\n<script type=\"application\/ld+json\" class=\"yoast-schema-graph\">{\"@context\":\"https:\/\/schema.org\",\"@graph\":[{\"@type\":[\"WebPage\",\"ItemPage\"],\"@id\":\"https:\/\/haruu.ee\/en\/toode\/siidist-patsikumm\/\",\"url\":\"https:\/\/haruu.ee\/en\/toode\/siidist-patsikumm\/\",\"name\":\"Siidist patsikumm - Haruu\",\"isPartOf\":{\"@id\":\"https:\/\/haruu.ee\/en\/#website\"},\"primaryImageOfPage\":{\"@id\":\"https:\/\/haruu.ee\/en\/toode\/siidist-patsikumm\/#primaryimage\"},\"image\":{\"@id\":\"https:\/\/haruu.ee\/en\/toode\/siidist-patsikumm\/#primaryimage\"},\"thumbnailUrl\":\"https:\/\/haruu.ee\/wp-content\/uploads\/2023\/09\/Frame-1058.jpg\",\"datePublished\":\"2026-01-12T13:00:29+00:00\",\"dateModified\":\"2026-04-13T07:57:41+00:00\",\"breadcrumb\":{\"@id\":\"https:\/\/haruu.ee\/en\/toode\/siidist-patsikumm\/#breadcrumb\"},\"inLanguage\":\"en-US\",\"potentialAction\":[{\"@type\":\"ReadAction\",\"target\":[\"https:\/\/haruu.ee\/en\/toode\/siidist-patsikumm\/\"]}]},{\"@type\":\"ImageObject\",\"inLanguage\":\"en-US\",\"@id\":\"https:\/\/haruu.ee\/en\/toode\/siidist-patsikumm\/#primaryimage\",\"url\":\"https:\/\/haruu.ee\/wp-content\/uploads\/2023\/09\/Frame-1058.jpg\",\"contentUrl\":\"https:\/\/haruu.ee\/wp-content\/uploads\/2023\/09\/Frame-1058.jpg\",\"width\":900,\"height\":1200,\"caption\":\"Siidist juuksekumm, siidine juuksepael, haruu, eesti disain,\"},{\"@type\":\"BreadcrumbList\",\"@id\":\"https:\/\/haruu.ee\/en\/toode\/siidist-patsikumm\/#breadcrumb\",\"itemListElement\":[{\"@type\":\"ListItem\",\"position\":1,\"name\":\"Avaleht\",\"item\":\"https:\/\/haruu.ee\/en\/\"},{\"@type\":\"ListItem\",\"position\":2,\"name\":\"Shop\",\"item\":\"https:\/\/haruu.ee\/en\/shop\/\"},{\"@type\":\"ListItem\",\"position\":3,\"name\":\"Accessories\",\"item\":\"https:\/\/haruu.ee\/en\/product-category\/accessories\/\"},{\"@type\":\"ListItem\",\"position\":4,\"name\":\"Siidist patsikumm\"}]},{\"@type\":\"WebSite\",\"@id\":\"https:\/\/haruu.ee\/en\/#website\",\"url\":\"https:\/\/haruu.ee\/en\/\",\"name\":\"Haruu\",\"description\":\"Inspiratsiooni ja elustiili br&auml;nd, kus kohtuvad &uuml;rgne loodus, j&auml;tkusuutlik eluviis ja koos loomine pereettev&otilde;ttena\",\"publisher\":{\"@id\":\"https:\/\/haruu.ee\/en\/#organization\"},\"potentialAction\":[{\"@type\":\"SearchAction\",\"target\":{\"@type\":\"EntryPoint\",\"urlTemplate\":\"https:\/\/haruu.ee\/en\/?s={search_term_string}\"},\"query-input\":{\"@type\":\"PropertyValueSpecification\",\"valueRequired\":true,\"valueName\":\"search_term_string\"}}],\"inLanguage\":\"en-US\"},{\"@type\":\"Organization\",\"@id\":\"https:\/\/haruu.ee\/en\/#organization\",\"name\":\"Haruu\",\"url\":\"https:\/\/haruu.ee\/en\/\",\"logo\":{\"@type\":\"ImageObject\",\"inLanguage\":\"en-US\",\"@id\":\"https:\/\/haruu.ee\/en\/#\/schema\/logo\/image\/\",\"url\":\"https:\/\/haruu.ee\/wp-content\/uploads\/2022\/07\/haruu-logo-taustata-1-1.png\",\"contentUrl\":\"https:\/\/haruu.ee\/wp-content\/uploads\/2022\/07\/haruu-logo-taustata-1-1.png\",\"width\":1168,\"height\":312,\"caption\":\"Haruu\"},\"image\":{\"@id\":\"https:\/\/haruu.ee\/en\/#\/schema\/logo\/image\/\"},\"sameAs\":[\"https:\/\/www.facebook.com\/haruulife\"]}]}<\/script>\n<!-- \/ Yoast SEO plugin. -->","yoast_head_json":{"title":"Siidist patsikumm - Haruu","robots":{"index":"index","follow":"follow","max-snippet":"max-snippet:-1","max-image-preview":"max-image-preview:large","max-video-preview":"max-video-preview:-1"},"canonical":"https:\/\/haruu.ee\/en\/toode\/siidist-patsikumm\/","og_locale":"en_US","og_type":"article","og_title":"Siidist patsikumm - Haruu","og_description":"Haruu siidist patsikumm hoiab su juukseid!  Siidist patsikumm on juukses\u00f5bralik, \u00f5rn ja pehme. See ei l\u00f5hu juukseid, v\u00e4heneb katkemine ja selle kandmisest ei j\u00e4\u00e4 patsirante ning ei teki staatilist elektrit.\u00a0 Need on ideaalsed k\u00f5ikidele juukset\u00fc\u00fcpidele, ka \u00f5rnadele ja habrastele juustele.  Koostis: 90% siid, 10% elastaan  Pese oma Haruu patsikummi k\u00e4sitsi leige veega, kasutades \u00f5rna seepi v\u00f5i pesuvahendit, ja lase sellel \u00f5hu k\u00e4es kuivada, et seda paremini s\u00e4ilitada. Siidist patsikumm on loodud haruu toodete \u00f5mblemise j\u00e4\u00e4kidest, et v\u00e4hendada tootmisest tekkivat jalaj\u00e4lge.  Disainitud ja valmistatud Eestis.","og_url":"https:\/\/haruu.ee\/en\/toode\/siidist-patsikumm\/","og_site_name":"Haruu","article_publisher":"https:\/\/www.facebook.com\/haruulife","article_modified_time":"2026-04-13T07:57:41+00:00","og_image":[{"width":900,"height":1200,"url":"https:\/\/haruu.ee\/wp-content\/uploads\/2023\/09\/Frame-1058.jpg","type":"image\/jpeg"}],"twitter_card":"summary_large_image","twitter_misc":{"Est. reading time":"1 minute"},"schema":{"@context":"https:\/\/schema.org","@graph":[{"@type":["WebPage","ItemPage"],"@id":"https:\/\/haruu.ee\/en\/toode\/siidist-patsikumm\/","url":"https:\/\/haruu.ee\/en\/toode\/siidist-patsikumm\/","name":"Siidist patsikumm - Haruu","isPartOf":{"@id":"https:\/\/haruu.ee\/en\/#website"},"primaryImageOfPage":{"@id":"https:\/\/haruu.ee\/en\/toode\/siidist-patsikumm\/#primaryimage"},"image":{"@id":"https:\/\/haruu.ee\/en\/toode\/siidist-patsikumm\/#primaryimage"},"thumbnailUrl":"https:\/\/haruu.ee\/wp-content\/uploads\/2023\/09\/Frame-1058.jpg","datePublished":"2026-01-12T13:00:29+00:00","dateModified":"2026-04-13T07:57:41+00:00","breadcrumb":{"@id":"https:\/\/haruu.ee\/en\/toode\/siidist-patsikumm\/#breadcrumb"},"inLanguage":"en-US","potentialAction":[{"@type":"ReadAction","target":["https:\/\/haruu.ee\/en\/toode\/siidist-patsikumm\/"]}]},{"@type":"ImageObject","inLanguage":"en-US","@id":"https:\/\/haruu.ee\/en\/toode\/siidist-patsikumm\/#primaryimage","url":"https:\/\/haruu.ee\/wp-content\/uploads\/2023\/09\/Frame-1058.jpg","contentUrl":"https:\/\/haruu.ee\/wp-content\/uploads\/2023\/09\/Frame-1058.jpg","width":900,"height":1200,"caption":"Siidist juuksekumm, siidine juuksepael, haruu, eesti disain,"},{"@type":"BreadcrumbList","@id":"https:\/\/haruu.ee\/en\/toode\/siidist-patsikumm\/#breadcrumb","itemListElement":[{"@type":"ListItem","position":1,"name":"Avaleht","item":"https:\/\/haruu.ee\/en\/"},{"@type":"ListItem","position":2,"name":"Shop","item":"https:\/\/haruu.ee\/en\/shop\/"},{"@type":"ListItem","position":3,"name":"Accessories","item":"https:\/\/haruu.ee\/en\/product-category\/accessories\/"},{"@type":"ListItem","position":4,"name":"Siidist patsikumm"}]},{"@type":"WebSite","@id":"https:\/\/haruu.ee\/en\/#website","url":"https:\/\/haruu.ee\/en\/","name":"Haruu","description":"Inspiratsiooni ja elustiili br&auml;nd, kus kohtuvad &uuml;rgne loodus, j&auml;tkusuutlik eluviis ja koos loomine pereettev&otilde;ttena","publisher":{"@id":"https:\/\/haruu.ee\/en\/#organization"},"potentialAction":[{"@type":"SearchAction","target":{"@type":"EntryPoint","urlTemplate":"https:\/\/haruu.ee\/en\/?s={search_term_string}"},"query-input":{"@type":"PropertyValueSpecification","valueRequired":true,"valueName":"search_term_string"}}],"inLanguage":"en-US"},{"@type":"Organization","@id":"https:\/\/haruu.ee\/en\/#organization","name":"Haruu","url":"https:\/\/haruu.ee\/en\/","logo":{"@type":"ImageObject","inLanguage":"en-US","@id":"https:\/\/haruu.ee\/en\/#\/schema\/logo\/image\/","url":"https:\/\/haruu.ee\/wp-content\/uploads\/2022\/07\/haruu-logo-taustata-1-1.png","contentUrl":"https:\/\/haruu.ee\/wp-content\/uploads\/2022\/07\/haruu-logo-taustata-1-1.png","width":1168,"height":312,"caption":"Haruu"},"image":{"@id":"https:\/\/haruu.ee\/en\/#\/schema\/logo\/image\/"},"sameAs":["https:\/\/www.facebook.com\/haruulife"]}]}},"_links":{"self":[{"href":"https:\/\/haruu.ee\/en\/wp-json\/wp\/v2\/product\/22106","targetHints":{"allow":["GET"]}}],"collection":[{"href":"https:\/\/haruu.ee\/en\/wp-json\/wp\/v2\/product"}],"about":[{"href":"https:\/\/haruu.ee\/en\/wp-json\/wp\/v2\/types\/product"}],"wp:featuredmedia":[{"embeddable":true,"href":"https:\/\/haruu.ee\/en\/wp-json\/wp\/v2\/media\/8815"}],"wp:attachment":[{"href":"https:\/\/haruu.ee\/en\/wp-json\/wp\/v2\/media?parent=22106"}],"wp:term":[{"taxonomy":"product_brand","embeddable":true,"href":"https:\/\/haruu.ee\/en\/wp-json\/wp\/v2\/product_brand?post=22106"},{"taxonomy":"product_cat","embeddable":true,"href":"https:\/\/haruu.ee\/en\/wp-json\/wp\/v2\/product_cat?post=22106"},{"taxonomy":"product_tag","embeddable":true,"href":"https:\/\/haruu.ee\/en\/wp-json\/wp\/v2\/product_tag?post=22106"}],"curies":[{"name":"wp","href":"https:\/\/api.w.org\/{rel}","templated":true}]}}