


{"id":22368,"date":"2026-01-18T13:55:17","date_gmt":"2026-01-18T11:55:17","guid":{"rendered":"https:\/\/haruu.ee\/?post_type=product&#038;p=22368"},"modified":"2026-03-25T19:15:35","modified_gmt":"2026-03-25T17:15:35","slug":"villased-kapikud","status":"publish","type":"product","link":"https:\/\/haruu.ee\/en\/toode\/villased-kapikud\/","title":{"rendered":"Villased k\u00e4pikud"},"content":{"rendered":"<p><b>Hooldus:<\/b><b><br \/>\n<\/b><span style=\"font-weight: 400;\">Meriinovill on loomup\u00e4raselt isepuhastuv, enamasti piisab tuulutusest ja kerge harjamisega on k\u00e4pikud taas valmis kandmiseks. <\/span><span style=\"font-weight: 400;\">Kui k\u00e4pikud peaksid m\u00e4\u00e4rduma, pese neid \u00f5rnalt k\u00e4es, jahedas vees villas\u00f5braliku pesuvahendiga. V\u00e4ldi pesumasinat ja tugevat v\u00e4\u00e4namist, et villakiud s\u00e4ilitaksid pehmuse ja kuju. Toppide teke on t\u00e4iesti loomulik ja neid on lihtne eemaldada.<\/span><\/p>\n<p><b>Kas need k\u00e4pikud sobivad ka v\u00e4ga k\u00fclmakartlikule?<\/b><b><br \/>\n<\/b><span style=\"font-weight: 400;\">Jah. Meriinovill hoiab k\u00e4ed sooja, kuid laseb nahal hingata ja k\u00e4ed ei higista.<\/span><\/p>\n<p><b>Kas vill v\u00f5ib s\u00fcgelema ajada?<\/b><b><br \/>\n<\/b><span style=\"font-weight: 400;\">Ei. Haruu meriinovill on eriti pehme ja sobib ka tundlikule nahale.<\/span><\/p>\n<p><b>Kas k\u00e4pikud venivad liialt v\u00f5i l\u00e4hevad kuju kaotama?<\/b><b><br \/>\n<\/b><span style=\"font-weight: 400;\">Ei. Soonik ja veniv l\u00f5ige tagavad, et k\u00e4pikud p\u00fcsivad h\u00e4sti vormis ja sobivad erinevatele k\u00e4esuurustele.<\/span><\/p>\n<p>M\u00f5\u00f5dud<br \/>\nM\u00f5\u00f5detud on pildil olevat toodet.<\/p>\n<table style=\"border-collapse: collapse; width: 100%; height: 92px;\">\n<tbody>\n<tr style=\"height: 23px;\">\n<td style=\"width: 37.5447%; height: 23px;\">Labaku pikkus (cm)<\/td>\n<td style=\"width: 62.4553%; height: 23px;\">20<\/td>\n<\/tr>\n<tr style=\"height: 23px;\">\n<td style=\"width: 37.5447%; height: 23px;\">Labaku laius (cm)<\/td>\n<td style=\"width: 62.4553%; height: 23px;\">9<\/td>\n<\/tr>\n<tr style=\"height: 23px;\">\n<td style=\"width: 37.5447%; height: 23px;\">P\u00f6idla pikkus (cm)<\/td>\n<td style=\"width: 62.4553%; height: 23px;\">8<\/td>\n<\/tr>\n<tr style=\"height: 23px;\">\n<td style=\"width: 37.5447%; height: 23px;\">Sooniku pikkus (cm)<\/td>\n<td style=\"width: 62.4553%; height: 23px;\">6<\/td>\n<\/tr>\n<\/tbody>\n<\/table>\n","protected":false},"excerpt":{"rendered":"<p><b>Kindad, mis hoiavad k\u00e4ed t\u00f5eliselt soojas.<\/b><\/p>\n<p><span style=\"font-weight: 400;\">Oleme loonud Haruu meriinovillased kindad just selleks kargemaks talveks. Pehmed, hingavad ja \u00f5rnalt venivad. Need hoiavad k\u00e4si m\u00f5nusalt soojas, ilma et tekiks higistamine v\u00f5i ebamugavustunne. Ideaalne kaaslane neile, kes on t\u00f5eliselt k\u00fclmakartlikud, aga ei taha loobuda stiilist ja ajatusest.<\/span><\/p>\n<p><span style=\"font-weight: 400;\">Kanna neid s\u00fcgisest kevadeni linnas, looduses v\u00f5i lihtsalt kodus k\u00fclma ilmaga \u00f5ues olles.\u00a0<\/span><\/p>\n<p><b>Miks just need k\u00e4pikud?<\/b><\/p>\n<ul>\n<li style=\"font-weight: 400;\" aria-level=\"1\"><span style=\"font-weight: 400;\">100% naturaalne meriinovill, mis reguleerib temperatuuri ja hoiab k\u00e4ed soojas<\/span><\/li>\n<li style=\"font-weight: 400;\" aria-level=\"1\"><span style=\"font-weight: 400;\">Pehmed ja nahas\u00f5bralikud, ei aja s\u00fcgelema<\/span><\/li>\n<li style=\"font-weight: 400;\" aria-level=\"1\"><span style=\"font-weight: 400;\">H\u00fcpoallergeensed, sobivad ka tundlikule nahale<\/span><\/li>\n<li style=\"font-weight: 400;\" aria-level=\"1\"><span style=\"font-weight: 400;\">Valmistatud Eestis meriinotoodete kangaj\u00e4\u00e4kidest, tark ja keskkonnas\u00f5bralik<\/span><\/li>\n<li style=\"font-weight: 400;\" aria-level=\"1\"><span style=\"font-weight: 400;\">Eesti disain<\/span><\/li>\n<\/ul>\n<p><span style=\"font-weight: 400;\">T\u00e4ienda komplekti meie teiste <a href=\"https:\/\/haruu.ee\/tootekategooria\/meriinotooted\/\">meriinotoodetega<\/a> ja loo terviklik komplekt.<\/span><\/p>\n<p><strong data-start=\"849\" data-end=\"861\">Koostis:<\/strong> 100% naturaalne meriinovill\/k\u00e4ise soonik: 95% puuvill 5% elastaan<\/p>\n<p data-start=\"941\" data-end=\"1082\" data-is-last-node=\"\" data-is-only-node=\"\">\n","protected":false},"featured_media":22362,"template":"","meta":[],"product_brand":[],"product_cat":[108,176,88,85],"product_tag":[],"class_list":{"0":"post-22368","1":"product","2":"type-product","3":"status-publish","4":"has-post-thumbnail","6":"product_cat-aksessuaarid","7":"product_cat-meriinotooted","8":"product_cat-koik-tooted","9":"product_cat-naised","10":"pa_aaaaa-pahklipruun","12":"first","13":"outofstock","14":"taxable","15":"shipping-taxable","16":"purchasable","17":"product-type-variable"},"yoast_head":"<!-- This site is optimized with the Yoast SEO plugin v25.1 - https:\/\/yoast.com\/wordpress\/plugins\/seo\/ -->\n<title>Villased k\u00e4pikud - Haruu<\/title>\n<meta name=\"description\" content=\"Villased kindad, mis hoiavad k\u00e4ed t\u00f5eliselt soojas. Oleme loonud Haruu meriinovillased kindad just selleks kargemaks talveks. Pehmed ja hingavad.\" \/>\n<meta name=\"robots\" content=\"index, follow, max-snippet:-1, max-image-preview:large, max-video-preview:-1\" \/>\n<link rel=\"canonical\" href=\"https:\/\/haruu.ee\/en\/toode\/villased-kapikud\/\" \/>\n<meta property=\"og:locale\" content=\"en_US\" \/>\n<meta property=\"og:type\" content=\"article\" \/>\n<meta property=\"og:title\" content=\"Villased k\u00e4pikud - Haruu\" \/>\n<meta property=\"og:description\" content=\"Villased kindad, mis hoiavad k\u00e4ed t\u00f5eliselt soojas. Oleme loonud Haruu meriinovillased kindad just selleks kargemaks talveks. Pehmed ja hingavad.\" \/>\n<meta property=\"og:url\" content=\"https:\/\/haruu.ee\/en\/toode\/villased-kapikud\/\" \/>\n<meta property=\"og:site_name\" content=\"Haruu\" \/>\n<meta property=\"article:publisher\" content=\"https:\/\/www.facebook.com\/haruulife\" \/>\n<meta property=\"article:modified_time\" content=\"2026-03-25T17:15:35+00:00\" \/>\n<meta property=\"og:image\" content=\"https:\/\/haruu.ee\/wp-content\/uploads\/2024\/09\/Meriinokindad_pruunid_haruu_eestidisain_talvekindad_soojad_kindad_Meriinotooted_3.jpg\" \/>\n\t<meta property=\"og:image:width\" content=\"1280\" \/>\n\t<meta property=\"og:image:height\" content=\"1920\" \/>\n\t<meta property=\"og:image:type\" content=\"image\/jpeg\" \/>\n<meta name=\"twitter:card\" content=\"summary_large_image\" \/>\n<meta name=\"twitter:label1\" content=\"Est. reading time\" \/>\n\t<meta name=\"twitter:data1\" content=\"1 minute\" \/>\n<script type=\"application\/ld+json\" class=\"yoast-schema-graph\">{\"@context\":\"https:\/\/schema.org\",\"@graph\":[{\"@type\":[\"WebPage\",\"ItemPage\"],\"@id\":\"https:\/\/haruu.ee\/en\/toode\/villased-kapikud\/\",\"url\":\"https:\/\/haruu.ee\/en\/toode\/villased-kapikud\/\",\"name\":\"Villased k\u00e4pikud - Haruu\",\"isPartOf\":{\"@id\":\"https:\/\/haruu.ee\/en\/#website\"},\"primaryImageOfPage\":{\"@id\":\"https:\/\/haruu.ee\/en\/toode\/villased-kapikud\/#primaryimage\"},\"image\":{\"@id\":\"https:\/\/haruu.ee\/en\/toode\/villased-kapikud\/#primaryimage\"},\"thumbnailUrl\":\"https:\/\/haruu.ee\/wp-content\/uploads\/2024\/09\/Meriinokindad_pruunid_haruu_eestidisain_talvekindad_soojad_kindad_Meriinotooted_3.jpg\",\"datePublished\":\"2026-01-18T11:55:17+00:00\",\"dateModified\":\"2026-03-25T17:15:35+00:00\",\"description\":\"Villased kindad, mis hoiavad k\u00e4ed t\u00f5eliselt soojas. Oleme loonud Haruu meriinovillased kindad just selleks kargemaks talveks. Pehmed ja hingavad.\",\"breadcrumb\":{\"@id\":\"https:\/\/haruu.ee\/en\/toode\/villased-kapikud\/#breadcrumb\"},\"inLanguage\":\"en-US\",\"potentialAction\":[{\"@type\":\"ReadAction\",\"target\":[\"https:\/\/haruu.ee\/en\/toode\/villased-kapikud\/\"]}]},{\"@type\":\"ImageObject\",\"inLanguage\":\"en-US\",\"@id\":\"https:\/\/haruu.ee\/en\/toode\/villased-kapikud\/#primaryimage\",\"url\":\"https:\/\/haruu.ee\/wp-content\/uploads\/2024\/09\/Meriinokindad_pruunid_haruu_eestidisain_talvekindad_soojad_kindad_Meriinotooted_3.jpg\",\"contentUrl\":\"https:\/\/haruu.ee\/wp-content\/uploads\/2024\/09\/Meriinokindad_pruunid_haruu_eestidisain_talvekindad_soojad_kindad_Meriinotooted_3.jpg\",\"width\":1280,\"height\":1920,\"caption\":\"meriinovill, villased kindad, soojad kindad, talvekindad, meriinotooted, haruu, eesti disain,\"},{\"@type\":\"BreadcrumbList\",\"@id\":\"https:\/\/haruu.ee\/en\/toode\/villased-kapikud\/#breadcrumb\",\"itemListElement\":[{\"@type\":\"ListItem\",\"position\":1,\"name\":\"Avaleht\",\"item\":\"https:\/\/haruu.ee\/en\/\"},{\"@type\":\"ListItem\",\"position\":2,\"name\":\"Shop\",\"item\":\"https:\/\/haruu.ee\/en\/shop\/\"},{\"@type\":\"ListItem\",\"position\":3,\"name\":\"Merino Products\",\"item\":\"https:\/\/haruu.ee\/en\/product-category\/merino-products\/\"},{\"@type\":\"ListItem\",\"position\":4,\"name\":\"Villased k\u00e4pikud\"}]},{\"@type\":\"WebSite\",\"@id\":\"https:\/\/haruu.ee\/en\/#website\",\"url\":\"https:\/\/haruu.ee\/en\/\",\"name\":\"Haruu\",\"description\":\"Inspiratsiooni ja elustiili br&auml;nd, kus kohtuvad &uuml;rgne loodus, j&auml;tkusuutlik eluviis ja koos loomine pereettev&otilde;ttena\",\"publisher\":{\"@id\":\"https:\/\/haruu.ee\/en\/#organization\"},\"potentialAction\":[{\"@type\":\"SearchAction\",\"target\":{\"@type\":\"EntryPoint\",\"urlTemplate\":\"https:\/\/haruu.ee\/en\/?s={search_term_string}\"},\"query-input\":{\"@type\":\"PropertyValueSpecification\",\"valueRequired\":true,\"valueName\":\"search_term_string\"}}],\"inLanguage\":\"en-US\"},{\"@type\":\"Organization\",\"@id\":\"https:\/\/haruu.ee\/en\/#organization\",\"name\":\"Haruu\",\"url\":\"https:\/\/haruu.ee\/en\/\",\"logo\":{\"@type\":\"ImageObject\",\"inLanguage\":\"en-US\",\"@id\":\"https:\/\/haruu.ee\/en\/#\/schema\/logo\/image\/\",\"url\":\"https:\/\/haruu.ee\/wp-content\/uploads\/2022\/07\/haruu-logo-taustata-1-1.png\",\"contentUrl\":\"https:\/\/haruu.ee\/wp-content\/uploads\/2022\/07\/haruu-logo-taustata-1-1.png\",\"width\":1168,\"height\":312,\"caption\":\"Haruu\"},\"image\":{\"@id\":\"https:\/\/haruu.ee\/en\/#\/schema\/logo\/image\/\"},\"sameAs\":[\"https:\/\/www.facebook.com\/haruulife\"]}]}<\/script>\n<!-- \/ Yoast SEO plugin. -->","yoast_head_json":{"title":"Villased k\u00e4pikud - Haruu","description":"Villased kindad, mis hoiavad k\u00e4ed t\u00f5eliselt soojas. Oleme loonud Haruu meriinovillased kindad just selleks kargemaks talveks. Pehmed ja hingavad.","robots":{"index":"index","follow":"follow","max-snippet":"max-snippet:-1","max-image-preview":"max-image-preview:large","max-video-preview":"max-video-preview:-1"},"canonical":"https:\/\/haruu.ee\/en\/toode\/villased-kapikud\/","og_locale":"en_US","og_type":"article","og_title":"Villased k\u00e4pikud - Haruu","og_description":"Villased kindad, mis hoiavad k\u00e4ed t\u00f5eliselt soojas. Oleme loonud Haruu meriinovillased kindad just selleks kargemaks talveks. Pehmed ja hingavad.","og_url":"https:\/\/haruu.ee\/en\/toode\/villased-kapikud\/","og_site_name":"Haruu","article_publisher":"https:\/\/www.facebook.com\/haruulife","article_modified_time":"2026-03-25T17:15:35+00:00","og_image":[{"width":1280,"height":1920,"url":"https:\/\/haruu.ee\/wp-content\/uploads\/2024\/09\/Meriinokindad_pruunid_haruu_eestidisain_talvekindad_soojad_kindad_Meriinotooted_3.jpg","type":"image\/jpeg"}],"twitter_card":"summary_large_image","twitter_misc":{"Est. reading time":"1 minute"},"schema":{"@context":"https:\/\/schema.org","@graph":[{"@type":["WebPage","ItemPage"],"@id":"https:\/\/haruu.ee\/en\/toode\/villased-kapikud\/","url":"https:\/\/haruu.ee\/en\/toode\/villased-kapikud\/","name":"Villased k\u00e4pikud - Haruu","isPartOf":{"@id":"https:\/\/haruu.ee\/en\/#website"},"primaryImageOfPage":{"@id":"https:\/\/haruu.ee\/en\/toode\/villased-kapikud\/#primaryimage"},"image":{"@id":"https:\/\/haruu.ee\/en\/toode\/villased-kapikud\/#primaryimage"},"thumbnailUrl":"https:\/\/haruu.ee\/wp-content\/uploads\/2024\/09\/Meriinokindad_pruunid_haruu_eestidisain_talvekindad_soojad_kindad_Meriinotooted_3.jpg","datePublished":"2026-01-18T11:55:17+00:00","dateModified":"2026-03-25T17:15:35+00:00","description":"Villased kindad, mis hoiavad k\u00e4ed t\u00f5eliselt soojas. Oleme loonud Haruu meriinovillased kindad just selleks kargemaks talveks. Pehmed ja hingavad.","breadcrumb":{"@id":"https:\/\/haruu.ee\/en\/toode\/villased-kapikud\/#breadcrumb"},"inLanguage":"en-US","potentialAction":[{"@type":"ReadAction","target":["https:\/\/haruu.ee\/en\/toode\/villased-kapikud\/"]}]},{"@type":"ImageObject","inLanguage":"en-US","@id":"https:\/\/haruu.ee\/en\/toode\/villased-kapikud\/#primaryimage","url":"https:\/\/haruu.ee\/wp-content\/uploads\/2024\/09\/Meriinokindad_pruunid_haruu_eestidisain_talvekindad_soojad_kindad_Meriinotooted_3.jpg","contentUrl":"https:\/\/haruu.ee\/wp-content\/uploads\/2024\/09\/Meriinokindad_pruunid_haruu_eestidisain_talvekindad_soojad_kindad_Meriinotooted_3.jpg","width":1280,"height":1920,"caption":"meriinovill, villased kindad, soojad kindad, talvekindad, meriinotooted, haruu, eesti disain,"},{"@type":"BreadcrumbList","@id":"https:\/\/haruu.ee\/en\/toode\/villased-kapikud\/#breadcrumb","itemListElement":[{"@type":"ListItem","position":1,"name":"Avaleht","item":"https:\/\/haruu.ee\/en\/"},{"@type":"ListItem","position":2,"name":"Shop","item":"https:\/\/haruu.ee\/en\/shop\/"},{"@type":"ListItem","position":3,"name":"Merino Products","item":"https:\/\/haruu.ee\/en\/product-category\/merino-products\/"},{"@type":"ListItem","position":4,"name":"Villased k\u00e4pikud"}]},{"@type":"WebSite","@id":"https:\/\/haruu.ee\/en\/#website","url":"https:\/\/haruu.ee\/en\/","name":"Haruu","description":"Inspiratsiooni ja elustiili br&auml;nd, kus kohtuvad &uuml;rgne loodus, j&auml;tkusuutlik eluviis ja koos loomine pereettev&otilde;ttena","publisher":{"@id":"https:\/\/haruu.ee\/en\/#organization"},"potentialAction":[{"@type":"SearchAction","target":{"@type":"EntryPoint","urlTemplate":"https:\/\/haruu.ee\/en\/?s={search_term_string}"},"query-input":{"@type":"PropertyValueSpecification","valueRequired":true,"valueName":"search_term_string"}}],"inLanguage":"en-US"},{"@type":"Organization","@id":"https:\/\/haruu.ee\/en\/#organization","name":"Haruu","url":"https:\/\/haruu.ee\/en\/","logo":{"@type":"ImageObject","inLanguage":"en-US","@id":"https:\/\/haruu.ee\/en\/#\/schema\/logo\/image\/","url":"https:\/\/haruu.ee\/wp-content\/uploads\/2022\/07\/haruu-logo-taustata-1-1.png","contentUrl":"https:\/\/haruu.ee\/wp-content\/uploads\/2022\/07\/haruu-logo-taustata-1-1.png","width":1168,"height":312,"caption":"Haruu"},"image":{"@id":"https:\/\/haruu.ee\/en\/#\/schema\/logo\/image\/"},"sameAs":["https:\/\/www.facebook.com\/haruulife"]}]}},"_links":{"self":[{"href":"https:\/\/haruu.ee\/en\/wp-json\/wp\/v2\/product\/22368","targetHints":{"allow":["GET"]}}],"collection":[{"href":"https:\/\/haruu.ee\/en\/wp-json\/wp\/v2\/product"}],"about":[{"href":"https:\/\/haruu.ee\/en\/wp-json\/wp\/v2\/types\/product"}],"wp:featuredmedia":[{"embeddable":true,"href":"https:\/\/haruu.ee\/en\/wp-json\/wp\/v2\/media\/22362"}],"wp:attachment":[{"href":"https:\/\/haruu.ee\/en\/wp-json\/wp\/v2\/media?parent=22368"}],"wp:term":[{"taxonomy":"product_brand","embeddable":true,"href":"https:\/\/haruu.ee\/en\/wp-json\/wp\/v2\/product_brand?post=22368"},{"taxonomy":"product_cat","embeddable":true,"href":"https:\/\/haruu.ee\/en\/wp-json\/wp\/v2\/product_cat?post=22368"},{"taxonomy":"product_tag","embeddable":true,"href":"https:\/\/haruu.ee\/en\/wp-json\/wp\/v2\/product_tag?post=22368"}],"curies":[{"name":"wp","href":"https:\/\/api.w.org\/{rel}","templated":true}]}}