


{"id":22569,"date":"2026-01-29T21:35:23","date_gmt":"2026-01-29T19:35:23","guid":{"rendered":"https:\/\/haruu.ee\/?post_type=product&#038;p=22569"},"modified":"2026-01-29T21:41:15","modified_gmt":"2026-01-29T19:41:15","slug":"stiilinoustamine-kristiinega","status":"publish","type":"product","link":"https:\/\/haruu.ee\/en\/toode\/stiilinoustamine-kristiinega\/","title":{"rendered":"Stiilin\u00f5ustamine Kristiinega"},"content":{"rendered":"<div class=\"elementor-element elementor-element-d62dee8 elementor-widget elementor-widget-heading\" data-id=\"d62dee8\" data-element_type=\"widget\" data-widget_type=\"heading.default\">\n<div class=\"flex flex-col text-sm pb-25\">\n<article class=\"text-token-text-primary w-full focus:outline-none [--shadow-height:45px] has-data-writing-block:pointer-events-none has-data-writing-block:-mt-(--shadow-height) has-data-writing-block:pt-(--shadow-height) [&amp;:has([data-writing-block])&gt;*]:pointer-events-auto [content-visibility:auto] supports-[content-visibility:auto]:[contain-intrinsic-size:auto_100lvh] scroll-mt-[calc(var(--header-height)+min(200px,max(70px,20svh)))]\" dir=\"auto\" tabindex=\"-1\" data-turn-id=\"50acbd0e-ef66-4e5a-b93f-326c7901d79f\" data-testid=\"conversation-turn-2\" data-scroll-anchor=\"true\" data-turn=\"assistant\">\n<div class=\"text-base my-auto mx-auto pb-10 [--thread-content-margin:--spacing(4)] @w-sm\/main:[--thread-content-margin:--spacing(6)] @w-lg\/main:[--thread-content-margin:--spacing(16)] px-(--thread-content-margin)\">\n<div class=\"[--thread-content-max-width:40rem] @w-lg\/main:[--thread-content-max-width:48rem] mx-auto max-w-(--thread-content-max-width) flex-1 group\/turn-messages focus-visible:outline-hidden relative flex w-full min-w-0 flex-col agent-turn\" tabindex=\"-1\">\n<div class=\"flex max-w-full flex-col grow\">\n<div class=\"min-h-8 text-message relative flex w-full flex-col items-end gap-2 text-start break-words whitespace-normal [.text-message+&amp;]:mt-1\" dir=\"auto\" data-message-author-role=\"assistant\" data-message-id=\"5f5de229-a654-4f78-b39b-e5417ab3e664\" data-message-model-slug=\"gpt-5-2\">\n<div class=\"flex w-full flex-col gap-1 empty:hidden first:pt-[1px]\">\n<div class=\"markdown prose dark:prose-invert w-full wrap-break-word light markdown-new-styling\">\n<div class=\"elementor-element elementor-element-d62dee8 elementor-widget elementor-widget-heading\" data-id=\"d62dee8\" data-element_type=\"widget\" data-widget_type=\"heading.default\">\n<div class=\"elementor-widget-container\"><\/div>\n<\/div>\n<p data-start=\"524\" data-end=\"569\">\n<\/div>\n<\/div>\n<\/div>\n<\/div>\n<div class=\"z-0 flex min-h-[46px] justify-start\"><\/div>\n<div class=\"mt-3 w-full empty:hidden\">\n<div class=\"text-center\"><\/div>\n<\/div>\n<\/div>\n<\/div>\n<\/article>\n<\/div>\n<div class=\"pointer-events-none h-px w-px absolute bottom-0\" aria-hidden=\"true\" data-edge=\"true\"><\/div>\n<\/div>\n<div class=\"flex flex-col text-sm pb-25\">\n<article class=\"text-token-text-primary w-full focus:outline-none [--shadow-height:45px] has-data-writing-block:pointer-events-none has-data-writing-block:-mt-(--shadow-height) has-data-writing-block:pt-(--shadow-height) [&amp;:has([data-writing-block])&gt;*]:pointer-events-auto [content-visibility:auto] supports-[content-visibility:auto]:[contain-intrinsic-size:auto_100lvh] scroll-mt-[calc(var(--header-height)+min(200px,max(70px,20svh)))]\" dir=\"auto\" tabindex=\"-1\" data-turn-id=\"50acbd0e-ef66-4e5a-b93f-326c7901d79f\" data-testid=\"conversation-turn-2\" data-scroll-anchor=\"true\" data-turn=\"assistant\">\n<div class=\"text-base my-auto mx-auto pb-10 [--thread-content-margin:--spacing(4)] @w-sm\/main:[--thread-content-margin:--spacing(6)] @w-lg\/main:[--thread-content-margin:--spacing(16)] px-(--thread-content-margin)\">\n<div class=\"[--thread-content-max-width:40rem] @w-lg\/main:[--thread-content-max-width:48rem] mx-auto max-w-(--thread-content-max-width) flex-1 group\/turn-messages focus-visible:outline-hidden relative flex w-full min-w-0 flex-col agent-turn\" tabindex=\"-1\">\n<div class=\"z-0 flex min-h-[46px] justify-start\"><\/div>\n<div class=\"mt-3 w-full empty:hidden\">\n<div class=\"text-center\"><\/div>\n<\/div>\n<\/div>\n<\/div>\n<\/article>\n<\/div>\n<div class=\"pointer-events-none h-px w-px absolute bottom-0\" aria-hidden=\"true\" data-edge=\"true\"><\/div>\n","protected":false},"excerpt":{"rendered":"<div class=\"flex flex-col text-sm pb-25\">\n<article class=\"text-token-text-primary w-full focus:outline-none [--shadow-height:45px] has-data-writing-block:pointer-events-none has-data-writing-block:-mt-(--shadow-height) has-data-writing-block:pt-(--shadow-height) [&amp;:has([data-writing-block])&gt;*]:pointer-events-auto [content-visibility:auto] supports-[content-visibility:auto]:[contain-intrinsic-size:auto_100lvh] scroll-mt-[calc(var(--header-height)+min(200px,max(70px,20svh)))]\" dir=\"auto\" tabindex=\"-1\" data-turn-id=\"50acbd0e-ef66-4e5a-b93f-326c7901d79f\" data-testid=\"conversation-turn-2\" data-scroll-anchor=\"true\" data-turn=\"assistant\">\n<div class=\"text-base my-auto mx-auto pb-10 [--thread-content-margin:--spacing(4)] @w-sm\/main:[--thread-content-margin:--spacing(6)] @w-lg\/main:[--thread-content-margin:--spacing(16)] px-(--thread-content-margin)\">\n<div class=\"[--thread-content-max-width:40rem] @w-lg\/main:[--thread-content-max-width:48rem] mx-auto max-w-(--thread-content-max-width) flex-1 group\/turn-messages focus-visible:outline-hidden relative flex w-full min-w-0 flex-col agent-turn\" tabindex=\"-1\">\n<div class=\"flex max-w-full flex-col grow\">\n<div class=\"min-h-8 text-message relative flex w-full flex-col items-end gap-2 text-start break-words whitespace-normal [.text-message+&amp;]:mt-1\" dir=\"auto\" data-message-author-role=\"assistant\" data-message-id=\"5f5de229-a654-4f78-b39b-e5417ab3e664\" data-message-model-slug=\"gpt-5-2\">\n<div class=\"flex w-full flex-col gap-1 empty:hidden first:pt-[1px]\">\n<div class=\"markdown prose dark:prose-invert w-full wrap-break-word light markdown-new-styling\">\n<div class=\"elementor-element elementor-element-d62dee8 elementor-widget elementor-widget-heading\" data-id=\"d62dee8\" data-element_type=\"widget\" data-widget_type=\"heading.default\">\n<div class=\"elementor-widget-container\">\n<h3 class=\"elementor-heading-title elementor-size-default\"><span style=\"color: #333333;\">Sa ei vaja rohkem riideid, vaid ainult neid \u00f5igeid.<\/span><\/h3>\n<\/div>\n<\/div>\n<p data-start=\"69\" data-end=\"368\"><span style=\"color: #333333;\"><strong data-start=\"69\" data-end=\"101\">Stiilin\u00f5ustamine Kristiinega<\/strong> aitab sul luua garderoobi, mis p\u00e4riselt t\u00f6\u00f6tab sinu keha, elustiili ja isikup\u00e4raga. Kogenud stilist ja Haruu moedisainer <strong data-start=\"217\" data-end=\"242\">Kristiine L\u00e4\u00e4n-Vantsi<\/strong> n\u00e4itab, millised l\u00f5iked, v\u00e4rvid ja materjalid toovad esile sinu tugevused.<\/span><br \/>\n<span style=\"color: #333333;\">Tulemuseks on selgus, enesekindlus ja praktiline teadmine, kuidas panna kokku mugav ning funktsionaalne <strong data-start=\"474\" data-end=\"493\">kapselgarderoob<\/strong> \u2013 ilma \u00fcleliigsete riieteta.<\/span><\/p>\n<p data-start=\"524\" data-end=\"569\"><span style=\"color: #333333;\"><em data-start=\"524\" data-end=\"569\">Sa ei vaja rohkem riideid. Sa vajad \u00f5igeid.<\/em><\/span><\/p>\n<\/div>\n<\/div>\n<\/div>\n<\/div>\n<div class=\"z-0 flex min-h-[46px] justify-start\"><\/div>\n<div class=\"mt-3 w-full empty:hidden\">\n<div class=\"text-center\"><\/div>\n<\/div>\n<\/div>\n<\/div>\n<\/article>\n<\/div>\n<div class=\"pointer-events-none h-px w-px absolute bottom-0\" aria-hidden=\"true\" data-edge=\"true\"><\/div>\n","protected":false},"featured_media":22495,"template":"","meta":[],"product_brand":[],"product_cat":[87],"product_tag":[],"class_list":{"0":"post-22569","1":"product","2":"type-product","3":"status-publish","4":"has-post-thumbnail","6":"product_cat-kingituseks","8":"first","9":"instock","10":"taxable","11":"shipping-taxable","12":"purchasable","13":"product-type-simple"},"yoast_head":"<!-- This site is optimized with the Yoast SEO plugin v25.1 - https:\/\/yoast.com\/wordpress\/plugins\/seo\/ -->\n<title>Stiilin\u00f5ustamine Kristiinega - Haruu<\/title>\n<meta name=\"robots\" content=\"index, follow, max-snippet:-1, max-image-preview:large, max-video-preview:-1\" \/>\n<link rel=\"canonical\" href=\"https:\/\/haruu.ee\/en\/toode\/stiilinoustamine-kristiinega\/\" \/>\n<meta property=\"og:locale\" content=\"en_US\" \/>\n<meta property=\"og:type\" content=\"article\" \/>\n<meta property=\"og:title\" content=\"Stiilin\u00f5ustamine Kristiinega - Haruu\" \/>\n<meta property=\"og:description\" content=\"Sa ei vaja rohkem riideid, vaid ainult neid \u00f5igeid.   Stiilin\u00f5ustamine Kristiinega aitab sul luua garderoobi, mis p\u00e4riselt t\u00f6\u00f6tab sinu keha, elustiili ja isikup\u00e4raga. Kogenud stilist ja Haruu moedisainer Kristiine L\u00e4\u00e4n-Vantsi n\u00e4itab, millised l\u00f5iked, v\u00e4rvid ja materjalid toovad esile sinu tugevused. Tulemuseks on selgus, enesekindlus ja praktiline teadmine, kuidas panna kokku mugav ning funktsionaalne kapselgarderoob \u2013 ilma \u00fcleliigsete riieteta. Sa ei vaja rohkem riideid. Sa vajad \u00f5igeid.\" \/>\n<meta property=\"og:url\" content=\"https:\/\/haruu.ee\/en\/toode\/stiilinoustamine-kristiinega\/\" \/>\n<meta property=\"og:site_name\" content=\"Haruu\" \/>\n<meta property=\"article:publisher\" content=\"https:\/\/www.facebook.com\/haruulife\" \/>\n<meta property=\"article:modified_time\" content=\"2026-01-29T19:41:15+00:00\" \/>\n<meta property=\"og:image\" content=\"https:\/\/haruu.ee\/wp-content\/uploads\/2025\/09\/Pintsak_1820x1920_telliskivipunane_linanepintsak_naistepintsak_haruu_eestidisain_.png.jpg\" \/>\n\t<meta property=\"og:image:width\" content=\"1280\" \/>\n\t<meta property=\"og:image:height\" content=\"1920\" \/>\n\t<meta property=\"og:image:type\" content=\"image\/jpeg\" \/>\n<meta name=\"twitter:card\" content=\"summary_large_image\" \/>\n<meta name=\"twitter:label1\" content=\"Est. reading time\" \/>\n\t<meta name=\"twitter:data1\" content=\"1 minute\" \/>\n<script type=\"application\/ld+json\" class=\"yoast-schema-graph\">{\"@context\":\"https:\/\/schema.org\",\"@graph\":[{\"@type\":[\"WebPage\",\"ItemPage\"],\"@id\":\"https:\/\/haruu.ee\/en\/toode\/stiilinoustamine-kristiinega\/\",\"url\":\"https:\/\/haruu.ee\/en\/toode\/stiilinoustamine-kristiinega\/\",\"name\":\"Stiilin\u00f5ustamine Kristiinega - Haruu\",\"isPartOf\":{\"@id\":\"https:\/\/haruu.ee\/en\/#website\"},\"primaryImageOfPage\":{\"@id\":\"https:\/\/haruu.ee\/en\/toode\/stiilinoustamine-kristiinega\/#primaryimage\"},\"image\":{\"@id\":\"https:\/\/haruu.ee\/en\/toode\/stiilinoustamine-kristiinega\/#primaryimage\"},\"thumbnailUrl\":\"https:\/\/haruu.ee\/wp-content\/uploads\/2025\/09\/Pintsak_1820x1920_telliskivipunane_linanepintsak_naistepintsak_haruu_eestidisain_.png.jpg\",\"datePublished\":\"2026-01-29T19:35:23+00:00\",\"dateModified\":\"2026-01-29T19:41:15+00:00\",\"breadcrumb\":{\"@id\":\"https:\/\/haruu.ee\/en\/toode\/stiilinoustamine-kristiinega\/#breadcrumb\"},\"inLanguage\":\"en-US\",\"potentialAction\":[{\"@type\":\"ReadAction\",\"target\":[\"https:\/\/haruu.ee\/en\/toode\/stiilinoustamine-kristiinega\/\"]}]},{\"@type\":\"ImageObject\",\"inLanguage\":\"en-US\",\"@id\":\"https:\/\/haruu.ee\/en\/toode\/stiilinoustamine-kristiinega\/#primaryimage\",\"url\":\"https:\/\/haruu.ee\/wp-content\/uploads\/2025\/09\/Pintsak_1820x1920_telliskivipunane_linanepintsak_naistepintsak_haruu_eestidisain_.png.jpg\",\"contentUrl\":\"https:\/\/haruu.ee\/wp-content\/uploads\/2025\/09\/Pintsak_1820x1920_telliskivipunane_linanepintsak_naistepintsak_haruu_eestidisain_.png.jpg\",\"width\":1280,\"height\":1920,\"caption\":\"Pintsak, kontori pintsak, peo pintsak, mugav pintsak, naistepintsak, haruu eestidisain, moen\u00f5ustamine, stilistika, stilisti teenus\"},{\"@type\":\"BreadcrumbList\",\"@id\":\"https:\/\/haruu.ee\/en\/toode\/stiilinoustamine-kristiinega\/#breadcrumb\",\"itemListElement\":[{\"@type\":\"ListItem\",\"position\":1,\"name\":\"Avaleht\",\"item\":\"https:\/\/haruu.ee\/en\/\"},{\"@type\":\"ListItem\",\"position\":2,\"name\":\"Shop\",\"item\":\"https:\/\/haruu.ee\/en\/shop\/\"},{\"@type\":\"ListItem\",\"position\":3,\"name\":\"Gifts\",\"item\":\"https:\/\/haruu.ee\/en\/product-category\/gifts\/\"},{\"@type\":\"ListItem\",\"position\":4,\"name\":\"Stiilin\u00f5ustamine Kristiinega\"}]},{\"@type\":\"WebSite\",\"@id\":\"https:\/\/haruu.ee\/en\/#website\",\"url\":\"https:\/\/haruu.ee\/en\/\",\"name\":\"Haruu\",\"description\":\"Inspiratsiooni ja elustiili br&auml;nd, kus kohtuvad &uuml;rgne loodus, j&auml;tkusuutlik eluviis ja koos loomine pereettev&otilde;ttena\",\"publisher\":{\"@id\":\"https:\/\/haruu.ee\/en\/#organization\"},\"potentialAction\":[{\"@type\":\"SearchAction\",\"target\":{\"@type\":\"EntryPoint\",\"urlTemplate\":\"https:\/\/haruu.ee\/en\/?s={search_term_string}\"},\"query-input\":{\"@type\":\"PropertyValueSpecification\",\"valueRequired\":true,\"valueName\":\"search_term_string\"}}],\"inLanguage\":\"en-US\"},{\"@type\":\"Organization\",\"@id\":\"https:\/\/haruu.ee\/en\/#organization\",\"name\":\"Haruu\",\"url\":\"https:\/\/haruu.ee\/en\/\",\"logo\":{\"@type\":\"ImageObject\",\"inLanguage\":\"en-US\",\"@id\":\"https:\/\/haruu.ee\/en\/#\/schema\/logo\/image\/\",\"url\":\"https:\/\/haruu.ee\/wp-content\/uploads\/2022\/07\/haruu-logo-taustata-1-1.png\",\"contentUrl\":\"https:\/\/haruu.ee\/wp-content\/uploads\/2022\/07\/haruu-logo-taustata-1-1.png\",\"width\":1168,\"height\":312,\"caption\":\"Haruu\"},\"image\":{\"@id\":\"https:\/\/haruu.ee\/en\/#\/schema\/logo\/image\/\"},\"sameAs\":[\"https:\/\/www.facebook.com\/haruulife\"]}]}<\/script>\n<!-- \/ Yoast SEO plugin. -->","yoast_head_json":{"title":"Stiilin\u00f5ustamine Kristiinega - Haruu","robots":{"index":"index","follow":"follow","max-snippet":"max-snippet:-1","max-image-preview":"max-image-preview:large","max-video-preview":"max-video-preview:-1"},"canonical":"https:\/\/haruu.ee\/en\/toode\/stiilinoustamine-kristiinega\/","og_locale":"en_US","og_type":"article","og_title":"Stiilin\u00f5ustamine Kristiinega - Haruu","og_description":"Sa ei vaja rohkem riideid, vaid ainult neid \u00f5igeid.   Stiilin\u00f5ustamine Kristiinega aitab sul luua garderoobi, mis p\u00e4riselt t\u00f6\u00f6tab sinu keha, elustiili ja isikup\u00e4raga. Kogenud stilist ja Haruu moedisainer Kristiine L\u00e4\u00e4n-Vantsi n\u00e4itab, millised l\u00f5iked, v\u00e4rvid ja materjalid toovad esile sinu tugevused. Tulemuseks on selgus, enesekindlus ja praktiline teadmine, kuidas panna kokku mugav ning funktsionaalne kapselgarderoob \u2013 ilma \u00fcleliigsete riieteta. Sa ei vaja rohkem riideid. Sa vajad \u00f5igeid.","og_url":"https:\/\/haruu.ee\/en\/toode\/stiilinoustamine-kristiinega\/","og_site_name":"Haruu","article_publisher":"https:\/\/www.facebook.com\/haruulife","article_modified_time":"2026-01-29T19:41:15+00:00","og_image":[{"width":1280,"height":1920,"url":"https:\/\/haruu.ee\/wp-content\/uploads\/2025\/09\/Pintsak_1820x1920_telliskivipunane_linanepintsak_naistepintsak_haruu_eestidisain_.png.jpg","type":"image\/jpeg"}],"twitter_card":"summary_large_image","twitter_misc":{"Est. reading time":"1 minute"},"schema":{"@context":"https:\/\/schema.org","@graph":[{"@type":["WebPage","ItemPage"],"@id":"https:\/\/haruu.ee\/en\/toode\/stiilinoustamine-kristiinega\/","url":"https:\/\/haruu.ee\/en\/toode\/stiilinoustamine-kristiinega\/","name":"Stiilin\u00f5ustamine Kristiinega - Haruu","isPartOf":{"@id":"https:\/\/haruu.ee\/en\/#website"},"primaryImageOfPage":{"@id":"https:\/\/haruu.ee\/en\/toode\/stiilinoustamine-kristiinega\/#primaryimage"},"image":{"@id":"https:\/\/haruu.ee\/en\/toode\/stiilinoustamine-kristiinega\/#primaryimage"},"thumbnailUrl":"https:\/\/haruu.ee\/wp-content\/uploads\/2025\/09\/Pintsak_1820x1920_telliskivipunane_linanepintsak_naistepintsak_haruu_eestidisain_.png.jpg","datePublished":"2026-01-29T19:35:23+00:00","dateModified":"2026-01-29T19:41:15+00:00","breadcrumb":{"@id":"https:\/\/haruu.ee\/en\/toode\/stiilinoustamine-kristiinega\/#breadcrumb"},"inLanguage":"en-US","potentialAction":[{"@type":"ReadAction","target":["https:\/\/haruu.ee\/en\/toode\/stiilinoustamine-kristiinega\/"]}]},{"@type":"ImageObject","inLanguage":"en-US","@id":"https:\/\/haruu.ee\/en\/toode\/stiilinoustamine-kristiinega\/#primaryimage","url":"https:\/\/haruu.ee\/wp-content\/uploads\/2025\/09\/Pintsak_1820x1920_telliskivipunane_linanepintsak_naistepintsak_haruu_eestidisain_.png.jpg","contentUrl":"https:\/\/haruu.ee\/wp-content\/uploads\/2025\/09\/Pintsak_1820x1920_telliskivipunane_linanepintsak_naistepintsak_haruu_eestidisain_.png.jpg","width":1280,"height":1920,"caption":"Pintsak, kontori pintsak, peo pintsak, mugav pintsak, naistepintsak, haruu eestidisain, moen\u00f5ustamine, stilistika, stilisti teenus"},{"@type":"BreadcrumbList","@id":"https:\/\/haruu.ee\/en\/toode\/stiilinoustamine-kristiinega\/#breadcrumb","itemListElement":[{"@type":"ListItem","position":1,"name":"Avaleht","item":"https:\/\/haruu.ee\/en\/"},{"@type":"ListItem","position":2,"name":"Shop","item":"https:\/\/haruu.ee\/en\/shop\/"},{"@type":"ListItem","position":3,"name":"Gifts","item":"https:\/\/haruu.ee\/en\/product-category\/gifts\/"},{"@type":"ListItem","position":4,"name":"Stiilin\u00f5ustamine Kristiinega"}]},{"@type":"WebSite","@id":"https:\/\/haruu.ee\/en\/#website","url":"https:\/\/haruu.ee\/en\/","name":"Haruu","description":"Inspiratsiooni ja elustiili br&auml;nd, kus kohtuvad &uuml;rgne loodus, j&auml;tkusuutlik eluviis ja koos loomine pereettev&otilde;ttena","publisher":{"@id":"https:\/\/haruu.ee\/en\/#organization"},"potentialAction":[{"@type":"SearchAction","target":{"@type":"EntryPoint","urlTemplate":"https:\/\/haruu.ee\/en\/?s={search_term_string}"},"query-input":{"@type":"PropertyValueSpecification","valueRequired":true,"valueName":"search_term_string"}}],"inLanguage":"en-US"},{"@type":"Organization","@id":"https:\/\/haruu.ee\/en\/#organization","name":"Haruu","url":"https:\/\/haruu.ee\/en\/","logo":{"@type":"ImageObject","inLanguage":"en-US","@id":"https:\/\/haruu.ee\/en\/#\/schema\/logo\/image\/","url":"https:\/\/haruu.ee\/wp-content\/uploads\/2022\/07\/haruu-logo-taustata-1-1.png","contentUrl":"https:\/\/haruu.ee\/wp-content\/uploads\/2022\/07\/haruu-logo-taustata-1-1.png","width":1168,"height":312,"caption":"Haruu"},"image":{"@id":"https:\/\/haruu.ee\/en\/#\/schema\/logo\/image\/"},"sameAs":["https:\/\/www.facebook.com\/haruulife"]}]}},"_links":{"self":[{"href":"https:\/\/haruu.ee\/en\/wp-json\/wp\/v2\/product\/22569","targetHints":{"allow":["GET"]}}],"collection":[{"href":"https:\/\/haruu.ee\/en\/wp-json\/wp\/v2\/product"}],"about":[{"href":"https:\/\/haruu.ee\/en\/wp-json\/wp\/v2\/types\/product"}],"wp:featuredmedia":[{"embeddable":true,"href":"https:\/\/haruu.ee\/en\/wp-json\/wp\/v2\/media\/22495"}],"wp:attachment":[{"href":"https:\/\/haruu.ee\/en\/wp-json\/wp\/v2\/media?parent=22569"}],"wp:term":[{"taxonomy":"product_brand","embeddable":true,"href":"https:\/\/haruu.ee\/en\/wp-json\/wp\/v2\/product_brand?post=22569"},{"taxonomy":"product_cat","embeddable":true,"href":"https:\/\/haruu.ee\/en\/wp-json\/wp\/v2\/product_cat?post=22569"},{"taxonomy":"product_tag","embeddable":true,"href":"https:\/\/haruu.ee\/en\/wp-json\/wp\/v2\/product_tag?post=22569"}],"curies":[{"name":"wp","href":"https:\/\/api.w.org\/{rel}","templated":true}]}}