


{"id":24439,"date":"2025-05-02T15:15:27","date_gmt":"2025-05-02T12:15:27","guid":{"rendered":"https:\/\/haruu.ee\/toode\/new-york-fashion-week-viscose-pants\/"},"modified":"2025-05-02T15:15:27","modified_gmt":"2025-05-02T12:15:27","slug":"new-york-fashion-week-viscose-pants","status":"publish","type":"product","link":"https:\/\/haruu.ee\/en\/toode\/new-york-fashion-week-viscose-pants\/","title":{"rendered":"New York Fashion Week viscose pants"},"content":{"rendered":"<p class=\"whitespace-pre-wrap break-words\">These luxurious viscose trousers were first introduced to the public at New York Fashion Week, where they immediately drew attention with their elegant yet minimalist cut and high-quality material. Handmade in Estonia, the trousers combine contemporary design, comfort, and quality. <\/p>\n<p class=\"whitespace-pre-wrap break-words\">These wide-cut viscose trousers offer exceptional comfort with every movement while remaining stylish and refined. The exceptionally soft viscose fabric feels gentle against the skin and ensures comfort throughout the day. Thanks to their thoughtful design, these trousers are perfect both for everyday wear and for more special occasions. They suit everyone beautifully, regardless of body type. Their universal cut works ideally for all, highlighting each wearer\u2019s unique line. These trousers are also truly year-round \u2014 beautifully flowing and perfect with both summer lightness and winter elegance.     <\/p>\n<p class=\"whitespace-pre-wrap break-words\">These trousers are an essential piece in every wardrobe, helping create dozens of different styling combinations with minimal effort. They are currently available in three timeless colors \u2014 olive green, pure white, and deep black \u2014 making it easy to choose according to your wardrobe needs or to get more than one for complete styling variety. The trousers are also easy to style and pair beautifully with other natural materials such as linen, silk, or cotton, creating a harmonious and refined look for every occasion. A matching kimono has also been created for these trousers, which you can find <a href=\"https:\/\/haruu.ee\/en\/toode\/new-york-fashion-week-viscose-kimono\/\">HERE<\/a>.   <\/p>\n<p><strong>Care:<\/strong><br \/>\nPese 30 kraadi juures, maksimaalselt 400 tsentrifuugi v\u00f5i ilma tsentrifuugita. Kuivati ei ole lubatud, nii s\u00e4ilib kanga ilu ja eluiga v\u00f5imalikult kaua. <\/p>\n<p class=\"p1\"><strong>Does viscose wrinkle easily?<br \/>\n<\/strong>Viscose may wrinkle slightly, but this is exactly what gives the fabric its natural and elegant look. With proper care (gentle washing and hanging straight to dry), wrinkling remains minimal, and light steaming is enough when needed. <\/p>\n<p class=\"p1\"><strong>Does viscose make you sweat or show sweat marks?<br \/>\n<\/strong>No. High-quality viscose handles moisture better than many synthetic materials and helps prevent visible sweat marks. The fabric drapes freely and does not cling to the body.  <\/p>\n<p class=\"p1\"><strong>Is the product suitable for sensitive skin?<br \/>\n<\/strong>Yes. Viscose is a smooth and soft material that does not irritate the skin. <\/p>\n<p><strong>M\u00f5\u00f5dutabel<\/strong><br \/>\nThese are the measurements of the products shown in the photo.<br \/>\nThe waist measurement range reflects the stretch of the elastic in the garment.<\/p>\n<table style=\"border-collapse: collapse; width: 32.9755%; height: 96px;\">\n<tbody>\n<tr style=\"height: 24px;\">\n<td style=\"width: 25%; height: 24px;\"><strong>Size (cm)<\/strong><\/td>\n<td style=\"width: 25%; height: 24px;\"><strong>XS <\/strong><\/td>\n<td style=\"width: 25%; height: 24px;\"><strong>S\/M<\/strong><\/td>\n<td style=\"width: 25%; height: 24px;\"><strong>L\/XL<\/strong><\/td>\n<\/tr>\n<tr style=\"height: 24px;\">\n<td style=\"width: 25%; height: 24px;\">Waist<\/td>\n<td style=\"width: 25%; height: 24px;\">68-78<\/td>\n<td style=\"width: 25%; height: 24px;\">76-86<\/td>\n<td style=\"width: 25%; height: 24px;\">88-98<\/td>\n<\/tr>\n<tr style=\"height: 24px;\">\n<td style=\"width: 25%; height: 24px;\">Hip<\/td>\n<td style=\"width: 25%; height: 24px;\">130<\/td>\n<td style=\"width: 25%; height: 24px;\">138<\/td>\n<td style=\"width: 25%; height: 24px;\">150<\/td>\n<\/tr>\n<tr style=\"height: 24px;\">\n<td style=\"width: 25%; height: 24px;\">Total lenght<\/td>\n<td style=\"width: 25%; height: 24px;\">104<\/td>\n<td style=\"width: 25%; height: 24px;\">110<\/td>\n<td style=\"width: 25%; height: 24px;\">112<\/td>\n<\/tr>\n<\/tbody>\n<\/table>\n<p>&nbsp;<\/p>\n","protected":false},"excerpt":{"rendered":"<p>New York Fashion Week collection pants.<br \/>\nA universal cut that suits everyone beautifully.<br \/>\nLuxurious, yet comfortable and stylish.<br \/>\nAvailable in two colors \u2014 pure white and deep black.<br \/>\n<strong>Material<\/strong>: 100% viscose (natural, breathable, and skin-friendly).<br \/>\nDesigned and made in Estonia.<\/p>\n<p><strong>Why are these pants a great choice?<\/strong><\/p>\n<ul>\n<li class=\"p1\">The viscose fabric is selected for durability and does not lose its shape or softness even after repeated washing<\/li>\n<li class=\"p1\">The fabric is not too thin or see-through, so you can feel confident wearing it<\/li>\n<li class=\"p1\">The cut suits different body shapes without drawing attention to uncomfortable areas<\/li>\n<\/ul>\n<p>These pants pair beautifully with our viscose kimono as well, which you can find <a href=\"https:\/\/haruu.ee\/en\/toode\/new-york-fashion-week-viscose-kimono\/\">HERE.<\/a><br \/>\nTake a look at other New York Fashion Week pieces <a href=\"\/?product_cat=nyfw\"><strong>HERE.<\/strong><\/a><\/p>\n<p class=\"p1\"><strong>Choose your favorite color and size, then add the pants to your cart. These are sure to become one of your summer favorites. <\/strong><\/p>\n","protected":false},"featured_media":22249,"template":"","meta":[],"product_brand":[],"product_cat":[215,275,211,216],"product_tag":[],"class_list":{"0":"post-24439","1":"product","2":"type-product","3":"status-publish","4":"has-post-thumbnail","6":"product_cat-all-products","7":"product_cat-new-york-fashion-week","8":"product_cat-sale","9":"product_cat-women","10":"pa_aaaaa-black","11":"pa_aaaaa-white","13":"first","14":"instock","15":"sale","16":"taxable","17":"shipping-taxable","18":"purchasable","19":"product-type-variable"},"yoast_head":"<!-- This site is optimized with the Yoast SEO plugin v25.1 - https:\/\/yoast.com\/wordpress\/plugins\/seo\/ -->\n<title>New York Fashion Week viscose pants - Haruu<\/title>\n<meta name=\"description\" content=\"Viscose pants are ideal for summer, as they feel breathable and comfortable on the body. They pair beautifully with the matching kimono in the same fabric. Designed and sewn in Estonia.\" \/>\n<meta name=\"robots\" content=\"index, follow, max-snippet:-1, max-image-preview:large, max-video-preview:-1\" \/>\n<link rel=\"canonical\" href=\"https:\/\/haruu.ee\/en\/toode\/new-york-fashion-week-viscose-pants\/\" \/>\n<meta property=\"og:locale\" content=\"en_US\" \/>\n<meta property=\"og:type\" content=\"article\" \/>\n<meta property=\"og:title\" content=\"New York Fashion Week viscose pants - Haruu\" \/>\n<meta property=\"og:description\" content=\"Viscose pants are ideal for summer, as they feel breathable and comfortable on the body. They pair beautifully with the matching kimono in the same fabric. Designed and sewn in Estonia.\" \/>\n<meta property=\"og:url\" content=\"https:\/\/haruu.ee\/en\/toode\/new-york-fashion-week-viscose-pants\/\" \/>\n<meta property=\"og:site_name\" content=\"Haruu\" \/>\n<meta property=\"article:publisher\" content=\"https:\/\/www.facebook.com\/haruulife\" \/>\n<meta property=\"og:image\" content=\"https:\/\/haruu.ee\/wp-content\/uploads\/2025\/05\/DSC06293-Enhanced-NR-1.jpg\" \/>\n\t<meta property=\"og:image:width\" content=\"1280\" \/>\n\t<meta property=\"og:image:height\" content=\"1920\" \/>\n\t<meta property=\"og:image:type\" content=\"image\/jpeg\" \/>\n<meta name=\"twitter:card\" content=\"summary_large_image\" \/>\n<meta name=\"twitter:label1\" content=\"Est. reading time\" \/>\n\t<meta name=\"twitter:data1\" content=\"2 minutes\" \/>\n<script type=\"application\/ld+json\" class=\"yoast-schema-graph\">{\"@context\":\"https:\/\/schema.org\",\"@graph\":[{\"@type\":[\"WebPage\",\"ItemPage\"],\"@id\":\"https:\/\/haruu.ee\/en\/toode\/new-york-fashion-week-viscose-pants\/\",\"url\":\"https:\/\/haruu.ee\/en\/toode\/new-york-fashion-week-viscose-pants\/\",\"name\":\"New York Fashion Week viscose pants - Haruu\",\"isPartOf\":{\"@id\":\"https:\/\/haruu.ee\/en\/#website\"},\"primaryImageOfPage\":{\"@id\":\"https:\/\/haruu.ee\/en\/toode\/new-york-fashion-week-viscose-pants\/#primaryimage\"},\"image\":{\"@id\":\"https:\/\/haruu.ee\/en\/toode\/new-york-fashion-week-viscose-pants\/#primaryimage\"},\"thumbnailUrl\":\"https:\/\/haruu.ee\/wp-content\/uploads\/2025\/05\/DSC06293-Enhanced-NR-1.jpg\",\"datePublished\":\"2025-05-02T12:15:27+00:00\",\"description\":\"Viscose pants are ideal for summer, as they feel breathable and comfortable on the body. They pair beautifully with the matching kimono in the same fabric. Designed and sewn in Estonia.\",\"breadcrumb\":{\"@id\":\"https:\/\/haruu.ee\/en\/toode\/new-york-fashion-week-viscose-pants\/#breadcrumb\"},\"inLanguage\":\"en-US\",\"potentialAction\":[{\"@type\":\"ReadAction\",\"target\":[\"https:\/\/haruu.ee\/en\/toode\/new-york-fashion-week-viscose-pants\/\"]}]},{\"@type\":\"ImageObject\",\"inLanguage\":\"en-US\",\"@id\":\"https:\/\/haruu.ee\/en\/toode\/new-york-fashion-week-viscose-pants\/#primaryimage\",\"url\":\"https:\/\/haruu.ee\/wp-content\/uploads\/2025\/05\/DSC06293-Enhanced-NR-1.jpg\",\"contentUrl\":\"https:\/\/haruu.ee\/wp-content\/uploads\/2025\/05\/DSC06293-Enhanced-NR-1.jpg\",\"width\":1280,\"height\":1920},{\"@type\":\"BreadcrumbList\",\"@id\":\"https:\/\/haruu.ee\/en\/toode\/new-york-fashion-week-viscose-pants\/#breadcrumb\",\"itemListElement\":[{\"@type\":\"ListItem\",\"position\":1,\"name\":\"Avaleht\",\"item\":\"https:\/\/haruu.ee\/en\/\"},{\"@type\":\"ListItem\",\"position\":2,\"name\":\"Shop\",\"item\":\"https:\/\/haruu.ee\/en\/shop\/\"},{\"@type\":\"ListItem\",\"position\":3,\"name\":\"New York Fashion Week viscose pants\"}]},{\"@type\":\"WebSite\",\"@id\":\"https:\/\/haruu.ee\/en\/#website\",\"url\":\"https:\/\/haruu.ee\/en\/\",\"name\":\"Haruu\",\"description\":\"Inspiratsiooni ja elustiili br&auml;nd, kus kohtuvad &uuml;rgne loodus, j&auml;tkusuutlik eluviis ja koos loomine pereettev&otilde;ttena\",\"publisher\":{\"@id\":\"https:\/\/haruu.ee\/en\/#organization\"},\"potentialAction\":[{\"@type\":\"SearchAction\",\"target\":{\"@type\":\"EntryPoint\",\"urlTemplate\":\"https:\/\/haruu.ee\/en\/?s={search_term_string}\"},\"query-input\":{\"@type\":\"PropertyValueSpecification\",\"valueRequired\":true,\"valueName\":\"search_term_string\"}}],\"inLanguage\":\"en-US\"},{\"@type\":\"Organization\",\"@id\":\"https:\/\/haruu.ee\/en\/#organization\",\"name\":\"Haruu\",\"url\":\"https:\/\/haruu.ee\/en\/\",\"logo\":{\"@type\":\"ImageObject\",\"inLanguage\":\"en-US\",\"@id\":\"https:\/\/haruu.ee\/en\/#\/schema\/logo\/image\/\",\"url\":\"https:\/\/haruu.ee\/wp-content\/uploads\/2022\/07\/haruu-logo-taustata-1-1.png\",\"contentUrl\":\"https:\/\/haruu.ee\/wp-content\/uploads\/2022\/07\/haruu-logo-taustata-1-1.png\",\"width\":1168,\"height\":312,\"caption\":\"Haruu\"},\"image\":{\"@id\":\"https:\/\/haruu.ee\/en\/#\/schema\/logo\/image\/\"},\"sameAs\":[\"https:\/\/www.facebook.com\/haruulife\"]}]}<\/script>\n<!-- \/ Yoast SEO plugin. -->","yoast_head_json":{"title":"New York Fashion Week viscose pants - Haruu","description":"Viscose pants are ideal for summer, as they feel breathable and comfortable on the body. They pair beautifully with the matching kimono in the same fabric. Designed and sewn in Estonia.","robots":{"index":"index","follow":"follow","max-snippet":"max-snippet:-1","max-image-preview":"max-image-preview:large","max-video-preview":"max-video-preview:-1"},"canonical":"https:\/\/haruu.ee\/en\/toode\/new-york-fashion-week-viscose-pants\/","og_locale":"en_US","og_type":"article","og_title":"New York Fashion Week viscose pants - Haruu","og_description":"Viscose pants are ideal for summer, as they feel breathable and comfortable on the body. They pair beautifully with the matching kimono in the same fabric. Designed and sewn in Estonia.","og_url":"https:\/\/haruu.ee\/en\/toode\/new-york-fashion-week-viscose-pants\/","og_site_name":"Haruu","article_publisher":"https:\/\/www.facebook.com\/haruulife","og_image":[{"width":1280,"height":1920,"url":"https:\/\/haruu.ee\/wp-content\/uploads\/2025\/05\/DSC06293-Enhanced-NR-1.jpg","type":"image\/jpeg"}],"twitter_card":"summary_large_image","twitter_misc":{"Est. reading time":"2 minutes"},"schema":{"@context":"https:\/\/schema.org","@graph":[{"@type":["WebPage","ItemPage"],"@id":"https:\/\/haruu.ee\/en\/toode\/new-york-fashion-week-viscose-pants\/","url":"https:\/\/haruu.ee\/en\/toode\/new-york-fashion-week-viscose-pants\/","name":"New York Fashion Week viscose pants - Haruu","isPartOf":{"@id":"https:\/\/haruu.ee\/en\/#website"},"primaryImageOfPage":{"@id":"https:\/\/haruu.ee\/en\/toode\/new-york-fashion-week-viscose-pants\/#primaryimage"},"image":{"@id":"https:\/\/haruu.ee\/en\/toode\/new-york-fashion-week-viscose-pants\/#primaryimage"},"thumbnailUrl":"https:\/\/haruu.ee\/wp-content\/uploads\/2025\/05\/DSC06293-Enhanced-NR-1.jpg","datePublished":"2025-05-02T12:15:27+00:00","description":"Viscose pants are ideal for summer, as they feel breathable and comfortable on the body. They pair beautifully with the matching kimono in the same fabric. Designed and sewn in Estonia.","breadcrumb":{"@id":"https:\/\/haruu.ee\/en\/toode\/new-york-fashion-week-viscose-pants\/#breadcrumb"},"inLanguage":"en-US","potentialAction":[{"@type":"ReadAction","target":["https:\/\/haruu.ee\/en\/toode\/new-york-fashion-week-viscose-pants\/"]}]},{"@type":"ImageObject","inLanguage":"en-US","@id":"https:\/\/haruu.ee\/en\/toode\/new-york-fashion-week-viscose-pants\/#primaryimage","url":"https:\/\/haruu.ee\/wp-content\/uploads\/2025\/05\/DSC06293-Enhanced-NR-1.jpg","contentUrl":"https:\/\/haruu.ee\/wp-content\/uploads\/2025\/05\/DSC06293-Enhanced-NR-1.jpg","width":1280,"height":1920},{"@type":"BreadcrumbList","@id":"https:\/\/haruu.ee\/en\/toode\/new-york-fashion-week-viscose-pants\/#breadcrumb","itemListElement":[{"@type":"ListItem","position":1,"name":"Avaleht","item":"https:\/\/haruu.ee\/en\/"},{"@type":"ListItem","position":2,"name":"Shop","item":"https:\/\/haruu.ee\/en\/shop\/"},{"@type":"ListItem","position":3,"name":"New York Fashion Week viscose pants"}]},{"@type":"WebSite","@id":"https:\/\/haruu.ee\/en\/#website","url":"https:\/\/haruu.ee\/en\/","name":"Haruu","description":"Inspiratsiooni ja elustiili br&auml;nd, kus kohtuvad &uuml;rgne loodus, j&auml;tkusuutlik eluviis ja koos loomine pereettev&otilde;ttena","publisher":{"@id":"https:\/\/haruu.ee\/en\/#organization"},"potentialAction":[{"@type":"SearchAction","target":{"@type":"EntryPoint","urlTemplate":"https:\/\/haruu.ee\/en\/?s={search_term_string}"},"query-input":{"@type":"PropertyValueSpecification","valueRequired":true,"valueName":"search_term_string"}}],"inLanguage":"en-US"},{"@type":"Organization","@id":"https:\/\/haruu.ee\/en\/#organization","name":"Haruu","url":"https:\/\/haruu.ee\/en\/","logo":{"@type":"ImageObject","inLanguage":"en-US","@id":"https:\/\/haruu.ee\/en\/#\/schema\/logo\/image\/","url":"https:\/\/haruu.ee\/wp-content\/uploads\/2022\/07\/haruu-logo-taustata-1-1.png","contentUrl":"https:\/\/haruu.ee\/wp-content\/uploads\/2022\/07\/haruu-logo-taustata-1-1.png","width":1168,"height":312,"caption":"Haruu"},"image":{"@id":"https:\/\/haruu.ee\/en\/#\/schema\/logo\/image\/"},"sameAs":["https:\/\/www.facebook.com\/haruulife"]}]}},"_links":{"self":[{"href":"https:\/\/haruu.ee\/en\/wp-json\/wp\/v2\/product\/24439","targetHints":{"allow":["GET"]}}],"collection":[{"href":"https:\/\/haruu.ee\/en\/wp-json\/wp\/v2\/product"}],"about":[{"href":"https:\/\/haruu.ee\/en\/wp-json\/wp\/v2\/types\/product"}],"wp:featuredmedia":[{"embeddable":true,"href":"https:\/\/haruu.ee\/en\/wp-json\/wp\/v2\/media\/22249"}],"wp:attachment":[{"href":"https:\/\/haruu.ee\/en\/wp-json\/wp\/v2\/media?parent=24439"}],"wp:term":[{"taxonomy":"product_brand","embeddable":true,"href":"https:\/\/haruu.ee\/en\/wp-json\/wp\/v2\/product_brand?post=24439"},{"taxonomy":"product_cat","embeddable":true,"href":"https:\/\/haruu.ee\/en\/wp-json\/wp\/v2\/product_cat?post=24439"},{"taxonomy":"product_tag","embeddable":true,"href":"https:\/\/haruu.ee\/en\/wp-json\/wp\/v2\/product_tag?post=24439"}],"curies":[{"name":"wp","href":"https:\/\/api.w.org\/{rel}","templated":true}]}}