


{"id":6287,"date":"2021-07-09T18:51:45","date_gmt":"2021-07-09T15:51:45","guid":{"rendered":"https:\/\/haruu.ee\/?post_type=product&#038;p=6287"},"modified":"2026-01-09T11:56:42","modified_gmt":"2026-01-09T09:56:42","slug":"volangidega-traksipuksid","status":"publish","type":"product","link":"https:\/\/haruu.ee\/en\/toode\/volangidega-traksipuksid\/","title":{"rendered":"Linased volangidega traksip\u00fcksid lastele"},"content":{"rendered":"<p>T\u00fcdrukutele m\u00f5eldud traksip\u00fcksid on stiilse v\u00e4ljan\u00e4gemisega, seejuures mugavad, kuna on hingavast linasest materjalist. Traksid on reguleeritavad ja selja peal olev v\u00e4ike kinniti hoiab trakse koos, et need alla ei vajuks. Reguleerimiseks on kasutatud looduslikke kookosn\u00f6\u00f6pe. Traksip\u00fcksid on valmistatud keskkonna s\u00f5bralikust kangast, mis ei kortsu. 62\/68 suurusel ei ole k\u00fcljetaskuid.<\/p>\n<p>Koostis: 100% kivipestud linane<br \/>\nHooldusjuhend: pesta 30 kraadiga koos \u00fchev\u00e4rvilise pesuga<br \/>\nDisainitud ja valmistatud Eestis<\/p>\n","protected":false},"excerpt":{"rendered":"<p>T\u00fcdrukutele m\u00f5eldud traksip\u00fcksid on stiilse v\u00e4ljan\u00e4gemisega, seejuures mugavad, kuna on hingavast linasest materjalist. Traksid on reguleeritavad ja selja peal olev v\u00e4ike kinniti hoiab trakse koos,&#8230;<\/p>\n","protected":false},"featured_media":7256,"template":"","meta":[],"product_brand":[],"product_cat":[123,86],"product_tag":[113],"class_list":{"0":"post-6287","1":"product","2":"type-product","3":"status-publish","4":"has-post-thumbnail","6":"product_cat-allahindlus","7":"product_cat-lapsed","8":"product_tag-lastetooted","9":"pa_aaaaa-hobehall","10":"pa_aaaaa-sinepikollane","11":"pa_aaaaa-teksasinine","12":"pa_aaaaa-telliskivipunane","13":"pa_aaaaa-khaki","14":"pa_aaaaa-suitsune-pruun","16":"first","17":"instock","18":"sale","19":"taxable","20":"shipping-taxable","21":"purchasable","22":"product-type-variable"},"yoast_head":"<!-- This site is optimized with the Yoast SEO plugin v25.1 - https:\/\/yoast.com\/wordpress\/plugins\/seo\/ -->\n<title>Linased volangidega traksip\u00fcksid lastele - Haruu<\/title>\n<meta name=\"robots\" content=\"index, follow, max-snippet:-1, max-image-preview:large, max-video-preview:-1\" \/>\n<link rel=\"canonical\" href=\"https:\/\/haruu.ee\/en\/toode\/volangidega-traksipuksid\/\" \/>\n<meta property=\"og:locale\" content=\"en_US\" \/>\n<meta property=\"og:type\" content=\"article\" \/>\n<meta property=\"og:title\" content=\"Linased volangidega traksip\u00fcksid lastele - Haruu\" \/>\n<meta property=\"og:description\" content=\"T\u00fcdrukutele m\u00f5eldud traksip\u00fcksid on stiilse v\u00e4ljan\u00e4gemisega, seejuures mugavad, kuna on hingavast linasest materjalist. Traksid on reguleeritavad ja selja peal olev v\u00e4ike kinniti hoiab trakse koos,...\" \/>\n<meta property=\"og:url\" content=\"https:\/\/haruu.ee\/en\/toode\/volangidega-traksipuksid\/\" \/>\n<meta property=\"og:site_name\" content=\"Haruu\" \/>\n<meta property=\"article:publisher\" content=\"https:\/\/www.facebook.com\/haruulife\" \/>\n<meta property=\"article:modified_time\" content=\"2026-01-09T09:56:42+00:00\" \/>\n<meta property=\"og:image\" content=\"https:\/\/haruu.ee\/wp-content\/uploads\/2021\/07\/Frame-232.jpg\" \/>\n\t<meta property=\"og:image:width\" content=\"900\" \/>\n\t<meta property=\"og:image:height\" content=\"1200\" \/>\n\t<meta property=\"og:image:type\" content=\"image\/jpeg\" \/>\n<meta name=\"twitter:card\" content=\"summary_large_image\" \/>\n<meta name=\"twitter:label1\" content=\"Est. reading time\" \/>\n\t<meta name=\"twitter:data1\" content=\"1 minute\" \/>\n<script type=\"application\/ld+json\" class=\"yoast-schema-graph\">{\"@context\":\"https:\/\/schema.org\",\"@graph\":[{\"@type\":[\"WebPage\",\"ItemPage\"],\"@id\":\"https:\/\/haruu.ee\/en\/toode\/volangidega-traksipuksid\/\",\"url\":\"https:\/\/haruu.ee\/en\/toode\/volangidega-traksipuksid\/\",\"name\":\"Linased volangidega traksip\u00fcksid lastele - Haruu\",\"isPartOf\":{\"@id\":\"https:\/\/haruu.ee\/en\/#website\"},\"primaryImageOfPage\":{\"@id\":\"https:\/\/haruu.ee\/en\/toode\/volangidega-traksipuksid\/#primaryimage\"},\"image\":{\"@id\":\"https:\/\/haruu.ee\/en\/toode\/volangidega-traksipuksid\/#primaryimage\"},\"thumbnailUrl\":\"https:\/\/haruu.ee\/wp-content\/uploads\/2021\/07\/Frame-232.jpg\",\"datePublished\":\"2021-07-09T15:51:45+00:00\",\"dateModified\":\"2026-01-09T09:56:42+00:00\",\"breadcrumb\":{\"@id\":\"https:\/\/haruu.ee\/en\/toode\/volangidega-traksipuksid\/#breadcrumb\"},\"inLanguage\":\"en-US\",\"potentialAction\":[{\"@type\":\"ReadAction\",\"target\":[\"https:\/\/haruu.ee\/en\/toode\/volangidega-traksipuksid\/\"]}]},{\"@type\":\"ImageObject\",\"inLanguage\":\"en-US\",\"@id\":\"https:\/\/haruu.ee\/en\/toode\/volangidega-traksipuksid\/#primaryimage\",\"url\":\"https:\/\/haruu.ee\/wp-content\/uploads\/2021\/07\/Frame-232.jpg\",\"contentUrl\":\"https:\/\/haruu.ee\/wp-content\/uploads\/2021\/07\/Frame-232.jpg\",\"width\":900,\"height\":1200},{\"@type\":\"BreadcrumbList\",\"@id\":\"https:\/\/haruu.ee\/en\/toode\/volangidega-traksipuksid\/#breadcrumb\",\"itemListElement\":[{\"@type\":\"ListItem\",\"position\":1,\"name\":\"Avaleht\",\"item\":\"https:\/\/haruu.ee\/en\/\"},{\"@type\":\"ListItem\",\"position\":2,\"name\":\"Shop\",\"item\":\"https:\/\/haruu.ee\/en\/shop\/\"},{\"@type\":\"ListItem\",\"position\":3,\"name\":\"Children\",\"item\":\"https:\/\/haruu.ee\/en\/product-category\/children\/\"},{\"@type\":\"ListItem\",\"position\":4,\"name\":\"Linased volangidega traksip\u00fcksid lastele\"}]},{\"@type\":\"WebSite\",\"@id\":\"https:\/\/haruu.ee\/en\/#website\",\"url\":\"https:\/\/haruu.ee\/en\/\",\"name\":\"Haruu\",\"description\":\"Inspiratsiooni ja elustiili br&auml;nd, kus kohtuvad &uuml;rgne loodus, j&auml;tkusuutlik eluviis ja koos loomine pereettev&otilde;ttena\",\"publisher\":{\"@id\":\"https:\/\/haruu.ee\/en\/#organization\"},\"potentialAction\":[{\"@type\":\"SearchAction\",\"target\":{\"@type\":\"EntryPoint\",\"urlTemplate\":\"https:\/\/haruu.ee\/en\/?s={search_term_string}\"},\"query-input\":{\"@type\":\"PropertyValueSpecification\",\"valueRequired\":true,\"valueName\":\"search_term_string\"}}],\"inLanguage\":\"en-US\"},{\"@type\":\"Organization\",\"@id\":\"https:\/\/haruu.ee\/en\/#organization\",\"name\":\"Haruu\",\"url\":\"https:\/\/haruu.ee\/en\/\",\"logo\":{\"@type\":\"ImageObject\",\"inLanguage\":\"en-US\",\"@id\":\"https:\/\/haruu.ee\/en\/#\/schema\/logo\/image\/\",\"url\":\"https:\/\/haruu.ee\/wp-content\/uploads\/2022\/07\/haruu-logo-taustata-1-1.png\",\"contentUrl\":\"https:\/\/haruu.ee\/wp-content\/uploads\/2022\/07\/haruu-logo-taustata-1-1.png\",\"width\":1168,\"height\":312,\"caption\":\"Haruu\"},\"image\":{\"@id\":\"https:\/\/haruu.ee\/en\/#\/schema\/logo\/image\/\"},\"sameAs\":[\"https:\/\/www.facebook.com\/haruulife\"]}]}<\/script>\n<!-- \/ Yoast SEO plugin. -->","yoast_head_json":{"title":"Linased volangidega traksip\u00fcksid lastele - Haruu","robots":{"index":"index","follow":"follow","max-snippet":"max-snippet:-1","max-image-preview":"max-image-preview:large","max-video-preview":"max-video-preview:-1"},"canonical":"https:\/\/haruu.ee\/en\/toode\/volangidega-traksipuksid\/","og_locale":"en_US","og_type":"article","og_title":"Linased volangidega traksip\u00fcksid lastele - Haruu","og_description":"T\u00fcdrukutele m\u00f5eldud traksip\u00fcksid on stiilse v\u00e4ljan\u00e4gemisega, seejuures mugavad, kuna on hingavast linasest materjalist. Traksid on reguleeritavad ja selja peal olev v\u00e4ike kinniti hoiab trakse koos,...","og_url":"https:\/\/haruu.ee\/en\/toode\/volangidega-traksipuksid\/","og_site_name":"Haruu","article_publisher":"https:\/\/www.facebook.com\/haruulife","article_modified_time":"2026-01-09T09:56:42+00:00","og_image":[{"width":900,"height":1200,"url":"https:\/\/haruu.ee\/wp-content\/uploads\/2021\/07\/Frame-232.jpg","type":"image\/jpeg"}],"twitter_card":"summary_large_image","twitter_misc":{"Est. reading time":"1 minute"},"schema":{"@context":"https:\/\/schema.org","@graph":[{"@type":["WebPage","ItemPage"],"@id":"https:\/\/haruu.ee\/en\/toode\/volangidega-traksipuksid\/","url":"https:\/\/haruu.ee\/en\/toode\/volangidega-traksipuksid\/","name":"Linased volangidega traksip\u00fcksid lastele - Haruu","isPartOf":{"@id":"https:\/\/haruu.ee\/en\/#website"},"primaryImageOfPage":{"@id":"https:\/\/haruu.ee\/en\/toode\/volangidega-traksipuksid\/#primaryimage"},"image":{"@id":"https:\/\/haruu.ee\/en\/toode\/volangidega-traksipuksid\/#primaryimage"},"thumbnailUrl":"https:\/\/haruu.ee\/wp-content\/uploads\/2021\/07\/Frame-232.jpg","datePublished":"2021-07-09T15:51:45+00:00","dateModified":"2026-01-09T09:56:42+00:00","breadcrumb":{"@id":"https:\/\/haruu.ee\/en\/toode\/volangidega-traksipuksid\/#breadcrumb"},"inLanguage":"en-US","potentialAction":[{"@type":"ReadAction","target":["https:\/\/haruu.ee\/en\/toode\/volangidega-traksipuksid\/"]}]},{"@type":"ImageObject","inLanguage":"en-US","@id":"https:\/\/haruu.ee\/en\/toode\/volangidega-traksipuksid\/#primaryimage","url":"https:\/\/haruu.ee\/wp-content\/uploads\/2021\/07\/Frame-232.jpg","contentUrl":"https:\/\/haruu.ee\/wp-content\/uploads\/2021\/07\/Frame-232.jpg","width":900,"height":1200},{"@type":"BreadcrumbList","@id":"https:\/\/haruu.ee\/en\/toode\/volangidega-traksipuksid\/#breadcrumb","itemListElement":[{"@type":"ListItem","position":1,"name":"Avaleht","item":"https:\/\/haruu.ee\/en\/"},{"@type":"ListItem","position":2,"name":"Shop","item":"https:\/\/haruu.ee\/en\/shop\/"},{"@type":"ListItem","position":3,"name":"Children","item":"https:\/\/haruu.ee\/en\/product-category\/children\/"},{"@type":"ListItem","position":4,"name":"Linased volangidega traksip\u00fcksid lastele"}]},{"@type":"WebSite","@id":"https:\/\/haruu.ee\/en\/#website","url":"https:\/\/haruu.ee\/en\/","name":"Haruu","description":"Inspiratsiooni ja elustiili br&auml;nd, kus kohtuvad &uuml;rgne loodus, j&auml;tkusuutlik eluviis ja koos loomine pereettev&otilde;ttena","publisher":{"@id":"https:\/\/haruu.ee\/en\/#organization"},"potentialAction":[{"@type":"SearchAction","target":{"@type":"EntryPoint","urlTemplate":"https:\/\/haruu.ee\/en\/?s={search_term_string}"},"query-input":{"@type":"PropertyValueSpecification","valueRequired":true,"valueName":"search_term_string"}}],"inLanguage":"en-US"},{"@type":"Organization","@id":"https:\/\/haruu.ee\/en\/#organization","name":"Haruu","url":"https:\/\/haruu.ee\/en\/","logo":{"@type":"ImageObject","inLanguage":"en-US","@id":"https:\/\/haruu.ee\/en\/#\/schema\/logo\/image\/","url":"https:\/\/haruu.ee\/wp-content\/uploads\/2022\/07\/haruu-logo-taustata-1-1.png","contentUrl":"https:\/\/haruu.ee\/wp-content\/uploads\/2022\/07\/haruu-logo-taustata-1-1.png","width":1168,"height":312,"caption":"Haruu"},"image":{"@id":"https:\/\/haruu.ee\/en\/#\/schema\/logo\/image\/"},"sameAs":["https:\/\/www.facebook.com\/haruulife"]}]}},"_links":{"self":[{"href":"https:\/\/haruu.ee\/en\/wp-json\/wp\/v2\/product\/6287","targetHints":{"allow":["GET"]}}],"collection":[{"href":"https:\/\/haruu.ee\/en\/wp-json\/wp\/v2\/product"}],"about":[{"href":"https:\/\/haruu.ee\/en\/wp-json\/wp\/v2\/types\/product"}],"wp:featuredmedia":[{"embeddable":true,"href":"https:\/\/haruu.ee\/en\/wp-json\/wp\/v2\/media\/7256"}],"wp:attachment":[{"href":"https:\/\/haruu.ee\/en\/wp-json\/wp\/v2\/media?parent=6287"}],"wp:term":[{"taxonomy":"product_brand","embeddable":true,"href":"https:\/\/haruu.ee\/en\/wp-json\/wp\/v2\/product_brand?post=6287"},{"taxonomy":"product_cat","embeddable":true,"href":"https:\/\/haruu.ee\/en\/wp-json\/wp\/v2\/product_cat?post=6287"},{"taxonomy":"product_tag","embeddable":true,"href":"https:\/\/haruu.ee\/en\/wp-json\/wp\/v2\/product_tag?post=6287"}],"curies":[{"name":"wp","href":"https:\/\/api.w.org\/{rel}","templated":true}]}}