


{"id":6828,"date":"2021-10-06T20:13:05","date_gmt":"2021-10-06T17:13:05","guid":{"rendered":"https:\/\/haruu.ee\/?post_type=product&#038;p=6828"},"modified":"2026-03-25T19:16:43","modified_gmt":"2026-03-25T17:16:43","slug":"100-naturaalse-lambavillaga-mantel","status":"publish","type":"product","link":"https:\/\/haruu.ee\/en\/toode\/100-naturaalse-lambavillaga-mantel\/","title":{"rendered":"Naturaalse lambavillaga mantel"},"content":{"rendered":"<p>Unisex mantli pealmine kiht on valmistatud 100% naturaalsest lambavillast (boiled wool). Puuvillane vooder (100% \u00d6ko-Tex puuvill) loob mantlile lisasoojust. Nii vooder kui ka soonikud on kokkupuutel lapse nahaga v\u00e4ga pehmed. M\u00f5lema kanga termoreguleerivad omadused muudavad lapsele kandmise keha s\u00f5bralikuks tagades optimaalse kehatemperatuuri s\u00e4ilimise ning hoides keha soojana ja v\u00e4ltides aurustumise kaudu \u00fclekuumenemist. Mantel on sobiv kandmiseks s\u00fcgisest kuni varakevadeni &#8211; k\u00fclmema ilmaga hoiab lambavill sooja ja soojema ilmaga ei aja higistama ning seet\u00f5ttu on mantel ideaalne ka autos\u00f5itudeks.<\/p>\n<p>Mantlil on \u00fcleskeeratavad soonikud, et kandmisr\u00f5\u00f5mu j\u00e4tkuks kauemaks. Samuti on mantlil lukukaitse kaeluses ja riputusaas.<\/p>\n<p><strong>Mis teeb lambavilla eriliseks materjaliks:<\/strong><\/p>\n<ul>\n<li>Naturaalne ja keskkonnas\u00f5bralik, mis h\u00fclgab pinnalt vett ja mustust<\/li>\n<li>Hingav, mis hoiab \u00fchtlast temperatuuri ja isoleerib nii k\u00fclma kui sooja<\/li>\n<li>Antibakteriaalne, mis muudab keskkonna ebasobivaks tolmulestadele<\/li>\n<li>Raskesti s\u00fcttiv<\/li>\n<\/ul>\n<p>Koostis: 100% naturaalne lambavill (boiled wool)<br \/>\nSisevooder: 100% \u00d6ko-Tex puuvill<br \/>\nHooldusjuhend: AINULT KEEMILINE PUHASTUS<br \/>\nDisainitud ja valmistatud Eestis<\/p>\n","protected":false},"excerpt":{"rendered":"<p>Unisex mantli pealmine kiht on valmistatud 100% naturaalsest lambavillast (boiled wool). Puuvillane vooder (100% \u00d6ko-Tex puuvill) loob mantlile lisasoojust. Nii vooder kui ka soonikud on&#8230;<\/p>\n","protected":false},"featured_media":7694,"template":"","meta":[],"product_brand":[],"product_cat":[86],"product_tag":[],"class_list":{"0":"post-6828","1":"product","2":"type-product","3":"status-publish","4":"has-post-thumbnail","6":"product_cat-lapsed","7":"pa_aaaaa-helepruun","8":"pa_aaaaa-tumepruun","10":"first","11":"instock","12":"taxable","13":"shipping-taxable","14":"purchasable","15":"product-type-variable"},"yoast_head":"<!-- This site is optimized with the Yoast SEO plugin v25.1 - https:\/\/yoast.com\/wordpress\/plugins\/seo\/ -->\n<title>Naturaalse lambavillaga mantel - Haruu<\/title>\n<meta name=\"robots\" content=\"index, follow, max-snippet:-1, max-image-preview:large, max-video-preview:-1\" \/>\n<link rel=\"canonical\" href=\"https:\/\/haruu.ee\/en\/toode\/100-naturaalse-lambavillaga-mantel\/\" \/>\n<meta property=\"og:locale\" content=\"en_US\" \/>\n<meta property=\"og:type\" content=\"article\" \/>\n<meta property=\"og:title\" content=\"Naturaalse lambavillaga mantel - Haruu\" \/>\n<meta property=\"og:description\" content=\"Unisex mantli pealmine kiht on valmistatud 100% naturaalsest lambavillast (boiled wool). Puuvillane vooder (100% \u00d6ko-Tex puuvill) loob mantlile lisasoojust. Nii vooder kui ka soonikud on...\" \/>\n<meta property=\"og:url\" content=\"https:\/\/haruu.ee\/en\/toode\/100-naturaalse-lambavillaga-mantel\/\" \/>\n<meta property=\"og:site_name\" content=\"Haruu\" \/>\n<meta property=\"article:publisher\" content=\"https:\/\/www.facebook.com\/haruulife\" \/>\n<meta property=\"article:modified_time\" content=\"2026-03-25T17:16:43+00:00\" \/>\n<meta property=\"og:image\" content=\"https:\/\/haruu.ee\/wp-content\/uploads\/2021\/10\/Frame-477.jpg\" \/>\n\t<meta property=\"og:image:width\" content=\"900\" \/>\n\t<meta property=\"og:image:height\" content=\"1200\" \/>\n\t<meta property=\"og:image:type\" content=\"image\/jpeg\" \/>\n<meta name=\"twitter:card\" content=\"summary_large_image\" \/>\n<meta name=\"twitter:label1\" content=\"Est. reading time\" \/>\n\t<meta name=\"twitter:data1\" content=\"1 minute\" \/>\n<script type=\"application\/ld+json\" class=\"yoast-schema-graph\">{\"@context\":\"https:\/\/schema.org\",\"@graph\":[{\"@type\":[\"WebPage\",\"ItemPage\"],\"@id\":\"https:\/\/haruu.ee\/en\/toode\/100-naturaalse-lambavillaga-mantel\/\",\"url\":\"https:\/\/haruu.ee\/en\/toode\/100-naturaalse-lambavillaga-mantel\/\",\"name\":\"Naturaalse lambavillaga mantel - Haruu\",\"isPartOf\":{\"@id\":\"https:\/\/haruu.ee\/en\/#website\"},\"primaryImageOfPage\":{\"@id\":\"https:\/\/haruu.ee\/en\/toode\/100-naturaalse-lambavillaga-mantel\/#primaryimage\"},\"image\":{\"@id\":\"https:\/\/haruu.ee\/en\/toode\/100-naturaalse-lambavillaga-mantel\/#primaryimage\"},\"thumbnailUrl\":\"https:\/\/haruu.ee\/wp-content\/uploads\/2021\/10\/Frame-477.jpg\",\"datePublished\":\"2021-10-06T17:13:05+00:00\",\"dateModified\":\"2026-03-25T17:16:43+00:00\",\"breadcrumb\":{\"@id\":\"https:\/\/haruu.ee\/en\/toode\/100-naturaalse-lambavillaga-mantel\/#breadcrumb\"},\"inLanguage\":\"en-US\",\"potentialAction\":[{\"@type\":\"ReadAction\",\"target\":[\"https:\/\/haruu.ee\/en\/toode\/100-naturaalse-lambavillaga-mantel\/\"]}]},{\"@type\":\"ImageObject\",\"inLanguage\":\"en-US\",\"@id\":\"https:\/\/haruu.ee\/en\/toode\/100-naturaalse-lambavillaga-mantel\/#primaryimage\",\"url\":\"https:\/\/haruu.ee\/wp-content\/uploads\/2021\/10\/Frame-477.jpg\",\"contentUrl\":\"https:\/\/haruu.ee\/wp-content\/uploads\/2021\/10\/Frame-477.jpg\",\"width\":900,\"height\":1200},{\"@type\":\"BreadcrumbList\",\"@id\":\"https:\/\/haruu.ee\/en\/toode\/100-naturaalse-lambavillaga-mantel\/#breadcrumb\",\"itemListElement\":[{\"@type\":\"ListItem\",\"position\":1,\"name\":\"Avaleht\",\"item\":\"https:\/\/haruu.ee\/en\/\"},{\"@type\":\"ListItem\",\"position\":2,\"name\":\"Shop\",\"item\":\"https:\/\/haruu.ee\/en\/shop\/\"},{\"@type\":\"ListItem\",\"position\":3,\"name\":\"Children\",\"item\":\"https:\/\/haruu.ee\/en\/product-category\/children\/\"},{\"@type\":\"ListItem\",\"position\":4,\"name\":\"Naturaalse lambavillaga mantel\"}]},{\"@type\":\"WebSite\",\"@id\":\"https:\/\/haruu.ee\/en\/#website\",\"url\":\"https:\/\/haruu.ee\/en\/\",\"name\":\"Haruu\",\"description\":\"Inspiratsiooni ja elustiili br&auml;nd, kus kohtuvad &uuml;rgne loodus, j&auml;tkusuutlik eluviis ja koos loomine pereettev&otilde;ttena\",\"publisher\":{\"@id\":\"https:\/\/haruu.ee\/en\/#organization\"},\"potentialAction\":[{\"@type\":\"SearchAction\",\"target\":{\"@type\":\"EntryPoint\",\"urlTemplate\":\"https:\/\/haruu.ee\/en\/?s={search_term_string}\"},\"query-input\":{\"@type\":\"PropertyValueSpecification\",\"valueRequired\":true,\"valueName\":\"search_term_string\"}}],\"inLanguage\":\"en-US\"},{\"@type\":\"Organization\",\"@id\":\"https:\/\/haruu.ee\/en\/#organization\",\"name\":\"Haruu\",\"url\":\"https:\/\/haruu.ee\/en\/\",\"logo\":{\"@type\":\"ImageObject\",\"inLanguage\":\"en-US\",\"@id\":\"https:\/\/haruu.ee\/en\/#\/schema\/logo\/image\/\",\"url\":\"https:\/\/haruu.ee\/wp-content\/uploads\/2022\/07\/haruu-logo-taustata-1-1.png\",\"contentUrl\":\"https:\/\/haruu.ee\/wp-content\/uploads\/2022\/07\/haruu-logo-taustata-1-1.png\",\"width\":1168,\"height\":312,\"caption\":\"Haruu\"},\"image\":{\"@id\":\"https:\/\/haruu.ee\/en\/#\/schema\/logo\/image\/\"},\"sameAs\":[\"https:\/\/www.facebook.com\/haruulife\"]}]}<\/script>\n<!-- \/ Yoast SEO plugin. -->","yoast_head_json":{"title":"Naturaalse lambavillaga mantel - Haruu","robots":{"index":"index","follow":"follow","max-snippet":"max-snippet:-1","max-image-preview":"max-image-preview:large","max-video-preview":"max-video-preview:-1"},"canonical":"https:\/\/haruu.ee\/en\/toode\/100-naturaalse-lambavillaga-mantel\/","og_locale":"en_US","og_type":"article","og_title":"Naturaalse lambavillaga mantel - Haruu","og_description":"Unisex mantli pealmine kiht on valmistatud 100% naturaalsest lambavillast (boiled wool). Puuvillane vooder (100% \u00d6ko-Tex puuvill) loob mantlile lisasoojust. Nii vooder kui ka soonikud on...","og_url":"https:\/\/haruu.ee\/en\/toode\/100-naturaalse-lambavillaga-mantel\/","og_site_name":"Haruu","article_publisher":"https:\/\/www.facebook.com\/haruulife","article_modified_time":"2026-03-25T17:16:43+00:00","og_image":[{"width":900,"height":1200,"url":"https:\/\/haruu.ee\/wp-content\/uploads\/2021\/10\/Frame-477.jpg","type":"image\/jpeg"}],"twitter_card":"summary_large_image","twitter_misc":{"Est. reading time":"1 minute"},"schema":{"@context":"https:\/\/schema.org","@graph":[{"@type":["WebPage","ItemPage"],"@id":"https:\/\/haruu.ee\/en\/toode\/100-naturaalse-lambavillaga-mantel\/","url":"https:\/\/haruu.ee\/en\/toode\/100-naturaalse-lambavillaga-mantel\/","name":"Naturaalse lambavillaga mantel - Haruu","isPartOf":{"@id":"https:\/\/haruu.ee\/en\/#website"},"primaryImageOfPage":{"@id":"https:\/\/haruu.ee\/en\/toode\/100-naturaalse-lambavillaga-mantel\/#primaryimage"},"image":{"@id":"https:\/\/haruu.ee\/en\/toode\/100-naturaalse-lambavillaga-mantel\/#primaryimage"},"thumbnailUrl":"https:\/\/haruu.ee\/wp-content\/uploads\/2021\/10\/Frame-477.jpg","datePublished":"2021-10-06T17:13:05+00:00","dateModified":"2026-03-25T17:16:43+00:00","breadcrumb":{"@id":"https:\/\/haruu.ee\/en\/toode\/100-naturaalse-lambavillaga-mantel\/#breadcrumb"},"inLanguage":"en-US","potentialAction":[{"@type":"ReadAction","target":["https:\/\/haruu.ee\/en\/toode\/100-naturaalse-lambavillaga-mantel\/"]}]},{"@type":"ImageObject","inLanguage":"en-US","@id":"https:\/\/haruu.ee\/en\/toode\/100-naturaalse-lambavillaga-mantel\/#primaryimage","url":"https:\/\/haruu.ee\/wp-content\/uploads\/2021\/10\/Frame-477.jpg","contentUrl":"https:\/\/haruu.ee\/wp-content\/uploads\/2021\/10\/Frame-477.jpg","width":900,"height":1200},{"@type":"BreadcrumbList","@id":"https:\/\/haruu.ee\/en\/toode\/100-naturaalse-lambavillaga-mantel\/#breadcrumb","itemListElement":[{"@type":"ListItem","position":1,"name":"Avaleht","item":"https:\/\/haruu.ee\/en\/"},{"@type":"ListItem","position":2,"name":"Shop","item":"https:\/\/haruu.ee\/en\/shop\/"},{"@type":"ListItem","position":3,"name":"Children","item":"https:\/\/haruu.ee\/en\/product-category\/children\/"},{"@type":"ListItem","position":4,"name":"Naturaalse lambavillaga mantel"}]},{"@type":"WebSite","@id":"https:\/\/haruu.ee\/en\/#website","url":"https:\/\/haruu.ee\/en\/","name":"Haruu","description":"Inspiratsiooni ja elustiili br&auml;nd, kus kohtuvad &uuml;rgne loodus, j&auml;tkusuutlik eluviis ja koos loomine pereettev&otilde;ttena","publisher":{"@id":"https:\/\/haruu.ee\/en\/#organization"},"potentialAction":[{"@type":"SearchAction","target":{"@type":"EntryPoint","urlTemplate":"https:\/\/haruu.ee\/en\/?s={search_term_string}"},"query-input":{"@type":"PropertyValueSpecification","valueRequired":true,"valueName":"search_term_string"}}],"inLanguage":"en-US"},{"@type":"Organization","@id":"https:\/\/haruu.ee\/en\/#organization","name":"Haruu","url":"https:\/\/haruu.ee\/en\/","logo":{"@type":"ImageObject","inLanguage":"en-US","@id":"https:\/\/haruu.ee\/en\/#\/schema\/logo\/image\/","url":"https:\/\/haruu.ee\/wp-content\/uploads\/2022\/07\/haruu-logo-taustata-1-1.png","contentUrl":"https:\/\/haruu.ee\/wp-content\/uploads\/2022\/07\/haruu-logo-taustata-1-1.png","width":1168,"height":312,"caption":"Haruu"},"image":{"@id":"https:\/\/haruu.ee\/en\/#\/schema\/logo\/image\/"},"sameAs":["https:\/\/www.facebook.com\/haruulife"]}]}},"_links":{"self":[{"href":"https:\/\/haruu.ee\/en\/wp-json\/wp\/v2\/product\/6828","targetHints":{"allow":["GET"]}}],"collection":[{"href":"https:\/\/haruu.ee\/en\/wp-json\/wp\/v2\/product"}],"about":[{"href":"https:\/\/haruu.ee\/en\/wp-json\/wp\/v2\/types\/product"}],"wp:featuredmedia":[{"embeddable":true,"href":"https:\/\/haruu.ee\/en\/wp-json\/wp\/v2\/media\/7694"}],"wp:attachment":[{"href":"https:\/\/haruu.ee\/en\/wp-json\/wp\/v2\/media?parent=6828"}],"wp:term":[{"taxonomy":"product_brand","embeddable":true,"href":"https:\/\/haruu.ee\/en\/wp-json\/wp\/v2\/product_brand?post=6828"},{"taxonomy":"product_cat","embeddable":true,"href":"https:\/\/haruu.ee\/en\/wp-json\/wp\/v2\/product_cat?post=6828"},{"taxonomy":"product_tag","embeddable":true,"href":"https:\/\/haruu.ee\/en\/wp-json\/wp\/v2\/product_tag?post=6828"}],"curies":[{"name":"wp","href":"https:\/\/api.w.org\/{rel}","templated":true}]}}