


{"id":7315,"date":"2022-06-04T00:17:04","date_gmt":"2022-06-03T21:17:04","guid":{"rendered":"https:\/\/haruu.ee\/?post_type=product&#038;p=7315"},"modified":"2026-03-29T09:32:44","modified_gmt":"2026-03-29T06:32:44","slug":"hommikumantel-lastele","status":"publish","type":"product","link":"https:\/\/haruu.ee\/en\/toode\/hommikumantel-lastele\/","title":{"rendered":"Linane hommikumantel lastele"},"content":{"rendered":"<p>Haruu lounge-wear hommikumantel on pehmest ja hingavast linasest materjalist. T\u00e4nu linase materjali omadustele imada niiskust ning see kiiresti kehast eemale juhtida on materjal v\u00e4ga sobilik lastele p\u00e4rast pesemist v\u00f5i pealisriietusena hommikul kandmiseks. Kivipestud linane on pehme ning lapsed naudivad selle kandmist. Lastele m\u00f5eldud hommikumantlid on mugavamaks kandmiseks truki ning kapuutsiga.<\/p>\n<p><strong>Mis materjal on kivipestud linane?\u00a0<\/strong><\/p>\n<p>Linane materjal on ajatu ning mitmete heade omadustega. Kivipestud linane on kangas, mis enne \u00f5mblemist on mitmeid kordi pestud. See t\u00e4hendab, et kangas on eriti pehme ning ei t\u00f5mbu hilisemas pesus enam kokku. Iga pesukorra j\u00e4rel muutub linane kangas veelgi pehmemaks.<\/p>\n<p>Linane kangas on materjalina v\u00e4ga vastupidav, mis teeb temast ideaalse kanga aeglase elustiili toodetele. Kehal kandmiseks on linane kangas mugav, kuna imab h\u00e4sti niiskust ning suudab selle kiiresti kehast eemale juhtida.<\/p>\n<p>Linasest kangast tooteid on hea pesta \u00f5rna pesuts\u00fckliga 30\u2019C ning v\u00e4ltima peaks tugevat masinpesu programmi. Tsentrifuugimine ei ole soovitav. Parim on linast kangast triikida niiskena.<\/p>\n","protected":false},"excerpt":{"rendered":"<p>Haruu lounge-wear hommikumantel on pehmest ja hingavast linasest materjalist. T\u00e4nu linase materjali omadustele imada niiskust ning see kiiresti kehast eemale juhtida on materjal v\u00e4ga sobilik&#8230;<\/p>\n","protected":false},"featured_media":7331,"template":"","meta":[],"product_brand":[],"product_cat":[123,87,86],"product_tag":[113],"class_list":{"0":"post-7315","1":"product","2":"type-product","3":"status-publish","4":"has-post-thumbnail","6":"product_cat-allahindlus","7":"product_cat-kingituseks","8":"product_cat-lapsed","9":"product_tag-lastetooted","10":"pa_aaaaa-liivakarva","11":"pa_aaaaa-telliskivipunane","12":"pa_aaaaa-suitsune-pruun","14":"first","15":"instock","16":"sale","17":"taxable","18":"shipping-taxable","19":"purchasable","20":"product-type-variable"},"yoast_head":"<!-- This site is optimized with the Yoast SEO plugin v25.1 - https:\/\/yoast.com\/wordpress\/plugins\/seo\/ -->\n<title>Linane hommikumantel lastele - Haruu<\/title>\n<meta name=\"robots\" content=\"index, follow, max-snippet:-1, max-image-preview:large, max-video-preview:-1\" \/>\n<link rel=\"canonical\" href=\"https:\/\/haruu.ee\/en\/toode\/hommikumantel-lastele\/\" \/>\n<meta property=\"og:locale\" content=\"en_US\" \/>\n<meta property=\"og:type\" content=\"article\" \/>\n<meta property=\"og:title\" content=\"Linane hommikumantel lastele - Haruu\" \/>\n<meta property=\"og:description\" content=\"Haruu lounge-wear hommikumantel on pehmest ja hingavast linasest materjalist. T\u00e4nu linase materjali omadustele imada niiskust ning see kiiresti kehast eemale juhtida on materjal v\u00e4ga sobilik...\" \/>\n<meta property=\"og:url\" content=\"https:\/\/haruu.ee\/en\/toode\/hommikumantel-lastele\/\" \/>\n<meta property=\"og:site_name\" content=\"Haruu\" \/>\n<meta property=\"article:publisher\" content=\"https:\/\/www.facebook.com\/haruulife\" \/>\n<meta property=\"article:modified_time\" content=\"2026-03-29T06:32:44+00:00\" \/>\n<meta property=\"og:image\" content=\"https:\/\/haruu.ee\/wp-content\/uploads\/2022\/06\/Frame-251.jpg\" \/>\n\t<meta property=\"og:image:width\" content=\"900\" \/>\n\t<meta property=\"og:image:height\" content=\"1200\" \/>\n\t<meta property=\"og:image:type\" content=\"image\/jpeg\" \/>\n<meta name=\"twitter:card\" content=\"summary_large_image\" \/>\n<meta name=\"twitter:label1\" content=\"Est. reading time\" \/>\n\t<meta name=\"twitter:data1\" content=\"2 minutes\" \/>\n<script type=\"application\/ld+json\" class=\"yoast-schema-graph\">{\"@context\":\"https:\/\/schema.org\",\"@graph\":[{\"@type\":[\"WebPage\",\"ItemPage\"],\"@id\":\"https:\/\/haruu.ee\/en\/toode\/hommikumantel-lastele\/\",\"url\":\"https:\/\/haruu.ee\/en\/toode\/hommikumantel-lastele\/\",\"name\":\"Linane hommikumantel lastele - Haruu\",\"isPartOf\":{\"@id\":\"https:\/\/haruu.ee\/en\/#website\"},\"primaryImageOfPage\":{\"@id\":\"https:\/\/haruu.ee\/en\/toode\/hommikumantel-lastele\/#primaryimage\"},\"image\":{\"@id\":\"https:\/\/haruu.ee\/en\/toode\/hommikumantel-lastele\/#primaryimage\"},\"thumbnailUrl\":\"https:\/\/haruu.ee\/wp-content\/uploads\/2022\/06\/Frame-251.jpg\",\"datePublished\":\"2022-06-03T21:17:04+00:00\",\"dateModified\":\"2026-03-29T06:32:44+00:00\",\"breadcrumb\":{\"@id\":\"https:\/\/haruu.ee\/en\/toode\/hommikumantel-lastele\/#breadcrumb\"},\"inLanguage\":\"en-US\",\"potentialAction\":[{\"@type\":\"ReadAction\",\"target\":[\"https:\/\/haruu.ee\/en\/toode\/hommikumantel-lastele\/\"]}]},{\"@type\":\"ImageObject\",\"inLanguage\":\"en-US\",\"@id\":\"https:\/\/haruu.ee\/en\/toode\/hommikumantel-lastele\/#primaryimage\",\"url\":\"https:\/\/haruu.ee\/wp-content\/uploads\/2022\/06\/Frame-251.jpg\",\"contentUrl\":\"https:\/\/haruu.ee\/wp-content\/uploads\/2022\/06\/Frame-251.jpg\",\"width\":900,\"height\":1200},{\"@type\":\"BreadcrumbList\",\"@id\":\"https:\/\/haruu.ee\/en\/toode\/hommikumantel-lastele\/#breadcrumb\",\"itemListElement\":[{\"@type\":\"ListItem\",\"position\":1,\"name\":\"Avaleht\",\"item\":\"https:\/\/haruu.ee\/en\/\"},{\"@type\":\"ListItem\",\"position\":2,\"name\":\"Shop\",\"item\":\"https:\/\/haruu.ee\/en\/shop\/\"},{\"@type\":\"ListItem\",\"position\":3,\"name\":\"Sale\",\"item\":\"https:\/\/haruu.ee\/en\/product-category\/sale\/\"},{\"@type\":\"ListItem\",\"position\":4,\"name\":\"Linane hommikumantel lastele\"}]},{\"@type\":\"WebSite\",\"@id\":\"https:\/\/haruu.ee\/en\/#website\",\"url\":\"https:\/\/haruu.ee\/en\/\",\"name\":\"Haruu\",\"description\":\"Inspiratsiooni ja elustiili br&auml;nd, kus kohtuvad &uuml;rgne loodus, j&auml;tkusuutlik eluviis ja koos loomine pereettev&otilde;ttena\",\"publisher\":{\"@id\":\"https:\/\/haruu.ee\/en\/#organization\"},\"potentialAction\":[{\"@type\":\"SearchAction\",\"target\":{\"@type\":\"EntryPoint\",\"urlTemplate\":\"https:\/\/haruu.ee\/en\/?s={search_term_string}\"},\"query-input\":{\"@type\":\"PropertyValueSpecification\",\"valueRequired\":true,\"valueName\":\"search_term_string\"}}],\"inLanguage\":\"en-US\"},{\"@type\":\"Organization\",\"@id\":\"https:\/\/haruu.ee\/en\/#organization\",\"name\":\"Haruu\",\"url\":\"https:\/\/haruu.ee\/en\/\",\"logo\":{\"@type\":\"ImageObject\",\"inLanguage\":\"en-US\",\"@id\":\"https:\/\/haruu.ee\/en\/#\/schema\/logo\/image\/\",\"url\":\"https:\/\/haruu.ee\/wp-content\/uploads\/2022\/07\/haruu-logo-taustata-1-1.png\",\"contentUrl\":\"https:\/\/haruu.ee\/wp-content\/uploads\/2022\/07\/haruu-logo-taustata-1-1.png\",\"width\":1168,\"height\":312,\"caption\":\"Haruu\"},\"image\":{\"@id\":\"https:\/\/haruu.ee\/en\/#\/schema\/logo\/image\/\"},\"sameAs\":[\"https:\/\/www.facebook.com\/haruulife\"]}]}<\/script>\n<!-- \/ Yoast SEO plugin. -->","yoast_head_json":{"title":"Linane hommikumantel lastele - Haruu","robots":{"index":"index","follow":"follow","max-snippet":"max-snippet:-1","max-image-preview":"max-image-preview:large","max-video-preview":"max-video-preview:-1"},"canonical":"https:\/\/haruu.ee\/en\/toode\/hommikumantel-lastele\/","og_locale":"en_US","og_type":"article","og_title":"Linane hommikumantel lastele - Haruu","og_description":"Haruu lounge-wear hommikumantel on pehmest ja hingavast linasest materjalist. T\u00e4nu linase materjali omadustele imada niiskust ning see kiiresti kehast eemale juhtida on materjal v\u00e4ga sobilik...","og_url":"https:\/\/haruu.ee\/en\/toode\/hommikumantel-lastele\/","og_site_name":"Haruu","article_publisher":"https:\/\/www.facebook.com\/haruulife","article_modified_time":"2026-03-29T06:32:44+00:00","og_image":[{"width":900,"height":1200,"url":"https:\/\/haruu.ee\/wp-content\/uploads\/2022\/06\/Frame-251.jpg","type":"image\/jpeg"}],"twitter_card":"summary_large_image","twitter_misc":{"Est. reading time":"2 minutes"},"schema":{"@context":"https:\/\/schema.org","@graph":[{"@type":["WebPage","ItemPage"],"@id":"https:\/\/haruu.ee\/en\/toode\/hommikumantel-lastele\/","url":"https:\/\/haruu.ee\/en\/toode\/hommikumantel-lastele\/","name":"Linane hommikumantel lastele - Haruu","isPartOf":{"@id":"https:\/\/haruu.ee\/en\/#website"},"primaryImageOfPage":{"@id":"https:\/\/haruu.ee\/en\/toode\/hommikumantel-lastele\/#primaryimage"},"image":{"@id":"https:\/\/haruu.ee\/en\/toode\/hommikumantel-lastele\/#primaryimage"},"thumbnailUrl":"https:\/\/haruu.ee\/wp-content\/uploads\/2022\/06\/Frame-251.jpg","datePublished":"2022-06-03T21:17:04+00:00","dateModified":"2026-03-29T06:32:44+00:00","breadcrumb":{"@id":"https:\/\/haruu.ee\/en\/toode\/hommikumantel-lastele\/#breadcrumb"},"inLanguage":"en-US","potentialAction":[{"@type":"ReadAction","target":["https:\/\/haruu.ee\/en\/toode\/hommikumantel-lastele\/"]}]},{"@type":"ImageObject","inLanguage":"en-US","@id":"https:\/\/haruu.ee\/en\/toode\/hommikumantel-lastele\/#primaryimage","url":"https:\/\/haruu.ee\/wp-content\/uploads\/2022\/06\/Frame-251.jpg","contentUrl":"https:\/\/haruu.ee\/wp-content\/uploads\/2022\/06\/Frame-251.jpg","width":900,"height":1200},{"@type":"BreadcrumbList","@id":"https:\/\/haruu.ee\/en\/toode\/hommikumantel-lastele\/#breadcrumb","itemListElement":[{"@type":"ListItem","position":1,"name":"Avaleht","item":"https:\/\/haruu.ee\/en\/"},{"@type":"ListItem","position":2,"name":"Shop","item":"https:\/\/haruu.ee\/en\/shop\/"},{"@type":"ListItem","position":3,"name":"Sale","item":"https:\/\/haruu.ee\/en\/product-category\/sale\/"},{"@type":"ListItem","position":4,"name":"Linane hommikumantel lastele"}]},{"@type":"WebSite","@id":"https:\/\/haruu.ee\/en\/#website","url":"https:\/\/haruu.ee\/en\/","name":"Haruu","description":"Inspiratsiooni ja elustiili br&auml;nd, kus kohtuvad &uuml;rgne loodus, j&auml;tkusuutlik eluviis ja koos loomine pereettev&otilde;ttena","publisher":{"@id":"https:\/\/haruu.ee\/en\/#organization"},"potentialAction":[{"@type":"SearchAction","target":{"@type":"EntryPoint","urlTemplate":"https:\/\/haruu.ee\/en\/?s={search_term_string}"},"query-input":{"@type":"PropertyValueSpecification","valueRequired":true,"valueName":"search_term_string"}}],"inLanguage":"en-US"},{"@type":"Organization","@id":"https:\/\/haruu.ee\/en\/#organization","name":"Haruu","url":"https:\/\/haruu.ee\/en\/","logo":{"@type":"ImageObject","inLanguage":"en-US","@id":"https:\/\/haruu.ee\/en\/#\/schema\/logo\/image\/","url":"https:\/\/haruu.ee\/wp-content\/uploads\/2022\/07\/haruu-logo-taustata-1-1.png","contentUrl":"https:\/\/haruu.ee\/wp-content\/uploads\/2022\/07\/haruu-logo-taustata-1-1.png","width":1168,"height":312,"caption":"Haruu"},"image":{"@id":"https:\/\/haruu.ee\/en\/#\/schema\/logo\/image\/"},"sameAs":["https:\/\/www.facebook.com\/haruulife"]}]}},"_links":{"self":[{"href":"https:\/\/haruu.ee\/en\/wp-json\/wp\/v2\/product\/7315","targetHints":{"allow":["GET"]}}],"collection":[{"href":"https:\/\/haruu.ee\/en\/wp-json\/wp\/v2\/product"}],"about":[{"href":"https:\/\/haruu.ee\/en\/wp-json\/wp\/v2\/types\/product"}],"wp:featuredmedia":[{"embeddable":true,"href":"https:\/\/haruu.ee\/en\/wp-json\/wp\/v2\/media\/7331"}],"wp:attachment":[{"href":"https:\/\/haruu.ee\/en\/wp-json\/wp\/v2\/media?parent=7315"}],"wp:term":[{"taxonomy":"product_brand","embeddable":true,"href":"https:\/\/haruu.ee\/en\/wp-json\/wp\/v2\/product_brand?post=7315"},{"taxonomy":"product_cat","embeddable":true,"href":"https:\/\/haruu.ee\/en\/wp-json\/wp\/v2\/product_cat?post=7315"},{"taxonomy":"product_tag","embeddable":true,"href":"https:\/\/haruu.ee\/en\/wp-json\/wp\/v2\/product_tag?post=7315"}],"curies":[{"name":"wp","href":"https:\/\/api.w.org\/{rel}","templated":true}]}}