


{"id":7422,"date":"2022-07-14T22:12:52","date_gmt":"2022-07-14T19:12:52","guid":{"rendered":"https:\/\/haruu.ee\/?post_type=product&#038;p=7422"},"modified":"2026-04-08T16:10:48","modified_gmt":"2026-04-08T13:10:48","slug":"haruu-kaisukas","status":"publish","type":"product","link":"https:\/\/haruu.ee\/en\/toode\/haruu-kaisukas\/","title":{"rendered":"Haruu kaisukas"},"content":{"rendered":"<p><span style=\"font-weight: 400;\">h a r u u\u00a0 Kaisukas &#8211; toode, mille inspiratsiooniallikaks on lapsed ning koos kasvamine. Kaisuloomade funktsioon ei ole alati olla vaid pehme, armas m\u00e4nguasi igap\u00e4eva m\u00e4ngudes v\u00f5i dekoratsioon lastetoas. Kaisukal v\u00f5ib olla ka lapse arengut toetav v\u00f5i koguni teraapiline roll stressiolukordade maandamisel. Tihti on pehme m\u00e4nguasi lapse esimene parim s\u00f5ber, kes \u00f5petab talle empaatiat ja teiste eest hoolitsemist. Selliseks koos kasvamiseks soovisime luua lastele v\u00f5imalikult naturaalsetest materjalidest valmistatud Kaisuka.\u00a0<\/span><\/p>\n<p><span style=\"font-weight: 400;\">Toode on valmistatud k\u00e4sit\u00f6\u00f6na Eestis. Haruu Kaisukas on valmistatud v\u00e4ikses Eesti lambakasvatustalus kraasitud lambavillast. Naturaalne vill v\u00f5ib aja jooksul hoolika kaisutamise tulemusel muutuda natukene topiliseks. Selle vastu aitab toppide eemaldamine. Toote koostis 100% meriinovill.\u00a0<\/span><\/p>\n<p><span style=\"font-weight: 400;\">Kaisukat v\u00f5ib pesta \u00f5rnalt k\u00e4sitsi v\u00f5i villapesu programmiga 30 kraadi juures, kuid trummelkuivatamine on keelatud. P\u00e4rast pesemist v\u00f5ib toodet \u00f5rnalt venitada.<\/span><\/p>\n<p><span style=\"font-weight: 400;\">K\u00f5ik Haruu tooted on koheselt kingitavad. Meie tellimused on pakendatud kvaliteetsetesse ning keskkonnas\u00f5bralikesse karpidesse ning ei vaja eraldi kinkekotti, ega kinkepaberit. Tore kingiidee katsikuks.<\/span><\/p>\n<p>M\u00f5\u00f5dud: 34 x 9 cm<\/p>\n","protected":false},"excerpt":{"rendered":"<p>h a r u u\u00a0 Kaisukas &#8211; toode, mille inspiratsiooniallikaks on lapsed ning koos kasvamine. Kaisuloomade funktsioon ei ole alati olla vaid pehme, armas m\u00e4nguasi&#8230;<\/p>\n","protected":false},"featured_media":7921,"template":"","meta":[],"product_brand":[],"product_cat":[108,88,86],"product_tag":[],"class_list":{"0":"post-7422","1":"product","2":"type-product","3":"status-publish","4":"has-post-thumbnail","6":"product_cat-aksessuaarid","7":"product_cat-koik-tooted","8":"product_cat-lapsed","10":"first","11":"instock","12":"taxable","13":"shipping-taxable","14":"purchasable","15":"product-type-simple"},"yoast_head":"<!-- This site is optimized with the Yoast SEO plugin v25.1 - https:\/\/yoast.com\/wordpress\/plugins\/seo\/ -->\n<title>Haruu kaisukas - Haruu<\/title>\n<meta name=\"robots\" content=\"index, follow, max-snippet:-1, max-image-preview:large, max-video-preview:-1\" \/>\n<link rel=\"canonical\" href=\"https:\/\/haruu.ee\/en\/toode\/haruu-kaisukas\/\" \/>\n<meta property=\"og:locale\" content=\"en_US\" \/>\n<meta property=\"og:type\" content=\"article\" \/>\n<meta property=\"og:title\" content=\"Haruu kaisukas - Haruu\" \/>\n<meta property=\"og:description\" content=\"h a r u u\u00a0 Kaisukas &#8211; toode, mille inspiratsiooniallikaks on lapsed ning koos kasvamine. Kaisuloomade funktsioon ei ole alati olla vaid pehme, armas m\u00e4nguasi...\" \/>\n<meta property=\"og:url\" content=\"https:\/\/haruu.ee\/en\/toode\/haruu-kaisukas\/\" \/>\n<meta property=\"og:site_name\" content=\"Haruu\" \/>\n<meta property=\"article:publisher\" content=\"https:\/\/www.facebook.com\/haruulife\" \/>\n<meta property=\"article:modified_time\" content=\"2026-04-08T13:10:48+00:00\" \/>\n<meta property=\"og:image\" content=\"https:\/\/haruu.ee\/wp-content\/uploads\/2022\/07\/Frame-814.jpg\" \/>\n\t<meta property=\"og:image:width\" content=\"900\" \/>\n\t<meta property=\"og:image:height\" content=\"1200\" \/>\n\t<meta property=\"og:image:type\" content=\"image\/jpeg\" \/>\n<meta name=\"twitter:card\" content=\"summary_large_image\" \/>\n<meta name=\"twitter:label1\" content=\"Est. reading time\" \/>\n\t<meta name=\"twitter:data1\" content=\"2 minutes\" \/>\n<script type=\"application\/ld+json\" class=\"yoast-schema-graph\">{\"@context\":\"https:\/\/schema.org\",\"@graph\":[{\"@type\":[\"WebPage\",\"ItemPage\"],\"@id\":\"https:\/\/haruu.ee\/en\/toode\/haruu-kaisukas\/\",\"url\":\"https:\/\/haruu.ee\/en\/toode\/haruu-kaisukas\/\",\"name\":\"Haruu kaisukas - Haruu\",\"isPartOf\":{\"@id\":\"https:\/\/haruu.ee\/en\/#website\"},\"primaryImageOfPage\":{\"@id\":\"https:\/\/haruu.ee\/en\/toode\/haruu-kaisukas\/#primaryimage\"},\"image\":{\"@id\":\"https:\/\/haruu.ee\/en\/toode\/haruu-kaisukas\/#primaryimage\"},\"thumbnailUrl\":\"https:\/\/haruu.ee\/wp-content\/uploads\/2022\/07\/Frame-814.jpg\",\"datePublished\":\"2022-07-14T19:12:52+00:00\",\"dateModified\":\"2026-04-08T13:10:48+00:00\",\"breadcrumb\":{\"@id\":\"https:\/\/haruu.ee\/en\/toode\/haruu-kaisukas\/#breadcrumb\"},\"inLanguage\":\"en-US\",\"potentialAction\":[{\"@type\":\"ReadAction\",\"target\":[\"https:\/\/haruu.ee\/en\/toode\/haruu-kaisukas\/\"]}]},{\"@type\":\"ImageObject\",\"inLanguage\":\"en-US\",\"@id\":\"https:\/\/haruu.ee\/en\/toode\/haruu-kaisukas\/#primaryimage\",\"url\":\"https:\/\/haruu.ee\/wp-content\/uploads\/2022\/07\/Frame-814.jpg\",\"contentUrl\":\"https:\/\/haruu.ee\/wp-content\/uploads\/2022\/07\/Frame-814.jpg\",\"width\":900,\"height\":1200},{\"@type\":\"BreadcrumbList\",\"@id\":\"https:\/\/haruu.ee\/en\/toode\/haruu-kaisukas\/#breadcrumb\",\"itemListElement\":[{\"@type\":\"ListItem\",\"position\":1,\"name\":\"Avaleht\",\"item\":\"https:\/\/haruu.ee\/en\/\"},{\"@type\":\"ListItem\",\"position\":2,\"name\":\"Shop\",\"item\":\"https:\/\/haruu.ee\/en\/shop\/\"},{\"@type\":\"ListItem\",\"position\":3,\"name\":\"Accessories\",\"item\":\"https:\/\/haruu.ee\/en\/product-category\/accessories\/\"},{\"@type\":\"ListItem\",\"position\":4,\"name\":\"Haruu kaisukas\"}]},{\"@type\":\"WebSite\",\"@id\":\"https:\/\/haruu.ee\/en\/#website\",\"url\":\"https:\/\/haruu.ee\/en\/\",\"name\":\"Haruu\",\"description\":\"Inspiratsiooni ja elustiili br&auml;nd, kus kohtuvad &uuml;rgne loodus, j&auml;tkusuutlik eluviis ja koos loomine pereettev&otilde;ttena\",\"publisher\":{\"@id\":\"https:\/\/haruu.ee\/en\/#organization\"},\"potentialAction\":[{\"@type\":\"SearchAction\",\"target\":{\"@type\":\"EntryPoint\",\"urlTemplate\":\"https:\/\/haruu.ee\/en\/?s={search_term_string}\"},\"query-input\":{\"@type\":\"PropertyValueSpecification\",\"valueRequired\":true,\"valueName\":\"search_term_string\"}}],\"inLanguage\":\"en-US\"},{\"@type\":\"Organization\",\"@id\":\"https:\/\/haruu.ee\/en\/#organization\",\"name\":\"Haruu\",\"url\":\"https:\/\/haruu.ee\/en\/\",\"logo\":{\"@type\":\"ImageObject\",\"inLanguage\":\"en-US\",\"@id\":\"https:\/\/haruu.ee\/en\/#\/schema\/logo\/image\/\",\"url\":\"https:\/\/haruu.ee\/wp-content\/uploads\/2022\/07\/haruu-logo-taustata-1-1.png\",\"contentUrl\":\"https:\/\/haruu.ee\/wp-content\/uploads\/2022\/07\/haruu-logo-taustata-1-1.png\",\"width\":1168,\"height\":312,\"caption\":\"Haruu\"},\"image\":{\"@id\":\"https:\/\/haruu.ee\/en\/#\/schema\/logo\/image\/\"},\"sameAs\":[\"https:\/\/www.facebook.com\/haruulife\"]}]}<\/script>\n<!-- \/ Yoast SEO plugin. -->","yoast_head_json":{"title":"Haruu kaisukas - Haruu","robots":{"index":"index","follow":"follow","max-snippet":"max-snippet:-1","max-image-preview":"max-image-preview:large","max-video-preview":"max-video-preview:-1"},"canonical":"https:\/\/haruu.ee\/en\/toode\/haruu-kaisukas\/","og_locale":"en_US","og_type":"article","og_title":"Haruu kaisukas - Haruu","og_description":"h a r u u\u00a0 Kaisukas &#8211; toode, mille inspiratsiooniallikaks on lapsed ning koos kasvamine. Kaisuloomade funktsioon ei ole alati olla vaid pehme, armas m\u00e4nguasi...","og_url":"https:\/\/haruu.ee\/en\/toode\/haruu-kaisukas\/","og_site_name":"Haruu","article_publisher":"https:\/\/www.facebook.com\/haruulife","article_modified_time":"2026-04-08T13:10:48+00:00","og_image":[{"width":900,"height":1200,"url":"https:\/\/haruu.ee\/wp-content\/uploads\/2022\/07\/Frame-814.jpg","type":"image\/jpeg"}],"twitter_card":"summary_large_image","twitter_misc":{"Est. reading time":"2 minutes"},"schema":{"@context":"https:\/\/schema.org","@graph":[{"@type":["WebPage","ItemPage"],"@id":"https:\/\/haruu.ee\/en\/toode\/haruu-kaisukas\/","url":"https:\/\/haruu.ee\/en\/toode\/haruu-kaisukas\/","name":"Haruu kaisukas - Haruu","isPartOf":{"@id":"https:\/\/haruu.ee\/en\/#website"},"primaryImageOfPage":{"@id":"https:\/\/haruu.ee\/en\/toode\/haruu-kaisukas\/#primaryimage"},"image":{"@id":"https:\/\/haruu.ee\/en\/toode\/haruu-kaisukas\/#primaryimage"},"thumbnailUrl":"https:\/\/haruu.ee\/wp-content\/uploads\/2022\/07\/Frame-814.jpg","datePublished":"2022-07-14T19:12:52+00:00","dateModified":"2026-04-08T13:10:48+00:00","breadcrumb":{"@id":"https:\/\/haruu.ee\/en\/toode\/haruu-kaisukas\/#breadcrumb"},"inLanguage":"en-US","potentialAction":[{"@type":"ReadAction","target":["https:\/\/haruu.ee\/en\/toode\/haruu-kaisukas\/"]}]},{"@type":"ImageObject","inLanguage":"en-US","@id":"https:\/\/haruu.ee\/en\/toode\/haruu-kaisukas\/#primaryimage","url":"https:\/\/haruu.ee\/wp-content\/uploads\/2022\/07\/Frame-814.jpg","contentUrl":"https:\/\/haruu.ee\/wp-content\/uploads\/2022\/07\/Frame-814.jpg","width":900,"height":1200},{"@type":"BreadcrumbList","@id":"https:\/\/haruu.ee\/en\/toode\/haruu-kaisukas\/#breadcrumb","itemListElement":[{"@type":"ListItem","position":1,"name":"Avaleht","item":"https:\/\/haruu.ee\/en\/"},{"@type":"ListItem","position":2,"name":"Shop","item":"https:\/\/haruu.ee\/en\/shop\/"},{"@type":"ListItem","position":3,"name":"Accessories","item":"https:\/\/haruu.ee\/en\/product-category\/accessories\/"},{"@type":"ListItem","position":4,"name":"Haruu kaisukas"}]},{"@type":"WebSite","@id":"https:\/\/haruu.ee\/en\/#website","url":"https:\/\/haruu.ee\/en\/","name":"Haruu","description":"Inspiratsiooni ja elustiili br&auml;nd, kus kohtuvad &uuml;rgne loodus, j&auml;tkusuutlik eluviis ja koos loomine pereettev&otilde;ttena","publisher":{"@id":"https:\/\/haruu.ee\/en\/#organization"},"potentialAction":[{"@type":"SearchAction","target":{"@type":"EntryPoint","urlTemplate":"https:\/\/haruu.ee\/en\/?s={search_term_string}"},"query-input":{"@type":"PropertyValueSpecification","valueRequired":true,"valueName":"search_term_string"}}],"inLanguage":"en-US"},{"@type":"Organization","@id":"https:\/\/haruu.ee\/en\/#organization","name":"Haruu","url":"https:\/\/haruu.ee\/en\/","logo":{"@type":"ImageObject","inLanguage":"en-US","@id":"https:\/\/haruu.ee\/en\/#\/schema\/logo\/image\/","url":"https:\/\/haruu.ee\/wp-content\/uploads\/2022\/07\/haruu-logo-taustata-1-1.png","contentUrl":"https:\/\/haruu.ee\/wp-content\/uploads\/2022\/07\/haruu-logo-taustata-1-1.png","width":1168,"height":312,"caption":"Haruu"},"image":{"@id":"https:\/\/haruu.ee\/en\/#\/schema\/logo\/image\/"},"sameAs":["https:\/\/www.facebook.com\/haruulife"]}]}},"_links":{"self":[{"href":"https:\/\/haruu.ee\/en\/wp-json\/wp\/v2\/product\/7422","targetHints":{"allow":["GET"]}}],"collection":[{"href":"https:\/\/haruu.ee\/en\/wp-json\/wp\/v2\/product"}],"about":[{"href":"https:\/\/haruu.ee\/en\/wp-json\/wp\/v2\/types\/product"}],"wp:featuredmedia":[{"embeddable":true,"href":"https:\/\/haruu.ee\/en\/wp-json\/wp\/v2\/media\/7921"}],"wp:attachment":[{"href":"https:\/\/haruu.ee\/en\/wp-json\/wp\/v2\/media?parent=7422"}],"wp:term":[{"taxonomy":"product_brand","embeddable":true,"href":"https:\/\/haruu.ee\/en\/wp-json\/wp\/v2\/product_brand?post=7422"},{"taxonomy":"product_cat","embeddable":true,"href":"https:\/\/haruu.ee\/en\/wp-json\/wp\/v2\/product_cat?post=7422"},{"taxonomy":"product_tag","embeddable":true,"href":"https:\/\/haruu.ee\/en\/wp-json\/wp\/v2\/product_tag?post=7422"}],"curies":[{"name":"wp","href":"https:\/\/api.w.org\/{rel}","templated":true}]}}