


{"id":7596,"date":"2022-08-22T14:24:19","date_gmt":"2022-08-22T11:24:19","guid":{"rendered":"https:\/\/haruu.ee\/?post_type=product&#038;p=7596"},"modified":"2026-03-23T08:57:51","modified_gmt":"2026-03-23T06:57:51","slug":"vegan-nahast-kosmeetikakott","status":"publish","type":"product","link":"https:\/\/haruu.ee\/en\/toode\/vegan-nahast-kosmeetikakott\/","title":{"rendered":"Ananassinahast kosmeetikakott"},"content":{"rendered":"<p>Vegan. J\u00e4tkusuutlik. Julmusevaba. K\u00e4sit\u00f6\u00f6na valminud.<\/p>\n<p>Nii v\u00f5ib iseloomustada Haruu kosmeetikakotti, kuhu mahuvad \u00e4ra k\u00f5ik Sinu lemmikud. Kompaktne ja k\u00e4ep\u00e4rane, sobib igap\u00e4evaselt k\u00e4ekotti pistmiseks v\u00f5i tualett-tarvete reisile kaasa v\u00f5tmiseks. \u00a0Kosmeetikakott on valmistatud j\u00e4tkusuutlikult toodetud Pinatexist ehk ananassinahast ning on pealt suletav lukuga.<\/p>\n<p>Hooldamiseks soovitame kotti \u00f5rnal niiske mikrofiibrist lapiga puhastada.<\/p>\n<p><span style=\"font-weight: 400;\">Kosmeetikakoti m\u00f5\u00f5dud\u00a0 9 x 24 x 12 cm.<\/span><\/p>\n<p>&nbsp;<\/p>\n<p><strong>Mis on Pinatex ehk ananassinahk?<\/strong><\/p>\n<p><span style=\"font-weight: 400;\">See on uuenduslik materjal, mida tehakse ananassi kasvatuse k\u00f5rvalj\u00e4\u00e4kidest. Ananassi lehtede t\u00f6\u00f6tlemise teel saadakse naha sarnane materjal, mis oma omadustelt meenutab nahka ning mille kasutusalad ulatuvad moet\u00f6\u00f6stusest interj\u00f6\u00f6ri ning autot\u00f6\u00f6stuseni.\u00a0<\/span><\/p>\n<p><span style=\"font-weight: 400;\">Pinatex koosneb 80% ulatuses ananassi lehtedest. \u00dclej\u00e4\u00e4nud 20% koostiseks PLA kiud.<\/span><\/p>\n<p><span style=\"font-weight: 400;\">PLA ehk v\u00f5i pol\u00fcpiimhape on biolagunev ja bioaktiivne termoplastne pol\u00fcester, mida saadakse taastuvatest allikatest, nagu n\u00e4iteks maisit\u00e4rklisest, kassaava juurtest v\u00f5i suhkruroost.\u00a0<\/span><\/p>\n<p><span style=\"font-weight: 400;\">Pinatex ehk ananassinahk on PETA poolt heaks kiidetud ning registreeritud ka Rahvusvahelises Veganite \u00dchenduses.\u00a0<\/span><\/p>\n<p><span style=\"font-weight: 400;\">Loe t\u00e4psemalt materjali kohta tootja kodulehelt: <\/span><a href=\"https:\/\/www.ananas-anam.com\/\"><span style=\"font-weight: 400;\">https:\/\/www.ananas-anam.com\/<\/span><\/a><\/p>\n<p>&nbsp;<\/p>\n","protected":false},"excerpt":{"rendered":"<p>Vegan. J\u00e4tkusuutlik. Julmusevaba. K\u00e4sit\u00f6\u00f6na valminud. Nii v\u00f5ib iseloomustada Haruu kosmeetikakotti, kuhu mahuvad \u00e4ra k\u00f5ik Sinu lemmikud. Kompaktne ja k\u00e4ep\u00e4rane, sobib igap\u00e4evaselt k\u00e4ekotti pistmiseks v\u00f5i tualett-tarvete&#8230;<\/p>\n","protected":false},"featured_media":0,"template":"","meta":[],"product_brand":[],"product_cat":[88],"product_tag":[],"class_list":{"0":"post-7596","1":"product","2":"type-product","3":"status-publish","5":"product_cat-koik-tooted","6":"pa_aaaaa-naturaalvalge","7":"pa_aaaaa-must","8":"pa_aaaaa-khaki","10":"first","11":"outofstock","12":"taxable","13":"shipping-taxable","14":"purchasable","15":"product-type-variable"},"yoast_head":"<!-- This site is optimized with the Yoast SEO plugin v25.1 - https:\/\/yoast.com\/wordpress\/plugins\/seo\/ -->\n<title>Ananassinahast kosmeetikakott - Haruu<\/title>\n<meta name=\"robots\" content=\"index, follow, max-snippet:-1, max-image-preview:large, max-video-preview:-1\" \/>\n<link rel=\"canonical\" href=\"https:\/\/haruu.ee\/en\/toode\/vegan-nahast-kosmeetikakott\/\" \/>\n<meta property=\"og:locale\" content=\"en_US\" \/>\n<meta property=\"og:type\" content=\"article\" \/>\n<meta property=\"og:title\" content=\"Ananassinahast kosmeetikakott - Haruu\" \/>\n<meta property=\"og:description\" content=\"Vegan. J\u00e4tkusuutlik. Julmusevaba. K\u00e4sit\u00f6\u00f6na valminud. Nii v\u00f5ib iseloomustada Haruu kosmeetikakotti, kuhu mahuvad \u00e4ra k\u00f5ik Sinu lemmikud. Kompaktne ja k\u00e4ep\u00e4rane, sobib igap\u00e4evaselt k\u00e4ekotti pistmiseks v\u00f5i tualett-tarvete...\" \/>\n<meta property=\"og:url\" content=\"https:\/\/haruu.ee\/en\/toode\/vegan-nahast-kosmeetikakott\/\" \/>\n<meta property=\"og:site_name\" content=\"Haruu\" \/>\n<meta property=\"article:publisher\" content=\"https:\/\/www.facebook.com\/haruulife\" \/>\n<meta property=\"article:modified_time\" content=\"2026-03-23T06:57:51+00:00\" \/>\n<meta name=\"twitter:card\" content=\"summary_large_image\" \/>\n<meta name=\"twitter:label1\" content=\"Est. reading time\" \/>\n\t<meta name=\"twitter:data1\" content=\"1 minute\" \/>\n<script type=\"application\/ld+json\" class=\"yoast-schema-graph\">{\"@context\":\"https:\/\/schema.org\",\"@graph\":[{\"@type\":[\"WebPage\",\"ItemPage\"],\"@id\":\"https:\/\/haruu.ee\/en\/toode\/vegan-nahast-kosmeetikakott\/\",\"url\":\"https:\/\/haruu.ee\/en\/toode\/vegan-nahast-kosmeetikakott\/\",\"name\":\"Ananassinahast kosmeetikakott - Haruu\",\"isPartOf\":{\"@id\":\"https:\/\/haruu.ee\/en\/#website\"},\"datePublished\":\"2022-08-22T11:24:19+00:00\",\"dateModified\":\"2026-03-23T06:57:51+00:00\",\"breadcrumb\":{\"@id\":\"https:\/\/haruu.ee\/en\/toode\/vegan-nahast-kosmeetikakott\/#breadcrumb\"},\"inLanguage\":\"en-US\",\"potentialAction\":[{\"@type\":\"ReadAction\",\"target\":[\"https:\/\/haruu.ee\/en\/toode\/vegan-nahast-kosmeetikakott\/\"]}]},{\"@type\":\"BreadcrumbList\",\"@id\":\"https:\/\/haruu.ee\/en\/toode\/vegan-nahast-kosmeetikakott\/#breadcrumb\",\"itemListElement\":[{\"@type\":\"ListItem\",\"position\":1,\"name\":\"Avaleht\",\"item\":\"https:\/\/haruu.ee\/en\/\"},{\"@type\":\"ListItem\",\"position\":2,\"name\":\"Shop\",\"item\":\"https:\/\/haruu.ee\/en\/shop\/\"},{\"@type\":\"ListItem\",\"position\":3,\"name\":\"All Products\",\"item\":\"https:\/\/haruu.ee\/en\/product-category\/all-products\/\"},{\"@type\":\"ListItem\",\"position\":4,\"name\":\"Ananassinahast kosmeetikakott\"}]},{\"@type\":\"WebSite\",\"@id\":\"https:\/\/haruu.ee\/en\/#website\",\"url\":\"https:\/\/haruu.ee\/en\/\",\"name\":\"Haruu\",\"description\":\"Inspiratsiooni ja elustiili br&auml;nd, kus kohtuvad &uuml;rgne loodus, j&auml;tkusuutlik eluviis ja koos loomine pereettev&otilde;ttena\",\"publisher\":{\"@id\":\"https:\/\/haruu.ee\/en\/#organization\"},\"potentialAction\":[{\"@type\":\"SearchAction\",\"target\":{\"@type\":\"EntryPoint\",\"urlTemplate\":\"https:\/\/haruu.ee\/en\/?s={search_term_string}\"},\"query-input\":{\"@type\":\"PropertyValueSpecification\",\"valueRequired\":true,\"valueName\":\"search_term_string\"}}],\"inLanguage\":\"en-US\"},{\"@type\":\"Organization\",\"@id\":\"https:\/\/haruu.ee\/en\/#organization\",\"name\":\"Haruu\",\"url\":\"https:\/\/haruu.ee\/en\/\",\"logo\":{\"@type\":\"ImageObject\",\"inLanguage\":\"en-US\",\"@id\":\"https:\/\/haruu.ee\/en\/#\/schema\/logo\/image\/\",\"url\":\"https:\/\/haruu.ee\/wp-content\/uploads\/2022\/07\/haruu-logo-taustata-1-1.png\",\"contentUrl\":\"https:\/\/haruu.ee\/wp-content\/uploads\/2022\/07\/haruu-logo-taustata-1-1.png\",\"width\":1168,\"height\":312,\"caption\":\"Haruu\"},\"image\":{\"@id\":\"https:\/\/haruu.ee\/en\/#\/schema\/logo\/image\/\"},\"sameAs\":[\"https:\/\/www.facebook.com\/haruulife\"]}]}<\/script>\n<!-- \/ Yoast SEO plugin. -->","yoast_head_json":{"title":"Ananassinahast kosmeetikakott - Haruu","robots":{"index":"index","follow":"follow","max-snippet":"max-snippet:-1","max-image-preview":"max-image-preview:large","max-video-preview":"max-video-preview:-1"},"canonical":"https:\/\/haruu.ee\/en\/toode\/vegan-nahast-kosmeetikakott\/","og_locale":"en_US","og_type":"article","og_title":"Ananassinahast kosmeetikakott - Haruu","og_description":"Vegan. J\u00e4tkusuutlik. Julmusevaba. K\u00e4sit\u00f6\u00f6na valminud. Nii v\u00f5ib iseloomustada Haruu kosmeetikakotti, kuhu mahuvad \u00e4ra k\u00f5ik Sinu lemmikud. Kompaktne ja k\u00e4ep\u00e4rane, sobib igap\u00e4evaselt k\u00e4ekotti pistmiseks v\u00f5i tualett-tarvete...","og_url":"https:\/\/haruu.ee\/en\/toode\/vegan-nahast-kosmeetikakott\/","og_site_name":"Haruu","article_publisher":"https:\/\/www.facebook.com\/haruulife","article_modified_time":"2026-03-23T06:57:51+00:00","twitter_card":"summary_large_image","twitter_misc":{"Est. reading time":"1 minute"},"schema":{"@context":"https:\/\/schema.org","@graph":[{"@type":["WebPage","ItemPage"],"@id":"https:\/\/haruu.ee\/en\/toode\/vegan-nahast-kosmeetikakott\/","url":"https:\/\/haruu.ee\/en\/toode\/vegan-nahast-kosmeetikakott\/","name":"Ananassinahast kosmeetikakott - Haruu","isPartOf":{"@id":"https:\/\/haruu.ee\/en\/#website"},"datePublished":"2022-08-22T11:24:19+00:00","dateModified":"2026-03-23T06:57:51+00:00","breadcrumb":{"@id":"https:\/\/haruu.ee\/en\/toode\/vegan-nahast-kosmeetikakott\/#breadcrumb"},"inLanguage":"en-US","potentialAction":[{"@type":"ReadAction","target":["https:\/\/haruu.ee\/en\/toode\/vegan-nahast-kosmeetikakott\/"]}]},{"@type":"BreadcrumbList","@id":"https:\/\/haruu.ee\/en\/toode\/vegan-nahast-kosmeetikakott\/#breadcrumb","itemListElement":[{"@type":"ListItem","position":1,"name":"Avaleht","item":"https:\/\/haruu.ee\/en\/"},{"@type":"ListItem","position":2,"name":"Shop","item":"https:\/\/haruu.ee\/en\/shop\/"},{"@type":"ListItem","position":3,"name":"All Products","item":"https:\/\/haruu.ee\/en\/product-category\/all-products\/"},{"@type":"ListItem","position":4,"name":"Ananassinahast kosmeetikakott"}]},{"@type":"WebSite","@id":"https:\/\/haruu.ee\/en\/#website","url":"https:\/\/haruu.ee\/en\/","name":"Haruu","description":"Inspiratsiooni ja elustiili br&auml;nd, kus kohtuvad &uuml;rgne loodus, j&auml;tkusuutlik eluviis ja koos loomine pereettev&otilde;ttena","publisher":{"@id":"https:\/\/haruu.ee\/en\/#organization"},"potentialAction":[{"@type":"SearchAction","target":{"@type":"EntryPoint","urlTemplate":"https:\/\/haruu.ee\/en\/?s={search_term_string}"},"query-input":{"@type":"PropertyValueSpecification","valueRequired":true,"valueName":"search_term_string"}}],"inLanguage":"en-US"},{"@type":"Organization","@id":"https:\/\/haruu.ee\/en\/#organization","name":"Haruu","url":"https:\/\/haruu.ee\/en\/","logo":{"@type":"ImageObject","inLanguage":"en-US","@id":"https:\/\/haruu.ee\/en\/#\/schema\/logo\/image\/","url":"https:\/\/haruu.ee\/wp-content\/uploads\/2022\/07\/haruu-logo-taustata-1-1.png","contentUrl":"https:\/\/haruu.ee\/wp-content\/uploads\/2022\/07\/haruu-logo-taustata-1-1.png","width":1168,"height":312,"caption":"Haruu"},"image":{"@id":"https:\/\/haruu.ee\/en\/#\/schema\/logo\/image\/"},"sameAs":["https:\/\/www.facebook.com\/haruulife"]}]}},"_links":{"self":[{"href":"https:\/\/haruu.ee\/en\/wp-json\/wp\/v2\/product\/7596","targetHints":{"allow":["GET"]}}],"collection":[{"href":"https:\/\/haruu.ee\/en\/wp-json\/wp\/v2\/product"}],"about":[{"href":"https:\/\/haruu.ee\/en\/wp-json\/wp\/v2\/types\/product"}],"wp:attachment":[{"href":"https:\/\/haruu.ee\/en\/wp-json\/wp\/v2\/media?parent=7596"}],"wp:term":[{"taxonomy":"product_brand","embeddable":true,"href":"https:\/\/haruu.ee\/en\/wp-json\/wp\/v2\/product_brand?post=7596"},{"taxonomy":"product_cat","embeddable":true,"href":"https:\/\/haruu.ee\/en\/wp-json\/wp\/v2\/product_cat?post=7596"},{"taxonomy":"product_tag","embeddable":true,"href":"https:\/\/haruu.ee\/en\/wp-json\/wp\/v2\/product_tag?post=7596"}],"curies":[{"name":"wp","href":"https:\/\/api.w.org\/{rel}","templated":true}]}}