


{"id":8050,"date":"2023-01-19T07:49:49","date_gmt":"2023-01-19T04:49:49","guid":{"rendered":"https:\/\/haruu.ee\/?post_type=product&#038;p=8050"},"modified":"2026-03-28T17:23:38","modified_gmt":"2026-03-28T15:23:38","slug":"linasest-kangast-vaike-ratik","status":"publish","type":"product","link":"https:\/\/haruu.ee\/en\/toode\/linasest-kangast-vaike-ratik\/","title":{"rendered":"Linane v\u00e4ikeste r\u00e4tikute komplekt"},"content":{"rendered":"<p>Haruu Linasest kangast r\u00e4tik on m\u00f5nusalt imav ning muutub iga kasutuskorra j\u00e4rel<br \/>\nj\u00e4rjest pehmemaks seejuures s\u00e4ilitades oma tooni. Linane materjal on tugevam,<br \/>\nvastupidavam ning seel\u00e4bi ka kauakestvam kui tavap\u00e4rane puuvill. Lisaks on linane<br \/>\nkangas v\u00e4he vastuv\u00f5tlik mustusele ja plekkidele ning kuivab kiiresti, mis teeb selle<br \/>\nhooldamise lihtsaks. Linane kangas on antibakteriaalne, sobid h\u00e4sti alergilise ja tundliku nahaga inimesele.<br \/>\nHaruu linasel r\u00e4tikul on pikema k\u00fclje keskel riputuskonks.<br \/>\nR\u00e4tiku m\u00f5\u00f5dud 60 cm x 40 cm.<br \/>\nHaruu v\u00e4ike linane r\u00e4tik sobib kasutamiseks nii k\u00f6\u00f6ki kui vannituppa.<\/p>\n","protected":false},"excerpt":{"rendered":"<p>Komplekti kuulub kaks v\u00e4ikest r\u00e4tikut.<br \/>\nKomplekti kuuluvad toonid &#8211; liivakarva bee\u017e ja suitsune pruun.<br \/>\nR\u00e4tiku m\u00f5\u00f5dud 60 cm x 40 cm.<\/p>\n<p>Linasest kangast suure r\u00e4tiku leiad <a href=\"https:\/\/haruu.ee\/toode\/linasest-kangast-ratik\/\">SIIT<\/a>.<\/p>\n","protected":false},"featured_media":10858,"template":"","meta":[],"product_brand":[],"product_cat":[87,88],"product_tag":[],"class_list":{"0":"post-8050","1":"product","2":"type-product","3":"status-publish","4":"has-post-thumbnail","6":"product_cat-kingituseks","7":"product_cat-koik-tooted","8":"pa_aaaaa-liivakarva","9":"pa_aaaaa-suitsune-pruun","11":"first","12":"outofstock","13":"taxable","14":"shipping-taxable","15":"purchasable","16":"product-type-simple"},"yoast_head":"<!-- This site is optimized with the Yoast SEO plugin v25.1 - https:\/\/yoast.com\/wordpress\/plugins\/seo\/ -->\n<title>Linane v\u00e4ikeste r\u00e4tikute komplekt - Haruu<\/title>\n<meta name=\"robots\" content=\"index, follow, max-snippet:-1, max-image-preview:large, max-video-preview:-1\" \/>\n<link rel=\"canonical\" href=\"https:\/\/haruu.ee\/en\/toode\/linasest-kangast-vaike-ratik\/\" \/>\n<meta property=\"og:locale\" content=\"en_US\" \/>\n<meta property=\"og:type\" content=\"article\" \/>\n<meta property=\"og:title\" content=\"Linane v\u00e4ikeste r\u00e4tikute komplekt - Haruu\" \/>\n<meta property=\"og:description\" content=\"Komplekti kuulub kaks v\u00e4ikest r\u00e4tikut. Komplekti kuuluvad toonid - liivakarva bee\u017e ja suitsune pruun. R\u00e4tiku m\u00f5\u00f5dud 60 cm x 40 cm.  Linasest kangast suure r\u00e4tiku leiad SIIT.\" \/>\n<meta property=\"og:url\" content=\"https:\/\/haruu.ee\/en\/toode\/linasest-kangast-vaike-ratik\/\" \/>\n<meta property=\"og:site_name\" content=\"Haruu\" \/>\n<meta property=\"article:publisher\" content=\"https:\/\/www.facebook.com\/haruulife\" \/>\n<meta property=\"article:modified_time\" content=\"2026-03-28T15:23:38+00:00\" \/>\n<meta property=\"og:image\" content=\"https:\/\/haruu.ee\/wp-content\/uploads\/2023\/01\/helehall-linane-ratik-vaike.png\" \/>\n\t<meta property=\"og:image:width\" content=\"900\" \/>\n\t<meta property=\"og:image:height\" content=\"1200\" \/>\n\t<meta property=\"og:image:type\" content=\"image\/png\" \/>\n<meta name=\"twitter:card\" content=\"summary_large_image\" \/>\n<meta name=\"twitter:label1\" content=\"Est. reading time\" \/>\n\t<meta name=\"twitter:data1\" content=\"1 minute\" \/>\n<script type=\"application\/ld+json\" class=\"yoast-schema-graph\">{\"@context\":\"https:\/\/schema.org\",\"@graph\":[{\"@type\":[\"WebPage\",\"ItemPage\"],\"@id\":\"https:\/\/haruu.ee\/en\/toode\/linasest-kangast-vaike-ratik\/\",\"url\":\"https:\/\/haruu.ee\/en\/toode\/linasest-kangast-vaike-ratik\/\",\"name\":\"Linane v\u00e4ikeste r\u00e4tikute komplekt - Haruu\",\"isPartOf\":{\"@id\":\"https:\/\/haruu.ee\/en\/#website\"},\"primaryImageOfPage\":{\"@id\":\"https:\/\/haruu.ee\/en\/toode\/linasest-kangast-vaike-ratik\/#primaryimage\"},\"image\":{\"@id\":\"https:\/\/haruu.ee\/en\/toode\/linasest-kangast-vaike-ratik\/#primaryimage\"},\"thumbnailUrl\":\"https:\/\/haruu.ee\/wp-content\/uploads\/2023\/01\/helehall-linane-ratik-vaike.png\",\"datePublished\":\"2023-01-19T04:49:49+00:00\",\"dateModified\":\"2026-03-28T15:23:38+00:00\",\"breadcrumb\":{\"@id\":\"https:\/\/haruu.ee\/en\/toode\/linasest-kangast-vaike-ratik\/#breadcrumb\"},\"inLanguage\":\"en-US\",\"potentialAction\":[{\"@type\":\"ReadAction\",\"target\":[\"https:\/\/haruu.ee\/en\/toode\/linasest-kangast-vaike-ratik\/\"]}]},{\"@type\":\"ImageObject\",\"inLanguage\":\"en-US\",\"@id\":\"https:\/\/haruu.ee\/en\/toode\/linasest-kangast-vaike-ratik\/#primaryimage\",\"url\":\"https:\/\/haruu.ee\/wp-content\/uploads\/2023\/01\/helehall-linane-ratik-vaike.png\",\"contentUrl\":\"https:\/\/haruu.ee\/wp-content\/uploads\/2023\/01\/helehall-linane-ratik-vaike.png\",\"width\":900,\"height\":1200},{\"@type\":\"BreadcrumbList\",\"@id\":\"https:\/\/haruu.ee\/en\/toode\/linasest-kangast-vaike-ratik\/#breadcrumb\",\"itemListElement\":[{\"@type\":\"ListItem\",\"position\":1,\"name\":\"Avaleht\",\"item\":\"https:\/\/haruu.ee\/en\/\"},{\"@type\":\"ListItem\",\"position\":2,\"name\":\"Shop\",\"item\":\"https:\/\/haruu.ee\/en\/shop\/\"},{\"@type\":\"ListItem\",\"position\":3,\"name\":\"Gifts\",\"item\":\"https:\/\/haruu.ee\/en\/product-category\/gifts\/\"},{\"@type\":\"ListItem\",\"position\":4,\"name\":\"Linane v\u00e4ikeste r\u00e4tikute komplekt\"}]},{\"@type\":\"WebSite\",\"@id\":\"https:\/\/haruu.ee\/en\/#website\",\"url\":\"https:\/\/haruu.ee\/en\/\",\"name\":\"Haruu\",\"description\":\"Inspiratsiooni ja elustiili br&auml;nd, kus kohtuvad &uuml;rgne loodus, j&auml;tkusuutlik eluviis ja koos loomine pereettev&otilde;ttena\",\"publisher\":{\"@id\":\"https:\/\/haruu.ee\/en\/#organization\"},\"potentialAction\":[{\"@type\":\"SearchAction\",\"target\":{\"@type\":\"EntryPoint\",\"urlTemplate\":\"https:\/\/haruu.ee\/en\/?s={search_term_string}\"},\"query-input\":{\"@type\":\"PropertyValueSpecification\",\"valueRequired\":true,\"valueName\":\"search_term_string\"}}],\"inLanguage\":\"en-US\"},{\"@type\":\"Organization\",\"@id\":\"https:\/\/haruu.ee\/en\/#organization\",\"name\":\"Haruu\",\"url\":\"https:\/\/haruu.ee\/en\/\",\"logo\":{\"@type\":\"ImageObject\",\"inLanguage\":\"en-US\",\"@id\":\"https:\/\/haruu.ee\/en\/#\/schema\/logo\/image\/\",\"url\":\"https:\/\/haruu.ee\/wp-content\/uploads\/2022\/07\/haruu-logo-taustata-1-1.png\",\"contentUrl\":\"https:\/\/haruu.ee\/wp-content\/uploads\/2022\/07\/haruu-logo-taustata-1-1.png\",\"width\":1168,\"height\":312,\"caption\":\"Haruu\"},\"image\":{\"@id\":\"https:\/\/haruu.ee\/en\/#\/schema\/logo\/image\/\"},\"sameAs\":[\"https:\/\/www.facebook.com\/haruulife\"]}]}<\/script>\n<!-- \/ Yoast SEO plugin. -->","yoast_head_json":{"title":"Linane v\u00e4ikeste r\u00e4tikute komplekt - Haruu","robots":{"index":"index","follow":"follow","max-snippet":"max-snippet:-1","max-image-preview":"max-image-preview:large","max-video-preview":"max-video-preview:-1"},"canonical":"https:\/\/haruu.ee\/en\/toode\/linasest-kangast-vaike-ratik\/","og_locale":"en_US","og_type":"article","og_title":"Linane v\u00e4ikeste r\u00e4tikute komplekt - Haruu","og_description":"Komplekti kuulub kaks v\u00e4ikest r\u00e4tikut. Komplekti kuuluvad toonid - liivakarva bee\u017e ja suitsune pruun. R\u00e4tiku m\u00f5\u00f5dud 60 cm x 40 cm.  Linasest kangast suure r\u00e4tiku leiad SIIT.","og_url":"https:\/\/haruu.ee\/en\/toode\/linasest-kangast-vaike-ratik\/","og_site_name":"Haruu","article_publisher":"https:\/\/www.facebook.com\/haruulife","article_modified_time":"2026-03-28T15:23:38+00:00","og_image":[{"width":900,"height":1200,"url":"https:\/\/haruu.ee\/wp-content\/uploads\/2023\/01\/helehall-linane-ratik-vaike.png","type":"image\/png"}],"twitter_card":"summary_large_image","twitter_misc":{"Est. reading time":"1 minute"},"schema":{"@context":"https:\/\/schema.org","@graph":[{"@type":["WebPage","ItemPage"],"@id":"https:\/\/haruu.ee\/en\/toode\/linasest-kangast-vaike-ratik\/","url":"https:\/\/haruu.ee\/en\/toode\/linasest-kangast-vaike-ratik\/","name":"Linane v\u00e4ikeste r\u00e4tikute komplekt - Haruu","isPartOf":{"@id":"https:\/\/haruu.ee\/en\/#website"},"primaryImageOfPage":{"@id":"https:\/\/haruu.ee\/en\/toode\/linasest-kangast-vaike-ratik\/#primaryimage"},"image":{"@id":"https:\/\/haruu.ee\/en\/toode\/linasest-kangast-vaike-ratik\/#primaryimage"},"thumbnailUrl":"https:\/\/haruu.ee\/wp-content\/uploads\/2023\/01\/helehall-linane-ratik-vaike.png","datePublished":"2023-01-19T04:49:49+00:00","dateModified":"2026-03-28T15:23:38+00:00","breadcrumb":{"@id":"https:\/\/haruu.ee\/en\/toode\/linasest-kangast-vaike-ratik\/#breadcrumb"},"inLanguage":"en-US","potentialAction":[{"@type":"ReadAction","target":["https:\/\/haruu.ee\/en\/toode\/linasest-kangast-vaike-ratik\/"]}]},{"@type":"ImageObject","inLanguage":"en-US","@id":"https:\/\/haruu.ee\/en\/toode\/linasest-kangast-vaike-ratik\/#primaryimage","url":"https:\/\/haruu.ee\/wp-content\/uploads\/2023\/01\/helehall-linane-ratik-vaike.png","contentUrl":"https:\/\/haruu.ee\/wp-content\/uploads\/2023\/01\/helehall-linane-ratik-vaike.png","width":900,"height":1200},{"@type":"BreadcrumbList","@id":"https:\/\/haruu.ee\/en\/toode\/linasest-kangast-vaike-ratik\/#breadcrumb","itemListElement":[{"@type":"ListItem","position":1,"name":"Avaleht","item":"https:\/\/haruu.ee\/en\/"},{"@type":"ListItem","position":2,"name":"Shop","item":"https:\/\/haruu.ee\/en\/shop\/"},{"@type":"ListItem","position":3,"name":"Gifts","item":"https:\/\/haruu.ee\/en\/product-category\/gifts\/"},{"@type":"ListItem","position":4,"name":"Linane v\u00e4ikeste r\u00e4tikute komplekt"}]},{"@type":"WebSite","@id":"https:\/\/haruu.ee\/en\/#website","url":"https:\/\/haruu.ee\/en\/","name":"Haruu","description":"Inspiratsiooni ja elustiili br&auml;nd, kus kohtuvad &uuml;rgne loodus, j&auml;tkusuutlik eluviis ja koos loomine pereettev&otilde;ttena","publisher":{"@id":"https:\/\/haruu.ee\/en\/#organization"},"potentialAction":[{"@type":"SearchAction","target":{"@type":"EntryPoint","urlTemplate":"https:\/\/haruu.ee\/en\/?s={search_term_string}"},"query-input":{"@type":"PropertyValueSpecification","valueRequired":true,"valueName":"search_term_string"}}],"inLanguage":"en-US"},{"@type":"Organization","@id":"https:\/\/haruu.ee\/en\/#organization","name":"Haruu","url":"https:\/\/haruu.ee\/en\/","logo":{"@type":"ImageObject","inLanguage":"en-US","@id":"https:\/\/haruu.ee\/en\/#\/schema\/logo\/image\/","url":"https:\/\/haruu.ee\/wp-content\/uploads\/2022\/07\/haruu-logo-taustata-1-1.png","contentUrl":"https:\/\/haruu.ee\/wp-content\/uploads\/2022\/07\/haruu-logo-taustata-1-1.png","width":1168,"height":312,"caption":"Haruu"},"image":{"@id":"https:\/\/haruu.ee\/en\/#\/schema\/logo\/image\/"},"sameAs":["https:\/\/www.facebook.com\/haruulife"]}]}},"_links":{"self":[{"href":"https:\/\/haruu.ee\/en\/wp-json\/wp\/v2\/product\/8050","targetHints":{"allow":["GET"]}}],"collection":[{"href":"https:\/\/haruu.ee\/en\/wp-json\/wp\/v2\/product"}],"about":[{"href":"https:\/\/haruu.ee\/en\/wp-json\/wp\/v2\/types\/product"}],"wp:featuredmedia":[{"embeddable":true,"href":"https:\/\/haruu.ee\/en\/wp-json\/wp\/v2\/media\/10858"}],"wp:attachment":[{"href":"https:\/\/haruu.ee\/en\/wp-json\/wp\/v2\/media?parent=8050"}],"wp:term":[{"taxonomy":"product_brand","embeddable":true,"href":"https:\/\/haruu.ee\/en\/wp-json\/wp\/v2\/product_brand?post=8050"},{"taxonomy":"product_cat","embeddable":true,"href":"https:\/\/haruu.ee\/en\/wp-json\/wp\/v2\/product_cat?post=8050"},{"taxonomy":"product_tag","embeddable":true,"href":"https:\/\/haruu.ee\/en\/wp-json\/wp\/v2\/product_tag?post=8050"}],"curies":[{"name":"wp","href":"https:\/\/api.w.org\/{rel}","templated":true}]}}