


{"id":8097,"date":"2023-02-10T08:49:19","date_gmt":"2023-02-10T05:49:19","guid":{"rendered":"https:\/\/haruu.ee\/?post_type=product&#038;p=8097"},"modified":"2026-04-09T13:02:31","modified_gmt":"2026-04-09T10:02:31","slug":"naiste-meriinovilla-retuusid","status":"publish","type":"product","link":"https:\/\/haruu.ee\/en\/toode\/naiste-meriinovilla-retuusid\/","title":{"rendered":"Meriinovilla retuusid"},"content":{"rendered":"<p data-start=\"1995\" data-end=\"2160\"><strong data-start=\"1995\" data-end=\"2035\">Kas retuusid sobivad ainult talveks?<\/strong><br data-start=\"2035\" data-end=\"2038\" \/>Need on ideaalsed s\u00fcgis-talvisel perioodil, kuid sobivad ka jahedamateks kevad- ja suve\u00f5htuteks kihilise riietuse osana.<\/p>\n<p data-start=\"2162\" data-end=\"2328\"><strong data-start=\"2162\" data-end=\"2196\">Kas meriinovill ajab s\u00fcgelema?<\/strong><br data-start=\"2196\" data-end=\"2199\" \/>Ei. Haruu retuusid on valmistatud pehmest ja kvaliteetsest meriinovillast, mis on nahas\u00f5bralik ning sobib ka tundlikule nahale.<\/p>\n<p data-start=\"2330\" data-end=\"2462\"><strong data-start=\"2330\" data-end=\"2377\">Kas retuusid on pigem alus- v\u00f5i pealisriie?<\/strong><br data-start=\"2377\" data-end=\"2380\" \/>M\u00f5lemat. Need sobivad kandmiseks iseseisvalt v\u00f5i aluskihina k\u00fclmematel p\u00e4evadel.<\/p>\n<p><strong>Hooldus:<br \/>\n<\/strong>Meriinovilla on lihtne hooldada ning see sobib h\u00e4sti ka kiire elustiiliga. Meriinovill ei vaja sagedat pesemist, piisab v\u00e4rskes \u00f5hus tuulutamisest, kui mitte otsese p\u00e4ikese k\u00e4es. Meriinovill neutraliseerib l\u00f5hnu loomulikult. Pesta villapesu v\u00f5i \u00f5rna pesuprogrammiga, temperatuur max 30 kraadi. P\u00f6\u00f6ra toode enne pesu pahupidi ja kasuta villapesuvahendit v\u00f5i meriinole m\u00f5eldud pesugeeli. Soovitav kasutada ka pesukotti. V\u00e4ldi tsentrifuugi ja v\u00e4\u00e4namist. K\u00e4sitsipesul kasuta leiget vett, lahusta villale m\u00f5eldud pesuvahend vees ning pigista toodet \u00f5rnalt. Nii saad enda meriinovilla retuusidest maksimumi, mis kestab aastaid.<\/p>\n<p>Meriinovill on h\u00fcpoallergeenne, sobib h\u00e4sti tundliku nahaga inimestele. Lisaks on meriinovill keskkonnas\u00f5bralik, sest villa j\u00e4\u00e4gid lagunevad looduses l\u00fchikese ajaga.<\/p>\n<p><strong>M\u00f5\u00f5dutabel:<\/strong><\/p>\n<table style=\"width: 49.9556%; height: 116px;\" width=\"699\">\n<tbody>\n<tr style=\"height: 23px;\">\n<td style=\"height: 23px;\" width=\"242\">Suurus (cm)<\/td>\n<td style=\"height: 23px;\" width=\"74\">XS<\/td>\n<td style=\"height: 23px;\" width=\"74\">S<\/td>\n<td style=\"height: 23px;\" width=\"74\">M<\/td>\n<td style=\"height: 23px;\" width=\"74\">L<\/td>\n<td style=\"height: 23px;\" width=\"74\">XL<\/td>\n<td style=\"height: 23px;\" width=\"73\">XXL<\/td>\n<\/tr>\n<tr style=\"height: 47px;\">\n<td style=\"height: 47px;\" width=\"242\">V\u00f6\u00f6\u00fcmberm\u00f5\u00f5t<\/td>\n<td style=\"height: 47px;\" width=\"74\">\u00a056-98<\/td>\n<td style=\"height: 47px;\" width=\"74\">62-104<\/td>\n<td style=\"height: 47px;\" width=\"74\">66-105<\/td>\n<td style=\"height: 47px;\" width=\"74\">68-115<\/td>\n<td style=\"height: 47px;\" width=\"74\">72-118<\/td>\n<td style=\"height: 47px;\" width=\"73\">90-110<\/td>\n<\/tr>\n<tr style=\"height: 23px;\">\n<td style=\"height: 23px;\" width=\"242\">\u00dcldpikkus<\/td>\n<td style=\"height: 23px;\" width=\"74\">100<\/td>\n<td style=\"height: 23px;\" width=\"74\">104<\/td>\n<td style=\"height: 23px;\" width=\"74\">104<\/td>\n<td style=\"height: 23px;\" width=\"74\">106<\/td>\n<td style=\"height: 23px;\" width=\"74\">107<\/td>\n<td style=\"height: 23px;\" width=\"73\">107<\/td>\n<\/tr>\n<tr style=\"height: 23px;\">\n<td style=\"height: 23px;\" width=\"242\">\u00a0Sises\u00e4\u00e4r<\/td>\n<td style=\"height: 23px;\" width=\"74\">\u00a075<\/td>\n<td style=\"height: 23px;\" width=\"74\">\u00a075<\/td>\n<td style=\"height: 23px;\" width=\"74\">75<\/td>\n<td style=\"height: 23px;\" width=\"74\">75<\/td>\n<td style=\"height: 23px;\" width=\"74\">77<\/td>\n<td style=\"height: 23px;\" width=\"73\">77<\/td>\n<\/tr>\n<\/tbody>\n<\/table>\n<p>Koostis: 100% naturaalne meriinovill<br \/>\nKanga kaal: 250 g\/m\u00b2<br \/>\nDisainitud ja valmistatud Eestis<\/p>\n<p>&nbsp;<\/p>\n","protected":false},"excerpt":{"rendered":"<p data-start=\"217\" data-end=\"396\"><strong>Pehme puudutus nahal, loomulik kaitse k\u00fclma eest ja vabadus liikuda.<\/strong><\/p>\n<p data-start=\"217\" data-end=\"396\">On p\u00e4evi, mil soovid midagi, mis hoiab Sind soojas, kuid ei piira liikumist. Haruu meriinovilla retuusid on pehmed, nahas\u00f5bralikud ja loodud just s\u00fcgis-talviseks kandmiseks.<\/p>\n<p data-start=\"398\" data-end=\"679\">Need sobivad ideaalselt igap\u00e4evaseks kandmiseks esimese kihina, kuid ka k\u00fclmematel p\u00e4evadel aluskihina lisasoojuse andmiseks. T\u00e4nu 100% naturaalsele meriinovillale reguleerivad retuusid kehatemperatuuri. Hoiavad sooja, kuid ei aja higistama, sest juhivad niiskuse kehast eemale. Haruu retuusid on tavap\u00e4rasest meriinost veidi paksemad, pakkudes m\u00f5nusat kindlustunnet ja soojust meie muutlikus kliimas.<\/p>\n<p data-start=\"812\" data-end=\"842\"><strong>Miks just need retuusid?<\/strong><\/p>\n<ul>\n<li data-start=\"846\" data-end=\"899\">100% naturaalne meriinovill, pehme ja nahas\u00f5bralik<\/li>\n<li data-start=\"902\" data-end=\"956\">Reguleerib kehatemperatuuri ja juhib niiskust eemale<\/li>\n<li data-start=\"959\" data-end=\"996\">Soe, kuid hingav ja ei aja higistama<\/li>\n<li data-start=\"959\" data-end=\"996\">Pehme v\u00e4rvel mugava kummiga, ei sooni ega pigista<\/li>\n<li data-start=\"999\" data-end=\"1073\">Tavap\u00e4rasest veidi paksem materjal, ideaalne s\u00fcgis-talviseks kandmiseks<\/li>\n<li data-start=\"1076\" data-end=\"1126\">Sobib nii igap\u00e4evaseks kandmiseks kui aluskihina<\/li>\n<\/ul>\n<p>Vali oma suurus ja lisa ostukorvi. Need on retuusid, mis hoiavad Sind soojas ilma liigse raskuseta. Vaata ka meie <a href=\"https:\/\/haruu.ee\/toode\/naiste-meriinovilla-pullover\/\">meriinovilla pulloveri.<\/a><\/p>\n","protected":false},"featured_media":22140,"template":"","meta":[],"product_brand":[],"product_cat":[176,87,88,85],"product_tag":[],"class_list":{"0":"post-8097","1":"product","2":"type-product","3":"status-publish","4":"has-post-thumbnail","6":"product_cat-meriinotooted","7":"product_cat-kingituseks","8":"product_cat-koik-tooted","9":"product_cat-naised","10":"pa_aaaaa-beez","11":"pa_aaaaa-pahklipruun","12":"pa_aaaaa-tumepruun","13":"pa_aaaaa-must","15":"first","16":"instock","17":"taxable","18":"shipping-taxable","19":"purchasable","20":"product-type-variable"},"yoast_head":"<!-- This site is optimized with the Yoast SEO plugin v25.1 - https:\/\/yoast.com\/wordpress\/plugins\/seo\/ -->\n<title>Meriinovilla retuusid - Haruu<\/title>\n<meta name=\"description\" content=\"Haruu retuusid on tavap\u00e4rasest meriinost veidi paksemad, pakkudes m\u00f5nusat kindlustunnet ja soojust meie muutlikus kliimas. Hoiavad sooja.\" \/>\n<meta name=\"robots\" content=\"index, follow, max-snippet:-1, max-image-preview:large, max-video-preview:-1\" \/>\n<link rel=\"canonical\" href=\"https:\/\/haruu.ee\/en\/toode\/naiste-meriinovilla-retuusid\/\" \/>\n<meta property=\"og:locale\" content=\"en_US\" \/>\n<meta property=\"og:type\" content=\"article\" \/>\n<meta property=\"og:title\" content=\"Meriinovilla retuusid - Haruu\" \/>\n<meta property=\"og:description\" content=\"Haruu retuusid on tavap\u00e4rasest meriinost veidi paksemad, pakkudes m\u00f5nusat kindlustunnet ja soojust meie muutlikus kliimas. Hoiavad sooja.\" \/>\n<meta property=\"og:url\" content=\"https:\/\/haruu.ee\/en\/toode\/naiste-meriinovilla-retuusid\/\" \/>\n<meta property=\"og:site_name\" content=\"Haruu\" \/>\n<meta property=\"article:publisher\" content=\"https:\/\/www.facebook.com\/haruulife\" \/>\n<meta property=\"article:modified_time\" content=\"2026-04-09T10:02:31+00:00\" \/>\n<meta property=\"og:image\" content=\"https:\/\/haruu.ee\/wp-content\/uploads\/2023\/02\/DSC06633-Enhanced-NR-1.jpg\" \/>\n\t<meta property=\"og:image:width\" content=\"1280\" \/>\n\t<meta property=\"og:image:height\" content=\"1920\" \/>\n\t<meta property=\"og:image:type\" content=\"image\/jpeg\" \/>\n<meta name=\"twitter:card\" content=\"summary_large_image\" \/>\n<meta name=\"twitter:label1\" content=\"Est. reading time\" \/>\n\t<meta name=\"twitter:data1\" content=\"2 minutes\" \/>\n<script type=\"application\/ld+json\" class=\"yoast-schema-graph\">{\"@context\":\"https:\/\/schema.org\",\"@graph\":[{\"@type\":[\"WebPage\",\"ItemPage\"],\"@id\":\"https:\/\/haruu.ee\/en\/toode\/naiste-meriinovilla-retuusid\/\",\"url\":\"https:\/\/haruu.ee\/en\/toode\/naiste-meriinovilla-retuusid\/\",\"name\":\"Meriinovilla retuusid - Haruu\",\"isPartOf\":{\"@id\":\"https:\/\/haruu.ee\/en\/#website\"},\"primaryImageOfPage\":{\"@id\":\"https:\/\/haruu.ee\/en\/toode\/naiste-meriinovilla-retuusid\/#primaryimage\"},\"image\":{\"@id\":\"https:\/\/haruu.ee\/en\/toode\/naiste-meriinovilla-retuusid\/#primaryimage\"},\"thumbnailUrl\":\"https:\/\/haruu.ee\/wp-content\/uploads\/2023\/02\/DSC06633-Enhanced-NR-1.jpg\",\"datePublished\":\"2023-02-10T05:49:19+00:00\",\"dateModified\":\"2026-04-09T10:02:31+00:00\",\"description\":\"Haruu retuusid on tavap\u00e4rasest meriinost veidi paksemad, pakkudes m\u00f5nusat kindlustunnet ja soojust meie muutlikus kliimas. Hoiavad sooja.\",\"breadcrumb\":{\"@id\":\"https:\/\/haruu.ee\/en\/toode\/naiste-meriinovilla-retuusid\/#breadcrumb\"},\"inLanguage\":\"en-US\",\"potentialAction\":[{\"@type\":\"ReadAction\",\"target\":[\"https:\/\/haruu.ee\/en\/toode\/naiste-meriinovilla-retuusid\/\"]}]},{\"@type\":\"ImageObject\",\"inLanguage\":\"en-US\",\"@id\":\"https:\/\/haruu.ee\/en\/toode\/naiste-meriinovilla-retuusid\/#primaryimage\",\"url\":\"https:\/\/haruu.ee\/wp-content\/uploads\/2023\/02\/DSC06633-Enhanced-NR-1.jpg\",\"contentUrl\":\"https:\/\/haruu.ee\/wp-content\/uploads\/2023\/02\/DSC06633-Enhanced-NR-1.jpg\",\"width\":1280,\"height\":1920},{\"@type\":\"BreadcrumbList\",\"@id\":\"https:\/\/haruu.ee\/en\/toode\/naiste-meriinovilla-retuusid\/#breadcrumb\",\"itemListElement\":[{\"@type\":\"ListItem\",\"position\":1,\"name\":\"Avaleht\",\"item\":\"https:\/\/haruu.ee\/en\/\"},{\"@type\":\"ListItem\",\"position\":2,\"name\":\"Shop\",\"item\":\"https:\/\/haruu.ee\/en\/shop\/\"},{\"@type\":\"ListItem\",\"position\":3,\"name\":\"Gifts\",\"item\":\"https:\/\/haruu.ee\/en\/product-category\/gifts\/\"},{\"@type\":\"ListItem\",\"position\":4,\"name\":\"Meriinovilla retuusid\"}]},{\"@type\":\"WebSite\",\"@id\":\"https:\/\/haruu.ee\/en\/#website\",\"url\":\"https:\/\/haruu.ee\/en\/\",\"name\":\"Haruu\",\"description\":\"Inspiratsiooni ja elustiili br&auml;nd, kus kohtuvad &uuml;rgne loodus, j&auml;tkusuutlik eluviis ja koos loomine pereettev&otilde;ttena\",\"publisher\":{\"@id\":\"https:\/\/haruu.ee\/en\/#organization\"},\"potentialAction\":[{\"@type\":\"SearchAction\",\"target\":{\"@type\":\"EntryPoint\",\"urlTemplate\":\"https:\/\/haruu.ee\/en\/?s={search_term_string}\"},\"query-input\":{\"@type\":\"PropertyValueSpecification\",\"valueRequired\":true,\"valueName\":\"search_term_string\"}}],\"inLanguage\":\"en-US\"},{\"@type\":\"Organization\",\"@id\":\"https:\/\/haruu.ee\/en\/#organization\",\"name\":\"Haruu\",\"url\":\"https:\/\/haruu.ee\/en\/\",\"logo\":{\"@type\":\"ImageObject\",\"inLanguage\":\"en-US\",\"@id\":\"https:\/\/haruu.ee\/en\/#\/schema\/logo\/image\/\",\"url\":\"https:\/\/haruu.ee\/wp-content\/uploads\/2022\/07\/haruu-logo-taustata-1-1.png\",\"contentUrl\":\"https:\/\/haruu.ee\/wp-content\/uploads\/2022\/07\/haruu-logo-taustata-1-1.png\",\"width\":1168,\"height\":312,\"caption\":\"Haruu\"},\"image\":{\"@id\":\"https:\/\/haruu.ee\/en\/#\/schema\/logo\/image\/\"},\"sameAs\":[\"https:\/\/www.facebook.com\/haruulife\"]}]}<\/script>\n<!-- \/ Yoast SEO plugin. -->","yoast_head_json":{"title":"Meriinovilla retuusid - Haruu","description":"Haruu retuusid on tavap\u00e4rasest meriinost veidi paksemad, pakkudes m\u00f5nusat kindlustunnet ja soojust meie muutlikus kliimas. Hoiavad sooja.","robots":{"index":"index","follow":"follow","max-snippet":"max-snippet:-1","max-image-preview":"max-image-preview:large","max-video-preview":"max-video-preview:-1"},"canonical":"https:\/\/haruu.ee\/en\/toode\/naiste-meriinovilla-retuusid\/","og_locale":"en_US","og_type":"article","og_title":"Meriinovilla retuusid - Haruu","og_description":"Haruu retuusid on tavap\u00e4rasest meriinost veidi paksemad, pakkudes m\u00f5nusat kindlustunnet ja soojust meie muutlikus kliimas. Hoiavad sooja.","og_url":"https:\/\/haruu.ee\/en\/toode\/naiste-meriinovilla-retuusid\/","og_site_name":"Haruu","article_publisher":"https:\/\/www.facebook.com\/haruulife","article_modified_time":"2026-04-09T10:02:31+00:00","og_image":[{"width":1280,"height":1920,"url":"https:\/\/haruu.ee\/wp-content\/uploads\/2023\/02\/DSC06633-Enhanced-NR-1.jpg","type":"image\/jpeg"}],"twitter_card":"summary_large_image","twitter_misc":{"Est. reading time":"2 minutes"},"schema":{"@context":"https:\/\/schema.org","@graph":[{"@type":["WebPage","ItemPage"],"@id":"https:\/\/haruu.ee\/en\/toode\/naiste-meriinovilla-retuusid\/","url":"https:\/\/haruu.ee\/en\/toode\/naiste-meriinovilla-retuusid\/","name":"Meriinovilla retuusid - Haruu","isPartOf":{"@id":"https:\/\/haruu.ee\/en\/#website"},"primaryImageOfPage":{"@id":"https:\/\/haruu.ee\/en\/toode\/naiste-meriinovilla-retuusid\/#primaryimage"},"image":{"@id":"https:\/\/haruu.ee\/en\/toode\/naiste-meriinovilla-retuusid\/#primaryimage"},"thumbnailUrl":"https:\/\/haruu.ee\/wp-content\/uploads\/2023\/02\/DSC06633-Enhanced-NR-1.jpg","datePublished":"2023-02-10T05:49:19+00:00","dateModified":"2026-04-09T10:02:31+00:00","description":"Haruu retuusid on tavap\u00e4rasest meriinost veidi paksemad, pakkudes m\u00f5nusat kindlustunnet ja soojust meie muutlikus kliimas. Hoiavad sooja.","breadcrumb":{"@id":"https:\/\/haruu.ee\/en\/toode\/naiste-meriinovilla-retuusid\/#breadcrumb"},"inLanguage":"en-US","potentialAction":[{"@type":"ReadAction","target":["https:\/\/haruu.ee\/en\/toode\/naiste-meriinovilla-retuusid\/"]}]},{"@type":"ImageObject","inLanguage":"en-US","@id":"https:\/\/haruu.ee\/en\/toode\/naiste-meriinovilla-retuusid\/#primaryimage","url":"https:\/\/haruu.ee\/wp-content\/uploads\/2023\/02\/DSC06633-Enhanced-NR-1.jpg","contentUrl":"https:\/\/haruu.ee\/wp-content\/uploads\/2023\/02\/DSC06633-Enhanced-NR-1.jpg","width":1280,"height":1920},{"@type":"BreadcrumbList","@id":"https:\/\/haruu.ee\/en\/toode\/naiste-meriinovilla-retuusid\/#breadcrumb","itemListElement":[{"@type":"ListItem","position":1,"name":"Avaleht","item":"https:\/\/haruu.ee\/en\/"},{"@type":"ListItem","position":2,"name":"Shop","item":"https:\/\/haruu.ee\/en\/shop\/"},{"@type":"ListItem","position":3,"name":"Gifts","item":"https:\/\/haruu.ee\/en\/product-category\/gifts\/"},{"@type":"ListItem","position":4,"name":"Meriinovilla retuusid"}]},{"@type":"WebSite","@id":"https:\/\/haruu.ee\/en\/#website","url":"https:\/\/haruu.ee\/en\/","name":"Haruu","description":"Inspiratsiooni ja elustiili br&auml;nd, kus kohtuvad &uuml;rgne loodus, j&auml;tkusuutlik eluviis ja koos loomine pereettev&otilde;ttena","publisher":{"@id":"https:\/\/haruu.ee\/en\/#organization"},"potentialAction":[{"@type":"SearchAction","target":{"@type":"EntryPoint","urlTemplate":"https:\/\/haruu.ee\/en\/?s={search_term_string}"},"query-input":{"@type":"PropertyValueSpecification","valueRequired":true,"valueName":"search_term_string"}}],"inLanguage":"en-US"},{"@type":"Organization","@id":"https:\/\/haruu.ee\/en\/#organization","name":"Haruu","url":"https:\/\/haruu.ee\/en\/","logo":{"@type":"ImageObject","inLanguage":"en-US","@id":"https:\/\/haruu.ee\/en\/#\/schema\/logo\/image\/","url":"https:\/\/haruu.ee\/wp-content\/uploads\/2022\/07\/haruu-logo-taustata-1-1.png","contentUrl":"https:\/\/haruu.ee\/wp-content\/uploads\/2022\/07\/haruu-logo-taustata-1-1.png","width":1168,"height":312,"caption":"Haruu"},"image":{"@id":"https:\/\/haruu.ee\/en\/#\/schema\/logo\/image\/"},"sameAs":["https:\/\/www.facebook.com\/haruulife"]}]}},"_links":{"self":[{"href":"https:\/\/haruu.ee\/en\/wp-json\/wp\/v2\/product\/8097","targetHints":{"allow":["GET"]}}],"collection":[{"href":"https:\/\/haruu.ee\/en\/wp-json\/wp\/v2\/product"}],"about":[{"href":"https:\/\/haruu.ee\/en\/wp-json\/wp\/v2\/types\/product"}],"wp:featuredmedia":[{"embeddable":true,"href":"https:\/\/haruu.ee\/en\/wp-json\/wp\/v2\/media\/22140"}],"wp:attachment":[{"href":"https:\/\/haruu.ee\/en\/wp-json\/wp\/v2\/media?parent=8097"}],"wp:term":[{"taxonomy":"product_brand","embeddable":true,"href":"https:\/\/haruu.ee\/en\/wp-json\/wp\/v2\/product_brand?post=8097"},{"taxonomy":"product_cat","embeddable":true,"href":"https:\/\/haruu.ee\/en\/wp-json\/wp\/v2\/product_cat?post=8097"},{"taxonomy":"product_tag","embeddable":true,"href":"https:\/\/haruu.ee\/en\/wp-json\/wp\/v2\/product_tag?post=8097"}],"curies":[{"name":"wp","href":"https:\/\/api.w.org\/{rel}","templated":true}]}}