


{"id":8791,"date":"2023-09-05T23:48:34","date_gmt":"2023-09-05T20:48:34","guid":{"rendered":"https:\/\/haruu.ee\/?post_type=product&#038;p=8791"},"modified":"2026-03-27T07:46:56","modified_gmt":"2026-03-27T05:46:56","slug":"siidist-oomask","status":"publish","type":"product","link":"https:\/\/haruu.ee\/en\/toode\/siidist-oomask\/","title":{"rendered":"Siidist \u00f6\u00f6mask"},"content":{"rendered":"<p>Rahulik ja kosutav uni on sinu igap\u00e4evase ilu ja heaolu alus.<br \/>\nSiidist \u00d6\u00f6mask aitab uinuda kiirelt ja mugavalt.<\/p>\n<p>T\u00f5eliselt mugav &#8211; siid on naha vastas \u00fclimalt kerge ja nauditav ning lisab naiselikkust ja luksuslikku tunnet.<br \/>\nNahahoolduse parim kaaslane &#8211; siid on nahale hell ja oma sileda struktuuri t\u00f5ttu sobib siid tundliku nahaga inimestele v\u00f5i neile, kellel on t\u00f5sisemad nahaprobleemid.<br \/>\nAeglustab naha vananemist &#8211; Looduslikult h\u00fcpoallergeenne siid tagab \u00e4rritusevaba iluune ja saad hommikul \u00e4rgata kortsudeta, s\u00e4ilitades naha loomuliku s\u00e4ra.<br \/>\nT\u00e4ielik pimedus &#8211; siidist \u00f6\u00f6maskiga saad sukelduda s\u00fcgavatesse unen\u00e4gudesse, sest see aitab blokeerida k\u00f5ik valguskiired, et naudiksid t\u00f5eliselt v\u00e4\u00e4rtuslikku puhkust.<br \/>\nTemperatuuri tasakaalustav ja hingav &#8211; Siid on suurep\u00e4rane temperatuuri tasakaalustaja \u2013 kuuma ilmaga jahutab see sind meeldivalt ning jahedama ilmaga aitab s\u00e4ilitada su kehatemperatuuri soojana.<br \/>\nLihtne hooldada &#8211; pese siidist \u00f6\u00f6maski k\u00e4sitsi, kasuta leebet seepi v\u00f5i pesuvahendit ning leiget vett. Lase kuivada \u00f5hu k\u00e4es.<br \/>\nKerge reisikaaslane &#8211; kompaktne ja kerge siidist \u00f6\u00f6mask on igal reisil su parim kaaslane, sest mahub alati su kotti \u00e4ra, isegi siis, kui reisid vaid k\u00e4sipagasiga. Tee siidist \u00f6\u00f6maskist oma reisikaaslane, tuues kodu puudutust enesega igale poole kaasa.<\/p>\n<p>Parim siidist \u00f6\u00f6mask, mis aitab sul pehmemalt l\u00f5\u00f5gastuda ja nautida kosutavat und.<\/p>\n<p><strong>Koostis: 85% siid, 15% puuvill<\/strong><br \/>\nDisainitud ja valmistatud Eestis (valmistatud haruu tootmisj\u00e4\u00e4kidest).<\/p>\n","protected":false},"excerpt":{"rendered":"<p>Rahulik uni on k\u00f5ige alus!<br \/>\nParim siidist \u00f6\u00f6mask, mis aitab sul pehmemalt l\u00f5\u00f5gastuda ja nautida kosutavat und.<\/p>\n<p><strong>Koostis: 85% siid, 15% puuvill<\/strong><br \/>\nDisainitud ja valmistatud Eestis (valmistatud haruu tootmisj\u00e4\u00e4kidest).<\/p>\n","protected":false},"featured_media":8803,"template":"","meta":[],"product_brand":[],"product_cat":[108,88,85],"product_tag":[],"class_list":{"0":"post-8791","1":"product","2":"type-product","3":"status-publish","4":"has-post-thumbnail","6":"product_cat-aksessuaarid","7":"product_cat-koik-tooted","8":"product_cat-naised","9":"pa_aaaaa-helehall","10":"pa_aaaaa-tumehall","12":"first","13":"instock","14":"featured","15":"taxable","16":"shipping-taxable","17":"purchasable","18":"product-type-variable"},"yoast_head":"<!-- This site is optimized with the Yoast SEO plugin v25.1 - https:\/\/yoast.com\/wordpress\/plugins\/seo\/ -->\n<title>Siidist \u00f6\u00f6mask - Haruu<\/title>\n<meta name=\"robots\" content=\"index, follow, max-snippet:-1, max-image-preview:large, max-video-preview:-1\" \/>\n<link rel=\"canonical\" href=\"https:\/\/haruu.ee\/en\/toode\/siidist-oomask\/\" \/>\n<meta property=\"og:locale\" content=\"en_US\" \/>\n<meta property=\"og:type\" content=\"article\" \/>\n<meta property=\"og:title\" content=\"Siidist \u00f6\u00f6mask - Haruu\" \/>\n<meta property=\"og:description\" content=\"Rahulik uni on k\u00f5ige alus! Parim siidist \u00f6\u00f6mask, mis aitab sul pehmemalt l\u00f5\u00f5gastuda ja nautida kosutavat und.  Koostis: 85% siid, 15% puuvill Disainitud ja valmistatud Eestis (valmistatud haruu tootmisj\u00e4\u00e4kidest).\" \/>\n<meta property=\"og:url\" content=\"https:\/\/haruu.ee\/en\/toode\/siidist-oomask\/\" \/>\n<meta property=\"og:site_name\" content=\"Haruu\" \/>\n<meta property=\"article:publisher\" content=\"https:\/\/www.facebook.com\/haruulife\" \/>\n<meta property=\"article:modified_time\" content=\"2026-03-27T05:46:56+00:00\" \/>\n<meta property=\"og:image\" content=\"https:\/\/haruu.ee\/wp-content\/uploads\/2023\/09\/Frame-1056.jpg\" \/>\n\t<meta property=\"og:image:width\" content=\"900\" \/>\n\t<meta property=\"og:image:height\" content=\"1200\" \/>\n\t<meta property=\"og:image:type\" content=\"image\/jpeg\" \/>\n<meta name=\"twitter:card\" content=\"summary_large_image\" \/>\n<meta name=\"twitter:label1\" content=\"Est. reading time\" \/>\n\t<meta name=\"twitter:data1\" content=\"2 minutes\" \/>\n<script type=\"application\/ld+json\" class=\"yoast-schema-graph\">{\"@context\":\"https:\/\/schema.org\",\"@graph\":[{\"@type\":[\"WebPage\",\"ItemPage\"],\"@id\":\"https:\/\/haruu.ee\/en\/toode\/siidist-oomask\/\",\"url\":\"https:\/\/haruu.ee\/en\/toode\/siidist-oomask\/\",\"name\":\"Siidist \u00f6\u00f6mask - Haruu\",\"isPartOf\":{\"@id\":\"https:\/\/haruu.ee\/en\/#website\"},\"primaryImageOfPage\":{\"@id\":\"https:\/\/haruu.ee\/en\/toode\/siidist-oomask\/#primaryimage\"},\"image\":{\"@id\":\"https:\/\/haruu.ee\/en\/toode\/siidist-oomask\/#primaryimage\"},\"thumbnailUrl\":\"https:\/\/haruu.ee\/wp-content\/uploads\/2023\/09\/Frame-1056.jpg\",\"datePublished\":\"2023-09-05T20:48:34+00:00\",\"dateModified\":\"2026-03-27T05:46:56+00:00\",\"breadcrumb\":{\"@id\":\"https:\/\/haruu.ee\/en\/toode\/siidist-oomask\/#breadcrumb\"},\"inLanguage\":\"en-US\",\"potentialAction\":[{\"@type\":\"ReadAction\",\"target\":[\"https:\/\/haruu.ee\/en\/toode\/siidist-oomask\/\"]}]},{\"@type\":\"ImageObject\",\"inLanguage\":\"en-US\",\"@id\":\"https:\/\/haruu.ee\/en\/toode\/siidist-oomask\/#primaryimage\",\"url\":\"https:\/\/haruu.ee\/wp-content\/uploads\/2023\/09\/Frame-1056.jpg\",\"contentUrl\":\"https:\/\/haruu.ee\/wp-content\/uploads\/2023\/09\/Frame-1056.jpg\",\"width\":900,\"height\":1200},{\"@type\":\"BreadcrumbList\",\"@id\":\"https:\/\/haruu.ee\/en\/toode\/siidist-oomask\/#breadcrumb\",\"itemListElement\":[{\"@type\":\"ListItem\",\"position\":1,\"name\":\"Avaleht\",\"item\":\"https:\/\/haruu.ee\/en\/\"},{\"@type\":\"ListItem\",\"position\":2,\"name\":\"Shop\",\"item\":\"https:\/\/haruu.ee\/en\/shop\/\"},{\"@type\":\"ListItem\",\"position\":3,\"name\":\"All Products\",\"item\":\"https:\/\/haruu.ee\/en\/product-category\/all-products\/\"},{\"@type\":\"ListItem\",\"position\":4,\"name\":\"Siidist \u00f6\u00f6mask\"}]},{\"@type\":\"WebSite\",\"@id\":\"https:\/\/haruu.ee\/en\/#website\",\"url\":\"https:\/\/haruu.ee\/en\/\",\"name\":\"Haruu\",\"description\":\"Inspiratsiooni ja elustiili br&auml;nd, kus kohtuvad &uuml;rgne loodus, j&auml;tkusuutlik eluviis ja koos loomine pereettev&otilde;ttena\",\"publisher\":{\"@id\":\"https:\/\/haruu.ee\/en\/#organization\"},\"potentialAction\":[{\"@type\":\"SearchAction\",\"target\":{\"@type\":\"EntryPoint\",\"urlTemplate\":\"https:\/\/haruu.ee\/en\/?s={search_term_string}\"},\"query-input\":{\"@type\":\"PropertyValueSpecification\",\"valueRequired\":true,\"valueName\":\"search_term_string\"}}],\"inLanguage\":\"en-US\"},{\"@type\":\"Organization\",\"@id\":\"https:\/\/haruu.ee\/en\/#organization\",\"name\":\"Haruu\",\"url\":\"https:\/\/haruu.ee\/en\/\",\"logo\":{\"@type\":\"ImageObject\",\"inLanguage\":\"en-US\",\"@id\":\"https:\/\/haruu.ee\/en\/#\/schema\/logo\/image\/\",\"url\":\"https:\/\/haruu.ee\/wp-content\/uploads\/2022\/07\/haruu-logo-taustata-1-1.png\",\"contentUrl\":\"https:\/\/haruu.ee\/wp-content\/uploads\/2022\/07\/haruu-logo-taustata-1-1.png\",\"width\":1168,\"height\":312,\"caption\":\"Haruu\"},\"image\":{\"@id\":\"https:\/\/haruu.ee\/en\/#\/schema\/logo\/image\/\"},\"sameAs\":[\"https:\/\/www.facebook.com\/haruulife\"]}]}<\/script>\n<!-- \/ Yoast SEO plugin. -->","yoast_head_json":{"title":"Siidist \u00f6\u00f6mask - Haruu","robots":{"index":"index","follow":"follow","max-snippet":"max-snippet:-1","max-image-preview":"max-image-preview:large","max-video-preview":"max-video-preview:-1"},"canonical":"https:\/\/haruu.ee\/en\/toode\/siidist-oomask\/","og_locale":"en_US","og_type":"article","og_title":"Siidist \u00f6\u00f6mask - Haruu","og_description":"Rahulik uni on k\u00f5ige alus! Parim siidist \u00f6\u00f6mask, mis aitab sul pehmemalt l\u00f5\u00f5gastuda ja nautida kosutavat und.  Koostis: 85% siid, 15% puuvill Disainitud ja valmistatud Eestis (valmistatud haruu tootmisj\u00e4\u00e4kidest).","og_url":"https:\/\/haruu.ee\/en\/toode\/siidist-oomask\/","og_site_name":"Haruu","article_publisher":"https:\/\/www.facebook.com\/haruulife","article_modified_time":"2026-03-27T05:46:56+00:00","og_image":[{"width":900,"height":1200,"url":"https:\/\/haruu.ee\/wp-content\/uploads\/2023\/09\/Frame-1056.jpg","type":"image\/jpeg"}],"twitter_card":"summary_large_image","twitter_misc":{"Est. reading time":"2 minutes"},"schema":{"@context":"https:\/\/schema.org","@graph":[{"@type":["WebPage","ItemPage"],"@id":"https:\/\/haruu.ee\/en\/toode\/siidist-oomask\/","url":"https:\/\/haruu.ee\/en\/toode\/siidist-oomask\/","name":"Siidist \u00f6\u00f6mask - Haruu","isPartOf":{"@id":"https:\/\/haruu.ee\/en\/#website"},"primaryImageOfPage":{"@id":"https:\/\/haruu.ee\/en\/toode\/siidist-oomask\/#primaryimage"},"image":{"@id":"https:\/\/haruu.ee\/en\/toode\/siidist-oomask\/#primaryimage"},"thumbnailUrl":"https:\/\/haruu.ee\/wp-content\/uploads\/2023\/09\/Frame-1056.jpg","datePublished":"2023-09-05T20:48:34+00:00","dateModified":"2026-03-27T05:46:56+00:00","breadcrumb":{"@id":"https:\/\/haruu.ee\/en\/toode\/siidist-oomask\/#breadcrumb"},"inLanguage":"en-US","potentialAction":[{"@type":"ReadAction","target":["https:\/\/haruu.ee\/en\/toode\/siidist-oomask\/"]}]},{"@type":"ImageObject","inLanguage":"en-US","@id":"https:\/\/haruu.ee\/en\/toode\/siidist-oomask\/#primaryimage","url":"https:\/\/haruu.ee\/wp-content\/uploads\/2023\/09\/Frame-1056.jpg","contentUrl":"https:\/\/haruu.ee\/wp-content\/uploads\/2023\/09\/Frame-1056.jpg","width":900,"height":1200},{"@type":"BreadcrumbList","@id":"https:\/\/haruu.ee\/en\/toode\/siidist-oomask\/#breadcrumb","itemListElement":[{"@type":"ListItem","position":1,"name":"Avaleht","item":"https:\/\/haruu.ee\/en\/"},{"@type":"ListItem","position":2,"name":"Shop","item":"https:\/\/haruu.ee\/en\/shop\/"},{"@type":"ListItem","position":3,"name":"All Products","item":"https:\/\/haruu.ee\/en\/product-category\/all-products\/"},{"@type":"ListItem","position":4,"name":"Siidist \u00f6\u00f6mask"}]},{"@type":"WebSite","@id":"https:\/\/haruu.ee\/en\/#website","url":"https:\/\/haruu.ee\/en\/","name":"Haruu","description":"Inspiratsiooni ja elustiili br&auml;nd, kus kohtuvad &uuml;rgne loodus, j&auml;tkusuutlik eluviis ja koos loomine pereettev&otilde;ttena","publisher":{"@id":"https:\/\/haruu.ee\/en\/#organization"},"potentialAction":[{"@type":"SearchAction","target":{"@type":"EntryPoint","urlTemplate":"https:\/\/haruu.ee\/en\/?s={search_term_string}"},"query-input":{"@type":"PropertyValueSpecification","valueRequired":true,"valueName":"search_term_string"}}],"inLanguage":"en-US"},{"@type":"Organization","@id":"https:\/\/haruu.ee\/en\/#organization","name":"Haruu","url":"https:\/\/haruu.ee\/en\/","logo":{"@type":"ImageObject","inLanguage":"en-US","@id":"https:\/\/haruu.ee\/en\/#\/schema\/logo\/image\/","url":"https:\/\/haruu.ee\/wp-content\/uploads\/2022\/07\/haruu-logo-taustata-1-1.png","contentUrl":"https:\/\/haruu.ee\/wp-content\/uploads\/2022\/07\/haruu-logo-taustata-1-1.png","width":1168,"height":312,"caption":"Haruu"},"image":{"@id":"https:\/\/haruu.ee\/en\/#\/schema\/logo\/image\/"},"sameAs":["https:\/\/www.facebook.com\/haruulife"]}]}},"_links":{"self":[{"href":"https:\/\/haruu.ee\/en\/wp-json\/wp\/v2\/product\/8791","targetHints":{"allow":["GET"]}}],"collection":[{"href":"https:\/\/haruu.ee\/en\/wp-json\/wp\/v2\/product"}],"about":[{"href":"https:\/\/haruu.ee\/en\/wp-json\/wp\/v2\/types\/product"}],"wp:featuredmedia":[{"embeddable":true,"href":"https:\/\/haruu.ee\/en\/wp-json\/wp\/v2\/media\/8803"}],"wp:attachment":[{"href":"https:\/\/haruu.ee\/en\/wp-json\/wp\/v2\/media?parent=8791"}],"wp:term":[{"taxonomy":"product_brand","embeddable":true,"href":"https:\/\/haruu.ee\/en\/wp-json\/wp\/v2\/product_brand?post=8791"},{"taxonomy":"product_cat","embeddable":true,"href":"https:\/\/haruu.ee\/en\/wp-json\/wp\/v2\/product_cat?post=8791"},{"taxonomy":"product_tag","embeddable":true,"href":"https:\/\/haruu.ee\/en\/wp-json\/wp\/v2\/product_tag?post=8791"}],"curies":[{"name":"wp","href":"https:\/\/api.w.org\/{rel}","templated":true}]}}