


{"id":8937,"date":"2023-09-29T15:14:11","date_gmt":"2023-09-29T12:14:11","guid":{"rendered":"https:\/\/haruu.ee\/?post_type=product&#038;p=8937"},"modified":"2026-04-05T20:55:41","modified_gmt":"2026-04-05T17:55:41","slug":"naiste-meriinovilla-pullover","status":"publish","type":"product","link":"https:\/\/haruu.ee\/en\/toode\/naiste-meriinovilla-pullover\/","title":{"rendered":"Meriinovilla pullover"},"content":{"rendered":"<p data-start=\"2334\" data-end=\"2510\"><strong data-start=\"2334\" data-end=\"2372\">Kas pullover sobib ainult talveks?<\/strong><br data-start=\"2372\" data-end=\"2375\" \/>Ei. T\u00e4nu meriinovilla temperatuuri reguleerivatele omadustele sobib see kandmiseks s\u00fcgisest kevadeni ning ka jahedamatel suve\u00f5htutel.<\/p>\n<p data-start=\"2512\" data-end=\"2668\"><strong data-start=\"2512\" data-end=\"2566\">Kas oversized l\u00f5ige t\u00e4hendab, et see on v\u00e4ga suur?<\/strong><br data-start=\"2566\" data-end=\"2569\" \/>Pullover on veidi oversized. Kui eelistad kehasse istuvamat tulemust, vali number v\u00e4iksem suurus.<\/p>\n<p data-start=\"2670\" data-end=\"2827\"><strong data-start=\"2670\" data-end=\"2704\">Kas meriinovill ajab s\u00fcgelema?<\/strong><br data-start=\"2704\" data-end=\"2707\" \/>Ei. Haruu pullover on valmistatud pehmest ja kvaliteetsest meriinovillast, mis on nahas\u00f5bralik ega tekita ebamugavust.<\/p>\n<p data-start=\"2670\" data-end=\"2827\"><strong>Hooldus:<br \/>\n<\/strong>Meriinovilla on lihtne hooldada ning see sobib h\u00e4sti ka kiire elustiiliga. Meriinovill ei vaja sagedat pesemist, piisab v\u00e4rkseks \u00f5hus tuulutamisest, kuid mitte otsese p\u00e4ikese k\u00e4es. Meriinovill neutraliseerib l\u00f5hnu loomulikult. Pesta villapesu v\u00f5i \u00f5rna pesuprogrammiga, temperatuur max 30 kraadi. P\u00f6\u00f6ra toode enne pesu pahupidi ja kasuta villapesuvahendit v\u00f5i meriinole m\u00f5eldud pesugeeli. Soovitav kasutada ka pesukotti. V\u00e4ldi tsentrifuugi ja v\u00e4\u00e4namist. K\u00e4sitsipesul kasuta leiget vett, lahusta villale m\u00f5eldud pesuvahend vees ning pigista toodet \u00f5rnalt. Nii saad enda meriinovilla pulloverist maksimumi ja see kestab aastaid.<\/p>\n<p data-start=\"2670\" data-end=\"2827\"><strong>M\u00f5\u00f5dutabel:<\/strong><\/p>\n<table width=\"623\">\n<tbody>\n<tr>\n<td width=\"242\">Suurus (cm)<\/td>\n<td width=\"74\">XS<\/td>\n<td width=\"74\">S<\/td>\n<td width=\"74\">M<\/td>\n<td width=\"74\">L<\/td>\n<td width=\"73\">XL<\/td>\n<\/tr>\n<tr>\n<td width=\"242\">\u00a0\u00dcldpikkus (seljalt m\u00f5\u00f5detuna)<\/td>\n<td width=\"74\">63<\/td>\n<td width=\"74\">63<\/td>\n<td width=\"74\">63<\/td>\n<td width=\"74\">63<\/td>\n<td width=\"73\">63<\/td>\n<\/tr>\n<tr>\n<td width=\"242\">\u00a0Laius<\/td>\n<td width=\"74\">42-57<\/td>\n<td width=\"74\">\u00a045-60<\/td>\n<td width=\"74\">47-62<\/td>\n<td width=\"74\">50-65<\/td>\n<td width=\"73\">56-71<\/td>\n<\/tr>\n<tr>\n<td width=\"242\">\u00a0Varruka pikkus (\u00f5last m\u00f5\u00f5detuna)<\/td>\n<td width=\"74\">63<\/td>\n<td width=\"74\">\u00a064<\/td>\n<td width=\"74\">65<\/td>\n<td width=\"74\">65<\/td>\n<td width=\"73\">65<\/td>\n<\/tr>\n<\/tbody>\n<\/table>\n<p><span style=\"font-weight: 400;\">Koostis: 100% naturaalne meriinovill<br \/>\n<\/span><span style=\"font-weight: 400;\">Kanga kaal: 250 g\/m\u00b2<br \/>\n<\/span><span style=\"font-weight: 400;\">Disainitud ja valmistatud Eestis<\/span><\/p>\n","protected":false},"excerpt":{"rendered":"<p><strong>Loomulik soojus. Hingav kergus. Ajatu vorm.<\/strong><\/p>\n<p>Haruu meriinovilla pullover on midagi enamat kui lihtsalt riietus, see on funktsionaalsus ja stiil \u00fches esemes. Veidi oversized l\u00f5ikega pullover on loodud pakkuma vabadust, mugavust ja kindlust igas p\u00e4evas.<\/p>\n<p data-start=\"467\" data-end=\"786\">See reguleerib loomulikult kehatemperatuuri: soojendab k\u00fclmaga ja jahutab soojemal hetkel. T\u00e4nu sellele sobib see kandmiseks nii esimese kihina kui ka jahedamate ilmadega kihilise riietuse osana. Haruu pullover on tavap\u00e4rasest meriinost veidi paksem (250 g\/m\u00b2), mist\u00f5ttu on see asendamatu meie s\u00fcgis-talvises kliimas.<\/p>\n<p data-start=\"788\" data-end=\"902\">Mugavad p\u00f5idlaavad varrukate otstes lisavad praktilisust ja v\u00f5imaldavad pulloverit kanda mitmel erineval viisil.<\/p>\n<p data-start=\"909\" data-end=\"938\"><strong>Miks just see pullover?<\/strong><\/p>\n<ul>\n<li data-start=\"942\" data-end=\"1001\">100% naturaalne meriinovill, k\u00f5ige peenem ja pehmem vill<\/li>\n<li data-start=\"942\" data-end=\"1001\">Reguleerib kehatemperatuuri, ei aja higistama ja hoiab m\u00f5nusalt sooja<\/li>\n<li data-start=\"942\" data-end=\"1001\">Mugavad p\u00f5idlaavad varrukatel<\/li>\n<li data-start=\"942\" data-end=\"1001\">Oversized l\u00f5ige, mugav ja ajatu<\/li>\n<li data-start=\"942\" data-end=\"1001\">Tavap\u00e4rasest veidi paksem kangas (250 g\/m\u00b2), ideaalne s\u00fcgis-talviseks kandmiseks<\/li>\n<li data-start=\"942\" data-end=\"1001\">Sobib nii koduseks mugavuseks kui ka v\u00e4ljas kandmiseks<\/li>\n<\/ul>\n<p>Disainitud ja valmistatud Eestis. Vali oma suurus ja lisa ostukorvi. Vaata ka naiste <a href=\"https:\/\/haruu.ee\/toode\/naiste-meriinovilla-retuusid-2\/\">meriinovilla retuuse.<\/a><\/p>\n","protected":false},"featured_media":22125,"template":"","meta":[],"product_brand":[],"product_cat":[176,87,88,85],"product_tag":[],"class_list":{"0":"post-8937","1":"product","2":"type-product","3":"status-publish","4":"has-post-thumbnail","6":"product_cat-meriinotooted","7":"product_cat-kingituseks","8":"product_cat-koik-tooted","9":"product_cat-naised","10":"pa_aaaaa-beez","11":"pa_aaaaa-pahklipruun","12":"pa_aaaaa-must","14":"first","15":"instock","16":"taxable","17":"shipping-taxable","18":"purchasable","19":"product-type-variable"},"yoast_head":"<!-- This site is optimized with the Yoast SEO plugin v25.1 - https:\/\/yoast.com\/wordpress\/plugins\/seo\/ -->\n<title>Meriinovilla pullover - Haruu<\/title>\n<meta name=\"description\" content=\"Haruu meriinovilla pullover on midagi enamat kui lihtsalt riietus, see on funktsionaalsus ja stiil \u00fches esemes. Veidi oversized l\u00f5ikega pullover.\" \/>\n<meta name=\"robots\" content=\"index, follow, max-snippet:-1, max-image-preview:large, max-video-preview:-1\" \/>\n<link rel=\"canonical\" href=\"https:\/\/haruu.ee\/en\/toode\/naiste-meriinovilla-pullover\/\" \/>\n<meta property=\"og:locale\" content=\"en_US\" \/>\n<meta property=\"og:type\" content=\"article\" \/>\n<meta property=\"og:title\" content=\"Meriinovilla pullover - Haruu\" \/>\n<meta property=\"og:description\" content=\"Haruu meriinovilla pullover on midagi enamat kui lihtsalt riietus, see on funktsionaalsus ja stiil \u00fches esemes. Veidi oversized l\u00f5ikega pullover.\" \/>\n<meta property=\"og:url\" content=\"https:\/\/haruu.ee\/en\/toode\/naiste-meriinovilla-pullover\/\" \/>\n<meta property=\"og:site_name\" content=\"Haruu\" \/>\n<meta property=\"article:publisher\" content=\"https:\/\/www.facebook.com\/haruulife\" \/>\n<meta property=\"article:modified_time\" content=\"2026-04-05T17:55:41+00:00\" \/>\n<meta property=\"og:image\" content=\"https:\/\/haruu.ee\/wp-content\/uploads\/2023\/09\/DSC06437-Enhanced-NR.jpg\" \/>\n\t<meta property=\"og:image:width\" content=\"1280\" \/>\n\t<meta property=\"og:image:height\" content=\"1920\" \/>\n\t<meta property=\"og:image:type\" content=\"image\/jpeg\" \/>\n<meta name=\"twitter:card\" content=\"summary_large_image\" \/>\n<meta name=\"twitter:label1\" content=\"Est. reading time\" \/>\n\t<meta name=\"twitter:data1\" content=\"2 minutes\" \/>\n<script type=\"application\/ld+json\" class=\"yoast-schema-graph\">{\"@context\":\"https:\/\/schema.org\",\"@graph\":[{\"@type\":[\"WebPage\",\"ItemPage\"],\"@id\":\"https:\/\/haruu.ee\/en\/toode\/naiste-meriinovilla-pullover\/\",\"url\":\"https:\/\/haruu.ee\/en\/toode\/naiste-meriinovilla-pullover\/\",\"name\":\"Meriinovilla pullover - Haruu\",\"isPartOf\":{\"@id\":\"https:\/\/haruu.ee\/en\/#website\"},\"primaryImageOfPage\":{\"@id\":\"https:\/\/haruu.ee\/en\/toode\/naiste-meriinovilla-pullover\/#primaryimage\"},\"image\":{\"@id\":\"https:\/\/haruu.ee\/en\/toode\/naiste-meriinovilla-pullover\/#primaryimage\"},\"thumbnailUrl\":\"https:\/\/haruu.ee\/wp-content\/uploads\/2023\/09\/DSC06437-Enhanced-NR.jpg\",\"datePublished\":\"2023-09-29T12:14:11+00:00\",\"dateModified\":\"2026-04-05T17:55:41+00:00\",\"description\":\"Haruu meriinovilla pullover on midagi enamat kui lihtsalt riietus, see on funktsionaalsus ja stiil \u00fches esemes. Veidi oversized l\u00f5ikega pullover.\",\"breadcrumb\":{\"@id\":\"https:\/\/haruu.ee\/en\/toode\/naiste-meriinovilla-pullover\/#breadcrumb\"},\"inLanguage\":\"en-US\",\"potentialAction\":[{\"@type\":\"ReadAction\",\"target\":[\"https:\/\/haruu.ee\/en\/toode\/naiste-meriinovilla-pullover\/\"]}]},{\"@type\":\"ImageObject\",\"inLanguage\":\"en-US\",\"@id\":\"https:\/\/haruu.ee\/en\/toode\/naiste-meriinovilla-pullover\/#primaryimage\",\"url\":\"https:\/\/haruu.ee\/wp-content\/uploads\/2023\/09\/DSC06437-Enhanced-NR.jpg\",\"contentUrl\":\"https:\/\/haruu.ee\/wp-content\/uploads\/2023\/09\/DSC06437-Enhanced-NR.jpg\",\"width\":1280,\"height\":1920},{\"@type\":\"BreadcrumbList\",\"@id\":\"https:\/\/haruu.ee\/en\/toode\/naiste-meriinovilla-pullover\/#breadcrumb\",\"itemListElement\":[{\"@type\":\"ListItem\",\"position\":1,\"name\":\"Avaleht\",\"item\":\"https:\/\/haruu.ee\/en\/\"},{\"@type\":\"ListItem\",\"position\":2,\"name\":\"Shop\",\"item\":\"https:\/\/haruu.ee\/en\/shop\/\"},{\"@type\":\"ListItem\",\"position\":3,\"name\":\"All Products\",\"item\":\"https:\/\/haruu.ee\/en\/product-category\/all-products\/\"},{\"@type\":\"ListItem\",\"position\":4,\"name\":\"Women\",\"item\":\"https:\/\/haruu.ee\/en\/product-category\/all-products\/women\/\"},{\"@type\":\"ListItem\",\"position\":5,\"name\":\"Meriinovilla pullover\"}]},{\"@type\":\"WebSite\",\"@id\":\"https:\/\/haruu.ee\/en\/#website\",\"url\":\"https:\/\/haruu.ee\/en\/\",\"name\":\"Haruu\",\"description\":\"Inspiratsiooni ja elustiili br&auml;nd, kus kohtuvad &uuml;rgne loodus, j&auml;tkusuutlik eluviis ja koos loomine pereettev&otilde;ttena\",\"publisher\":{\"@id\":\"https:\/\/haruu.ee\/en\/#organization\"},\"potentialAction\":[{\"@type\":\"SearchAction\",\"target\":{\"@type\":\"EntryPoint\",\"urlTemplate\":\"https:\/\/haruu.ee\/en\/?s={search_term_string}\"},\"query-input\":{\"@type\":\"PropertyValueSpecification\",\"valueRequired\":true,\"valueName\":\"search_term_string\"}}],\"inLanguage\":\"en-US\"},{\"@type\":\"Organization\",\"@id\":\"https:\/\/haruu.ee\/en\/#organization\",\"name\":\"Haruu\",\"url\":\"https:\/\/haruu.ee\/en\/\",\"logo\":{\"@type\":\"ImageObject\",\"inLanguage\":\"en-US\",\"@id\":\"https:\/\/haruu.ee\/en\/#\/schema\/logo\/image\/\",\"url\":\"https:\/\/haruu.ee\/wp-content\/uploads\/2022\/07\/haruu-logo-taustata-1-1.png\",\"contentUrl\":\"https:\/\/haruu.ee\/wp-content\/uploads\/2022\/07\/haruu-logo-taustata-1-1.png\",\"width\":1168,\"height\":312,\"caption\":\"Haruu\"},\"image\":{\"@id\":\"https:\/\/haruu.ee\/en\/#\/schema\/logo\/image\/\"},\"sameAs\":[\"https:\/\/www.facebook.com\/haruulife\"]}]}<\/script>\n<!-- \/ Yoast SEO plugin. -->","yoast_head_json":{"title":"Meriinovilla pullover - Haruu","description":"Haruu meriinovilla pullover on midagi enamat kui lihtsalt riietus, see on funktsionaalsus ja stiil \u00fches esemes. Veidi oversized l\u00f5ikega pullover.","robots":{"index":"index","follow":"follow","max-snippet":"max-snippet:-1","max-image-preview":"max-image-preview:large","max-video-preview":"max-video-preview:-1"},"canonical":"https:\/\/haruu.ee\/en\/toode\/naiste-meriinovilla-pullover\/","og_locale":"en_US","og_type":"article","og_title":"Meriinovilla pullover - Haruu","og_description":"Haruu meriinovilla pullover on midagi enamat kui lihtsalt riietus, see on funktsionaalsus ja stiil \u00fches esemes. Veidi oversized l\u00f5ikega pullover.","og_url":"https:\/\/haruu.ee\/en\/toode\/naiste-meriinovilla-pullover\/","og_site_name":"Haruu","article_publisher":"https:\/\/www.facebook.com\/haruulife","article_modified_time":"2026-04-05T17:55:41+00:00","og_image":[{"width":1280,"height":1920,"url":"https:\/\/haruu.ee\/wp-content\/uploads\/2023\/09\/DSC06437-Enhanced-NR.jpg","type":"image\/jpeg"}],"twitter_card":"summary_large_image","twitter_misc":{"Est. reading time":"2 minutes"},"schema":{"@context":"https:\/\/schema.org","@graph":[{"@type":["WebPage","ItemPage"],"@id":"https:\/\/haruu.ee\/en\/toode\/naiste-meriinovilla-pullover\/","url":"https:\/\/haruu.ee\/en\/toode\/naiste-meriinovilla-pullover\/","name":"Meriinovilla pullover - Haruu","isPartOf":{"@id":"https:\/\/haruu.ee\/en\/#website"},"primaryImageOfPage":{"@id":"https:\/\/haruu.ee\/en\/toode\/naiste-meriinovilla-pullover\/#primaryimage"},"image":{"@id":"https:\/\/haruu.ee\/en\/toode\/naiste-meriinovilla-pullover\/#primaryimage"},"thumbnailUrl":"https:\/\/haruu.ee\/wp-content\/uploads\/2023\/09\/DSC06437-Enhanced-NR.jpg","datePublished":"2023-09-29T12:14:11+00:00","dateModified":"2026-04-05T17:55:41+00:00","description":"Haruu meriinovilla pullover on midagi enamat kui lihtsalt riietus, see on funktsionaalsus ja stiil \u00fches esemes. Veidi oversized l\u00f5ikega pullover.","breadcrumb":{"@id":"https:\/\/haruu.ee\/en\/toode\/naiste-meriinovilla-pullover\/#breadcrumb"},"inLanguage":"en-US","potentialAction":[{"@type":"ReadAction","target":["https:\/\/haruu.ee\/en\/toode\/naiste-meriinovilla-pullover\/"]}]},{"@type":"ImageObject","inLanguage":"en-US","@id":"https:\/\/haruu.ee\/en\/toode\/naiste-meriinovilla-pullover\/#primaryimage","url":"https:\/\/haruu.ee\/wp-content\/uploads\/2023\/09\/DSC06437-Enhanced-NR.jpg","contentUrl":"https:\/\/haruu.ee\/wp-content\/uploads\/2023\/09\/DSC06437-Enhanced-NR.jpg","width":1280,"height":1920},{"@type":"BreadcrumbList","@id":"https:\/\/haruu.ee\/en\/toode\/naiste-meriinovilla-pullover\/#breadcrumb","itemListElement":[{"@type":"ListItem","position":1,"name":"Avaleht","item":"https:\/\/haruu.ee\/en\/"},{"@type":"ListItem","position":2,"name":"Shop","item":"https:\/\/haruu.ee\/en\/shop\/"},{"@type":"ListItem","position":3,"name":"All Products","item":"https:\/\/haruu.ee\/en\/product-category\/all-products\/"},{"@type":"ListItem","position":4,"name":"Women","item":"https:\/\/haruu.ee\/en\/product-category\/all-products\/women\/"},{"@type":"ListItem","position":5,"name":"Meriinovilla pullover"}]},{"@type":"WebSite","@id":"https:\/\/haruu.ee\/en\/#website","url":"https:\/\/haruu.ee\/en\/","name":"Haruu","description":"Inspiratsiooni ja elustiili br&auml;nd, kus kohtuvad &uuml;rgne loodus, j&auml;tkusuutlik eluviis ja koos loomine pereettev&otilde;ttena","publisher":{"@id":"https:\/\/haruu.ee\/en\/#organization"},"potentialAction":[{"@type":"SearchAction","target":{"@type":"EntryPoint","urlTemplate":"https:\/\/haruu.ee\/en\/?s={search_term_string}"},"query-input":{"@type":"PropertyValueSpecification","valueRequired":true,"valueName":"search_term_string"}}],"inLanguage":"en-US"},{"@type":"Organization","@id":"https:\/\/haruu.ee\/en\/#organization","name":"Haruu","url":"https:\/\/haruu.ee\/en\/","logo":{"@type":"ImageObject","inLanguage":"en-US","@id":"https:\/\/haruu.ee\/en\/#\/schema\/logo\/image\/","url":"https:\/\/haruu.ee\/wp-content\/uploads\/2022\/07\/haruu-logo-taustata-1-1.png","contentUrl":"https:\/\/haruu.ee\/wp-content\/uploads\/2022\/07\/haruu-logo-taustata-1-1.png","width":1168,"height":312,"caption":"Haruu"},"image":{"@id":"https:\/\/haruu.ee\/en\/#\/schema\/logo\/image\/"},"sameAs":["https:\/\/www.facebook.com\/haruulife"]}]}},"_links":{"self":[{"href":"https:\/\/haruu.ee\/en\/wp-json\/wp\/v2\/product\/8937","targetHints":{"allow":["GET"]}}],"collection":[{"href":"https:\/\/haruu.ee\/en\/wp-json\/wp\/v2\/product"}],"about":[{"href":"https:\/\/haruu.ee\/en\/wp-json\/wp\/v2\/types\/product"}],"wp:featuredmedia":[{"embeddable":true,"href":"https:\/\/haruu.ee\/en\/wp-json\/wp\/v2\/media\/22125"}],"wp:attachment":[{"href":"https:\/\/haruu.ee\/en\/wp-json\/wp\/v2\/media?parent=8937"}],"wp:term":[{"taxonomy":"product_brand","embeddable":true,"href":"https:\/\/haruu.ee\/en\/wp-json\/wp\/v2\/product_brand?post=8937"},{"taxonomy":"product_cat","embeddable":true,"href":"https:\/\/haruu.ee\/en\/wp-json\/wp\/v2\/product_cat?post=8937"},{"taxonomy":"product_tag","embeddable":true,"href":"https:\/\/haruu.ee\/en\/wp-json\/wp\/v2\/product_tag?post=8937"}],"curies":[{"name":"wp","href":"https:\/\/api.w.org\/{rel}","templated":true}]}}